{"id":572,"date":"2021-02-11T11:37:14","date_gmt":"2021-02-11T16:37:14","guid":{"rendered":"https:\/\/climatetoolkit.org\/?page_id=572"},"modified":"2021-02-11T16:40:48","modified_gmt":"2021-02-11T21:40:48","slug":"alignment-of-project-drawdown-solutions-and-the-climate-toolkit","status":"publish","type":"page","link":"https:\/\/climatetoolkit.org\/de\/alignment-of-project-drawdown-solutions-and-the-climate-toolkit\/","title":{"rendered":"Abgleich von Project Drawdown Solutions und dem Climate Toolkit"},"content":{"rendered":"<h1 align=\"center\">Abgleich von Project Drawdown Solutions und dem Climate Toolkit<\/h1>\n\n\n\n<div class=\"wp-block-image\"><figure class=\"aligncenter size-large is-resized\"><img decoding=\"async\" src=\"https:\/\/climatetoolkit.org\/wp-content\/uploads\/2021\/02\/drawdown.jpg\" alt=\"\" class=\"wp-image-551\" width=\"563\" height=\"165\" srcset=\"https:\/\/climatetoolkit.org\/wp-content\/uploads\/2021\/02\/drawdown.jpg 750w, https:\/\/climatetoolkit.org\/wp-content\/uploads\/2021\/02\/drawdown-300x88.jpg 300w, https:\/\/climatetoolkit.org\/wp-content\/uploads\/2021\/02\/drawdown-100x29.jpg 100w, https:\/\/climatetoolkit.org\/wp-content\/uploads\/2021\/02\/drawdown-150x44.jpg 150w, https:\/\/climatetoolkit.org\/wp-content\/uploads\/2021\/02\/drawdown-200x59.jpg 200w, https:\/\/climatetoolkit.org\/wp-content\/uploads\/2021\/02\/drawdown-450x132.jpg 450w, https:\/\/climatetoolkit.org\/wp-content\/uploads\/2021\/02\/drawdown-600x176.jpg 600w\" sizes=\"(max-width: 563px) 100vw, 563px\" \/><\/figure><\/div>\n\n\n\n<p><strong><a href=\"https:\/\/www.drawdown.org\/solutions\">Projekt Drawdown<\/a><\/strong> ist eine gemeinn\u00fctzige Organisation, die \"strenge Pr\u00fcfungen und Bewertungen von Klimal\u00f6sungen durchf\u00fchrt, \u00fcberzeugende und menschliche Kommunikation \u00fcber alle Medien hinweg schafft und Partnerschaften mit Bem\u00fchungen zur Beschleunigung von Klimal\u00f6sungen auf globaler Ebene eingeht\". Project Drawdown hat es sich zur Aufgabe gemacht, Emissionsquellen zu reduzieren, Kohlenstoffsenken zu unterst\u00fctzen, den Kohlenstoffkreislauf der Natur anzukurbeln und die Gesellschaft insgesamt zu verbessern. Die von Paul Hawken und Amanda Ravenhill erstellte L\u00f6sungstabelle des Projekts ber\u00e4t Organisationen, St\u00e4dte, Universit\u00e4ten, Philanthropien, politische Entscheidungstr\u00e4ger, Gemeinden usw. \u00fcber die wirksamsten M\u00f6glichkeiten, dem Klimawandel zu begegnen. Wo immer es m\u00f6glich ist, zeigen die in der Project Drawdown-Tabelle aufgef\u00fchrten L\u00f6sungen auch die Menge an Kohlendioxid an, die durch den Einsatz der L\u00f6sung reduziert werden kann. Die nachstehenden Zahlen stellen eine Sch\u00e4tzung von Gigatonnen an CO2-\u00c4quivalentemissionen dar, die durch eine bestimmte L\u00f6sung \u00fcber einen Zeitraum von 30 Jahren reduziert oder gebunden werden k\u00f6nnen.<\/p>\n\n\n\n<p>Die Ziele des Klima-Toolkits, die mit den L\u00f6sungen des Projekts Drawdown \u00fcbereinstimmen, sind unten zusammengefasst.<\/p>\n\n\n\n<figure class=\"wp-block-table is-style-regular; vertical-align: top !important;\"><table class=\"has-subtle-pale-blue-background-color has-fixed-layout has-background\"><thead><tr><th><h2>Projekt Drawdown-L\u00f6sungen<\/h2><\/th><th><h2>Klima-Toolkit-Ziele<\/h2><\/th><\/tr><\/thead><tbody><tr><td><strong>Elektrizit\u00e4t<\/strong><\/td><td><strong>Energie<\/strong><\/td><\/tr><tr><td  style=\"padding-left: 2em !important;\">Netto-Null-Geb\u00e4ude<\/td><td  style=\"padding-left: 2em !important;\">Bauen Sie alle neuen Geb\u00e4ude als Null-Energie-Geb\u00e4ude oder Living Buildings.<\/td><\/tr><tr><td  style=\"padding-left: 2em !important;\">Konzentrierte Solarenergie (18.6 - 23.96)<br><br>Solar-Photovoltaik auf Versorgungsebene<br>(42.32 - 119.13)<br><br>Verteilte Fotovoltaik (27.98 - 68.64)<\/td><td  style=\"padding-left: 2em !important;\">Generieren oder kaufen Sie 100%<br>Strom aus erneuerbaren Energien.<\/td><\/tr><tr><td><strong>Geb\u00e4ude, Industrie<\/strong><\/td><td><strong>Abfall<\/strong><\/td><\/tr><tr><td  style=\"padding-left: 2em !important;\">Nachr\u00fcstung von Geb\u00e4uden<\/td><td  style=\"padding-left: 2em !important;\">Sicherstellen, dass alle neuen Konstruktionen oder<br>Renovierungen verantwortungsvoll reduzieren oder<br>Abfallwirtschaft.<\/td><\/tr><tr><td  style=\"padding-left: 2em !important;\">Kompostierung (2.14 - 3.13)<\/td><td  style=\"padding-left: 2em !important;\">Kompostieren Sie 100% aller Lebensmittelabf\u00e4lle.<\/td><\/tr><tr><td  style=\"padding-left: 2em !important;\">Recycling (5.5 - 6.02)<\/td><td  style=\"padding-left: 2em !important;\">Alle wiederverwertbaren Materialien recyceln oder wiederverwenden<br>einschlie\u00dflich Metalle, Glas und Kunststoff<br>im gesamten Wintergarten.<br><br>Abschaffung von Einwegplastik in der Gastronomie, im Gartenbau, im Geschenkeladen und in allen anderen Einrichtungen<br>und Operationen.<br><br>Abschaffung des Verkaufs und der Verwendung von Wasser in Flaschen.<\/td><\/tr><tr><td><strong>Transport<\/strong><\/td><td><strong>Transport<\/strong><\/td><\/tr><tr><td  style=\"padding-left: 2em !important;\">Fahrrad-Infrastruktur (2.56 - 6.65)<br><br>Fahrgemeinschaften (4,17 - 7,70)<br><br>Elektroautos (11,87 - 15,68)<br><br>\u00d6ffentliche Verkehrsmittel (7,51 - 23,36)<\/td><td  style=\"padding-left: 2em !important;\">Schaffung von Anreizen f\u00fcr Mitarbeiter, Fahrgemeinschaften zu bilden, mit dem Fahrrad zu fahren, den Bus zu benutzen oder auf andere Weise auf die Bef\u00f6rderung mit dem eigenen Auto zu verzichten.<br><br>Anreize f\u00fcr nachhaltige Reisen der Besucher.<br><br>25% der Fahrzeugflotte sollen elektrisch betrieben werden.<br><br>Stellen Sie sicher, dass 25% aller Rasen-\/Gartenpflegeger\u00e4te elektrisch betrieben werden.<\/td><\/tr><tr><td><strong>Ern\u00e4hrung, Landwirtschaft und Landnutzung, Bodensenken<\/strong><\/td><td><strong>Lebensmitteldienstleistungen, Landschaften und Gartenbau<\/strong><\/td><\/tr><tr><td  style=\"padding-left: 2em !important;\">Regenerativer j\u00e4hrlicher Anbau (14.52 - 22.27)<br><br>N\u00e4hrstoffmanagement (2.34 - 12.06)<\/td><td  style=\"padding-left: 2em !important;\">Sicherstellen, dass 50% der verwendeten Pestizide und D\u00fcngemittel frei von fossilen Brennstoffen sind.<\/td><\/tr><tr><td  style=\"padding-left: 2em !important;\">Pflanzenreiche Ern\u00e4hrung (65.01 - 91.72)<\/td><td  style=\"padding-left: 2em !important;\">Stellen Sie sicher, dass 40% der Speisekartenauswahl vegan oder vegetarisch sind.<\/td><\/tr><tr><td  style=\"padding-left: 2em !important;\">Baumpflanzungen (22.24 - 35.94)<\/td><td  style=\"padding-left: 2em !important;\">F\u00f6rderung der Wiederaufforstung zur Kohlenstoffbindung.<\/td><\/tr><tr><td  style=\"padding-left: 2em !important;\">Mehrj\u00e4hrige Grundnahrungsmittel (15,45 - 1,26)<br><br>Multistrata Agroforstwirtschaft (11.30 - 20.40)<\/td><td  style=\"padding-left: 2em !important;\">Reduzieren Sie den Bew\u00e4sserungsbedarf durch die Auswahl und F\u00f6rderung einheimischer Pflanzen.<br><br>Reduzierung der Rasenfl\u00e4chen um 10% und F\u00f6rderung des Ersatzes durch einheimische Pflanzen.<\/td><\/tr><\/tbody><\/table><\/figure>\n\n\n\n<p>Um mehr \u00fcber die Tabelle der L\u00f6sungen zu erfahren, <strong><a href=\"https:\/\/www.drawdown.org\/solutions\/table-of-solutions\">Besuchen Sie die Website des Projekts Drawdown<\/a><\/strong>.<\/p>","protected":false},"excerpt":{"rendered":"<p>Alignment of Project Drawdown Solutions and The Climate Toolkit Project Drawdown is a nonprofit that \u201cconducts rigorous reviews and assessments of climate solutions, creates compelling and human communication across mediums, and partners with efforts to accelerate climate solutions globally\u201d. Project &hellip;<\/p>\n<p class=\"read-more\"> <a class=\"\" href=\"https:\/\/climatetoolkit.org\/de\/alignment-of-project-drawdown-solutions-and-the-climate-toolkit\/\"> <span class=\"screen-reader-text\">Abgleich von Project Drawdown Solutions und dem Climate Toolkit<\/span> Weiterlesen \"<\/a><\/p>","protected":false},"author":2,"featured_media":0,"parent":0,"menu_order":0,"comment_status":"closed","ping_status":"closed","template":"","meta":{"_acf_changed":false,"inline_featured_image":false,"advgb_blocks_editor_width":"","advgb_blocks_columns_visual_guide":"","footnotes":""},"class_list":["post-572","page","type-page","status-publish","hentry"],"acf":[],"yoast_head":"<!-- This site is optimized with the Yoast SEO plugin v27.5 - https:\/\/yoast.com\/product\/yoast-seo-wordpress\/ -->\n<title>Alignment of Project Drawdown Solutions and The Climate Toolkit - The Climate Toolkit<\/title>\n<meta name=\"robots\" content=\"index, follow, max-snippet:-1, max-image-preview:large, max-video-preview:-1\" \/>\n<link rel=\"canonical\" href=\"https:\/\/climatetoolkit.org\/de\/alignment-of-project-drawdown-solutions-and-the-climate-toolkit\/\" \/>\n<meta property=\"og:locale\" content=\"de_DE\" \/>\n<meta property=\"og:type\" content=\"article\" \/>\n<meta property=\"og:title\" content=\"Alignment of Project Drawdown Solutions and The Climate Toolkit - The Climate Toolkit\" \/>\n<meta property=\"og:description\" content=\"Alignment of Project Drawdown Solutions and The Climate Toolkit Project Drawdown is a nonprofit that \u201cconducts rigorous reviews and assessments of climate solutions, creates compelling and human communication across mediums, and partners with efforts to accelerate climate solutions globally\u201d. Project &hellip; Alignment of Project Drawdown Solutions and The Climate Toolkit Weiterlesen &raquo;\" \/>\n<meta property=\"og:url\" content=\"https:\/\/climatetoolkit.org\/de\/alignment-of-project-drawdown-solutions-and-the-climate-toolkit\/\" \/>\n<meta property=\"og:site_name\" content=\"The Climate Toolkit\" \/>\n<meta property=\"article:modified_time\" content=\"2021-02-11T21:40:48+00:00\" \/>\n<meta property=\"og:image\" content=\"https:\/\/climatetoolkit.org\/wp-content\/uploads\/2021\/02\/drawdown.jpg\" \/>\n<meta name=\"twitter:card\" content=\"summary_large_image\" \/>\n<meta name=\"twitter:label1\" content=\"Gesch\u00e4tzte Lesezeit\" \/>\n\t<meta name=\"twitter:data1\" content=\"2\u00a0Minuten\" \/>\n<script type=\"application\/ld+json\" class=\"yoast-schema-graph\">{\"@context\":\"https:\\\/\\\/schema.org\",\"@graph\":[{\"@type\":\"WebPage\",\"@id\":\"https:\\\/\\\/climatetoolkit.org\\\/alignment-of-project-drawdown-solutions-and-the-climate-toolkit\\\/\",\"url\":\"https:\\\/\\\/climatetoolkit.org\\\/alignment-of-project-drawdown-solutions-and-the-climate-toolkit\\\/\",\"name\":\"Alignment of Project Drawdown Solutions and The Climate Toolkit - The Climate Toolkit\",\"isPartOf\":{\"@id\":\"https:\\\/\\\/climatetoolkit.org\\\/#website\"},\"primaryImageOfPage\":{\"@id\":\"https:\\\/\\\/climatetoolkit.org\\\/alignment-of-project-drawdown-solutions-and-the-climate-toolkit\\\/#primaryimage\"},\"image\":{\"@id\":\"https:\\\/\\\/climatetoolkit.org\\\/alignment-of-project-drawdown-solutions-and-the-climate-toolkit\\\/#primaryimage\"},\"thumbnailUrl\":\"https:\\\/\\\/climatetoolkit.org\\\/wp-content\\\/uploads\\\/2021\\\/02\\\/drawdown.jpg\",\"datePublished\":\"2021-02-11T16:37:14+00:00\",\"dateModified\":\"2021-02-11T21:40:48+00:00\",\"breadcrumb\":{\"@id\":\"https:\\\/\\\/climatetoolkit.org\\\/alignment-of-project-drawdown-solutions-and-the-climate-toolkit\\\/#breadcrumb\"},\"inLanguage\":\"de\",\"potentialAction\":[{\"@type\":\"ReadAction\",\"target\":[\"https:\\\/\\\/climatetoolkit.org\\\/alignment-of-project-drawdown-solutions-and-the-climate-toolkit\\\/\"]}]},{\"@type\":\"ImageObject\",\"inLanguage\":\"de\",\"@id\":\"https:\\\/\\\/climatetoolkit.org\\\/alignment-of-project-drawdown-solutions-and-the-climate-toolkit\\\/#primaryimage\",\"url\":\"https:\\\/\\\/climatetoolkit.org\\\/wp-content\\\/uploads\\\/2021\\\/02\\\/drawdown.jpg\",\"contentUrl\":\"https:\\\/\\\/climatetoolkit.org\\\/wp-content\\\/uploads\\\/2021\\\/02\\\/drawdown.jpg\"},{\"@type\":\"BreadcrumbList\",\"@id\":\"https:\\\/\\\/climatetoolkit.org\\\/alignment-of-project-drawdown-solutions-and-the-climate-toolkit\\\/#breadcrumb\",\"itemListElement\":[{\"@type\":\"ListItem\",\"position\":1,\"name\":\"Home\",\"item\":\"https:\\\/\\\/climatetoolkit.org\\\/\"},{\"@type\":\"ListItem\",\"position\":2,\"name\":\"Alignment of Project Drawdown Solutions and The Climate Toolkit\"}]},{\"@type\":\"WebSite\",\"@id\":\"https:\\\/\\\/climatetoolkit.org\\\/#website\",\"url\":\"https:\\\/\\\/climatetoolkit.org\\\/\",\"name\":\"The Climate Toolkit\",\"description\":\"For Museums, Gardens and Zoos\",\"publisher\":{\"@id\":\"https:\\\/\\\/climatetoolkit.org\\\/#organization\"},\"potentialAction\":[{\"@type\":\"SearchAction\",\"target\":{\"@type\":\"EntryPoint\",\"urlTemplate\":\"https:\\\/\\\/climatetoolkit.org\\\/?s={search_term_string}\"},\"query-input\":{\"@type\":\"PropertyValueSpecification\",\"valueRequired\":true,\"valueName\":\"search_term_string\"}}],\"inLanguage\":\"de\"},{\"@type\":\"Organization\",\"@id\":\"https:\\\/\\\/climatetoolkit.org\\\/#organization\",\"name\":\"The Climate Toolkit\",\"url\":\"https:\\\/\\\/climatetoolkit.org\\\/\",\"logo\":{\"@type\":\"ImageObject\",\"inLanguage\":\"de\",\"@id\":\"https:\\\/\\\/climatetoolkit.org\\\/#\\\/schema\\\/logo\\\/image\\\/\",\"url\":\"https:\\\/\\\/climatetoolkit.org\\\/wp-content\\\/uploads\\\/2020\\\/05\\\/C_logo.png\",\"contentUrl\":\"https:\\\/\\\/climatetoolkit.org\\\/wp-content\\\/uploads\\\/2020\\\/05\\\/C_logo.png\",\"width\":512,\"height\":512,\"caption\":\"The Climate Toolkit\"},\"image\":{\"@id\":\"https:\\\/\\\/climatetoolkit.org\\\/#\\\/schema\\\/logo\\\/image\\\/\"}}]}<\/script>\n<!-- \/ Yoast SEO plugin. -->","yoast_head_json":{"title":"Alignment of Project Drawdown Solutions and The Climate Toolkit - The Climate Toolkit","robots":{"index":"index","follow":"follow","max-snippet":"max-snippet:-1","max-image-preview":"max-image-preview:large","max-video-preview":"max-video-preview:-1"},"canonical":"https:\/\/climatetoolkit.org\/de\/alignment-of-project-drawdown-solutions-and-the-climate-toolkit\/","og_locale":"de_DE","og_type":"article","og_title":"Alignment of Project Drawdown Solutions and The Climate Toolkit - The Climate Toolkit","og_description":"Alignment of Project Drawdown Solutions and The Climate Toolkit Project Drawdown is a nonprofit that \u201cconducts rigorous reviews and assessments of climate solutions, creates compelling and human communication across mediums, and partners with efforts to accelerate climate solutions globally\u201d. Project &hellip; Alignment of Project Drawdown Solutions and The Climate Toolkit Weiterlesen &raquo;","og_url":"https:\/\/climatetoolkit.org\/de\/alignment-of-project-drawdown-solutions-and-the-climate-toolkit\/","og_site_name":"The Climate Toolkit","article_modified_time":"2021-02-11T21:40:48+00:00","og_image":[{"url":"https:\/\/climatetoolkit.org\/wp-content\/uploads\/2021\/02\/drawdown.jpg","type":"","width":"","height":""}],"twitter_card":"summary_large_image","twitter_misc":{"Gesch\u00e4tzte Lesezeit":"2\u00a0Minuten"},"schema":{"@context":"https:\/\/schema.org","@graph":[{"@type":"WebPage","@id":"https:\/\/climatetoolkit.org\/alignment-of-project-drawdown-solutions-and-the-climate-toolkit\/","url":"https:\/\/climatetoolkit.org\/alignment-of-project-drawdown-solutions-and-the-climate-toolkit\/","name":"Alignment of Project Drawdown Solutions and The Climate Toolkit - The Climate Toolkit","isPartOf":{"@id":"https:\/\/climatetoolkit.org\/#website"},"primaryImageOfPage":{"@id":"https:\/\/climatetoolkit.org\/alignment-of-project-drawdown-solutions-and-the-climate-toolkit\/#primaryimage"},"image":{"@id":"https:\/\/climatetoolkit.org\/alignment-of-project-drawdown-solutions-and-the-climate-toolkit\/#primaryimage"},"thumbnailUrl":"https:\/\/climatetoolkit.org\/wp-content\/uploads\/2021\/02\/drawdown.jpg","datePublished":"2021-02-11T16:37:14+00:00","dateModified":"2021-02-11T21:40:48+00:00","breadcrumb":{"@id":"https:\/\/climatetoolkit.org\/alignment-of-project-drawdown-solutions-and-the-climate-toolkit\/#breadcrumb"},"inLanguage":"de","potentialAction":[{"@type":"ReadAction","target":["https:\/\/climatetoolkit.org\/alignment-of-project-drawdown-solutions-and-the-climate-toolkit\/"]}]},{"@type":"ImageObject","inLanguage":"de","@id":"https:\/\/climatetoolkit.org\/alignment-of-project-drawdown-solutions-and-the-climate-toolkit\/#primaryimage","url":"https:\/\/climatetoolkit.org\/wp-content\/uploads\/2021\/02\/drawdown.jpg","contentUrl":"https:\/\/climatetoolkit.org\/wp-content\/uploads\/2021\/02\/drawdown.jpg"},{"@type":"BreadcrumbList","@id":"https:\/\/climatetoolkit.org\/alignment-of-project-drawdown-solutions-and-the-climate-toolkit\/#breadcrumb","itemListElement":[{"@type":"ListItem","position":1,"name":"Home","item":"https:\/\/climatetoolkit.org\/"},{"@type":"ListItem","position":2,"name":"Alignment of Project Drawdown Solutions and The Climate Toolkit"}]},{"@type":"WebSite","@id":"https:\/\/climatetoolkit.org\/#website","url":"https:\/\/climatetoolkit.org\/","name":"Das Klima-Toolkit","description":"F\u00fcr Museen, G\u00e4rten und Zoos","publisher":{"@id":"https:\/\/climatetoolkit.org\/#organization"},"potentialAction":[{"@type":"SearchAction","target":{"@type":"EntryPoint","urlTemplate":"https:\/\/climatetoolkit.org\/?s={search_term_string}"},"query-input":{"@type":"PropertyValueSpecification","valueRequired":true,"valueName":"search_term_string"}}],"inLanguage":"de"},{"@type":"Organization","@id":"https:\/\/climatetoolkit.org\/#organization","name":"Das Klima-Toolkit","url":"https:\/\/climatetoolkit.org\/","logo":{"@type":"ImageObject","inLanguage":"de","@id":"https:\/\/climatetoolkit.org\/#\/schema\/logo\/image\/","url":"https:\/\/climatetoolkit.org\/wp-content\/uploads\/2020\/05\/C_logo.png","contentUrl":"https:\/\/climatetoolkit.org\/wp-content\/uploads\/2020\/05\/C_logo.png","width":512,"height":512,"caption":"The Climate Toolkit"},"image":{"@id":"https:\/\/climatetoolkit.org\/#\/schema\/logo\/image\/"}}]}},"coauthors":[],"author_meta":{"author_link":"https:\/\/climatetoolkit.org\/de\/author\/joe\/","display_name":"joe reed"},"relative_dates":{"created":"Posted 5\u00a0Jahren ago","modified":"Updated 5\u00a0Jahren ago"},"absolute_dates":{"created":"Posted on Februar 11, 2021","modified":"Updated on Februar 11, 2021"},"absolute_dates_time":{"created":"Posted on Februar 11, 2021 11:37 a.m.","modified":"Updated on Februar 11, 2021 4:40 p.m."},"featured_img_caption":"","featured_img":false,"series_order":"","_links":{"self":[{"href":"https:\/\/climatetoolkit.org\/de\/wp-json\/wp\/v2\/pages\/572","targetHints":{"allow":["GET"]}}],"collection":[{"href":"https:\/\/climatetoolkit.org\/de\/wp-json\/wp\/v2\/pages"}],"about":[{"href":"https:\/\/climatetoolkit.org\/de\/wp-json\/wp\/v2\/types\/page"}],"author":[{"embeddable":true,"href":"https:\/\/climatetoolkit.org\/de\/wp-json\/wp\/v2\/users\/2"}],"replies":[{"embeddable":true,"href":"https:\/\/climatetoolkit.org\/de\/wp-json\/wp\/v2\/comments?post=572"}],"version-history":[{"count":0,"href":"https:\/\/climatetoolkit.org\/de\/wp-json\/wp\/v2\/pages\/572\/revisions"}],"wp:attachment":[{"href":"https:\/\/climatetoolkit.org\/de\/wp-json\/wp\/v2\/media?parent=572"}],"curies":[{"name":"wp","href":"https:\/\/api.w.org\/{rel}","templated":true}]}}