{"id":564,"date":"2021-02-11T11:08:06","date_gmt":"2021-02-11T16:08:06","guid":{"rendered":"https:\/\/climatetoolkit.org\/?page_id=564"},"modified":"2021-08-17T17:01:46","modified_gmt":"2021-08-17T21:01:46","slug":"alignment-of-u-n-sustainable-development-goals-and-the-climate-toolkit","status":"publish","type":"page","link":"https:\/\/climatetoolkit.org\/de\/alignment-of-u-n-sustainable-development-goals-and-the-climate-toolkit\/","title":{"rendered":"Ausrichtung der nachhaltigen Entwicklungsziele der Vereinten Nationen und des Klima-Toolkits"},"content":{"rendered":"<h1 class=\"wp-block-heading\">Ausrichtung der nachhaltigen Entwicklungsziele der Vereinten Nationen und des Klima-Toolkits<\/h1>\n\n\n\n<div class=\"wp-block-image\"><figure class=\"aligncenter size-large is-resized\"><img decoding=\"async\" src=\"https:\/\/climatetoolkit.org\/wp-content\/uploads\/2021\/02\/800px-Sustainable_Development_Goals_logo.svg.png\" alt=\"\" class=\"wp-image-520\" width=\"400\" height=\"320\" srcset=\"https:\/\/climatetoolkit.org\/wp-content\/uploads\/2021\/02\/800px-Sustainable_Development_Goals_logo.svg.png 800w, https:\/\/climatetoolkit.org\/wp-content\/uploads\/2021\/02\/800px-Sustainable_Development_Goals_logo.svg-300x240.png 300w, https:\/\/climatetoolkit.org\/wp-content\/uploads\/2021\/02\/800px-Sustainable_Development_Goals_logo.svg-768x614.png 768w, https:\/\/climatetoolkit.org\/wp-content\/uploads\/2021\/02\/800px-Sustainable_Development_Goals_logo.svg-100x80.png 100w, https:\/\/climatetoolkit.org\/wp-content\/uploads\/2021\/02\/800px-Sustainable_Development_Goals_logo.svg-150x120.png 150w, https:\/\/climatetoolkit.org\/wp-content\/uploads\/2021\/02\/800px-Sustainable_Development_Goals_logo.svg-200x160.png 200w, https:\/\/climatetoolkit.org\/wp-content\/uploads\/2021\/02\/800px-Sustainable_Development_Goals_logo.svg-450x360.png 450w, https:\/\/climatetoolkit.org\/wp-content\/uploads\/2021\/02\/800px-Sustainable_Development_Goals_logo.svg-600x480.png 600w\" sizes=\"(max-width: 400px) 100vw, 400px\" \/><\/figure><\/div>\n\n\n\n<p>Die Vereinten Nationen haben die 17 <strong><a href=\"https:\/\/sdgs.un.org\/goals\">Nachhaltige Entwicklungsziele (SDGs)<\/a> <\/strong>\"eine Reihe universeller Ziele zu erarbeiten, die den dringenden \u00f6kologischen, politischen und wirtschaftlichen Herausforderungen unserer Welt gerecht werden.\"  Jedes Ziel umfasst kleinere Ziele, um den Geltungsbereich des jeweiligen Ziels zu erweitern. Die SDGs bauen auf den Bem\u00fchungen der Millenniums-Entwicklungsziele auf, mit denen Standards zur Bek\u00e4mpfung von Armut, Hunger, HIV\/AIDS und anderen behandelbaren Krankheiten sowie zur Ausweitung der Grundschulbildung auf alle Kinder geschaffen wurden. Der Klimawandel wirkt sich in hohem Ma\u00dfe auf die \u00f6ffentliche Gesundheit, die Nahrungsmittel- und Wassersicherheit, die Migration sowie auf Frieden und Sicherheit aus, so dass alle Bem\u00fchungen, die auf eine nachhaltige Entwicklung abzielen, einen gro\u00dfen Beitrag zum Klimawandel leisten k\u00f6nnen. Die Nachhaltigen Entwicklungsziele und das Klima-Toolkit konzentrieren sich beide darauf, den Klimawandel offensiv anzugehen.<\/p>\n\n\n\n<p>Die Ziele des Klima-Toolkits, die mit den SDGs \u00fcbereinstimmen, sind unten gepaart.<\/p>\n\n\n\n<figure class=\"wp-block-table is-style-regular; vertical-align: top !important;\"><table class=\"has-subtle-pale-blue-background-color has-fixed-layout has-background\"><thead><tr><th><h2>Ziele f\u00fcr nachhaltige Entwicklung<\/h2><\/th><th><h2>Klima-Toolkit-Ziele<\/h2><\/th><\/tr><\/thead><tbody><tr><td><strong>2. Null Hunger<\/strong><\/td><td><strong>Lebensmittelservice<\/strong><\/td><\/tr><tr><td style=\"padding-left: 2em !important;\">2.4 Gew\u00e4hrleistung nachhaltiger Lebensmittelproduktionssysteme und Anwendung widerstandsf\u00e4higer landwirtschaftlicher Praktiken, die die Produktivit\u00e4t und Produktion steigern und zur Erhaltung des \u00d6kosystems beitragen.<\/td><td style=\"padding-left: 2em !important;\">Sicherstellen, dass 50% der verwendeten Pestizide und D\u00fcngemittel frei von fossilen Brennstoffen sind.<br><br>T\u00e4tigen Sie 10% aller Lebensmitteleink\u00e4ufe im Umkreis von 100 Meilen um den Standort.<\/td><\/tr><tr><td><strong>6. Sauberes Wasser und sanit\u00e4re Einrichtungen<\/strong><\/td><td><strong><strong>Wasser<\/strong><\/strong><\/td><\/tr><tr><td style=\"padding-left: 2em !important;\">6.5 Bis 2030 integrierte Bewirtschaftung der Wasserressourcen auf allen Ebenen umsetzen, gegebenenfalls auch durch grenz\u00fcberschreitende Zusammenarbeit.<\/td><td style=\"padding-left: 2em !important;\">Senkung des kommunalen Wasserverbrauchs um mindestens 25%<br><br>Reduzierung des f\u00fcr die Bew\u00e4sserung verwendeten Trinkwassers um mindestens 25%<\/td><\/tr><tr><td><strong>7. Erschwingliche und saubere Energie<\/strong><\/td><td><strong>Energie<\/strong><\/td><\/tr><tr><td style=\"padding-left: 2em !important;\"><strong>7.2&nbsp;<\/strong>Bis 2030 soll der Anteil der erneuerbaren Energien am globalen Energiemix deutlich erh\u00f6ht werden.<\/td><td style=\"padding-left: 2em !important;\">Erzeugen oder kaufen Sie 100% Strom aus erneuerbaren Energien.<br><br>Bauen Sie alle neuen Geb\u00e4ude als Null-Energie-Geb\u00e4ude oder Living Buildings.<\/td><\/tr><tr><td><strong>9. Industrie, Innovation und Infrastruktur<\/strong><\/td><td><strong>Abfall, Forschung<\/strong><\/td><\/tr><tr><td style=\"padding-left: 2em !important;\">9.4 Modernisierung der Infrastruktur und Umr\u00fcstung der Industrie, um sie nachhaltig zu machen, mit erh\u00f6hter Ressourceneffizienz und verst\u00e4rktem Einsatz sauberer und umweltfreundlicher Technologien und Industrieprozesse.<\/td><td style=\"padding-left: 2em !important;\">Stellen Sie sicher, dass bei Neubauten oder Renovierungen eine verantwortungsvolle Abfallvermeidung und -bewirtschaftung erfolgt.<\/td><\/tr><tr><td style=\"padding-left: 2em !important;\">9.5 Ausbau der wissenschaftlichen Forschung, Verbesserung der technologischen F\u00e4higkeiten der Industrie in allen L\u00e4ndern.<\/td><td style=\"padding-left: 2em !important;\">Durchf\u00fchrung von regionsspezifischen Forschungsarbeiten zum Klimawandel.<\/td><\/tr><tr><td><strong>11. Nachhaltige St\u00e4dte und Gemeinden<\/strong><\/td><td><strong>Transport<\/strong><\/td><\/tr><tr><td style=\"padding-left: 2em !important;\">11.2 Bis 2030 Zugang zu sicheren, erschwinglichen, zug\u00e4nglichen und nachhaltigen Verkehrssystemen f\u00fcr alle schaffen.<\/td><td style=\"padding-left: 2em !important;\">Schaffung von Anreizen f\u00fcr Mitarbeiter, Fahrgemeinschaften zu bilden, das Fahrrad zu benutzen, den Bus zu nehmen oder auf andere Weise auf den Individualverkehr zu verzichten.<br><br>Anreize f\u00fcr nachhaltige Reisen der Besucher.<\/td><\/tr><tr><td style=\"padding-left: 2em !important;\">11.7 Bis 2030 den allgemeinen Zugang zu sicheren, inklusiven und zug\u00e4nglichen Gr\u00fcnfl\u00e4chen und \u00f6ffentlichen R\u00e4umen gew\u00e4hrleisten.<\/td><td style=\"padding-left: 2em !important;\">Umwandlung von Parkpl\u00e4tzen in Gr\u00fcnfl\u00e4chen, um den Temperaturanstieg in den St\u00e4dten zu bek\u00e4mpfen.<\/td><\/tr><tr><td><strong>12. Verantwortungsbewusster Konsum und Produktion<\/strong><\/td><td><strong>Abfall, Investitionen<\/strong><\/td><\/tr><tr><td style=\"padding-left: 2em !important;\">12.3 Bis 2030 die weltweite Pro-Kopf-Verschwendung von Lebensmitteln im Einzelhandel und bei den Verbrauchern halbieren und die Lebensmittelverluste entlang der Produktions- und Lieferketten, einschlie\u00dflich der Nachernteverluste, verringern.<\/td><td style=\"padding-left: 2em !important;\">Kompostieren Sie 100% aller Lebensmittelabf\u00e4lle.<\/td><\/tr><tr><td style=\"padding-left: 2em !important;\">12.5 Erhebliche Verringerung des Abfallaufkommens durch Vermeidung, Verringerung, Recycling und Wiederverwendung.<\/td><td style=\"padding-left: 2em !important;\">Recyceln oder verwenden Sie alle wiederverwertbaren Materialien wie Metalle, Glas und Kunststoffe im gesamten Wintergarten.<br><br>Abschaffung von Einwegplastik in der Gastronomie, im Gartenbau, im Geschenkeladen und in allen anderen Einrichtungen und Betrieben.<br><br>Abschaffung des Verkaufs und der Verwendung von Wasser in Flaschen.<\/td><\/tr><tr><td style=\"padding-left: 2em !important;\">12.c Rationalisierung der ineffizienten Subventionen f\u00fcr fossile Brennstoffe.<\/td><td style=\"padding-left: 2em !important;\">Verzichten Sie auf Investitionen in fossile Brennstoffe.<br><br>Investieren Sie in sozial verantwortliche Anlagen.<\/td><\/tr><tr><td><strong>13. Klima-Aktion<\/strong><\/td><td><strong>Energie, Besucher<\/strong><\/td><\/tr><tr><td style=\"padding-left: 2em !important;\">13.2 Integration des Klimawandels<br>Ma\u00dfnahmen in nationale Politiken, Strategien und Planungen.<\/td><td style=\"padding-left: 2em !important;\">Erf\u00fcllen Sie das Pariser Klimaabkommen ODER reduzieren Sie die Reduzierung fossiler Brennstoffe um 25%<\/td><\/tr><tr><td style=\"padding-left: 2em !important;\">13.3 Verbesserung der Bildung, der Sensibilisierung und der personellen und institutionellen Kapazit\u00e4ten f\u00fcr die Eind\u00e4mmung des Klimawandels, die Anpassung, die Verringerung der Auswirkungen und die Fr\u00fchwarnung.<\/td><td style=\"padding-left: 2em !important;\">Vermittlung bew\u00e4hrter Praktiken zur Abschw\u00e4chung und Reduzierung des globalen Klimawandels.<br><br>Unterst\u00fctzung der Besucher bei der Umstellung auf erneuerbare Energien im Haushalt.<br><br>Aufkl\u00e4rung der Besucher \u00fcber nachhaltigen, fossilfreien Gartenbau.<br><br>Aufkl\u00e4rung der Besucher \u00fcber den Anbau \u00f6kologischer Lebensmittel.<br><br>Aufkl\u00e4rung der Besucher \u00fcber die Auswirkungen von Lebensmittelauswahl und -verschwendung.<\/td><\/tr><tr><td><strong>15. Leben an Land<\/strong><\/td><td><strong>Landschaften und Gartenbau<\/strong><\/td><\/tr><tr><td style=\"padding-left: 2em !important;\">15.9 Bis 2020 Einbeziehung der Werte von \u00d6kosystemen und biologischer Vielfalt in die nationale und lokale Planung, Entwicklungsprozesse, Strategien zur Armutsbek\u00e4mpfung und Rechnungslegung.<\/td><td style=\"padding-left: 2em !important;\">Unterst\u00fctzung der Wiederaufforstung zur Bindung von Kohlenstoff<\/td><\/tr><tr><td><strong>17. Partnerschaften f\u00fcr die Ziele<\/strong><\/td><td><strong>Investitionen<\/strong><\/td><\/tr><tr><td style=\"padding-left: 2em !important;\"> 17.16 die Globale Partnerschaft f\u00fcr nachhaltige Entwicklung ausbauen, erg\u00e4nzt durch Multi-Stakeholder-Partnerschaften, die Wissen, Fachwissen, Technologie und finanzielle Ressourcen mobilisieren und gemeinsam nutzen, um die Verwirklichung der Ziele f\u00fcr nachhaltige Entwicklung in allen L\u00e4ndern, insbesondere in den Entwicklungsl\u00e4ndern, zu unterst\u00fctzen <br><br> 17.17 Anregung und F\u00f6rderung wirksamer \u00f6ffentlicher, \u00f6ffentlich-privater und zivilgesellschaftlicher Partnerschaften, aufbauend auf den Erfahrungen und Finanzierungsstrategien von Partnerschaften.<\/td><td style=\"padding-left: 2em !important;\"> Verzichten Sie auf Investitionen in fossile Brennstoffe. <br><br>Investieren Sie in sozial verantwortliche Investitionen. <\/td><\/tr><\/tbody><\/table><\/figure>\n\n\n\n<p>Um mehr \u00fcber die Ziele f\u00fcr nachhaltige Entwicklung zu erfahren, <strong><a href=\"https:\/\/sdgs.un.org\/goals\">Besuchen Sie die Website der Vereinten Nationen<\/a><\/strong>.<\/p>","protected":false},"excerpt":{"rendered":"<p>Alignment of U.N. Sustainable Development Goals and The Climate Toolkit The United Nations created the 17 Sustainable Developmental Goals (SDGs) \u201cto produce a set of universal goals that meet the urgent environmental, political and economic challenges facing our world.\u201d &nbsp;Each &hellip;<\/p>\n<p class=\"read-more\"> <a class=\"\" href=\"https:\/\/climatetoolkit.org\/de\/alignment-of-u-n-sustainable-development-goals-and-the-climate-toolkit\/\"> <span class=\"screen-reader-text\">Ausrichtung der nachhaltigen Entwicklungsziele der Vereinten Nationen und des Klima-Toolkits<\/span> Weiterlesen \"<\/a><\/p>","protected":false},"author":2,"featured_media":0,"parent":0,"menu_order":0,"comment_status":"closed","ping_status":"closed","template":"","meta":{"_acf_changed":false,"inline_featured_image":false,"advgb_blocks_editor_width":"","advgb_blocks_columns_visual_guide":"","footnotes":""},"class_list":["post-564","page","type-page","status-publish","hentry"],"acf":[],"yoast_head":"<!-- This site is optimized with the Yoast SEO plugin v27.4 - https:\/\/yoast.com\/product\/yoast-seo-wordpress\/ -->\n<title>Alignment of U.N. Sustainable Development Goals and The Climate Toolkit - The Climate Toolkit<\/title>\n<meta name=\"robots\" content=\"index, follow, max-snippet:-1, max-image-preview:large, max-video-preview:-1\" \/>\n<link rel=\"canonical\" href=\"https:\/\/climatetoolkit.org\/de\/alignment-of-u-n-sustainable-development-goals-and-the-climate-toolkit\/\" \/>\n<meta property=\"og:locale\" content=\"de_DE\" \/>\n<meta property=\"og:type\" content=\"article\" \/>\n<meta property=\"og:title\" content=\"Alignment of U.N. Sustainable Development Goals and The Climate Toolkit - The Climate Toolkit\" \/>\n<meta property=\"og:description\" content=\"Alignment of U.N. Sustainable Development Goals and The Climate Toolkit The United Nations created the 17 Sustainable Developmental Goals (SDGs) \u201cto produce a set of universal goals that meet the urgent environmental, political and economic challenges facing our world.\u201d &nbsp;Each &hellip; Alignment of U.N. Sustainable Development Goals and The Climate Toolkit Weiterlesen &raquo;\" \/>\n<meta property=\"og:url\" content=\"https:\/\/climatetoolkit.org\/de\/alignment-of-u-n-sustainable-development-goals-and-the-climate-toolkit\/\" \/>\n<meta property=\"og:site_name\" content=\"The Climate Toolkit\" \/>\n<meta property=\"article:modified_time\" content=\"2021-08-17T21:01:46+00:00\" \/>\n<meta property=\"og:image\" content=\"https:\/\/climatetoolkit.org\/wp-content\/uploads\/2021\/02\/800px-Sustainable_Development_Goals_logo.svg.png\" \/>\n<meta name=\"twitter:card\" content=\"summary_large_image\" \/>\n<meta name=\"twitter:label1\" content=\"Gesch\u00e4tzte Lesezeit\" \/>\n\t<meta name=\"twitter:data1\" content=\"4\u00a0Minuten\" \/>\n<script type=\"application\/ld+json\" class=\"yoast-schema-graph\">{\"@context\":\"https:\\\/\\\/schema.org\",\"@graph\":[{\"@type\":\"WebPage\",\"@id\":\"https:\\\/\\\/climatetoolkit.org\\\/alignment-of-u-n-sustainable-development-goals-and-the-climate-toolkit\\\/\",\"url\":\"https:\\\/\\\/climatetoolkit.org\\\/alignment-of-u-n-sustainable-development-goals-and-the-climate-toolkit\\\/\",\"name\":\"Alignment of U.N. Sustainable Development Goals and The Climate Toolkit - The Climate Toolkit\",\"isPartOf\":{\"@id\":\"https:\\\/\\\/climatetoolkit.org\\\/#website\"},\"primaryImageOfPage\":{\"@id\":\"https:\\\/\\\/climatetoolkit.org\\\/alignment-of-u-n-sustainable-development-goals-and-the-climate-toolkit\\\/#primaryimage\"},\"image\":{\"@id\":\"https:\\\/\\\/climatetoolkit.org\\\/alignment-of-u-n-sustainable-development-goals-and-the-climate-toolkit\\\/#primaryimage\"},\"thumbnailUrl\":\"https:\\\/\\\/climatetoolkit.org\\\/wp-content\\\/uploads\\\/2021\\\/02\\\/800px-Sustainable_Development_Goals_logo.svg.png\",\"datePublished\":\"2021-02-11T16:08:06+00:00\",\"dateModified\":\"2021-08-17T21:01:46+00:00\",\"breadcrumb\":{\"@id\":\"https:\\\/\\\/climatetoolkit.org\\\/alignment-of-u-n-sustainable-development-goals-and-the-climate-toolkit\\\/#breadcrumb\"},\"inLanguage\":\"de\",\"potentialAction\":[{\"@type\":\"ReadAction\",\"target\":[\"https:\\\/\\\/climatetoolkit.org\\\/alignment-of-u-n-sustainable-development-goals-and-the-climate-toolkit\\\/\"]}]},{\"@type\":\"ImageObject\",\"inLanguage\":\"de\",\"@id\":\"https:\\\/\\\/climatetoolkit.org\\\/alignment-of-u-n-sustainable-development-goals-and-the-climate-toolkit\\\/#primaryimage\",\"url\":\"https:\\\/\\\/climatetoolkit.org\\\/wp-content\\\/uploads\\\/2021\\\/02\\\/800px-Sustainable_Development_Goals_logo.svg.png\",\"contentUrl\":\"https:\\\/\\\/climatetoolkit.org\\\/wp-content\\\/uploads\\\/2021\\\/02\\\/800px-Sustainable_Development_Goals_logo.svg.png\"},{\"@type\":\"BreadcrumbList\",\"@id\":\"https:\\\/\\\/climatetoolkit.org\\\/alignment-of-u-n-sustainable-development-goals-and-the-climate-toolkit\\\/#breadcrumb\",\"itemListElement\":[{\"@type\":\"ListItem\",\"position\":1,\"name\":\"Home\",\"item\":\"https:\\\/\\\/climatetoolkit.org\\\/\"},{\"@type\":\"ListItem\",\"position\":2,\"name\":\"Alignment of U.N. Sustainable Development Goals and The Climate Toolkit\"}]},{\"@type\":\"WebSite\",\"@id\":\"https:\\\/\\\/climatetoolkit.org\\\/#website\",\"url\":\"https:\\\/\\\/climatetoolkit.org\\\/\",\"name\":\"The Climate Toolkit\",\"description\":\"For Museums, Gardens and Zoos\",\"publisher\":{\"@id\":\"https:\\\/\\\/climatetoolkit.org\\\/#organization\"},\"potentialAction\":[{\"@type\":\"SearchAction\",\"target\":{\"@type\":\"EntryPoint\",\"urlTemplate\":\"https:\\\/\\\/climatetoolkit.org\\\/?s={search_term_string}\"},\"query-input\":{\"@type\":\"PropertyValueSpecification\",\"valueRequired\":true,\"valueName\":\"search_term_string\"}}],\"inLanguage\":\"de\"},{\"@type\":\"Organization\",\"@id\":\"https:\\\/\\\/climatetoolkit.org\\\/#organization\",\"name\":\"The Climate Toolkit\",\"url\":\"https:\\\/\\\/climatetoolkit.org\\\/\",\"logo\":{\"@type\":\"ImageObject\",\"inLanguage\":\"de\",\"@id\":\"https:\\\/\\\/climatetoolkit.org\\\/#\\\/schema\\\/logo\\\/image\\\/\",\"url\":\"https:\\\/\\\/climatetoolkit.org\\\/wp-content\\\/uploads\\\/2020\\\/05\\\/C_logo.png\",\"contentUrl\":\"https:\\\/\\\/climatetoolkit.org\\\/wp-content\\\/uploads\\\/2020\\\/05\\\/C_logo.png\",\"width\":512,\"height\":512,\"caption\":\"The Climate Toolkit\"},\"image\":{\"@id\":\"https:\\\/\\\/climatetoolkit.org\\\/#\\\/schema\\\/logo\\\/image\\\/\"}}]}<\/script>\n<!-- \/ Yoast SEO plugin. -->","yoast_head_json":{"title":"Alignment of U.N. Sustainable Development Goals and The Climate Toolkit - The Climate Toolkit","robots":{"index":"index","follow":"follow","max-snippet":"max-snippet:-1","max-image-preview":"max-image-preview:large","max-video-preview":"max-video-preview:-1"},"canonical":"https:\/\/climatetoolkit.org\/de\/alignment-of-u-n-sustainable-development-goals-and-the-climate-toolkit\/","og_locale":"de_DE","og_type":"article","og_title":"Alignment of U.N. Sustainable Development Goals and The Climate Toolkit - The Climate Toolkit","og_description":"Alignment of U.N. Sustainable Development Goals and The Climate Toolkit The United Nations created the 17 Sustainable Developmental Goals (SDGs) \u201cto produce a set of universal goals that meet the urgent environmental, political and economic challenges facing our world.\u201d &nbsp;Each &hellip; Alignment of U.N. Sustainable Development Goals and The Climate Toolkit Weiterlesen &raquo;","og_url":"https:\/\/climatetoolkit.org\/de\/alignment-of-u-n-sustainable-development-goals-and-the-climate-toolkit\/","og_site_name":"The Climate Toolkit","article_modified_time":"2021-08-17T21:01:46+00:00","og_image":[{"url":"https:\/\/climatetoolkit.org\/wp-content\/uploads\/2021\/02\/800px-Sustainable_Development_Goals_logo.svg.png","type":"","width":"","height":""}],"twitter_card":"summary_large_image","twitter_misc":{"Gesch\u00e4tzte Lesezeit":"4\u00a0Minuten"},"schema":{"@context":"https:\/\/schema.org","@graph":[{"@type":"WebPage","@id":"https:\/\/climatetoolkit.org\/alignment-of-u-n-sustainable-development-goals-and-the-climate-toolkit\/","url":"https:\/\/climatetoolkit.org\/alignment-of-u-n-sustainable-development-goals-and-the-climate-toolkit\/","name":"Alignment of U.N. Sustainable Development Goals and The Climate Toolkit - The Climate Toolkit","isPartOf":{"@id":"https:\/\/climatetoolkit.org\/#website"},"primaryImageOfPage":{"@id":"https:\/\/climatetoolkit.org\/alignment-of-u-n-sustainable-development-goals-and-the-climate-toolkit\/#primaryimage"},"image":{"@id":"https:\/\/climatetoolkit.org\/alignment-of-u-n-sustainable-development-goals-and-the-climate-toolkit\/#primaryimage"},"thumbnailUrl":"https:\/\/climatetoolkit.org\/wp-content\/uploads\/2021\/02\/800px-Sustainable_Development_Goals_logo.svg.png","datePublished":"2021-02-11T16:08:06+00:00","dateModified":"2021-08-17T21:01:46+00:00","breadcrumb":{"@id":"https:\/\/climatetoolkit.org\/alignment-of-u-n-sustainable-development-goals-and-the-climate-toolkit\/#breadcrumb"},"inLanguage":"de","potentialAction":[{"@type":"ReadAction","target":["https:\/\/climatetoolkit.org\/alignment-of-u-n-sustainable-development-goals-and-the-climate-toolkit\/"]}]},{"@type":"ImageObject","inLanguage":"de","@id":"https:\/\/climatetoolkit.org\/alignment-of-u-n-sustainable-development-goals-and-the-climate-toolkit\/#primaryimage","url":"https:\/\/climatetoolkit.org\/wp-content\/uploads\/2021\/02\/800px-Sustainable_Development_Goals_logo.svg.png","contentUrl":"https:\/\/climatetoolkit.org\/wp-content\/uploads\/2021\/02\/800px-Sustainable_Development_Goals_logo.svg.png"},{"@type":"BreadcrumbList","@id":"https:\/\/climatetoolkit.org\/alignment-of-u-n-sustainable-development-goals-and-the-climate-toolkit\/#breadcrumb","itemListElement":[{"@type":"ListItem","position":1,"name":"Home","item":"https:\/\/climatetoolkit.org\/"},{"@type":"ListItem","position":2,"name":"Alignment of U.N. Sustainable Development Goals and The Climate Toolkit"}]},{"@type":"WebSite","@id":"https:\/\/climatetoolkit.org\/#website","url":"https:\/\/climatetoolkit.org\/","name":"Das Klima-Toolkit","description":"F\u00fcr Museen, G\u00e4rten und Zoos","publisher":{"@id":"https:\/\/climatetoolkit.org\/#organization"},"potentialAction":[{"@type":"SearchAction","target":{"@type":"EntryPoint","urlTemplate":"https:\/\/climatetoolkit.org\/?s={search_term_string}"},"query-input":{"@type":"PropertyValueSpecification","valueRequired":true,"valueName":"search_term_string"}}],"inLanguage":"de"},{"@type":"Organization","@id":"https:\/\/climatetoolkit.org\/#organization","name":"Das Klima-Toolkit","url":"https:\/\/climatetoolkit.org\/","logo":{"@type":"ImageObject","inLanguage":"de","@id":"https:\/\/climatetoolkit.org\/#\/schema\/logo\/image\/","url":"https:\/\/climatetoolkit.org\/wp-content\/uploads\/2020\/05\/C_logo.png","contentUrl":"https:\/\/climatetoolkit.org\/wp-content\/uploads\/2020\/05\/C_logo.png","width":512,"height":512,"caption":"The Climate Toolkit"},"image":{"@id":"https:\/\/climatetoolkit.org\/#\/schema\/logo\/image\/"}}]}},"coauthors":[],"author_meta":{"author_link":"https:\/\/climatetoolkit.org\/de\/author\/joe\/","display_name":"joe reed"},"relative_dates":{"created":"Posted 5\u00a0Jahren ago","modified":"Updated 5\u00a0Jahren ago"},"absolute_dates":{"created":"Posted on Februar 11, 2021","modified":"Updated on August 17, 2021"},"absolute_dates_time":{"created":"Posted on Februar 11, 2021 11:08 a.m.","modified":"Updated on August 17, 2021 5:01 p.m."},"featured_img_caption":"","featured_img":false,"series_order":"","_links":{"self":[{"href":"https:\/\/climatetoolkit.org\/de\/wp-json\/wp\/v2\/pages\/564","targetHints":{"allow":["GET"]}}],"collection":[{"href":"https:\/\/climatetoolkit.org\/de\/wp-json\/wp\/v2\/pages"}],"about":[{"href":"https:\/\/climatetoolkit.org\/de\/wp-json\/wp\/v2\/types\/page"}],"author":[{"embeddable":true,"href":"https:\/\/climatetoolkit.org\/de\/wp-json\/wp\/v2\/users\/2"}],"replies":[{"embeddable":true,"href":"https:\/\/climatetoolkit.org\/de\/wp-json\/wp\/v2\/comments?post=564"}],"version-history":[{"count":0,"href":"https:\/\/climatetoolkit.org\/de\/wp-json\/wp\/v2\/pages\/564\/revisions"}],"wp:attachment":[{"href":"https:\/\/climatetoolkit.org\/de\/wp-json\/wp\/v2\/media?parent=564"}],"curies":[{"name":"wp","href":"https:\/\/api.w.org\/{rel}","templated":true}]}}