{"id":4586,"date":"2025-08-01T13:42:19","date_gmt":"2025-08-01T17:42:19","guid":{"rendered":"https:\/\/climatetoolkit.org\/?page_id=4586"},"modified":"2025-10-17T14:24:16","modified_gmt":"2025-10-17T18:24:16","slug":"symposium-agenda","status":"publish","type":"page","link":"https:\/\/climatetoolkit.org\/de\/symposium-agenda\/","title":{"rendered":"Tagesordnung des Symposiums"},"content":{"rendered":"<h2 class=\"wp-block-heading\">Klima-Toolkit-Symposium Tagesordnung<\/h2>\n\n\n\n<figure class=\"wp-block-image size-large is-resized\"><img decoding=\"async\" width=\"1024\" height=\"614\" src=\"https:\/\/climatetoolkit.org\/wp-content\/uploads\/2025\/10\/symposium_2-1024x614.jpg\" alt=\"\" class=\"wp-image-4893\" style=\"width:632px;height:auto\" srcset=\"https:\/\/climatetoolkit.org\/wp-content\/uploads\/2025\/10\/symposium_2-1024x614.jpg 1024w, https:\/\/climatetoolkit.org\/wp-content\/uploads\/2025\/10\/symposium_2-300x180.jpg 300w, https:\/\/climatetoolkit.org\/wp-content\/uploads\/2025\/10\/symposium_2-768x461.jpg 768w, https:\/\/climatetoolkit.org\/wp-content\/uploads\/2025\/10\/symposium_2-1536x922.jpg 1536w, https:\/\/climatetoolkit.org\/wp-content\/uploads\/2025\/10\/symposium_2-2048x1229.jpg 2048w, https:\/\/climatetoolkit.org\/wp-content\/uploads\/2025\/10\/symposium_2-18x12.jpg 18w, https:\/\/climatetoolkit.org\/wp-content\/uploads\/2025\/10\/symposium_2-100x60.jpg 100w, https:\/\/climatetoolkit.org\/wp-content\/uploads\/2025\/10\/symposium_2-150x90.jpg 150w, https:\/\/climatetoolkit.org\/wp-content\/uploads\/2025\/10\/symposium_2-200x120.jpg 200w, https:\/\/climatetoolkit.org\/wp-content\/uploads\/2025\/10\/symposium_2-450x270.jpg 450w, https:\/\/climatetoolkit.org\/wp-content\/uploads\/2025\/10\/symposium_2-600x360.jpg 600w, https:\/\/climatetoolkit.org\/wp-content\/uploads\/2025\/10\/symposium_2-900x540.jpg 900w\" sizes=\"(max-width: 1024px) 100vw, 1024px\" \/><\/figure>\n\n\n\n<h3 class=\"wp-block-heading\"><strong>Er\u00f6ffnungsabend<\/strong> <strong>Rezeption<\/strong><\/h3>\n\n\n\n<h6 class=\"wp-block-heading\"><strong>SONNTAG, OCT. 26, 18 - 21 UHR<\/strong><\/h6>\n\n\n\n<p>\ud83c\udf34 <em>Willkommen zum Symposium!<\/em><\/p>\n\n\n\n<p>Vor dem Hintergrund der \u00fcppigen Tropenwald-Panama-Ausstellung des Phipps-Konservatoriums und der Special Events Hall wird diese Veranstaltung mit einer Er\u00f6ffnungsrede von Richard Piacentini, Pr\u00e4sident und CEO von Phipps, und Margaret Waldock, Executive Director von Duke Farms, sowie Erfrischungen, einem Buffet, Live-Musik und Networking stattfinden.<\/p>\n\n\n\n<h3 class=\"wp-block-heading\"><strong>Tag 1: Fallstudien zum Klimaerfolg<\/strong><\/h3>\n\n\n\n<h6 class=\"wp-block-heading\"><strong>MONAT, OCT. 27, 8 - 17 UHR, ABENDESSEN UND HAUPTVORTRAG 18.30 - 21.00 UHR<\/strong><\/h6>\n\n\n\n<p><em>8.00 - 9.00 Uhr<\/em> &#8211; <em>Fr\u00fchst\u00fcck<\/em> <em>und Willkommen<\/em><\/p>\n\n\n\n<p><em>9.00 - 10.30 Uhr<\/em> &#8211; <em>Programm Eins<\/em><\/p>\n\n\n\n<p>\u26a1 <strong>Energie und Dekarbonisierung<\/strong><\/p>\n\n\n\n<p>Kultureinrichtungen \u00fcbernehmen eine Vorreiterrolle beim Klimaschutz, indem sie Kohlenstoffemissionen reduzieren und auf erneuerbare Energien umsteigen. In dieser Podiumsdiskussion werden Institutionen dar\u00fcber berichten, wie sie ehrgeizige Strategien zur Dekarbonisierung umsetzen und welche Lehren sie aus Erfolgen und Herausforderungen in der Praxis ziehen.<\/p>\n\n\n\n<ul class=\"wp-block-list\">\n<li>Richard Piacentini, Pr\u00e4sident und CEO - <strong>Phipps-Gew\u00e4chshaus<\/strong><\/li>\n\n\n\n<li>Jon Wagar, Stellvertretender Exekutivdirektor f\u00fcr Betrieb und Nachhaltigkeit - <strong>Duke Farms<\/strong><\/li>\n\n\n\n<li>Rachel Novick, Ph.D., Direktorin f\u00fcr Nachhaltigkeit - <strong>Das Morton Arboretum<\/strong><\/li>\n\n\n\n<li>Rafael de Carvalho, Beigeordneter Vizepr\u00e4sident f\u00fcr Kapitalprojekte - <strong>New Yorker Botanischer Garten<\/strong><\/li>\n<\/ul>\n\n\n\n<p><em>10:45 - 12 p.m.<\/em> &#8211; <em>Programm Zwei<\/em><\/p>\n\n\n\n<p>\ud83c\udf0d <strong>Interpretation und Engagement f\u00fcr das Klima<\/strong><\/p>\n\n\n\n<p>Wie k\u00f6nnen Institutionen mit der \u00d6ffentlichkeit \u00fcber den Klimawandel sprechen? Diese Podiumsdiskussion bringt Institutionen zusammen<strong> <\/strong>kreative Ans\u00e4tze f\u00fcr die Interpretation und das Engagement hervorzuheben, die das Publikum dazu inspirieren, sich an L\u00f6sungen f\u00fcr den Klimawandel zu beteiligen.<\/p>\n\n\n\n<ul class=\"wp-block-list\">\n<li>Anais Reyes, Kuratorin - <strong>Das Klimamuseum<\/strong><\/li>\n\n\n\n<li>Casey Mink, Assistentin f\u00fcr die Entwicklung von Exponaten - <strong>Naturhistorisches Museum von Utah<\/strong><\/li>\n\n\n\n<li>Jen Kretser, Direktorin f\u00fcr Klimainitiativen - <strong>Das Wild Center<\/strong><\/li>\n\n\n\n<li>Mark Wourms, Ph.D., Pr\u00e4sident, Hauptgesch\u00e4ftsf\u00fchrer - <strong>Bernheimer Wald und Arboretum<\/strong><\/li>\n<\/ul>\n\n\n\n<p><em>12 Uhr - 13 Uhr<\/em> &#8211; <em>Mittagessen<\/em><\/p>\n\n\n\n<p><em>13:00 Uhr - 14:15 Uhr<\/em> &#8211; <em>Programm Drei<\/em><\/p>\n\n\n\n<p>\u267b\ufe0f <strong>Arbeitsgruppen Schwerpunktbereiche I: Abfallwirtschaft und naturbasierte L\u00f6sungen<\/strong><\/p>\n\n\n\n<p>Breakout-Tracks bieten den Teilnehmern die M\u00f6glichkeit, sich gezielt \u00fcber bestimmte Bereiche des Klimaschutzes auszutauschen. Jede Sitzung beginnt mit einer kurzen Pr\u00e4sentation eines Fachexperten, gefolgt von einer moderierten Diskussion am runden Tisch, um den Wissensaustausch und die Probleml\u00f6sung zu f\u00f6rdern. In der ersten Runde werden Pr\u00e4sentationen und Diskussionen zu den folgenden Bereichen stattfinden:<\/p>\n\n\n\n<ul class=\"wp-block-list\">\n<li><strong>Abfallwirtschaft und Engagement der Mitarbeiter<\/strong>\n<ul class=\"wp-block-list\">\n<li>Allison Tilson, Senior Managerin f\u00fcr Nachhaltigkeit und Naturschutzma\u00dfnahmen - <strong>Nationales Aquarium<\/strong><\/li>\n<\/ul>\n<\/li>\n<\/ul>\n\n\n\n<p><\/p>\n\n\n\n<ul class=\"wp-block-list\">\n<li><strong>Naturbasierte L\u00f6sungen<\/strong>\n<ul class=\"wp-block-list\">\n<li>Jeff Downing, Exekutivdirektor - <strong>Mt. Cuba Zentrum<\/strong><\/li>\n\n\n\n<li>Christy Rollinson, Ph.D., leitende Wissenschaftlerin, Wald\u00f6kologie - <strong>Das Morton Arboretum<\/strong><\/li>\n<\/ul>\n<\/li>\n<\/ul>\n\n\n\n<p><em>14:30 Uhr - 15:45 Uhr<\/em> &#8211; <em>Programm Vier<\/em><\/p>\n\n\n\n<p>\ud83c\udf33 <strong>Breakout-Schwerpunktbereiche II: Klimaforschung<\/strong>, <strong>Konservierung und Aktion, Geb\u00e4udemanagement<\/strong><\/p>\n\n\n\n<p>In Runde zwei der Breakout-Schwerpunktbereiche werden kurze Pr\u00e4sentationen von Fachexperten gehalten, gefolgt von moderierten Diskussionen am runden Tisch, um den Wissensaustausch und die Probleml\u00f6sung zu f\u00f6rdern:<\/p>\n\n\n\n<ul class=\"wp-block-list\">\n<li><strong>Klimaforschung<\/strong>\n<ul class=\"wp-block-list\">\n<li>Chelsea Miller, Ph.D., Assistenzprofessorin, Biologie des globalen Wandels -<strong> Universit\u00e4t von Akron<\/strong><\/li>\n\n\n\n<li>Lara Roketenetz, Ph.D., Leiterin der Feldstation -<strong> Feldstation der Universit\u00e4t Akron<\/strong><\/li>\n<\/ul>\n<\/li>\n<\/ul>\n\n\n\n<p><\/p>\n\n\n\n<ul class=\"wp-block-list\">\n<li><strong>Erhaltung und Aktion: Die \u00dcberwindung der Kluft<\/strong>\n<ul class=\"wp-block-list\">\n<li>Shafkat Khan, Ph.D., Direktor f\u00fcr Naturschutz -&nbsp;<strong>Pittsburgh Zoo &amp; Aquarium<\/strong><\/li>\n<\/ul>\n<\/li>\n<\/ul>\n\n\n\n<p><\/p>\n\n\n\n<ul class=\"wp-block-list\">\n<li><strong>Geb\u00e4udemanagement<\/strong>\n<ul class=\"wp-block-list\">\n<li>Jim Hanson, Manager f\u00fcr Nachhaltigkeit und Technologie - <strong>Duke Farms<\/strong><\/li>\n\n\n\n<li>Joe Zalenko, Einrichtungsleiter -<strong> Duke Farms<\/strong><\/li>\n<\/ul>\n<\/li>\n<\/ul>\n\n\n\n<p><em>16.00 - 17.00 Uhr<\/em> &#8211; <em>Programm F\u00fcnf<\/em><\/p>\n\n\n\n<p>\ud83c\udf31 <strong>Jugend-Klima-Bef\u00fcrwortung<\/strong><\/p>\n\n\n\n<p>Um die Klimabewegung voranzubringen und Ma\u00dfnahmen in den Gemeinden voranzutreiben, ist es wichtig, die Stimmen der Jugend zu h\u00f6ren. In dieser Podiumsdiskussion und der Fragerunde mit dem Publikum h\u00f6ren Sie direkt von <strong>Jugend-Klimaf\u00fchrer<\/strong> <strong>bei Phipps <\/strong>und teilen ihre Erfahrungen als F\u00fcrsprecher und Ver\u00e4nderer.<\/p>\n\n\n\n<ul class=\"wp-block-list\">\n<li>Emma Ehan, YCAC-Leiterin - <strong>Phipps' Youth Climate Advocacy Committee<\/strong><\/li>\n\n\n\n<li>Anwita Maneish Nithya, YCAC Teamleiter - <strong>Phipps' Youth Climate Advocacy Committee<\/strong><\/li>\n\n\n\n<li>Cortlan Harrell, Leiter des YCAC-Teams - <strong>Phipps' Youth Climate Advocacy Committee<\/strong><\/li>\n\n\n\n<li>Marley McFarland, YCAC-Leiterin - <strong>Phipps' Youth Climate Advocacy Committee<\/strong><\/li>\n<\/ul>\n\n\n\n<p><em>17:00 - 18:15 Uhr - Rundgang durch lebendige Geb\u00e4ude<\/em><\/p>\n\n\n\n<p>Nehmen Sie an einem ausf\u00fchrlichen Gespr\u00e4ch mit dem Spezialisten f\u00fcr Interpretationen, dem Nachhaltigkeitsmanager und dem Direktor f\u00fcr Einrichtungen und Nachhaltigkeit des Phipps Conservatory teil, <strong>F\u00fchrung hinter den Kulissen gr\u00fcner Geb\u00e4ude<\/strong> des Zentrums f\u00fcr nachhaltige Landschaften, des Ausstellungszentrums, des Naturlabors und des Produktionsgew\u00e4chshauses und erfahren Sie mehr \u00fcber Strategien f\u00fcr eine Netto-Null-Energie- und Wassereinsparung.<\/p>\n\n\n\n<p><em>18:30 Uhr - 21:00 Uhr<\/em> &#8211; <em>Abendessen und Hauptvortrag<\/em><\/p>\n\n\n\n<p>Der Abend endet mit einem Abendessen in der Special Events Hall und einer Grundsatzrede von <strong>David W. Orr<\/strong>Paul Sears Distinguished Professor of Environmental Studies and Politics Emeritus am Oberlin College und derzeitiger Professor f\u00fcr Praxis an der Arizona State University.<\/p>\n\n\n\n<h3 class=\"wp-block-heading\"><strong>Tag 2: Ein tiefer Blick in die Zukunft<\/strong><\/h3>\n\n\n\n<h6 class=\"wp-block-heading\"><strong>DIENSTAG, OCT. 28, 8 A.M. - 16 P.M.<\/strong><\/h6>\n\n\n\n<p><em>8.00 - 9.00 Uhr<\/em> &#8211; <em>Fr\u00fchst\u00fcck und Begr\u00fc\u00dfung<\/em><\/p>\n\n\n\n<p><em>9.00 - 11.00 Uhr<\/em> &#8211; <em>Programm Eins<\/em><\/p>\n\n\n\n<p>\ud83c\udf3b <strong>Die Essenz als Kompass: Klimahandeln mit regenerativem Denken leiten<\/strong><\/p>\n\n\n\n<p>Diese Sitzung l\u00e4dt die Teilnehmer dazu ein, die Kraft der Arbeit aus der Essenz heraus zu erkunden - sich mit dem einzigartigen Kern dessen zu verbinden, was sie sind und was wirklich wichtig ist. In einer Zeit, in der sich Klimama\u00dfnahmen oft reaktiv oder \u00fcberw\u00e4ltigend anf\u00fchlen, bietet die R\u00fcckbesinnung auf die Essenz eine M\u00f6glichkeit, sich mit gr\u00f6\u00dferer Klarheit, Koh\u00e4renz und Zielsetzung zu bewegen. Auf dieser Grundlage werden unsere Handlungen regenerativer, unsere Strategien besser abgestimmt und unser Potenzial f\u00fcr eine dauerhafte Wirkung besser ausgesch\u00f6pft.<\/p>\n\n\n\n<ul class=\"wp-block-list\">\n<li>Sonja Bochart, Direktorin, LENS - <strong>Shepley Bulfinch<\/strong><\/li>\n\n\n\n<li>Richard Piacentini, Pr\u00e4sident und CEO - <strong>Phipps-Gew\u00e4chshaus<\/strong><\/li>\n<\/ul>\n\n\n\n<p><em>11.00 - 12.00 Uhr<\/em> &#8211; <em>Programm Zwei<\/em><\/p>\n\n\n\n<p>\ud83c\udf43 <strong>Peer-Vernetzung<\/strong><\/p>\n\n\n\n<p>Diese Sitzung l\u00e4dt die Teilnehmer dazu ein, sich mit anderen auszutauschen, die \u00e4hnliche Aufgaben in den Schwerpunktbereichen F\u00fchrung, Einrichtungen und Betrieb, kommunale Partnerschaften, Engagement und Bildung sowie naturbasierte L\u00f6sungen haben, und zwar in einem bewusst informellen Rahmen. Jede Gruppe wird ihre eigene Diskussion f\u00fchren und so Raum f\u00fcr organische Verbindungen, gemeinsames Lernen und potenzielle Partnerschaften schaffen, die \u00fcber das Symposium hinausgehen.&nbsp;<\/p>\n\n\n\n<p><em>12 Uhr - 13 Uhr<\/em> &#8211; <em>Mittagessen<\/em><\/p>\n\n\n\n<p><em>13:00 Uhr - 14:30 Uhr<\/em> &#8211; <em>Programm Drei<\/em><\/p>\n\n\n\n<p>\u2705 <strong>Workshops zum Klimaschutz<\/strong><\/p>\n\n\n\n<p>In dieser letzten Sitzung des Symposiums k\u00f6nnen die Teilnehmer aus einer Reihe von Workshops zum Thema Klimaschutz w\u00e4hlen, um die Planung und Umsetzung von Klimaschutzma\u00dfnahmen in ihrer Einrichtung zu f\u00f6rdern. <\/p>\n\n\n\n<ul class=\"wp-block-list\">\n<li><strong>Erstellung eines Resilienzplans f\u00fcr Klimaschutzma\u00dfnahmen<\/strong>\n<ul class=\"wp-block-list\">\n<li>Stephanie Shapiro, Mitbegr\u00fcnderin &amp; Gesch\u00e4ftsf\u00fchrerin - <strong>Umwelt und Kultur Partner<\/strong><\/li>\n\n\n\n<li>Al Carver-Kubik, Programmbeauftragter, Zusch\u00fcsse und Forschung - <strong>Umwelt und Kultur Partner<\/strong><\/li>\n<\/ul>\n<\/li>\n<\/ul>\n\n\n\n<p><\/p>\n\n\n\n<ul class=\"wp-block-list\">\n<li><strong>Werden Sie zur Klimaressource Ihrer Gemeinde \/ B\u00fcrgerschaftliches Engagement<\/strong>\n<ul class=\"wp-block-list\">\n<li>Rose Hendricks, Ph.D., Gesch\u00e4ftsf\u00fchrerin von Seeding Action - <strong>Verband der Wissenschafts- und Technologiezentren<\/strong><\/li>\n<\/ul>\n<\/li>\n<\/ul>\n\n\n\n<p><em>14:40 Uhr - 15:15 Uhr<\/em> &#8211; <em>Austausch und Reflexion<\/em><\/p>\n\n\n\n<p><em>15:15 Uhr - 15:30 Uhr<\/em> &#8211; <em>Erneute Sitzung und Verabschiedung<\/em><\/p>\n\n\n\n<div class=\"wp-block-buttons is-layout-flex wp-block-buttons-is-layout-flex\">\n<div class=\"wp-block-button\"><a class=\"wp-block-button__link has-luminous-vivid-amber-background-color has-background has-custom-font-size wp-element-button\" href=\"https:\/\/my.conservatory.org\/8991\/8992\" style=\"font-size:16px\"><strong>Tickets kaufen &gt;<\/strong><\/a><\/div>\n<\/div>\n\n\n\n<p>Ihre $200-Eintrittskarte beinhaltet den vollen Eintritt zum Symposium sowie alle Speisen und Getr\u00e4nke. Direkt im Anschluss an das Climate Toolkit Symposium findet die&nbsp;<a href=\"https:\/\/midatlanticmuseums.org\/annual-meeting\/\"><strong>Jahreskonferenz der Mid-Atlantic Association of Museums<\/strong><\/a>, ebenfalls in Pittsburgh - wir ermutigen interessierte Teilnehmer, ihren Aufenthalt zu verl\u00e4ngern und an beiden Veranstaltungen teilzunehmen.<\/p>\n\n\n\n<p><strong>Noch Fragen?<\/strong>&nbsp;Kontakt&nbsp;<a href=\"mailto:alampl@phipps.conservatory.org\">alampl@phipps.conservatory.org<\/a>&nbsp;oder rufen Sie 412-622-6915, Durchwahl 6752<\/p>","protected":false},"excerpt":{"rendered":"<p>Klima-Toolkit-Symposium Agenda Er\u00f6ffnungsabendempfang SONNTAG, OKT. 26, 6 - 9 P.M. \ud83c\udf34 Willkommen zum Symposium! Vor dem Hintergrund der \u00fcppigen Tropenwald-Panama-Ausstellung des Phipps-Konservatoriums und der Halle f\u00fcr besondere Anl\u00e4sse wird diese Er\u00f6ffnungsveranstaltung mit ...<\/p>\n<p class=\"read-more\"> <a class=\"\" href=\"https:\/\/climatetoolkit.org\/de\/symposium-agenda\/\"> <span class=\"screen-reader-text\">Tagesordnung des Symposiums<\/span> Weiterlesen \"<\/a><\/p>","protected":false},"author":2,"featured_media":0,"parent":0,"menu_order":0,"comment_status":"closed","ping_status":"closed","template":"","meta":{"_acf_changed":false,"inline_featured_image":false,"advgb_blocks_editor_width":"","advgb_blocks_columns_visual_guide":"","footnotes":""},"class_list":["post-4586","page","type-page","status-publish","hentry"],"acf":[],"yoast_head":"<!-- This site is optimized with the Yoast SEO plugin v27.3 - https:\/\/yoast.com\/product\/yoast-seo-wordpress\/ -->\n<title>Symposium Agenda - The Climate Toolkit<\/title>\n<meta name=\"robots\" content=\"index, follow, max-snippet:-1, max-image-preview:large, max-video-preview:-1\" \/>\n<link rel=\"canonical\" href=\"https:\/\/climatetoolkit.org\/de\/symposium-agenda\/\" \/>\n<meta property=\"og:locale\" content=\"de_DE\" \/>\n<meta property=\"og:type\" content=\"article\" \/>\n<meta property=\"og:title\" content=\"Symposium Agenda - The Climate Toolkit\" \/>\n<meta property=\"og:description\" content=\"Climate Toolkit Symposium Agenda Opening Evening Reception SUN., OCT. 26, 6 \u2013 9 P.M. \ud83c\udf34 Welcome to the Symposium! Held against the backdrop of Phipps Conservatory&#8217;s lush Tropical Forest Panama exhibit and Special Events Hall, this welcoming event will feature &hellip; Symposium Agenda Weiterlesen &raquo;\" \/>\n<meta property=\"og:url\" content=\"https:\/\/climatetoolkit.org\/de\/symposium-agenda\/\" \/>\n<meta property=\"og:site_name\" content=\"The Climate Toolkit\" \/>\n<meta property=\"article:modified_time\" content=\"2025-10-17T18:24:16+00:00\" \/>\n<meta property=\"og:image\" content=\"https:\/\/climatetoolkit.org\/wp-content\/uploads\/2025\/10\/symposium_2.jpg\" \/>\n\t<meta property=\"og:image:width\" content=\"2100\" \/>\n\t<meta property=\"og:image:height\" content=\"1260\" \/>\n\t<meta property=\"og:image:type\" content=\"image\/jpeg\" \/>\n<meta name=\"twitter:card\" content=\"summary_large_image\" \/>\n<meta name=\"twitter:label1\" content=\"Gesch\u00e4tzte Lesezeit\" \/>\n\t<meta name=\"twitter:data1\" content=\"5\u00a0Minuten\" \/>\n<script type=\"application\/ld+json\" class=\"yoast-schema-graph\">{\"@context\":\"https:\\\/\\\/schema.org\",\"@graph\":[{\"@type\":\"WebPage\",\"@id\":\"https:\\\/\\\/climatetoolkit.org\\\/symposium-agenda\\\/\",\"url\":\"https:\\\/\\\/climatetoolkit.org\\\/symposium-agenda\\\/\",\"name\":\"Symposium Agenda - The Climate Toolkit\",\"isPartOf\":{\"@id\":\"https:\\\/\\\/climatetoolkit.org\\\/#website\"},\"primaryImageOfPage\":{\"@id\":\"https:\\\/\\\/climatetoolkit.org\\\/symposium-agenda\\\/#primaryimage\"},\"image\":{\"@id\":\"https:\\\/\\\/climatetoolkit.org\\\/symposium-agenda\\\/#primaryimage\"},\"thumbnailUrl\":\"https:\\\/\\\/climatetoolkit.org\\\/wp-content\\\/uploads\\\/2025\\\/10\\\/symposium_2-1024x614.jpg\",\"datePublished\":\"2025-08-01T17:42:19+00:00\",\"dateModified\":\"2025-10-17T18:24:16+00:00\",\"breadcrumb\":{\"@id\":\"https:\\\/\\\/climatetoolkit.org\\\/symposium-agenda\\\/#breadcrumb\"},\"inLanguage\":\"de\",\"potentialAction\":[{\"@type\":\"ReadAction\",\"target\":[\"https:\\\/\\\/climatetoolkit.org\\\/symposium-agenda\\\/\"]}]},{\"@type\":\"ImageObject\",\"inLanguage\":\"de\",\"@id\":\"https:\\\/\\\/climatetoolkit.org\\\/symposium-agenda\\\/#primaryimage\",\"url\":\"https:\\\/\\\/climatetoolkit.org\\\/wp-content\\\/uploads\\\/2025\\\/10\\\/symposium_2-1024x614.jpg\",\"contentUrl\":\"https:\\\/\\\/climatetoolkit.org\\\/wp-content\\\/uploads\\\/2025\\\/10\\\/symposium_2-1024x614.jpg\"},{\"@type\":\"BreadcrumbList\",\"@id\":\"https:\\\/\\\/climatetoolkit.org\\\/symposium-agenda\\\/#breadcrumb\",\"itemListElement\":[{\"@type\":\"ListItem\",\"position\":1,\"name\":\"Home\",\"item\":\"https:\\\/\\\/climatetoolkit.org\\\/\"},{\"@type\":\"ListItem\",\"position\":2,\"name\":\"Symposium Agenda\"}]},{\"@type\":\"WebSite\",\"@id\":\"https:\\\/\\\/climatetoolkit.org\\\/#website\",\"url\":\"https:\\\/\\\/climatetoolkit.org\\\/\",\"name\":\"The Climate Toolkit\",\"description\":\"For Museums, Gardens and Zoos\",\"publisher\":{\"@id\":\"https:\\\/\\\/climatetoolkit.org\\\/#organization\"},\"potentialAction\":[{\"@type\":\"SearchAction\",\"target\":{\"@type\":\"EntryPoint\",\"urlTemplate\":\"https:\\\/\\\/climatetoolkit.org\\\/?s={search_term_string}\"},\"query-input\":{\"@type\":\"PropertyValueSpecification\",\"valueRequired\":true,\"valueName\":\"search_term_string\"}}],\"inLanguage\":\"de\"},{\"@type\":\"Organization\",\"@id\":\"https:\\\/\\\/climatetoolkit.org\\\/#organization\",\"name\":\"The Climate Toolkit\",\"url\":\"https:\\\/\\\/climatetoolkit.org\\\/\",\"logo\":{\"@type\":\"ImageObject\",\"inLanguage\":\"de\",\"@id\":\"https:\\\/\\\/climatetoolkit.org\\\/#\\\/schema\\\/logo\\\/image\\\/\",\"url\":\"https:\\\/\\\/climatetoolkit.org\\\/wp-content\\\/uploads\\\/2020\\\/05\\\/C_logo.png\",\"contentUrl\":\"https:\\\/\\\/climatetoolkit.org\\\/wp-content\\\/uploads\\\/2020\\\/05\\\/C_logo.png\",\"width\":512,\"height\":512,\"caption\":\"The Climate Toolkit\"},\"image\":{\"@id\":\"https:\\\/\\\/climatetoolkit.org\\\/#\\\/schema\\\/logo\\\/image\\\/\"}}]}<\/script>\n<!-- \/ Yoast SEO plugin. -->","yoast_head_json":{"title":"Tagesordnung des Symposiums - Das Klima-Toolkit","robots":{"index":"index","follow":"follow","max-snippet":"max-snippet:-1","max-image-preview":"max-image-preview:large","max-video-preview":"max-video-preview:-1"},"canonical":"https:\/\/climatetoolkit.org\/de\/symposium-agenda\/","og_locale":"de_DE","og_type":"article","og_title":"Symposium Agenda - The Climate Toolkit","og_description":"Climate Toolkit Symposium Agenda Opening Evening Reception SUN., OCT. 26, 6 \u2013 9 P.M. \ud83c\udf34 Welcome to the Symposium! Held against the backdrop of Phipps Conservatory&#8217;s lush Tropical Forest Panama exhibit and Special Events Hall, this welcoming event will feature &hellip; Symposium Agenda Weiterlesen &raquo;","og_url":"https:\/\/climatetoolkit.org\/de\/symposium-agenda\/","og_site_name":"The Climate Toolkit","article_modified_time":"2025-10-17T18:24:16+00:00","og_image":[{"width":2100,"height":1260,"url":"https:\/\/climatetoolkit.org\/wp-content\/uploads\/2025\/10\/symposium_2.jpg","type":"image\/jpeg"}],"twitter_card":"summary_large_image","twitter_misc":{"Gesch\u00e4tzte Lesezeit":"5\u00a0Minuten"},"schema":{"@context":"https:\/\/schema.org","@graph":[{"@type":"WebPage","@id":"https:\/\/climatetoolkit.org\/symposium-agenda\/","url":"https:\/\/climatetoolkit.org\/symposium-agenda\/","name":"Tagesordnung des Symposiums - Das Klima-Toolkit","isPartOf":{"@id":"https:\/\/climatetoolkit.org\/#website"},"primaryImageOfPage":{"@id":"https:\/\/climatetoolkit.org\/symposium-agenda\/#primaryimage"},"image":{"@id":"https:\/\/climatetoolkit.org\/symposium-agenda\/#primaryimage"},"thumbnailUrl":"https:\/\/climatetoolkit.org\/wp-content\/uploads\/2025\/10\/symposium_2-1024x614.jpg","datePublished":"2025-08-01T17:42:19+00:00","dateModified":"2025-10-17T18:24:16+00:00","breadcrumb":{"@id":"https:\/\/climatetoolkit.org\/symposium-agenda\/#breadcrumb"},"inLanguage":"de","potentialAction":[{"@type":"ReadAction","target":["https:\/\/climatetoolkit.org\/symposium-agenda\/"]}]},{"@type":"ImageObject","inLanguage":"de","@id":"https:\/\/climatetoolkit.org\/symposium-agenda\/#primaryimage","url":"https:\/\/climatetoolkit.org\/wp-content\/uploads\/2025\/10\/symposium_2-1024x614.jpg","contentUrl":"https:\/\/climatetoolkit.org\/wp-content\/uploads\/2025\/10\/symposium_2-1024x614.jpg"},{"@type":"BreadcrumbList","@id":"https:\/\/climatetoolkit.org\/symposium-agenda\/#breadcrumb","itemListElement":[{"@type":"ListItem","position":1,"name":"Home","item":"https:\/\/climatetoolkit.org\/"},{"@type":"ListItem","position":2,"name":"Symposium Agenda"}]},{"@type":"WebSite","@id":"https:\/\/climatetoolkit.org\/#website","url":"https:\/\/climatetoolkit.org\/","name":"Das Klima-Toolkit","description":"F\u00fcr Museen, G\u00e4rten und Zoos","publisher":{"@id":"https:\/\/climatetoolkit.org\/#organization"},"potentialAction":[{"@type":"SearchAction","target":{"@type":"EntryPoint","urlTemplate":"https:\/\/climatetoolkit.org\/?s={search_term_string}"},"query-input":{"@type":"PropertyValueSpecification","valueRequired":true,"valueName":"search_term_string"}}],"inLanguage":"de"},{"@type":"Organization","@id":"https:\/\/climatetoolkit.org\/#organization","name":"Das Klima-Toolkit","url":"https:\/\/climatetoolkit.org\/","logo":{"@type":"ImageObject","inLanguage":"de","@id":"https:\/\/climatetoolkit.org\/#\/schema\/logo\/image\/","url":"https:\/\/climatetoolkit.org\/wp-content\/uploads\/2020\/05\/C_logo.png","contentUrl":"https:\/\/climatetoolkit.org\/wp-content\/uploads\/2020\/05\/C_logo.png","width":512,"height":512,"caption":"The Climate Toolkit"},"image":{"@id":"https:\/\/climatetoolkit.org\/#\/schema\/logo\/image\/"}}]}},"coauthors":[],"author_meta":{"author_link":"https:\/\/climatetoolkit.org\/de\/author\/joe\/","display_name":"joe reed"},"relative_dates":{"created":"Posted 8\u00a0Monaten ago","modified":"Updated 6\u00a0Monaten ago"},"absolute_dates":{"created":"Posted on August 1, 2025","modified":"Updated on Oktober 17, 2025"},"absolute_dates_time":{"created":"Posted on August 1, 2025 1:42 p.m.","modified":"Updated on Oktober 17, 2025 2:24 p.m."},"featured_img_caption":"","featured_img":false,"series_order":"","_links":{"self":[{"href":"https:\/\/climatetoolkit.org\/de\/wp-json\/wp\/v2\/pages\/4586","targetHints":{"allow":["GET"]}}],"collection":[{"href":"https:\/\/climatetoolkit.org\/de\/wp-json\/wp\/v2\/pages"}],"about":[{"href":"https:\/\/climatetoolkit.org\/de\/wp-json\/wp\/v2\/types\/page"}],"author":[{"embeddable":true,"href":"https:\/\/climatetoolkit.org\/de\/wp-json\/wp\/v2\/users\/2"}],"replies":[{"embeddable":true,"href":"https:\/\/climatetoolkit.org\/de\/wp-json\/wp\/v2\/comments?post=4586"}],"version-history":[{"count":100,"href":"https:\/\/climatetoolkit.org\/de\/wp-json\/wp\/v2\/pages\/4586\/revisions"}],"predecessor-version":[{"id":4985,"href":"https:\/\/climatetoolkit.org\/de\/wp-json\/wp\/v2\/pages\/4586\/revisions\/4985"}],"wp:attachment":[{"href":"https:\/\/climatetoolkit.org\/de\/wp-json\/wp\/v2\/media?parent=4586"}],"curies":[{"name":"wp","href":"https:\/\/api.w.org\/{rel}","templated":true}]}}