{"id":4160,"date":"2025-02-10T14:30:23","date_gmt":"2025-02-10T19:30:23","guid":{"rendered":"https:\/\/climatetoolkit.org\/?page_id=4160"},"modified":"2025-02-10T15:17:41","modified_gmt":"2025-02-10T20:17:41","slug":"climate-toolkit-partner-badges","status":"publish","type":"page","link":"https:\/\/climatetoolkit.org\/de\/climate-toolkit-partner-badges\/","title":{"rendered":"Klima-Toolkit-Partnerausweise"},"content":{"rendered":"<h2 class=\"wp-block-heading\">Klima-Toolkit-Partnerausweise<\/h2>\n\n\n\n<p>Wir sind dankbar f\u00fcr die Partnerschaften und Kooperationen, die durch die Climate Toolkit Initiative erm\u00f6glicht werden, und f\u00fcr Ihr anhaltendes Engagement f\u00fcr den Klimaschutz. Als Anerkennung f\u00fcr Ihre Teilnahme haben wir digitale Abzeichen erstellt, die alle Mitglieder des Climate Toolkit zeigen k\u00f6nnen. Die folgenden zwei Plaketten k\u00f6nnen von jeder Institution verwendet werden. Um eine Kopie zur Verwendung auf Ihrer Website zu speichern, klicken Sie mit der rechten Maustaste oder w\u00e4hlen Sie \"Speichern\" oder \"Speichern unter\":<\/p>\n\n\n\n<div class=\"wp-block-columns is-layout-flex wp-container-core-columns-is-layout-9d6595d7 wp-block-columns-is-layout-flex\">\n<div class=\"wp-block-column is-layout-flow wp-block-column-is-layout-flow\">\n<figure class=\"wp-block-image size-large\"><a href=\"https:\/\/climatetoolkit.org\/wp-content\/uploads\/2025\/02\/climate_toolkit_badge_sml.png\"><img decoding=\"async\" src=\"https:\/\/climatetoolkit.org\/wp-content\/uploads\/2025\/02\/climate_toolkit_badge_sml.png\" alt=\"\"\/><\/a><\/figure>\n<\/div>\n\n\n\n<div class=\"wp-block-column is-layout-flow wp-block-column-is-layout-flow\">\n<figure class=\"wp-block-image size-large\"><a href=\"https:\/\/climatetoolkit.org\/wp-content\/uploads\/2025\/02\/climate_toolkit_badge_allpartner.png\"><img decoding=\"async\" src=\"https:\/\/climatetoolkit.org\/wp-content\/uploads\/2025\/02\/climate_toolkit_badge_allpartner.png\" alt=\"\"\/><\/a><\/figure>\n<\/div>\n\n\n\n<div class=\"wp-block-column is-layout-flow wp-block-column-is-layout-flow\"><\/div>\n<\/div>\n\n\n\n<p>Diese zus\u00e4tzlichen Abzeichen unterstreichen unsere Partnerschaften mit ASTC, AAM, APGA, OBFS und BGCI. Abzeichen mit Kombinationen von Partnerorganisationen sind auf Anfrage erh\u00e4ltlich. <\/p>\n\n\n\n<div class=\"wp-block-columns is-layout-flex wp-container-core-columns-is-layout-9d6595d7 wp-block-columns-is-layout-flex\">\n<div class=\"wp-block-column is-layout-flow wp-block-column-is-layout-flow\">\n<figure class=\"wp-block-image size-large\"><a href=\"https:\/\/climatetoolkit.org\/wp-content\/uploads\/2025\/02\/climate_toolkit_badge_aam.png\"><img decoding=\"async\" src=\"https:\/\/climatetoolkit.org\/wp-content\/uploads\/2025\/02\/climate_toolkit_badge_aam.png\" alt=\"\"\/><\/a><\/figure>\n<\/div>\n\n\n\n<div class=\"wp-block-column is-layout-flow wp-block-column-is-layout-flow\">\n<figure class=\"wp-block-image size-large\"><a href=\"https:\/\/climatetoolkit.org\/wp-content\/uploads\/2025\/02\/climate_toolkit_badge_apga.png\"><img decoding=\"async\" src=\"https:\/\/climatetoolkit.org\/wp-content\/uploads\/2025\/02\/climate_toolkit_badge_apga.png\" alt=\"\"\/><\/a><\/figure>\n<\/div>\n\n\n\n<div class=\"wp-block-column is-layout-flow wp-block-column-is-layout-flow\">\n<figure class=\"wp-block-image size-large\"><a href=\"https:\/\/climatetoolkit.org\/wp-content\/uploads\/2025\/02\/climate_toolkit_badge_astc.png\"><img decoding=\"async\" src=\"https:\/\/climatetoolkit.org\/wp-content\/uploads\/2025\/02\/climate_toolkit_badge_astc.png\" alt=\"\"\/><\/a><\/figure>\n<\/div>\n<\/div>\n\n\n\n<div class=\"wp-block-columns is-layout-flex wp-container-core-columns-is-layout-9d6595d7 wp-block-columns-is-layout-flex\">\n<div class=\"wp-block-column is-layout-flow wp-block-column-is-layout-flow\">\n<figure class=\"wp-block-image size-large\"><a href=\"https:\/\/climatetoolkit.org\/wp-content\/uploads\/2025\/02\/climate_toolkit_badge_bgci.png\"><img decoding=\"async\" src=\"https:\/\/climatetoolkit.org\/wp-content\/uploads\/2025\/02\/climate_toolkit_badge_bgci.png\" alt=\"\"\/><\/a><\/figure>\n<\/div>\n\n\n\n<div class=\"wp-block-column is-layout-flow wp-block-column-is-layout-flow\">\n<figure class=\"wp-block-image size-large\"><a href=\"https:\/\/climatetoolkit.org\/wp-content\/uploads\/2025\/02\/climate_toolkit_badge_obfs.png\"><img decoding=\"async\" src=\"https:\/\/climatetoolkit.org\/wp-content\/uploads\/2025\/02\/climate_toolkit_badge_obfs.png\" alt=\"\"\/><\/a><\/figure>\n<\/div>\n\n\n\n<div class=\"wp-block-column is-layout-flow wp-block-column-is-layout-flow\"><\/div>\n<\/div>\n\n\n\n<p>F\u00fcr kundenspezifische Abzeichen oder f\u00fcr weitere Fragen senden Sie uns bitte eine E-Mail an <strong><a href=\"mailto:climatetoolkit@phipps.conservatory.org\">climatetoolkit@phipps.conservatory.org<\/a><\/strong>.<\/p>\n\n\n\n<p><\/p>","protected":false},"excerpt":{"rendered":"<p>Climate Toolkit Partner Badges Wir sind dankbar f\u00fcr die Partnerschaften und Kooperationen, die durch die Climate Toolkit Initiative erm\u00f6glicht werden, und f\u00fcr Ihr kontinuierliches Engagement f\u00fcr den Klimaschutz. Als Anerkennung f\u00fcr Ihre Teilnahme haben wir digitale Abzeichen f\u00fcr ...<\/p>\n<p class=\"read-more\"> <a class=\"\" href=\"https:\/\/climatetoolkit.org\/de\/climate-toolkit-partner-badges\/\"> <span class=\"screen-reader-text\">Klima-Toolkit-Partnerausweise<\/span> Weiterlesen \"<\/a><\/p>","protected":false},"author":2,"featured_media":0,"parent":0,"menu_order":0,"comment_status":"closed","ping_status":"closed","template":"","meta":{"_acf_changed":false,"inline_featured_image":false,"advgb_blocks_editor_width":"","advgb_blocks_columns_visual_guide":"","footnotes":""},"class_list":["post-4160","page","type-page","status-publish","hentry"],"acf":[],"yoast_head":"<!-- This site is optimized with the Yoast SEO plugin v27.5 - https:\/\/yoast.com\/product\/yoast-seo-wordpress\/ -->\n<title>Climate Toolkit Partner Badges - The Climate Toolkit<\/title>\n<meta name=\"robots\" content=\"index, follow, max-snippet:-1, max-image-preview:large, max-video-preview:-1\" \/>\n<link rel=\"canonical\" href=\"https:\/\/climatetoolkit.org\/de\/climate-toolkit-partner-badges\/\" \/>\n<meta property=\"og:locale\" content=\"de_DE\" \/>\n<meta property=\"og:type\" content=\"article\" \/>\n<meta property=\"og:title\" content=\"Climate Toolkit Partner Badges - The Climate Toolkit\" \/>\n<meta property=\"og:description\" content=\"Climate Toolkit Partner Badges We are grateful for the partnerships and collaborations that are made possible through the Climate Toolkit Initiative and for your continued dedication to climate action. In recognition of your participation, we have created digital badges for &hellip; Climate Toolkit Partner Badges Weiterlesen &raquo;\" \/>\n<meta property=\"og:url\" content=\"https:\/\/climatetoolkit.org\/de\/climate-toolkit-partner-badges\/\" \/>\n<meta property=\"og:site_name\" content=\"The Climate Toolkit\" \/>\n<meta property=\"article:modified_time\" content=\"2025-02-10T20:17:41+00:00\" \/>\n<meta property=\"og:image\" content=\"https:\/\/climatetoolkit.org\/wp-content\/uploads\/2025\/02\/climate_toolkit_badge_sml.png\" \/>\n<meta name=\"twitter:card\" content=\"summary_large_image\" \/>\n<meta name=\"twitter:label1\" content=\"Gesch\u00e4tzte Lesezeit\" \/>\n\t<meta name=\"twitter:data1\" content=\"2\u00a0Minuten\" \/>\n<script type=\"application\/ld+json\" class=\"yoast-schema-graph\">{\"@context\":\"https:\\\/\\\/schema.org\",\"@graph\":[{\"@type\":\"WebPage\",\"@id\":\"https:\\\/\\\/climatetoolkit.org\\\/climate-toolkit-partner-badges\\\/\",\"url\":\"https:\\\/\\\/climatetoolkit.org\\\/climate-toolkit-partner-badges\\\/\",\"name\":\"Climate Toolkit Partner Badges - The Climate Toolkit\",\"isPartOf\":{\"@id\":\"https:\\\/\\\/climatetoolkit.org\\\/#website\"},\"primaryImageOfPage\":{\"@id\":\"https:\\\/\\\/climatetoolkit.org\\\/climate-toolkit-partner-badges\\\/#primaryimage\"},\"image\":{\"@id\":\"https:\\\/\\\/climatetoolkit.org\\\/climate-toolkit-partner-badges\\\/#primaryimage\"},\"thumbnailUrl\":\"https:\\\/\\\/climatetoolkit.org\\\/wp-content\\\/uploads\\\/2025\\\/02\\\/climate_toolkit_badge_sml.png\",\"datePublished\":\"2025-02-10T19:30:23+00:00\",\"dateModified\":\"2025-02-10T20:17:41+00:00\",\"breadcrumb\":{\"@id\":\"https:\\\/\\\/climatetoolkit.org\\\/climate-toolkit-partner-badges\\\/#breadcrumb\"},\"inLanguage\":\"de\",\"potentialAction\":[{\"@type\":\"ReadAction\",\"target\":[\"https:\\\/\\\/climatetoolkit.org\\\/climate-toolkit-partner-badges\\\/\"]}]},{\"@type\":\"ImageObject\",\"inLanguage\":\"de\",\"@id\":\"https:\\\/\\\/climatetoolkit.org\\\/climate-toolkit-partner-badges\\\/#primaryimage\",\"url\":\"https:\\\/\\\/climatetoolkit.org\\\/wp-content\\\/uploads\\\/2025\\\/02\\\/climate_toolkit_badge_sml.png\",\"contentUrl\":\"https:\\\/\\\/climatetoolkit.org\\\/wp-content\\\/uploads\\\/2025\\\/02\\\/climate_toolkit_badge_sml.png\"},{\"@type\":\"BreadcrumbList\",\"@id\":\"https:\\\/\\\/climatetoolkit.org\\\/climate-toolkit-partner-badges\\\/#breadcrumb\",\"itemListElement\":[{\"@type\":\"ListItem\",\"position\":1,\"name\":\"Home\",\"item\":\"https:\\\/\\\/climatetoolkit.org\\\/\"},{\"@type\":\"ListItem\",\"position\":2,\"name\":\"Climate Toolkit Partner Badges\"}]},{\"@type\":\"WebSite\",\"@id\":\"https:\\\/\\\/climatetoolkit.org\\\/#website\",\"url\":\"https:\\\/\\\/climatetoolkit.org\\\/\",\"name\":\"The Climate Toolkit\",\"description\":\"For Museums, Gardens and Zoos\",\"publisher\":{\"@id\":\"https:\\\/\\\/climatetoolkit.org\\\/#organization\"},\"potentialAction\":[{\"@type\":\"SearchAction\",\"target\":{\"@type\":\"EntryPoint\",\"urlTemplate\":\"https:\\\/\\\/climatetoolkit.org\\\/?s={search_term_string}\"},\"query-input\":{\"@type\":\"PropertyValueSpecification\",\"valueRequired\":true,\"valueName\":\"search_term_string\"}}],\"inLanguage\":\"de\"},{\"@type\":\"Organization\",\"@id\":\"https:\\\/\\\/climatetoolkit.org\\\/#organization\",\"name\":\"The Climate Toolkit\",\"url\":\"https:\\\/\\\/climatetoolkit.org\\\/\",\"logo\":{\"@type\":\"ImageObject\",\"inLanguage\":\"de\",\"@id\":\"https:\\\/\\\/climatetoolkit.org\\\/#\\\/schema\\\/logo\\\/image\\\/\",\"url\":\"https:\\\/\\\/climatetoolkit.org\\\/wp-content\\\/uploads\\\/2020\\\/05\\\/C_logo.png\",\"contentUrl\":\"https:\\\/\\\/climatetoolkit.org\\\/wp-content\\\/uploads\\\/2020\\\/05\\\/C_logo.png\",\"width\":512,\"height\":512,\"caption\":\"The Climate Toolkit\"},\"image\":{\"@id\":\"https:\\\/\\\/climatetoolkit.org\\\/#\\\/schema\\\/logo\\\/image\\\/\"}}]}<\/script>\n<!-- \/ Yoast SEO plugin. -->","yoast_head_json":{"title":"Climate Toolkit Partnerabzeichen - Das Klima-Toolkit","robots":{"index":"index","follow":"follow","max-snippet":"max-snippet:-1","max-image-preview":"max-image-preview:large","max-video-preview":"max-video-preview:-1"},"canonical":"https:\/\/climatetoolkit.org\/de\/climate-toolkit-partner-badges\/","og_locale":"de_DE","og_type":"article","og_title":"Climate Toolkit Partner Badges - The Climate Toolkit","og_description":"Climate Toolkit Partner Badges We are grateful for the partnerships and collaborations that are made possible through the Climate Toolkit Initiative and for your continued dedication to climate action. In recognition of your participation, we have created digital badges for &hellip; Climate Toolkit Partner Badges Weiterlesen &raquo;","og_url":"https:\/\/climatetoolkit.org\/de\/climate-toolkit-partner-badges\/","og_site_name":"The Climate Toolkit","article_modified_time":"2025-02-10T20:17:41+00:00","og_image":[{"url":"https:\/\/climatetoolkit.org\/wp-content\/uploads\/2025\/02\/climate_toolkit_badge_sml.png","type":"","width":"","height":""}],"twitter_card":"summary_large_image","twitter_misc":{"Gesch\u00e4tzte Lesezeit":"2\u00a0Minuten"},"schema":{"@context":"https:\/\/schema.org","@graph":[{"@type":"WebPage","@id":"https:\/\/climatetoolkit.org\/climate-toolkit-partner-badges\/","url":"https:\/\/climatetoolkit.org\/climate-toolkit-partner-badges\/","name":"Climate Toolkit Partnerabzeichen - Das Klima-Toolkit","isPartOf":{"@id":"https:\/\/climatetoolkit.org\/#website"},"primaryImageOfPage":{"@id":"https:\/\/climatetoolkit.org\/climate-toolkit-partner-badges\/#primaryimage"},"image":{"@id":"https:\/\/climatetoolkit.org\/climate-toolkit-partner-badges\/#primaryimage"},"thumbnailUrl":"https:\/\/climatetoolkit.org\/wp-content\/uploads\/2025\/02\/climate_toolkit_badge_sml.png","datePublished":"2025-02-10T19:30:23+00:00","dateModified":"2025-02-10T20:17:41+00:00","breadcrumb":{"@id":"https:\/\/climatetoolkit.org\/climate-toolkit-partner-badges\/#breadcrumb"},"inLanguage":"de","potentialAction":[{"@type":"ReadAction","target":["https:\/\/climatetoolkit.org\/climate-toolkit-partner-badges\/"]}]},{"@type":"ImageObject","inLanguage":"de","@id":"https:\/\/climatetoolkit.org\/climate-toolkit-partner-badges\/#primaryimage","url":"https:\/\/climatetoolkit.org\/wp-content\/uploads\/2025\/02\/climate_toolkit_badge_sml.png","contentUrl":"https:\/\/climatetoolkit.org\/wp-content\/uploads\/2025\/02\/climate_toolkit_badge_sml.png"},{"@type":"BreadcrumbList","@id":"https:\/\/climatetoolkit.org\/climate-toolkit-partner-badges\/#breadcrumb","itemListElement":[{"@type":"ListItem","position":1,"name":"Home","item":"https:\/\/climatetoolkit.org\/"},{"@type":"ListItem","position":2,"name":"Climate Toolkit Partner Badges"}]},{"@type":"WebSite","@id":"https:\/\/climatetoolkit.org\/#website","url":"https:\/\/climatetoolkit.org\/","name":"Das Klima-Toolkit","description":"F\u00fcr Museen, G\u00e4rten und Zoos","publisher":{"@id":"https:\/\/climatetoolkit.org\/#organization"},"potentialAction":[{"@type":"SearchAction","target":{"@type":"EntryPoint","urlTemplate":"https:\/\/climatetoolkit.org\/?s={search_term_string}"},"query-input":{"@type":"PropertyValueSpecification","valueRequired":true,"valueName":"search_term_string"}}],"inLanguage":"de"},{"@type":"Organization","@id":"https:\/\/climatetoolkit.org\/#organization","name":"Das Klima-Toolkit","url":"https:\/\/climatetoolkit.org\/","logo":{"@type":"ImageObject","inLanguage":"de","@id":"https:\/\/climatetoolkit.org\/#\/schema\/logo\/image\/","url":"https:\/\/climatetoolkit.org\/wp-content\/uploads\/2020\/05\/C_logo.png","contentUrl":"https:\/\/climatetoolkit.org\/wp-content\/uploads\/2020\/05\/C_logo.png","width":512,"height":512,"caption":"The Climate Toolkit"},"image":{"@id":"https:\/\/climatetoolkit.org\/#\/schema\/logo\/image\/"}}]}},"coauthors":[],"author_meta":{"author_link":"https:\/\/climatetoolkit.org\/de\/author\/joe\/","display_name":"joe reed"},"relative_dates":{"created":"Posted 1\u00a0Jahr ago","modified":"Updated 1\u00a0Jahr ago"},"absolute_dates":{"created":"Posted on Februar 10, 2025","modified":"Updated on Februar 10, 2025"},"absolute_dates_time":{"created":"Posted on Februar 10, 2025 2:30 p.m.","modified":"Updated on Februar 10, 2025 3:17 p.m."},"featured_img_caption":"","featured_img":false,"series_order":"","_links":{"self":[{"href":"https:\/\/climatetoolkit.org\/de\/wp-json\/wp\/v2\/pages\/4160","targetHints":{"allow":["GET"]}}],"collection":[{"href":"https:\/\/climatetoolkit.org\/de\/wp-json\/wp\/v2\/pages"}],"about":[{"href":"https:\/\/climatetoolkit.org\/de\/wp-json\/wp\/v2\/types\/page"}],"author":[{"embeddable":true,"href":"https:\/\/climatetoolkit.org\/de\/wp-json\/wp\/v2\/users\/2"}],"replies":[{"embeddable":true,"href":"https:\/\/climatetoolkit.org\/de\/wp-json\/wp\/v2\/comments?post=4160"}],"version-history":[{"count":15,"href":"https:\/\/climatetoolkit.org\/de\/wp-json\/wp\/v2\/pages\/4160\/revisions"}],"predecessor-version":[{"id":4199,"href":"https:\/\/climatetoolkit.org\/de\/wp-json\/wp\/v2\/pages\/4160\/revisions\/4199"}],"wp:attachment":[{"href":"https:\/\/climatetoolkit.org\/de\/wp-json\/wp\/v2\/media?parent=4160"}],"curies":[{"name":"wp","href":"https:\/\/api.w.org\/{rel}","templated":true}]}}