{"id":4036,"date":"2024-12-12T15:43:28","date_gmt":"2024-12-12T20:43:28","guid":{"rendered":"https:\/\/climatetoolkit.org\/?page_id=4036"},"modified":"2024-12-18T19:12:08","modified_gmt":"2024-12-19T00:12:08","slug":"climate-toolkit-working-groups","status":"publish","type":"page","link":"https:\/\/climatetoolkit.org\/de\/climate-toolkit-working-groups\/","title":{"rendered":"Arbeitsgruppen"},"content":{"rendered":"<div class=\"wp-block-image\">\n<figure class=\"aligncenter size-large is-resized\"><img decoding=\"async\" width=\"1024\" height=\"512\" src=\"https:\/\/climatetoolkit.org\/wp-content\/uploads\/2024\/12\/working-groups-1024x512.jpg\" alt=\"\" class=\"wp-image-4049\" style=\"width:768px\" srcset=\"https:\/\/climatetoolkit.org\/wp-content\/uploads\/2024\/12\/working-groups-1024x512.jpg 1024w, https:\/\/climatetoolkit.org\/wp-content\/uploads\/2024\/12\/working-groups-300x150.jpg 300w, https:\/\/climatetoolkit.org\/wp-content\/uploads\/2024\/12\/working-groups-768x384.jpg 768w, https:\/\/climatetoolkit.org\/wp-content\/uploads\/2024\/12\/working-groups-18x9.jpg 18w, https:\/\/climatetoolkit.org\/wp-content\/uploads\/2024\/12\/working-groups-450x225.jpg 450w, https:\/\/climatetoolkit.org\/wp-content\/uploads\/2024\/12\/working-groups-100x50.jpg 100w, https:\/\/climatetoolkit.org\/wp-content\/uploads\/2024\/12\/working-groups-150x75.jpg 150w, https:\/\/climatetoolkit.org\/wp-content\/uploads\/2024\/12\/working-groups-200x100.jpg 200w, https:\/\/climatetoolkit.org\/wp-content\/uploads\/2024\/12\/working-groups-600x300.jpg 600w, https:\/\/climatetoolkit.org\/wp-content\/uploads\/2024\/12\/working-groups-900x450.jpg 900w, https:\/\/climatetoolkit.org\/wp-content\/uploads\/2024\/12\/working-groups.jpg 1494w\" sizes=\"(max-width: 1024px) 100vw, 1024px\" \/><\/figure>\n<\/div>\n\n\n<p>Klima-Toolkit-Arbeitsgruppen bieten Gelegenheiten f\u00fcr vertieftes Lernen und Peer-to-Peer-Engagement zu bestimmten Klimathemen. Toolkit-Arbeitsgruppen entstehen organisch durch die Bed\u00fcrfnisse unserer Mitgliedsinstitutionen und sind wie folgt strukturiert <a href=\"https:\/\/www.communityofpractice.ca\/background\/what-is-a-community-of-practice\/\">Praxisgemeinschaften<\/a>.<\/p>\n\n\n\n<p>Eine Community of Practice weist in der Regel drei gemeinsame Merkmale auf:<\/p>\n\n\n\n<ul class=\"wp-block-list\">\n<li><strong>Bereich<\/strong>: Die Mitglieder der Gemeinschaft haben einen gemeinsamen Interessen-, Kompetenz- und Verpflichtungsbereich. Dieser gemeinsame Bereich schafft eine gemeinsame Basis, Beteiligung, angeleitetes Lernen und sinnvolles Handeln.<\/li>\n\n\n\n<li><strong>Gemeinschaft<\/strong>: Die Mitglieder der Gemeinschaft verfolgen ihr Interessengebiet durch Interaktivit\u00e4t, Diskussion, Probleml\u00f6sung, Informationsaustausch und Aufbau von Beziehungen und f\u00f6rdern so kollektives Lernen und die Bereitschaft zum Ideenaustausch. <\/li>\n\n\n\n<li><strong>Praxis<\/strong>: Die Mitglieder der Gemeinschaft werden zu aktiven Anwendern des Interessengebiets und bauen eine Reihe von kollektiven Ressourcen und Ideen auf, die mit der gr\u00f6\u00dferen engagierten Gemeinschaft geteilt werden k\u00f6nnen. <\/li>\n<\/ul>\n\n\n\n<p>Die interaktiven Arbeitsgruppen des Toolkits bieten Kulturschaffenden die M\u00f6glichkeit, sich intensiv mit Themen von gemeinsamem Interesse zu befassen und dabei Kooperationen einzugehen, die das Feld in Richtung innovativer Klimal\u00f6sungen vorantreiben. Das Toolkit beherbergt derzeit vier aktive Arbeitsgruppen. Informieren Sie sich \u00fcber die unten aufgef\u00fchrten M\u00f6glichkeiten und melden Sie sich an, um loszulegen:<\/p>\n\n\n\n<hr class=\"wp-block-separator has-alpha-channel-opacity\"\/>\n\n\n\n<h2 class=\"wp-block-heading\" id=\"electrification\">Elektrifizierung<\/h2>\n\n\n\n<p><strong><a href=\"https:\/\/gaggle.email\/join\/ev-working-group@gaggle.email\">Die Arbeitsgruppe Elektrifizierung<\/a><\/strong><em> <\/em>befasst sich mit allen Aspekten und M\u00f6glichkeiten der Umstellung von mit fossilen Brennstoffen betriebenen Landschaftspflegeger\u00e4ten, Flottenfahrzeugen und Haustechnik auf elektrische Alternativen. Die vom Morton Arboretum mitbegr\u00fcndete Elektrifizierungsgruppe ist die am l\u00e4ngsten bestehende Arbeitsgruppe des Toolkits. Sie bringt Experten und Interessenvertreter von Museen zusammen, um autonome elektrische Rasenm\u00e4her, Nutzfahrzeuge, EV-Traktoren und Finanzierungsstrategien f\u00fcr saubere Energie zu untersuchen. Zu den wichtigsten Einrichtungen, die in dieser Gruppe zusammenarbeiten, geh\u00f6ren der Botanische Garten von Santa Barbara, Filoli House &amp; Gardens, das Bernheim Arboretum, das Smithsonian Institute, das Cincinnati Art Museum, das Mt Cuba Center, Holden Forests, Duke Farms und andere.<\/p>\n\n\n\n<div class=\"wp-block-buttons is-layout-flex wp-block-buttons-is-layout-flex\">\n<div class=\"wp-block-button has-custom-font-size\" style=\"font-size:14px\"><a class=\"wp-block-button__link has-luminous-vivid-amber-background-color has-background wp-element-button\" href=\"https:\/\/gaggle.email\/join\/ev-working-group@gaggle.email\">Werden Sie Mitglied der Arbeitsgruppe Elektrifizierung<\/a><\/div>\n<\/div>\n\n\n\n<hr class=\"wp-block-separator has-alpha-channel-opacity\"\/>\n\n\n\n<h2 class=\"wp-block-heading\" id=\"decarbonization\">Dekarbonisierung von Gew\u00e4chsh\u00e4usern<\/h2>\n\n\n\n<p><strong><a href=\"https:\/\/gaggle.email\/join\/glasshouse-decarbonization@gaggle.email\">Die Arbeitsgruppe Dekarbonisierung im Gew\u00e4chshaus<\/a><\/strong><em> <\/em>ist eine globale Gelegenheit f\u00fcr botanische G\u00e4rten und Museen mit historischen Gew\u00e4chsh\u00e4usern und Winterg\u00e4rten, Ressourcen und Erfahrungen mit Dekarbonisierungsstrategien auszutauschen. Gew\u00e4chsh\u00e4user sind notorisch energieintensive und ineffiziente Strukturen - in dieser Gruppe liegt eine echte Chance, in diesem Bereich innovativ zu sein und Dekarbonisierungsl\u00f6sungen zu verbreiten, die in diesem Bereich selten erforscht wurden, einschlie\u00dflich Geothermie, elektrische W\u00e4rmepumpen, Fu\u00dfbodenheizung, Solarthermie und mehr. Dem Lenkungsausschuss f\u00fcr die Dekarbonisierung geh\u00f6ren die Royal Botanic Gardens Kew, die Royal Botanic Gardens Edinburgh und der World Monuments Fund an, mit institutioneller Beteiligung des New York Botanical Garden, Chihuly Gardens &amp; Glass, Atlanta Botanical Garden, Historic New England und anderen.\u00a0\u00a0<\/p>\n\n\n\n<div class=\"wp-block-buttons is-layout-flex wp-block-buttons-is-layout-flex\">\n<div class=\"wp-block-button has-custom-font-size\" style=\"font-size:14px\"><a class=\"wp-block-button__link has-luminous-vivid-amber-background-color has-background wp-element-button\" href=\"https:\/\/gaggle.email\/join\/glasshouse-decarbonization@gaggle.email\">Werden Sie Mitglied der Arbeitsgruppe Dekarbonisierung im Gew\u00e4chshaus<\/a><\/div>\n<\/div>\n\n\n\n<hr class=\"wp-block-separator has-alpha-channel-opacity\"\/>\n\n\n\n<h2 class=\"wp-block-heading\" id=\"youth\">Netzwerk Jugend<\/h2>\n\n\n\n<p><strong><a href=\"https:\/\/climatetoolkit.org\/de\/youth\/join-us\/\">Das Climate Toolkit Jugendnetzwerk<\/a><\/strong> dient als Ressourcen- und Verbindungsnetzwerk f\u00fcr Museen und Kultureinrichtungen, die derzeit aktivierte Jugendklimagruppen haben oder an der Gr\u00fcndung solcher Gruppen interessiert sind. Nach dem Vorbild des Klima-Toolkits ist das CTYN ein spezieller Raum f\u00fcr Jugendgruppen, um miteinander in Kontakt zu treten, Fallstudien, klimapositive Inspirationen und Ressourcen auszutauschen und allgemein als Raum der Unterst\u00fctzung f\u00fcr die Jugend-Klimaarbeit zu fungieren. Das CTYN schafft auch eine Plattform f\u00fcr Mitarbeiter, die mit Jugendgruppen zusammenarbeiten, um bew\u00e4hrte Praktiken f\u00fcr die Zusammenarbeit zwischen Erwachsenen und Jugendlichen auszutauschen, Finanzierungsm\u00f6glichkeiten zu er\u00f6rtern, Ressourcen und Werkzeuge auszutauschen und Partnerschaften zu bilden. Das CTYN erm\u00f6glicht es Jugendgruppen wie YCAC, eine gr\u00f6\u00dfere Wirkung zu erzielen, indem es ihre Arbeit st\u00e4rkt und eine solide Zusammenarbeit zwischen Jugendlichen und Mitarbeitern erm\u00f6glicht.\u00a0<\/p>\n\n\n\n<div class=\"wp-block-buttons is-layout-flex wp-block-buttons-is-layout-flex\">\n<div class=\"wp-block-button has-custom-font-size\" style=\"font-size:14px\"><a class=\"wp-block-button__link has-luminous-vivid-amber-background-color has-background wp-element-button\" href=\"https:\/\/climatetoolkit.org\/de\/youth\/join-us\/\">Treten Sie dem Climate Toolkit Youth Network bei<\/a><\/div>\n<\/div>\n\n\n\n<hr class=\"wp-block-separator has-alpha-channel-opacity\"\/>\n\n\n\n<h2 class=\"wp-block-heading\" id=\"interpretation\">Klima und Interpretation<\/h2>\n\n\n\n<p><strong>Die Arbeitsgruppe Klima und Interpretation<\/strong><em> <\/em>ist die j\u00fcngste Arbeitsgruppe des Toolkits und hat zum Ziel, einen robusten Lenkungsausschuss von Klimaexperten aus dem Klimamuseum, den Denver Botanic Gardens, dem Anchorage Museum, dem Museum of Contemporary Arts (MOCA) Los Angeles, dem Natural History Museum of Utah, der Science World, dem National Aquarium und dar\u00fcber hinaus zusammenzubringen, um institutionen\u00fcbergreifende Kooperationen f\u00fcr Klimabotschaften und -interventionen in Ausstellungsr\u00e4umen zu diskutieren.<\/p>\n\n\n\n<p><em>Diese Arbeitsgruppe wird in K\u00fcrze f\u00fcr die Teilnahme ge\u00f6ffnet werden.<\/em><\/p>\n\n\n\n<hr class=\"wp-block-separator has-alpha-channel-opacity\"\/>\n\n\n\n<p>Suchen Sie nach M\u00f6glichkeiten, andere Schwerpunktbereiche oder Klimaverpflichtungen zu erforschen, die nicht in den oben genannten Gruppen erfasst sind? <strong><a href=\"mailto:climatetoolkit@phipps.conservatory.org\">Erreichen Sie uns per E-Mail<\/a><\/strong> und lassen Sie uns ins Gespr\u00e4ch kommen!<\/p>\n\n\n\n<p><\/p>","protected":false},"excerpt":{"rendered":"<p>Klima-Toolkit-Arbeitsgruppen bieten M\u00f6glichkeiten f\u00fcr vertieftes Lernen und Peer-to-Peer-Engagement zu bestimmten Klimathemen. Toolkit-Arbeitsgruppen entstehen organisch aus den Bed\u00fcrfnissen unserer Mitgliedsinstitutionen und sind als Praxisgemeinschaften strukturiert. Eine Praxisgemeinschaft umfasst in der Regel ...<\/p>\n<p class=\"read-more\"> <a class=\"\" href=\"https:\/\/climatetoolkit.org\/de\/climate-toolkit-working-groups\/\"> <span class=\"screen-reader-text\">Arbeitsgruppen<\/span> Weiterlesen \"<\/a><\/p>","protected":false},"author":2,"featured_media":0,"parent":0,"menu_order":0,"comment_status":"closed","ping_status":"closed","template":"","meta":{"_acf_changed":false,"inline_featured_image":false,"advgb_blocks_editor_width":"","advgb_blocks_columns_visual_guide":"","footnotes":""},"class_list":["post-4036","page","type-page","status-publish","hentry"],"acf":[],"yoast_head":"<!-- This site is optimized with the Yoast SEO plugin v27.3 - https:\/\/yoast.com\/product\/yoast-seo-wordpress\/ -->\n<title>Working Groups - The Climate Toolkit<\/title>\n<meta name=\"robots\" content=\"index, follow, max-snippet:-1, max-image-preview:large, max-video-preview:-1\" \/>\n<link rel=\"canonical\" href=\"https:\/\/climatetoolkit.org\/de\/climate-toolkit-working-groups\/\" \/>\n<meta property=\"og:locale\" content=\"de_DE\" \/>\n<meta property=\"og:type\" content=\"article\" \/>\n<meta property=\"og:title\" content=\"Working Groups - The Climate Toolkit\" \/>\n<meta property=\"og:description\" content=\"Climate Toolkit Working Groups provide opportunities for deeper learning and peer-to-peer engagement around particular climate topics. Toolkit Working Groups arise organically through the needs of our member institutions and are structured as communities of practice. A community of practice typically &hellip; Working Groups Weiterlesen &raquo;\" \/>\n<meta property=\"og:url\" content=\"https:\/\/climatetoolkit.org\/de\/climate-toolkit-working-groups\/\" \/>\n<meta property=\"og:site_name\" content=\"The Climate Toolkit\" \/>\n<meta property=\"article:modified_time\" content=\"2024-12-19T00:12:08+00:00\" \/>\n<meta property=\"og:image\" content=\"https:\/\/climatetoolkit.org\/wp-content\/uploads\/2024\/12\/working-groups.jpg\" \/>\n\t<meta property=\"og:image:width\" content=\"1494\" \/>\n\t<meta property=\"og:image:height\" content=\"747\" \/>\n\t<meta property=\"og:image:type\" content=\"image\/jpeg\" \/>\n<meta name=\"twitter:card\" content=\"summary_large_image\" \/>\n<meta name=\"twitter:label1\" content=\"Gesch\u00e4tzte Lesezeit\" \/>\n\t<meta name=\"twitter:data1\" content=\"4\u00a0Minuten\" \/>\n<script type=\"application\/ld+json\" class=\"yoast-schema-graph\">{\"@context\":\"https:\\\/\\\/schema.org\",\"@graph\":[{\"@type\":\"WebPage\",\"@id\":\"https:\\\/\\\/climatetoolkit.org\\\/climate-toolkit-working-groups\\\/\",\"url\":\"https:\\\/\\\/climatetoolkit.org\\\/climate-toolkit-working-groups\\\/\",\"name\":\"Working Groups - The Climate Toolkit\",\"isPartOf\":{\"@id\":\"https:\\\/\\\/climatetoolkit.org\\\/#website\"},\"primaryImageOfPage\":{\"@id\":\"https:\\\/\\\/climatetoolkit.org\\\/climate-toolkit-working-groups\\\/#primaryimage\"},\"image\":{\"@id\":\"https:\\\/\\\/climatetoolkit.org\\\/climate-toolkit-working-groups\\\/#primaryimage\"},\"thumbnailUrl\":\"https:\\\/\\\/climatetoolkit.org\\\/wp-content\\\/uploads\\\/2024\\\/12\\\/working-groups-1024x512.jpg\",\"datePublished\":\"2024-12-12T20:43:28+00:00\",\"dateModified\":\"2024-12-19T00:12:08+00:00\",\"breadcrumb\":{\"@id\":\"https:\\\/\\\/climatetoolkit.org\\\/climate-toolkit-working-groups\\\/#breadcrumb\"},\"inLanguage\":\"de\",\"potentialAction\":[{\"@type\":\"ReadAction\",\"target\":[\"https:\\\/\\\/climatetoolkit.org\\\/climate-toolkit-working-groups\\\/\"]}]},{\"@type\":\"ImageObject\",\"inLanguage\":\"de\",\"@id\":\"https:\\\/\\\/climatetoolkit.org\\\/climate-toolkit-working-groups\\\/#primaryimage\",\"url\":\"https:\\\/\\\/climatetoolkit.org\\\/wp-content\\\/uploads\\\/2024\\\/12\\\/working-groups-1024x512.jpg\",\"contentUrl\":\"https:\\\/\\\/climatetoolkit.org\\\/wp-content\\\/uploads\\\/2024\\\/12\\\/working-groups-1024x512.jpg\"},{\"@type\":\"BreadcrumbList\",\"@id\":\"https:\\\/\\\/climatetoolkit.org\\\/climate-toolkit-working-groups\\\/#breadcrumb\",\"itemListElement\":[{\"@type\":\"ListItem\",\"position\":1,\"name\":\"Home\",\"item\":\"https:\\\/\\\/climatetoolkit.org\\\/\"},{\"@type\":\"ListItem\",\"position\":2,\"name\":\"Working Groups\"}]},{\"@type\":\"WebSite\",\"@id\":\"https:\\\/\\\/climatetoolkit.org\\\/#website\",\"url\":\"https:\\\/\\\/climatetoolkit.org\\\/\",\"name\":\"The Climate Toolkit\",\"description\":\"For Museums, Gardens and Zoos\",\"publisher\":{\"@id\":\"https:\\\/\\\/climatetoolkit.org\\\/#organization\"},\"potentialAction\":[{\"@type\":\"SearchAction\",\"target\":{\"@type\":\"EntryPoint\",\"urlTemplate\":\"https:\\\/\\\/climatetoolkit.org\\\/?s={search_term_string}\"},\"query-input\":{\"@type\":\"PropertyValueSpecification\",\"valueRequired\":true,\"valueName\":\"search_term_string\"}}],\"inLanguage\":\"de\"},{\"@type\":\"Organization\",\"@id\":\"https:\\\/\\\/climatetoolkit.org\\\/#organization\",\"name\":\"The Climate Toolkit\",\"url\":\"https:\\\/\\\/climatetoolkit.org\\\/\",\"logo\":{\"@type\":\"ImageObject\",\"inLanguage\":\"de\",\"@id\":\"https:\\\/\\\/climatetoolkit.org\\\/#\\\/schema\\\/logo\\\/image\\\/\",\"url\":\"https:\\\/\\\/climatetoolkit.org\\\/wp-content\\\/uploads\\\/2020\\\/05\\\/C_logo.png\",\"contentUrl\":\"https:\\\/\\\/climatetoolkit.org\\\/wp-content\\\/uploads\\\/2020\\\/05\\\/C_logo.png\",\"width\":512,\"height\":512,\"caption\":\"The Climate Toolkit\"},\"image\":{\"@id\":\"https:\\\/\\\/climatetoolkit.org\\\/#\\\/schema\\\/logo\\\/image\\\/\"}}]}<\/script>\n<!-- \/ Yoast SEO plugin. -->","yoast_head_json":{"title":"Arbeitsgruppen - Das Klima-Toolkit","robots":{"index":"index","follow":"follow","max-snippet":"max-snippet:-1","max-image-preview":"max-image-preview:large","max-video-preview":"max-video-preview:-1"},"canonical":"https:\/\/climatetoolkit.org\/de\/climate-toolkit-working-groups\/","og_locale":"de_DE","og_type":"article","og_title":"Working Groups - The Climate Toolkit","og_description":"Climate Toolkit Working Groups provide opportunities for deeper learning and peer-to-peer engagement around particular climate topics. Toolkit Working Groups arise organically through the needs of our member institutions and are structured as communities of practice. A community of practice typically &hellip; Working Groups Weiterlesen &raquo;","og_url":"https:\/\/climatetoolkit.org\/de\/climate-toolkit-working-groups\/","og_site_name":"The Climate Toolkit","article_modified_time":"2024-12-19T00:12:08+00:00","og_image":[{"width":1494,"height":747,"url":"https:\/\/climatetoolkit.org\/wp-content\/uploads\/2024\/12\/working-groups.jpg","type":"image\/jpeg"}],"twitter_card":"summary_large_image","twitter_misc":{"Gesch\u00e4tzte Lesezeit":"4\u00a0Minuten"},"schema":{"@context":"https:\/\/schema.org","@graph":[{"@type":"WebPage","@id":"https:\/\/climatetoolkit.org\/climate-toolkit-working-groups\/","url":"https:\/\/climatetoolkit.org\/climate-toolkit-working-groups\/","name":"Arbeitsgruppen - Das Klima-Toolkit","isPartOf":{"@id":"https:\/\/climatetoolkit.org\/#website"},"primaryImageOfPage":{"@id":"https:\/\/climatetoolkit.org\/climate-toolkit-working-groups\/#primaryimage"},"image":{"@id":"https:\/\/climatetoolkit.org\/climate-toolkit-working-groups\/#primaryimage"},"thumbnailUrl":"https:\/\/climatetoolkit.org\/wp-content\/uploads\/2024\/12\/working-groups-1024x512.jpg","datePublished":"2024-12-12T20:43:28+00:00","dateModified":"2024-12-19T00:12:08+00:00","breadcrumb":{"@id":"https:\/\/climatetoolkit.org\/climate-toolkit-working-groups\/#breadcrumb"},"inLanguage":"de","potentialAction":[{"@type":"ReadAction","target":["https:\/\/climatetoolkit.org\/climate-toolkit-working-groups\/"]}]},{"@type":"ImageObject","inLanguage":"de","@id":"https:\/\/climatetoolkit.org\/climate-toolkit-working-groups\/#primaryimage","url":"https:\/\/climatetoolkit.org\/wp-content\/uploads\/2024\/12\/working-groups-1024x512.jpg","contentUrl":"https:\/\/climatetoolkit.org\/wp-content\/uploads\/2024\/12\/working-groups-1024x512.jpg"},{"@type":"BreadcrumbList","@id":"https:\/\/climatetoolkit.org\/climate-toolkit-working-groups\/#breadcrumb","itemListElement":[{"@type":"ListItem","position":1,"name":"Home","item":"https:\/\/climatetoolkit.org\/"},{"@type":"ListItem","position":2,"name":"Working Groups"}]},{"@type":"WebSite","@id":"https:\/\/climatetoolkit.org\/#website","url":"https:\/\/climatetoolkit.org\/","name":"Das Klima-Toolkit","description":"F\u00fcr Museen, G\u00e4rten und Zoos","publisher":{"@id":"https:\/\/climatetoolkit.org\/#organization"},"potentialAction":[{"@type":"SearchAction","target":{"@type":"EntryPoint","urlTemplate":"https:\/\/climatetoolkit.org\/?s={search_term_string}"},"query-input":{"@type":"PropertyValueSpecification","valueRequired":true,"valueName":"search_term_string"}}],"inLanguage":"de"},{"@type":"Organization","@id":"https:\/\/climatetoolkit.org\/#organization","name":"Das Klima-Toolkit","url":"https:\/\/climatetoolkit.org\/","logo":{"@type":"ImageObject","inLanguage":"de","@id":"https:\/\/climatetoolkit.org\/#\/schema\/logo\/image\/","url":"https:\/\/climatetoolkit.org\/wp-content\/uploads\/2020\/05\/C_logo.png","contentUrl":"https:\/\/climatetoolkit.org\/wp-content\/uploads\/2020\/05\/C_logo.png","width":512,"height":512,"caption":"The Climate Toolkit"},"image":{"@id":"https:\/\/climatetoolkit.org\/#\/schema\/logo\/image\/"}}]}},"coauthors":[],"author_meta":{"author_link":"https:\/\/climatetoolkit.org\/de\/author\/joe\/","display_name":"joe reed"},"relative_dates":{"created":"Posted 1\u00a0Jahr ago","modified":"Updated 1\u00a0Jahr ago"},"absolute_dates":{"created":"Posted on Dezember 12, 2024","modified":"Updated on Dezember 18, 2024"},"absolute_dates_time":{"created":"Posted on Dezember 12, 2024 3:43 p.m.","modified":"Updated on Dezember 18, 2024 7:12 p.m."},"featured_img_caption":"","featured_img":false,"series_order":"","_links":{"self":[{"href":"https:\/\/climatetoolkit.org\/de\/wp-json\/wp\/v2\/pages\/4036","targetHints":{"allow":["GET"]}}],"collection":[{"href":"https:\/\/climatetoolkit.org\/de\/wp-json\/wp\/v2\/pages"}],"about":[{"href":"https:\/\/climatetoolkit.org\/de\/wp-json\/wp\/v2\/types\/page"}],"author":[{"embeddable":true,"href":"https:\/\/climatetoolkit.org\/de\/wp-json\/wp\/v2\/users\/2"}],"replies":[{"embeddable":true,"href":"https:\/\/climatetoolkit.org\/de\/wp-json\/wp\/v2\/comments?post=4036"}],"version-history":[{"count":17,"href":"https:\/\/climatetoolkit.org\/de\/wp-json\/wp\/v2\/pages\/4036\/revisions"}],"predecessor-version":[{"id":4067,"href":"https:\/\/climatetoolkit.org\/de\/wp-json\/wp\/v2\/pages\/4036\/revisions\/4067"}],"wp:attachment":[{"href":"https:\/\/climatetoolkit.org\/de\/wp-json\/wp\/v2\/media?parent=4036"}],"curies":[{"name":"wp","href":"https:\/\/api.w.org\/{rel}","templated":true}]}}