{"id":2703,"date":"2023-11-01T15:23:05","date_gmt":"2023-11-01T19:23:05","guid":{"rendered":"https:\/\/climatetoolkit.org\/?page_id=2703"},"modified":"2023-11-01T15:23:06","modified_gmt":"2023-11-01T19:23:06","slug":"association-of-science-and-technology-centers-astc","status":"publish","type":"page","link":"https:\/\/climatetoolkit.org\/de\/association-of-science-and-technology-centers-astc\/","title":{"rendered":"Verband der Wissenschafts- und Technologiezentren (ASTC)"},"content":{"rendered":"<figure class=\"wp-block-image size-full\"><img decoding=\"async\" width=\"624\" height=\"52\" src=\"https:\/\/climatetoolkit.org\/wp-content\/uploads\/2023\/11\/Picture12.png\" alt=\"\" class=\"wp-image-2704\" srcset=\"https:\/\/climatetoolkit.org\/wp-content\/uploads\/2023\/11\/Picture12.png 624w, https:\/\/climatetoolkit.org\/wp-content\/uploads\/2023\/11\/Picture12-300x25.png 300w, https:\/\/climatetoolkit.org\/wp-content\/uploads\/2023\/11\/Picture12-100x8.png 100w, https:\/\/climatetoolkit.org\/wp-content\/uploads\/2023\/11\/Picture12-150x13.png 150w, https:\/\/climatetoolkit.org\/wp-content\/uploads\/2023\/11\/Picture12-200x17.png 200w, https:\/\/climatetoolkit.org\/wp-content\/uploads\/2023\/11\/Picture12-450x38.png 450w, https:\/\/climatetoolkit.org\/wp-content\/uploads\/2023\/11\/Picture12-600x50.png 600w\" sizes=\"(max-width: 624px) 100vw, 624px\" \/><\/figure>\n\n\n\n<p>Der Zweck der <a href=\"https:\/\/www.astc.org\/\">Verband der Wissenschafts- und Technologiezentren<\/a> (ASTC) ist die F\u00f6rderung und Unterst\u00fctzung von Wissenschaftszentren, Technologiezentren und -museen sowie des gesamten Bereichs des wissenschaftlichen Engagements mit dem Ziel, das Verst\u00e4ndnis f\u00fcr und die Besch\u00e4ftigung mit Wissenschaft und Technologie bei allen Menschen zu verbessern.<\/p>\n\n\n\n<p>ASTC ist eine Mitgliedervereinigung mit Sitz in Nordamerika, die seit 1973 den Bereich des wissenschaftlichen Engagements weltweit unterst\u00fctzt. ASTC schafft <strong>strategische M\u00f6glichkeiten<\/strong>, <strong>entwickelt intellektuelles Kapital<\/strong>und <strong>stellt Ressourcen zusammen<\/strong> Unterst\u00fctzung der Mitglieder bei der Verwirklichung ihrer Aufgaben und beim Engagement in ihren Gemeinden.<\/p>\n\n\n\n<p>Als f\u00fchrender Organisator im Bereich des wissenschaftlichen Engagements hat sich ASTC verpflichtet:<\/p>\n\n\n\n<ul class=\"wp-block-list\">\n<li><strong>F\u00f6rderung des \u00f6ffentlichen Engagements f\u00fcr die Wissenschaft durch:<\/strong><ul><li>F\u00f6rderung der Arbeit von Wissenschafts- und Technologiezentren und Museen.<\/li><\/ul><ul><li>Zusammenarbeit und St\u00e4rkung der Verbindungen zwischen den Mitgliedern \u00fcber die gesamte Bandbreite der \u00d6kosysteme des wissenschaftlichen Engagements.<\/li><\/ul>\n<ul class=\"wp-block-list\">\n<li>St\u00e4rkere Unterst\u00fctzung f\u00fcr Aktivit\u00e4ten und Einrichtungen, die sich f\u00fcr die Wissenschaft engagieren.<\/li>\n<\/ul>\n<\/li>\n\n\n\n<li><strong>St\u00e4rkung der Mitglieder und ihrer Kapazit\u00e4ten durch:<\/strong><ul><li>F\u00f6rderung der Vielfalt und der Qualifikationen der Arbeitskr\u00e4fte in den Mitgliedseinrichtungen.<\/li><\/ul><ul><li>Erleichterung von Innovation, Verbindung, Lernen und Zusammenarbeit zwischen den Mitgliedern.<\/li><\/ul>\n<ul class=\"wp-block-list\">\n<li>Sammeln und Weitergeben von Daten und Forschungsergebnissen.<\/li>\n<\/ul>\n<\/li>\n\n\n\n<li><strong>Aufbau einer gerechteren und nachhaltigeren Zukunft durch:<\/strong><ul><li>Unterst\u00fctzung der Mitglieder bei der Zusammenarbeit mit ihren Gemeinden in den Bereichen Klimawandel und biologische Vielfalt, Gleichberechtigung und Gerechtigkeit sowie bei anderen wichtigen Themen.<\/li><\/ul><ul><li>Verbreitung und Skalierung gleichstellungsorientierter Ans\u00e4tze f\u00fcr wissenschaftliches Lernen und Engagement.<\/li><\/ul>\n<ul class=\"wp-block-list\">\n<li>Ausweitung des individuellen und kollektiven Einflusses der Mitglieder in ihren Gemeinden und auf der ganzen Welt.<\/li>\n<\/ul>\n<\/li>\n<\/ul>\n\n\n\n<p>Weitere ASTC-Ressourcen finden Sie unten:<\/p>\n\n\n\n<ul class=\"wp-block-list\">\n<li><a href=\"https:\/\/www.astc.org\/about\/strategy\/\">Der strategische Rahmen von ASTC<\/a><\/li>\n\n\n\n<li><a href=\"https:\/\/www.astc.org\/about\/organization\/astc-bylaws\/\">Die ASTC-Satzung<\/a><\/li>\n\n\n\n<li><a href=\"https:\/\/www.astc.org\/about\/equity\/\">ASTC F\u00f6rderung von Gleichheit und Gerechtigkeit<\/a><\/li>\n\n\n\n<li><a href=\"https:\/\/www.astc.org\/about\/daie\/\">ASTCs Engagement f\u00fcr Vielfalt, Zug\u00e4nglichkeit, Integration und Gleichberechtigung<\/a><\/li>\n\n\n\n<li><a href=\"https:\/\/www.astc.org\/about\/support-astc\/diversity-challenge-fund\/\">ASTC Diversity Challenge Fund<\/a><\/li>\n\n\n\n<li><a href=\"https:\/\/seeding-action.org\/\">Aussaat Aktion<\/a><\/li>\n<\/ul>","protected":false},"excerpt":{"rendered":"<p>Das Ziel der Association of Science and Technology Centers (ASTC) ist es, Wissenschaftszentren, Technologiezentren und -museen sowie den gesamten Bereich des wissenschaftlichen Engagements zu f\u00f6rdern und zu unterst\u00fctzen, um das Verst\u00e4ndnis f\u00fcr und das Engagement f\u00fcr Wissenschaft und Technik zu verbessern ...<\/p>\n<p class=\"read-more\"> <a class=\"\" href=\"https:\/\/climatetoolkit.org\/de\/association-of-science-and-technology-centers-astc\/\"> <span class=\"screen-reader-text\">Verband der Wissenschafts- und Technologiezentren (ASTC)<\/span> Weiterlesen \"<\/a><\/p>","protected":false},"author":2,"featured_media":0,"parent":0,"menu_order":0,"comment_status":"closed","ping_status":"closed","template":"","meta":{"_acf_changed":false,"inline_featured_image":false,"advgb_blocks_editor_width":"","advgb_blocks_columns_visual_guide":"","footnotes":""},"class_list":["post-2703","page","type-page","status-publish","hentry"],"acf":[],"yoast_head":"<!-- This site is optimized with the Yoast SEO plugin v27.3 - https:\/\/yoast.com\/product\/yoast-seo-wordpress\/ -->\n<title>Association of Science and Technology Centers (ASTC) - The Climate Toolkit<\/title>\n<meta name=\"robots\" content=\"index, follow, max-snippet:-1, max-image-preview:large, max-video-preview:-1\" \/>\n<link rel=\"canonical\" href=\"https:\/\/climatetoolkit.org\/de\/association-of-science-and-technology-centers-astc\/\" \/>\n<meta property=\"og:locale\" content=\"de_DE\" \/>\n<meta property=\"og:type\" content=\"article\" \/>\n<meta property=\"og:title\" content=\"Association of Science and Technology Centers (ASTC) - The Climate Toolkit\" \/>\n<meta property=\"og:description\" content=\"The purpose of the Association of Science and Technology Centers (ASTC) is to champion and support science centers, technology centers and museums, and the entire science engagement field toward a vision of increasing understanding of and engagement with science and &hellip; Association of Science and Technology Centers (ASTC) Weiterlesen &raquo;\" \/>\n<meta property=\"og:url\" content=\"https:\/\/climatetoolkit.org\/de\/association-of-science-and-technology-centers-astc\/\" \/>\n<meta property=\"og:site_name\" content=\"The Climate Toolkit\" \/>\n<meta property=\"article:modified_time\" content=\"2023-11-01T19:23:06+00:00\" \/>\n<meta property=\"og:image\" content=\"https:\/\/climatetoolkit.org\/wp-content\/uploads\/2023\/11\/Picture12.png\" \/>\n<meta name=\"twitter:card\" content=\"summary_large_image\" \/>\n<meta name=\"twitter:label1\" content=\"Gesch\u00e4tzte Lesezeit\" \/>\n\t<meta name=\"twitter:data1\" content=\"2\u00a0Minuten\" \/>\n<script type=\"application\/ld+json\" class=\"yoast-schema-graph\">{\"@context\":\"https:\\\/\\\/schema.org\",\"@graph\":[{\"@type\":\"WebPage\",\"@id\":\"https:\\\/\\\/climatetoolkit.org\\\/association-of-science-and-technology-centers-astc\\\/\",\"url\":\"https:\\\/\\\/climatetoolkit.org\\\/association-of-science-and-technology-centers-astc\\\/\",\"name\":\"Association of Science and Technology Centers (ASTC) - The Climate Toolkit\",\"isPartOf\":{\"@id\":\"https:\\\/\\\/climatetoolkit.org\\\/#website\"},\"primaryImageOfPage\":{\"@id\":\"https:\\\/\\\/climatetoolkit.org\\\/association-of-science-and-technology-centers-astc\\\/#primaryimage\"},\"image\":{\"@id\":\"https:\\\/\\\/climatetoolkit.org\\\/association-of-science-and-technology-centers-astc\\\/#primaryimage\"},\"thumbnailUrl\":\"https:\\\/\\\/climatetoolkit.org\\\/wp-content\\\/uploads\\\/2023\\\/11\\\/Picture12.png\",\"datePublished\":\"2023-11-01T19:23:05+00:00\",\"dateModified\":\"2023-11-01T19:23:06+00:00\",\"breadcrumb\":{\"@id\":\"https:\\\/\\\/climatetoolkit.org\\\/association-of-science-and-technology-centers-astc\\\/#breadcrumb\"},\"inLanguage\":\"de\",\"potentialAction\":[{\"@type\":\"ReadAction\",\"target\":[\"https:\\\/\\\/climatetoolkit.org\\\/association-of-science-and-technology-centers-astc\\\/\"]}]},{\"@type\":\"ImageObject\",\"inLanguage\":\"de\",\"@id\":\"https:\\\/\\\/climatetoolkit.org\\\/association-of-science-and-technology-centers-astc\\\/#primaryimage\",\"url\":\"https:\\\/\\\/climatetoolkit.org\\\/wp-content\\\/uploads\\\/2023\\\/11\\\/Picture12.png\",\"contentUrl\":\"https:\\\/\\\/climatetoolkit.org\\\/wp-content\\\/uploads\\\/2023\\\/11\\\/Picture12.png\"},{\"@type\":\"BreadcrumbList\",\"@id\":\"https:\\\/\\\/climatetoolkit.org\\\/association-of-science-and-technology-centers-astc\\\/#breadcrumb\",\"itemListElement\":[{\"@type\":\"ListItem\",\"position\":1,\"name\":\"Home\",\"item\":\"https:\\\/\\\/climatetoolkit.org\\\/\"},{\"@type\":\"ListItem\",\"position\":2,\"name\":\"Association of Science and Technology Centers (ASTC)\"}]},{\"@type\":\"WebSite\",\"@id\":\"https:\\\/\\\/climatetoolkit.org\\\/#website\",\"url\":\"https:\\\/\\\/climatetoolkit.org\\\/\",\"name\":\"The Climate Toolkit\",\"description\":\"For Museums, Gardens and Zoos\",\"publisher\":{\"@id\":\"https:\\\/\\\/climatetoolkit.org\\\/#organization\"},\"potentialAction\":[{\"@type\":\"SearchAction\",\"target\":{\"@type\":\"EntryPoint\",\"urlTemplate\":\"https:\\\/\\\/climatetoolkit.org\\\/?s={search_term_string}\"},\"query-input\":{\"@type\":\"PropertyValueSpecification\",\"valueRequired\":true,\"valueName\":\"search_term_string\"}}],\"inLanguage\":\"de\"},{\"@type\":\"Organization\",\"@id\":\"https:\\\/\\\/climatetoolkit.org\\\/#organization\",\"name\":\"The Climate Toolkit\",\"url\":\"https:\\\/\\\/climatetoolkit.org\\\/\",\"logo\":{\"@type\":\"ImageObject\",\"inLanguage\":\"de\",\"@id\":\"https:\\\/\\\/climatetoolkit.org\\\/#\\\/schema\\\/logo\\\/image\\\/\",\"url\":\"https:\\\/\\\/climatetoolkit.org\\\/wp-content\\\/uploads\\\/2020\\\/05\\\/C_logo.png\",\"contentUrl\":\"https:\\\/\\\/climatetoolkit.org\\\/wp-content\\\/uploads\\\/2020\\\/05\\\/C_logo.png\",\"width\":512,\"height\":512,\"caption\":\"The Climate Toolkit\"},\"image\":{\"@id\":\"https:\\\/\\\/climatetoolkit.org\\\/#\\\/schema\\\/logo\\\/image\\\/\"}}]}<\/script>\n<!-- \/ Yoast SEO plugin. -->","yoast_head_json":{"title":"Verband der Wissenschafts- und Technologiezentren (ASTC) - Das Klima-Toolkit","robots":{"index":"index","follow":"follow","max-snippet":"max-snippet:-1","max-image-preview":"max-image-preview:large","max-video-preview":"max-video-preview:-1"},"canonical":"https:\/\/climatetoolkit.org\/de\/association-of-science-and-technology-centers-astc\/","og_locale":"de_DE","og_type":"article","og_title":"Association of Science and Technology Centers (ASTC) - The Climate Toolkit","og_description":"The purpose of the Association of Science and Technology Centers (ASTC) is to champion and support science centers, technology centers and museums, and the entire science engagement field toward a vision of increasing understanding of and engagement with science and &hellip; Association of Science and Technology Centers (ASTC) Weiterlesen &raquo;","og_url":"https:\/\/climatetoolkit.org\/de\/association-of-science-and-technology-centers-astc\/","og_site_name":"The Climate Toolkit","article_modified_time":"2023-11-01T19:23:06+00:00","og_image":[{"url":"https:\/\/climatetoolkit.org\/wp-content\/uploads\/2023\/11\/Picture12.png","type":"","width":"","height":""}],"twitter_card":"summary_large_image","twitter_misc":{"Gesch\u00e4tzte Lesezeit":"2\u00a0Minuten"},"schema":{"@context":"https:\/\/schema.org","@graph":[{"@type":"WebPage","@id":"https:\/\/climatetoolkit.org\/association-of-science-and-technology-centers-astc\/","url":"https:\/\/climatetoolkit.org\/association-of-science-and-technology-centers-astc\/","name":"Verband der Wissenschafts- und Technologiezentren (ASTC) - Das Klima-Toolkit","isPartOf":{"@id":"https:\/\/climatetoolkit.org\/#website"},"primaryImageOfPage":{"@id":"https:\/\/climatetoolkit.org\/association-of-science-and-technology-centers-astc\/#primaryimage"},"image":{"@id":"https:\/\/climatetoolkit.org\/association-of-science-and-technology-centers-astc\/#primaryimage"},"thumbnailUrl":"https:\/\/climatetoolkit.org\/wp-content\/uploads\/2023\/11\/Picture12.png","datePublished":"2023-11-01T19:23:05+00:00","dateModified":"2023-11-01T19:23:06+00:00","breadcrumb":{"@id":"https:\/\/climatetoolkit.org\/association-of-science-and-technology-centers-astc\/#breadcrumb"},"inLanguage":"de","potentialAction":[{"@type":"ReadAction","target":["https:\/\/climatetoolkit.org\/association-of-science-and-technology-centers-astc\/"]}]},{"@type":"ImageObject","inLanguage":"de","@id":"https:\/\/climatetoolkit.org\/association-of-science-and-technology-centers-astc\/#primaryimage","url":"https:\/\/climatetoolkit.org\/wp-content\/uploads\/2023\/11\/Picture12.png","contentUrl":"https:\/\/climatetoolkit.org\/wp-content\/uploads\/2023\/11\/Picture12.png"},{"@type":"BreadcrumbList","@id":"https:\/\/climatetoolkit.org\/association-of-science-and-technology-centers-astc\/#breadcrumb","itemListElement":[{"@type":"ListItem","position":1,"name":"Home","item":"https:\/\/climatetoolkit.org\/"},{"@type":"ListItem","position":2,"name":"Association of Science and Technology Centers (ASTC)"}]},{"@type":"WebSite","@id":"https:\/\/climatetoolkit.org\/#website","url":"https:\/\/climatetoolkit.org\/","name":"Das Klima-Toolkit","description":"F\u00fcr Museen, G\u00e4rten und Zoos","publisher":{"@id":"https:\/\/climatetoolkit.org\/#organization"},"potentialAction":[{"@type":"SearchAction","target":{"@type":"EntryPoint","urlTemplate":"https:\/\/climatetoolkit.org\/?s={search_term_string}"},"query-input":{"@type":"PropertyValueSpecification","valueRequired":true,"valueName":"search_term_string"}}],"inLanguage":"de"},{"@type":"Organization","@id":"https:\/\/climatetoolkit.org\/#organization","name":"Das Klima-Toolkit","url":"https:\/\/climatetoolkit.org\/","logo":{"@type":"ImageObject","inLanguage":"de","@id":"https:\/\/climatetoolkit.org\/#\/schema\/logo\/image\/","url":"https:\/\/climatetoolkit.org\/wp-content\/uploads\/2020\/05\/C_logo.png","contentUrl":"https:\/\/climatetoolkit.org\/wp-content\/uploads\/2020\/05\/C_logo.png","width":512,"height":512,"caption":"The Climate Toolkit"},"image":{"@id":"https:\/\/climatetoolkit.org\/#\/schema\/logo\/image\/"}}]}},"coauthors":[],"author_meta":{"author_link":"https:\/\/climatetoolkit.org\/de\/author\/joe\/","display_name":"joe reed"},"relative_dates":{"created":"Posted 2\u00a0Jahren ago","modified":"Updated 2\u00a0Jahren ago"},"absolute_dates":{"created":"Posted on November 1, 2023","modified":"Updated on November 1, 2023"},"absolute_dates_time":{"created":"Posted on November 1, 2023 3:23 p.m.","modified":"Updated on November 1, 2023 3:23 p.m."},"featured_img_caption":"","featured_img":false,"series_order":"","_links":{"self":[{"href":"https:\/\/climatetoolkit.org\/de\/wp-json\/wp\/v2\/pages\/2703","targetHints":{"allow":["GET"]}}],"collection":[{"href":"https:\/\/climatetoolkit.org\/de\/wp-json\/wp\/v2\/pages"}],"about":[{"href":"https:\/\/climatetoolkit.org\/de\/wp-json\/wp\/v2\/types\/page"}],"author":[{"embeddable":true,"href":"https:\/\/climatetoolkit.org\/de\/wp-json\/wp\/v2\/users\/2"}],"replies":[{"embeddable":true,"href":"https:\/\/climatetoolkit.org\/de\/wp-json\/wp\/v2\/comments?post=2703"}],"version-history":[{"count":0,"href":"https:\/\/climatetoolkit.org\/de\/wp-json\/wp\/v2\/pages\/2703\/revisions"}],"wp:attachment":[{"href":"https:\/\/climatetoolkit.org\/de\/wp-json\/wp\/v2\/media?parent=2703"}],"curies":[{"name":"wp","href":"https:\/\/api.w.org\/{rel}","templated":true}]}}