{"id":2474,"date":"2023-08-24T12:51:43","date_gmt":"2023-08-24T16:51:43","guid":{"rendered":"https:\/\/climatetoolkit.org\/?page_id=2474"},"modified":"2023-08-24T12:54:30","modified_gmt":"2023-08-24T16:54:30","slug":"botanic-gardens-conservation-international-bgci","status":"publish","type":"page","link":"https:\/\/climatetoolkit.org\/de\/botanic-gardens-conservation-international-bgci\/","title":{"rendered":"Internationale Vereinigung zur Erhaltung der Botanischen G\u00e4rten (BGCI)"},"content":{"rendered":"<div class=\"wp-block-image\">\n<figure class=\"aligncenter size-full is-resized\"><img decoding=\"async\" src=\"https:\/\/climatetoolkit.org\/wp-content\/uploads\/2023\/08\/bgci-1.jpg\" alt=\"\" class=\"wp-image-2482\" width=\"454\" height=\"200\" srcset=\"https:\/\/climatetoolkit.org\/wp-content\/uploads\/2023\/08\/bgci-1.jpg 908w, https:\/\/climatetoolkit.org\/wp-content\/uploads\/2023\/08\/bgci-1-300x132.jpg 300w, https:\/\/climatetoolkit.org\/wp-content\/uploads\/2023\/08\/bgci-1-768x338.jpg 768w, https:\/\/climatetoolkit.org\/wp-content\/uploads\/2023\/08\/bgci-1-100x44.jpg 100w, https:\/\/climatetoolkit.org\/wp-content\/uploads\/2023\/08\/bgci-1-150x66.jpg 150w, https:\/\/climatetoolkit.org\/wp-content\/uploads\/2023\/08\/bgci-1-200x88.jpg 200w, https:\/\/climatetoolkit.org\/wp-content\/uploads\/2023\/08\/bgci-1-450x198.jpg 450w, https:\/\/climatetoolkit.org\/wp-content\/uploads\/2023\/08\/bgci-1-600x264.jpg 600w, https:\/\/climatetoolkit.org\/wp-content\/uploads\/2023\/08\/bgci-1-900x396.jpg 900w\" sizes=\"(max-width: 454px) 100vw, 454px\" \/><\/figure>\n<\/div>\n\n\n<p>Die <a href=\"https:\/\/www.bgci.org\/\">Botanische G\u00e4rten Conservation International<\/a> (BGCI) hat es sich zur Aufgabe gemacht, botanische G\u00e4rten zu mobilisieren und Partner f\u00fcr die Sicherung der Pflanzenvielfalt zum Wohle der Menschen und des Planeten zu gewinnen. BGCI, eine 1987 gegr\u00fcndete unabh\u00e4ngige britische Wohlt\u00e4tigkeitsorganisation, vertritt botanische G\u00e4rten in mehr als 100 L\u00e4ndern. Im Mittelpunkt ihrer Vision steht eine Welt, in der die Pflanzenvielfalt gesch\u00e4tzt wird, sicher ist und alles Leben unterst\u00fctzt.<\/p>\n\n\n\n<p>Der Strategierahmen 2021-2025 des BGCI zeigt f\u00fcnf Wege auf, wie ein effizienter, kosteng\u00fcnstiger und rationeller Ansatz f\u00fcr den Pflanzenschutz gef\u00f6rdert werden kann:<\/p>\n\n\n\n<ul class=\"wp-block-list\">\n<li>Rettung von Pflanzen;<\/li>\n\n\n\n<li>Menschen inspirieren und f\u00fchren;<\/li>\n\n\n\n<li>Austausch von Wissen und Ressourcen;<\/li>\n\n\n\n<li>Bew\u00e4ltigung globaler Herausforderungen durch \u00f6ffentliches Engagement und Bildung, und;<\/li>\n\n\n\n<li>Sicherstellung eines effektiven und widerstandsf\u00e4higen BGCI<\/li>\n<\/ul>\n\n\n\n<p>Weitere Ressourcen finden Sie unten:<\/p>\n\n\n\n<ul class=\"wp-block-list\">\n<li><a href=\"https:\/\/www.bgci.org\/news-events\/global-botanic-garden-fund-2023-now-open\/\">Globaler Fonds f\u00fcr Botanische G\u00e4rten 2023<\/a><\/li>\n\n\n\n<li><a href=\"https:\/\/www.bgci.org\/resources\/bgci-tools-and-resources\/\">BGCI-Werkzeuge und Ressourcen<\/a><\/li>\n\n\n\n<li><a href=\"https:\/\/www.bgci.org\/?s=technical\">BGCI-Fachberichte<\/a><\/li>\n\n\n\n<li><a href=\"https:\/\/www.bgci.org\/resources\/bgci-databases\/directory-of-expertise\/\">BGCI-Verzeichnis der Fachkenntnisse<\/a><\/li>\n\n\n\n<li><a href=\"https:\/\/www.bgci.org\/wp\/wp-content\/uploads\/2022\/07\/StrategicFramework.pdf\">Strategischer Rahmen (2021-2025)<\/a><\/li>\n\n\n\n<li><a href=\"https:\/\/www.bgci.org\/resources\/bgci-tools-and-resources\/bgci-year-in-review\/\">Jahresr\u00fcckblick<\/a><\/li>\n<\/ul>","protected":false},"excerpt":{"rendered":"<p>Die Aufgabe von Botanic Gardens Conservation International (BGCI) besteht darin, botanische G\u00e4rten zu mobilisieren und Partner f\u00fcr die Sicherung der Pflanzenvielfalt zum Wohle der Menschen und des Planeten zu gewinnen. BGCI, eine 1987 gegr\u00fcndete unabh\u00e4ngige britische Wohlt\u00e4tigkeitsorganisation, vertritt botanische G\u00e4rten in mehr ...<\/p>\n<p class=\"read-more\"> <a class=\"\" href=\"https:\/\/climatetoolkit.org\/de\/botanic-gardens-conservation-international-bgci\/\"> <span class=\"screen-reader-text\">Internationale Vereinigung zur Erhaltung der Botanischen G\u00e4rten (BGCI)<\/span> Weiterlesen \"<\/a><\/p>","protected":false},"author":2,"featured_media":0,"parent":0,"menu_order":0,"comment_status":"closed","ping_status":"closed","template":"","meta":{"_acf_changed":false,"inline_featured_image":false,"advgb_blocks_editor_width":"","advgb_blocks_columns_visual_guide":"","footnotes":""},"class_list":["post-2474","page","type-page","status-publish","hentry"],"acf":[],"yoast_head":"<!-- This site is optimized with the Yoast SEO plugin v27.5 - https:\/\/yoast.com\/product\/yoast-seo-wordpress\/ -->\n<title>Botanic Gardens Conservation International (BGCI) - The Climate Toolkit<\/title>\n<meta name=\"robots\" content=\"index, follow, max-snippet:-1, max-image-preview:large, max-video-preview:-1\" \/>\n<link rel=\"canonical\" href=\"https:\/\/climatetoolkit.org\/de\/botanic-gardens-conservation-international-bgci\/\" \/>\n<meta property=\"og:locale\" content=\"de_DE\" \/>\n<meta property=\"og:type\" content=\"article\" \/>\n<meta property=\"og:title\" content=\"Botanic Gardens Conservation International (BGCI) - The Climate Toolkit\" \/>\n<meta property=\"og:description\" content=\"The Botanic Gardens Conservation International (BGCI) mission is to mobilize botanic gardens and engage partners in securing plant diversity for the well-being of people and the planet. BGCI, an independent UK charity established in 1987, represents botanic gardens in more &hellip; Botanic Gardens Conservation International (BGCI) Weiterlesen &raquo;\" \/>\n<meta property=\"og:url\" content=\"https:\/\/climatetoolkit.org\/de\/botanic-gardens-conservation-international-bgci\/\" \/>\n<meta property=\"og:site_name\" content=\"The Climate Toolkit\" \/>\n<meta property=\"article:modified_time\" content=\"2023-08-24T16:54:30+00:00\" \/>\n<meta property=\"og:image\" content=\"https:\/\/climatetoolkit.org\/wp-content\/uploads\/2023\/08\/bgci-1.jpg\" \/>\n<meta name=\"twitter:card\" content=\"summary_large_image\" \/>\n<meta name=\"twitter:label1\" content=\"Gesch\u00e4tzte Lesezeit\" \/>\n\t<meta name=\"twitter:data1\" content=\"1\u00a0Minute\" \/>\n<script type=\"application\/ld+json\" class=\"yoast-schema-graph\">{\"@context\":\"https:\\\/\\\/schema.org\",\"@graph\":[{\"@type\":\"WebPage\",\"@id\":\"https:\\\/\\\/climatetoolkit.org\\\/botanic-gardens-conservation-international-bgci\\\/\",\"url\":\"https:\\\/\\\/climatetoolkit.org\\\/botanic-gardens-conservation-international-bgci\\\/\",\"name\":\"Botanic Gardens Conservation International (BGCI) - The Climate Toolkit\",\"isPartOf\":{\"@id\":\"https:\\\/\\\/climatetoolkit.org\\\/#website\"},\"primaryImageOfPage\":{\"@id\":\"https:\\\/\\\/climatetoolkit.org\\\/botanic-gardens-conservation-international-bgci\\\/#primaryimage\"},\"image\":{\"@id\":\"https:\\\/\\\/climatetoolkit.org\\\/botanic-gardens-conservation-international-bgci\\\/#primaryimage\"},\"thumbnailUrl\":\"https:\\\/\\\/climatetoolkit.org\\\/wp-content\\\/uploads\\\/2023\\\/08\\\/bgci-1.jpg\",\"datePublished\":\"2023-08-24T16:51:43+00:00\",\"dateModified\":\"2023-08-24T16:54:30+00:00\",\"breadcrumb\":{\"@id\":\"https:\\\/\\\/climatetoolkit.org\\\/botanic-gardens-conservation-international-bgci\\\/#breadcrumb\"},\"inLanguage\":\"de\",\"potentialAction\":[{\"@type\":\"ReadAction\",\"target\":[\"https:\\\/\\\/climatetoolkit.org\\\/botanic-gardens-conservation-international-bgci\\\/\"]}]},{\"@type\":\"ImageObject\",\"inLanguage\":\"de\",\"@id\":\"https:\\\/\\\/climatetoolkit.org\\\/botanic-gardens-conservation-international-bgci\\\/#primaryimage\",\"url\":\"https:\\\/\\\/climatetoolkit.org\\\/wp-content\\\/uploads\\\/2023\\\/08\\\/bgci-1.jpg\",\"contentUrl\":\"https:\\\/\\\/climatetoolkit.org\\\/wp-content\\\/uploads\\\/2023\\\/08\\\/bgci-1.jpg\"},{\"@type\":\"BreadcrumbList\",\"@id\":\"https:\\\/\\\/climatetoolkit.org\\\/botanic-gardens-conservation-international-bgci\\\/#breadcrumb\",\"itemListElement\":[{\"@type\":\"ListItem\",\"position\":1,\"name\":\"Home\",\"item\":\"https:\\\/\\\/climatetoolkit.org\\\/\"},{\"@type\":\"ListItem\",\"position\":2,\"name\":\"Botanic Gardens Conservation International (BGCI)\"}]},{\"@type\":\"WebSite\",\"@id\":\"https:\\\/\\\/climatetoolkit.org\\\/#website\",\"url\":\"https:\\\/\\\/climatetoolkit.org\\\/\",\"name\":\"The Climate Toolkit\",\"description\":\"For Museums, Gardens and Zoos\",\"publisher\":{\"@id\":\"https:\\\/\\\/climatetoolkit.org\\\/#organization\"},\"potentialAction\":[{\"@type\":\"SearchAction\",\"target\":{\"@type\":\"EntryPoint\",\"urlTemplate\":\"https:\\\/\\\/climatetoolkit.org\\\/?s={search_term_string}\"},\"query-input\":{\"@type\":\"PropertyValueSpecification\",\"valueRequired\":true,\"valueName\":\"search_term_string\"}}],\"inLanguage\":\"de\"},{\"@type\":\"Organization\",\"@id\":\"https:\\\/\\\/climatetoolkit.org\\\/#organization\",\"name\":\"The Climate Toolkit\",\"url\":\"https:\\\/\\\/climatetoolkit.org\\\/\",\"logo\":{\"@type\":\"ImageObject\",\"inLanguage\":\"de\",\"@id\":\"https:\\\/\\\/climatetoolkit.org\\\/#\\\/schema\\\/logo\\\/image\\\/\",\"url\":\"https:\\\/\\\/climatetoolkit.org\\\/wp-content\\\/uploads\\\/2020\\\/05\\\/C_logo.png\",\"contentUrl\":\"https:\\\/\\\/climatetoolkit.org\\\/wp-content\\\/uploads\\\/2020\\\/05\\\/C_logo.png\",\"width\":512,\"height\":512,\"caption\":\"The Climate Toolkit\"},\"image\":{\"@id\":\"https:\\\/\\\/climatetoolkit.org\\\/#\\\/schema\\\/logo\\\/image\\\/\"}}]}<\/script>\n<!-- \/ Yoast SEO plugin. -->","yoast_head_json":{"title":"Botanic Gardens Conservation International (BGCI) - Das Klima-Toolkit","robots":{"index":"index","follow":"follow","max-snippet":"max-snippet:-1","max-image-preview":"max-image-preview:large","max-video-preview":"max-video-preview:-1"},"canonical":"https:\/\/climatetoolkit.org\/de\/botanic-gardens-conservation-international-bgci\/","og_locale":"de_DE","og_type":"article","og_title":"Botanic Gardens Conservation International (BGCI) - The Climate Toolkit","og_description":"The Botanic Gardens Conservation International (BGCI) mission is to mobilize botanic gardens and engage partners in securing plant diversity for the well-being of people and the planet. BGCI, an independent UK charity established in 1987, represents botanic gardens in more &hellip; Botanic Gardens Conservation International (BGCI) Weiterlesen &raquo;","og_url":"https:\/\/climatetoolkit.org\/de\/botanic-gardens-conservation-international-bgci\/","og_site_name":"The Climate Toolkit","article_modified_time":"2023-08-24T16:54:30+00:00","og_image":[{"url":"https:\/\/climatetoolkit.org\/wp-content\/uploads\/2023\/08\/bgci-1.jpg","type":"","width":"","height":""}],"twitter_card":"summary_large_image","twitter_misc":{"Gesch\u00e4tzte Lesezeit":"1\u00a0Minute"},"schema":{"@context":"https:\/\/schema.org","@graph":[{"@type":"WebPage","@id":"https:\/\/climatetoolkit.org\/botanic-gardens-conservation-international-bgci\/","url":"https:\/\/climatetoolkit.org\/botanic-gardens-conservation-international-bgci\/","name":"Botanic Gardens Conservation International (BGCI) - Das Klima-Toolkit","isPartOf":{"@id":"https:\/\/climatetoolkit.org\/#website"},"primaryImageOfPage":{"@id":"https:\/\/climatetoolkit.org\/botanic-gardens-conservation-international-bgci\/#primaryimage"},"image":{"@id":"https:\/\/climatetoolkit.org\/botanic-gardens-conservation-international-bgci\/#primaryimage"},"thumbnailUrl":"https:\/\/climatetoolkit.org\/wp-content\/uploads\/2023\/08\/bgci-1.jpg","datePublished":"2023-08-24T16:51:43+00:00","dateModified":"2023-08-24T16:54:30+00:00","breadcrumb":{"@id":"https:\/\/climatetoolkit.org\/botanic-gardens-conservation-international-bgci\/#breadcrumb"},"inLanguage":"de","potentialAction":[{"@type":"ReadAction","target":["https:\/\/climatetoolkit.org\/botanic-gardens-conservation-international-bgci\/"]}]},{"@type":"ImageObject","inLanguage":"de","@id":"https:\/\/climatetoolkit.org\/botanic-gardens-conservation-international-bgci\/#primaryimage","url":"https:\/\/climatetoolkit.org\/wp-content\/uploads\/2023\/08\/bgci-1.jpg","contentUrl":"https:\/\/climatetoolkit.org\/wp-content\/uploads\/2023\/08\/bgci-1.jpg"},{"@type":"BreadcrumbList","@id":"https:\/\/climatetoolkit.org\/botanic-gardens-conservation-international-bgci\/#breadcrumb","itemListElement":[{"@type":"ListItem","position":1,"name":"Home","item":"https:\/\/climatetoolkit.org\/"},{"@type":"ListItem","position":2,"name":"Botanic Gardens Conservation International (BGCI)"}]},{"@type":"WebSite","@id":"https:\/\/climatetoolkit.org\/#website","url":"https:\/\/climatetoolkit.org\/","name":"Das Klima-Toolkit","description":"F\u00fcr Museen, G\u00e4rten und Zoos","publisher":{"@id":"https:\/\/climatetoolkit.org\/#organization"},"potentialAction":[{"@type":"SearchAction","target":{"@type":"EntryPoint","urlTemplate":"https:\/\/climatetoolkit.org\/?s={search_term_string}"},"query-input":{"@type":"PropertyValueSpecification","valueRequired":true,"valueName":"search_term_string"}}],"inLanguage":"de"},{"@type":"Organization","@id":"https:\/\/climatetoolkit.org\/#organization","name":"Das Klima-Toolkit","url":"https:\/\/climatetoolkit.org\/","logo":{"@type":"ImageObject","inLanguage":"de","@id":"https:\/\/climatetoolkit.org\/#\/schema\/logo\/image\/","url":"https:\/\/climatetoolkit.org\/wp-content\/uploads\/2020\/05\/C_logo.png","contentUrl":"https:\/\/climatetoolkit.org\/wp-content\/uploads\/2020\/05\/C_logo.png","width":512,"height":512,"caption":"The Climate Toolkit"},"image":{"@id":"https:\/\/climatetoolkit.org\/#\/schema\/logo\/image\/"}}]}},"coauthors":[],"author_meta":{"author_link":"https:\/\/climatetoolkit.org\/de\/author\/joe\/","display_name":"joe reed"},"relative_dates":{"created":"Posted 3\u00a0Jahren ago","modified":"Updated 3\u00a0Jahren ago"},"absolute_dates":{"created":"Posted on August 24, 2023","modified":"Updated on August 24, 2023"},"absolute_dates_time":{"created":"Posted on August 24, 2023 12:51 p.m.","modified":"Updated on August 24, 2023 12:54 p.m."},"featured_img_caption":"","featured_img":false,"series_order":"","_links":{"self":[{"href":"https:\/\/climatetoolkit.org\/de\/wp-json\/wp\/v2\/pages\/2474","targetHints":{"allow":["GET"]}}],"collection":[{"href":"https:\/\/climatetoolkit.org\/de\/wp-json\/wp\/v2\/pages"}],"about":[{"href":"https:\/\/climatetoolkit.org\/de\/wp-json\/wp\/v2\/types\/page"}],"author":[{"embeddable":true,"href":"https:\/\/climatetoolkit.org\/de\/wp-json\/wp\/v2\/users\/2"}],"replies":[{"embeddable":true,"href":"https:\/\/climatetoolkit.org\/de\/wp-json\/wp\/v2\/comments?post=2474"}],"version-history":[{"count":0,"href":"https:\/\/climatetoolkit.org\/de\/wp-json\/wp\/v2\/pages\/2474\/revisions"}],"wp:attachment":[{"href":"https:\/\/climatetoolkit.org\/de\/wp-json\/wp\/v2\/media?parent=2474"}],"curies":[{"name":"wp","href":"https:\/\/api.w.org\/{rel}","templated":true}]}}