{"id":2064,"date":"2023-03-24T09:39:39","date_gmt":"2023-03-24T13:39:39","guid":{"rendered":"https:\/\/climatetoolkit.org\/?page_id=2064"},"modified":"2023-03-24T09:41:12","modified_gmt":"2023-03-24T13:41:12","slug":"resource-library","status":"publish","type":"page","link":"https:\/\/climatetoolkit.org\/de\/resource-library\/","title":{"rendered":"Ressourcenbibliothek"},"content":{"rendered":"<h1 class=\"wp-block-heading\">Ressourcenbibliothek<\/h1>\n\n\n<div class=\"institution-list\"><div class=\"category-group\"><div class=\"resource-columns\"><div class=\"resource-image\"><img decoding=\"async\" src=\"https:\/\/climatetoolkit.org\/wp-content\/uploads\/2021\/07\/renewable-energy-250x250.png\" alt=\"\" \/><\/div><div ><h2 class=\"category-header\">Geb\u00e4ude und Energie<\/h2><div class=\"doc\"><a href=\"https:\/\/longwoodgardens.org\/sustainability\/alternative-energy-resources\" target=\"_blank\">Alternative Energy Resources<\/a><\/div><div class=\"doc\"><a href=\"http:\/\/climatetoolkit.org\/wp-content\/uploads\/2019\/09\/Buying_Renewable_Electricity.pdf\" target=\"_blank\">Kauf von Strom aus erneuerbaren Energien: Die \u00d6kostrom-Bewegung mit gutem Beispiel vorangehen<\/a><\/div><div class=\"doc\"><a href=\"https:\/\/climatetoolkit.org\/de\/carbon-emission-reduction-interview-with-norfolk-botanical-garden\/\" target=\"_blank\">Reduzierung der Kohlenstoffemissionen: Ein Interview mit dem Botanischen Garten von Norfolk<\/a><\/div><div class=\"doc\"><a href=\"https:\/\/climatetoolkit.org\/de\/webinar-12-buildings-energy-and-decarbonization\/\" target=\"_blank\">Klima-Toolkit-Webinar: Geb\u00e4ude, Energie und Dekarbonisierung<\/a><\/div><div class=\"doc\"><a href=\"https:\/\/reidparkzoo.org\/conservation\/\" target=\"_blank\">Conservation &#8211; It&#8217;s Our Mission<\/a><\/div><div class=\"doc\"><a href=\"https:\/\/ctsciencecenter.org\/about\/green-mission\/\" target=\"_blank\">Gr\u00fcne Mission<\/a><\/div><div class=\"doc\"><a href=\"https:\/\/www.houstonzoo.org\/blog\/houston-zoo-leads-the-charge-towards-a-greener-future\/\" target=\"_blank\">Der Zoo von Houston ist f\u00fchrend auf dem Weg in eine gr\u00fcnere Zukunft<\/a><\/div><div class=\"doc\"><a href=\"https:\/\/climatetoolkit.org\/de\/how-to-use-the-epas-simplified-ghg-emissions-calculator\/\" target=\"_blank\">So verwenden Sie den vereinfachten Rechner f\u00fcr Treibhausgasemissionen der EPA<\/a><\/div><div class=\"doc\"><a href=\"https:\/\/climatetoolkit.org\/de\/nature-positive-carbon-negative-an-interview-with-duke-farms\/\" target=\"_blank\">Naturpositiv, kohlenstoffnegativ: Ein Interview mit Duke Farms<\/a><\/div><div class=\"doc\"><a href=\"https:\/\/aqua.org\/stories\/2022-04-22-national-aquarium-will-be-net-zero-by-2035\" target=\"_blank\">Netto-Null bis 2035<\/a><\/div><div class=\"doc\"><a href=\"https:\/\/www.cutter.com\/article\/nature-positive-carbon-negative-reimagining-role-campuses-peri-urban-communities\" target=\"_blank\">Die Rolle von Campus und Stadtrandgemeinden neu denken<\/a><\/div><div class=\"doc\"><a href=\"https:\/\/www.akronzoo.org\/sustainability\" target=\"_blank\">Nachhaltigkeit<\/a><\/div><div class=\"doc\"><a href=\"https:\/\/www.trlibrary.com\/project\/sustainability\" target=\"_blank\">Sustainability Vision<\/a><\/div><div class=\"doc\"><a href=\"https:\/\/climatetoolkit.org\/de\/understanding-renewable-energy-terminology\/\" target=\"_blank\">Die Terminologie der erneuerbaren Energien verstehen<\/a><\/div><div class=\"doc\"><a href=\"https:\/\/www.henryvilaszoo.gov\/conservation\/\" target=\"_blank\">Walking the Talk of Sustainability<\/a><\/div><div class=\"doc\"><a href=\"https:\/\/climatetoolkit.org\/de\/watch-the-december-climate-toolkit-webinar\/\" target=\"_blank\">Sehen Sie sich das Klima-Toolkit-Webinar vom Dezember an<\/a><\/div><div class=\"doc\"><a href=\"https:\/\/climatetoolkit.org\/de\/watch-the-march-climate-toolkit-webinar\/\" target=\"_blank\">Sehen Sie sich das March Climate Toolkit Webinar an<\/a><\/div><div class=\"doc\"><a href=\"http:\/\/climatetoolkit.org\/wp-content\/uploads\/2019\/10\/Zeroing-In.pdf\" target=\"_blank\">Nullstellung: Null Energie f\u00fcr Ihr Geb\u00e4ude<\/a><\/div><\/div><\/div><div class=\"resource-columns\"><div class=\"resource-image\"><img decoding=\"async\" src=\"https:\/\/climatetoolkit.org\/wp-content\/uploads\/2021\/07\/recycling-1-250x250.png\" alt=\"\" \/><\/div><div ><h2 class=\"category-header\">Wasser<\/h2><div class=\"doc\"><a href=\"https:\/\/reidparkzoo.org\/conservation\/\" target=\"_blank\">Conservation &#8211; It&#8217;s Our Mission<\/a><\/div><div class=\"doc\"><a href=\"https:\/\/www.akronzoo.org\/sustainability\" target=\"_blank\">Nachhaltigkeit<\/a><\/div><div class=\"doc\"><a href=\"https:\/\/www.sheddaquarium.org\/stories\/sustainability-at-shedd\" target=\"_blank\">Nachhaltigkeit bei Shedd<\/a><\/div><div class=\"doc\"><a href=\"https:\/\/www.henryvilaszoo.gov\/conservation\/\" target=\"_blank\">Walking the Talk of Sustainability<\/a><\/div><div class=\"doc\"><a href=\"https:\/\/longwoodgardens.org\/sustainability\/water-conservation\" target=\"_blank\">Water Conservation<\/a><\/div><div class=\"doc\"><a href=\"https:\/\/climatetoolkit.org\/de\/water-efficiency-a-case-study\/\" target=\"_blank\">Wassereffizienz: Eine Fallstudie<\/a><\/div><\/div><\/div><div class=\"resource-columns\"><div class=\"resource-image\"><img decoding=\"async\" src=\"https:\/\/climatetoolkit.org\/wp-content\/uploads\/2021\/07\/plate-250x250.png\" alt=\"\" \/><\/div><div ><h2 class=\"category-header\">Lebensmittelservice<\/h2><div class=\"doc\"><a href=\"https:\/\/climatetoolkit.org\/de\/climate-toolkit-webinar-vegan-and-vegetarian-foods\/\" target=\"_blank\">Webinar zum Klima-Toolkit: Vegane und vegetarische Lebensmittel<\/a><\/div><div class=\"doc\"><a href=\"http:\/\/climatetoolkit.org\/wp-content\/uploads\/2019\/10\/Local-Food-Purchases.pdf\" target=\"_blank\">Lokale Eink\u00e4ufe von Lebensmitteln: Reduzierung der Transportkosten und Unterst\u00fctzung lokaler Landwirte<\/a><\/div><div class=\"doc\"><a href=\"https:\/\/climatetoolkit.org\/de\/nature-positive-carbon-negative-an-interview-with-duke-farms\/\" target=\"_blank\">Naturpositiv, kohlenstoffnegativ: Ein Interview mit Duke Farms<\/a><\/div><\/div><\/div><div class=\"resource-columns\"><div class=\"resource-image\"><img decoding=\"async\" src=\"https:\/\/climatetoolkit.org\/wp-content\/uploads\/2021\/07\/bus-250x250.png\" alt=\"\" \/><\/div><div ><h2 class=\"category-header\">Transport<\/h2><div class=\"doc\"><a href=\"http:\/\/climatetoolkit.org\/wp-content\/uploads\/2019\/10\/Alternate-Travel.pdf\" target=\"_blank\">Alternatives Reisen: Weniger Fahrten mit nur einem Fahrer zu Ihrer Einrichtung<\/a><\/div><div class=\"doc\"><a href=\"https:\/\/climatetoolkit.org\/de\/nature-positive-carbon-negative-an-interview-with-duke-farms\/\" target=\"_blank\">Naturpositiv, kohlenstoffnegativ: Ein Interview mit Duke Farms<\/a><\/div><div class=\"doc\"><a href=\"https:\/\/www.visitokc.com\/articles\/post\/new-grants-partnership-aid-okc-zoos-sustainability-goals\/\" target=\"_blank\">Die Nachhaltigkeitsziele des OKC Zoo<\/a><\/div><div class=\"doc\"><a href=\"https:\/\/climatetoolkit.org\/de\/parking-transportation-and-energy-incentives-at-phipps-conservatory\/\" target=\"_blank\">Anreize f\u00fcr Parken, Verkehr und Energie<\/a><\/div><div class=\"doc\"><a href=\"https:\/\/www.henryvilaszoo.gov\/conservation\/\" target=\"_blank\">Walking the Talk of Sustainability<\/a><\/div><\/div><\/div><div class=\"resource-columns\"><div class=\"resource-image\"><img decoding=\"async\" src=\"https:\/\/climatetoolkit.org\/wp-content\/uploads\/2021\/07\/waste-250x250.png\" alt=\"\" \/><\/div><div ><h2 class=\"category-header\">Abfall<\/h2><div class=\"doc\"><a href=\"https:\/\/reidparkzoo.org\/conservation\/\" target=\"_blank\">Conservation &#8211; It&#8217;s Our Mission<\/a><\/div><div class=\"doc\"><a href=\"https:\/\/www.houstonzoo.org\/blog\/houston-zoo-leads-the-charge-towards-a-greener-future\/\" target=\"_blank\">Der Zoo von Houston ist f\u00fchrend auf dem Weg in eine gr\u00fcnere Zukunft<\/a><\/div><div class=\"doc\"><a href=\"https:\/\/www.visitokc.com\/articles\/post\/new-grants-partnership-aid-okc-zoos-sustainability-goals\/\" target=\"_blank\">Die Nachhaltigkeitsziele des OKC Zoo<\/a><\/div><div class=\"doc\"><a href=\"https:\/\/climatetoolkit.org\/de\/plastics-reduction-a-resource-guide\/\" target=\"_blank\">Reduzierung von Kunststoffen: Ein Ressourcenleitfaden<\/a><\/div><div class=\"doc\"><a href=\"https:\/\/longwoodgardens.org\/sustainability\/recycling-and-composting\" target=\"_blank\">Recycling and Composting<\/a><\/div><div class=\"doc\"><a href=\"https:\/\/www.akronzoo.org\/sustainability\" target=\"_blank\">Nachhaltigkeit<\/a><\/div><div class=\"doc\"><a href=\"https:\/\/www.sheddaquarium.org\/stories\/sustainability-at-shedd\" target=\"_blank\">Nachhaltigkeit bei Shedd<\/a><\/div><div class=\"doc\"><a href=\"https:\/\/www.trlibrary.com\/project\/sustainability\" target=\"_blank\">Sustainability Vision<\/a><\/div><div class=\"doc\"><a href=\"https:\/\/climatetoolkit.org\/de\/the-climate-toolkit-webinar-5-single-use-plastics-reduction-measures-advocacy-and-public-outreach\/\" target=\"_blank\">Das Klima-Toolkit Webinar 5: Einweg-Plastik: Reduktionsma\u00dfnahmen, Advocacy und \u00d6ffentlichkeitsarbeit<\/a><\/div><div class=\"doc\"><a href=\"https:\/\/www.henryvilaszoo.gov\/conservation\/\" target=\"_blank\">Walking the Talk of Sustainability<\/a><\/div><div class=\"doc\"><a href=\"https:\/\/climatetoolkit.org\/de\/waste-management-at-coastal-maine-botanic-gardens\/\" target=\"_blank\">Abfallwirtschaft in den Botanischen G\u00e4rten von Coastal Maine<\/a><\/div><div class=\"doc\"><a href=\"http:\/\/climatetoolkit.org\/wp-content\/uploads\/2019\/10\/Waste-Not.pdf\" target=\"_blank\">Nicht verschwenden: Verantwortungsvolle Entsorgung aller Lebensmittelabf\u00e4lle und fast aller Restaurantprodukte<\/a><\/div><\/div><\/div><div class=\"resource-columns\"><div class=\"resource-image\"><img decoding=\"async\" src=\"https:\/\/climatetoolkit.org\/wp-content\/uploads\/2021\/07\/flower-250x250.png\" alt=\"\" \/><\/div><div ><h2 class=\"category-header\">Landschaften und Gartenbau<\/h2><div class=\"doc\"><a href=\"https:\/\/climatetoolkit.org\/de\/an-introduction-to-the-benefits-of-trees-at-morton-arboretum\/\" target=\"_blank\">Eine Einf\u00fchrung in die Vorteile von B\u00e4umen im Morton Arboretum<\/a><\/div><div class=\"doc\"><a href=\"https:\/\/www.gardenista.com\/posts\/ask-expert-longue-vues-simeon-benjamin-integrated-pest-management\/\" target=\"_blank\">Fragen Sie einen Experten: Nat\u00fcrliche Sch\u00e4dlings- und Unkrautbek\u00e4mpfung<\/a><\/div><div class=\"doc\"><a href=\"https:\/\/www.youtube.com\/watch?v=uj6NSEVe8rw\" target=\"_blank\">Klima-Toolkit Webinar 6: \"Integrierter Pflanzenschutz, drinnen und drau\u00dfen\"<\/a><\/div><div class=\"doc\"><a href=\"https:\/\/climatetoolkit.org\/de\/climate-toolkit-webinar-sustainable-landcare-and-ecological-outreach\/\" target=\"_blank\">Klima-Toolkit-Webinar: Nachhaltige Landpflege und \u00f6kologische Aufkl\u00e4rungsarbeit<\/a><\/div><div class=\"doc\"><a href=\"https:\/\/climatetoolkit.org\/de\/electric-horticulture-equipment-what-were-using\/\" target=\"_blank\">Elektrische Gartenbauger\u00e4te: Was wir verwenden<\/a><\/div><div class=\"doc\"><a href=\"https:\/\/www.botaniska.se\/om-botaniska\/miljoarbete\/\" target=\"_blank\">Umweltarbeit<\/a><\/div><div class=\"doc\"><a href=\"https:\/\/holdenfg.org\/blog\/how-nonnative-plants-respond-to-climate-change-holden-arboretum-researchers-report\/\" target=\"_blank\">How Nonnative Plants Respond to Climate Change<\/a><\/div><div class=\"doc\"><a href=\"https:\/\/climatetoolkit.org\/de\/how-to-reduce-pesticide-use\/\" target=\"_blank\">Wie Sie Ihren Pestizideinsatz reduzieren k\u00f6nnen<\/a><\/div><div class=\"doc\"><a href=\"https:\/\/climatetoolkit.org\/wp-content\/uploads\/2022\/04\/Pesticide-Checklist-1.pdf\" target=\"_blank\">Integrierte Sch\u00e4dlingsbek\u00e4mpfung (IPM) Checkliste<\/a><\/div><div class=\"doc\"><a href=\"https:\/\/longwoodgardens.org\/sustainability\/land-stewardship-management\" target=\"_blank\">Land Stewardship &#038; Ecology<\/a><\/div><div class=\"doc\"><a href=\"https:\/\/sustainablecampus.cornell.edu\/campus-initiatives\/land-water\/sustainable-landscapes-trail\/botanic-gardens-native-lawn\" target=\"_blank\">Demonstration einheimischen Rasens - Cornell Botanic Gardens<\/a><\/div><div class=\"doc\"><a href=\"https:\/\/climatetoolkit.org\/de\/nature-positive-carbon-negative-an-interview-with-duke-farms\/\" target=\"_blank\">Naturpositiv, kohlenstoffnegativ: Ein Interview mit Duke Farms<\/a><\/div><div class=\"doc\"><a href=\"https:\/\/climatetoolkit.org\/de\/reducing-your-pesticide-and-fertilizer-use-with-integrated-pest-management\/\" target=\"_blank\">Reduzieren Sie Ihren Pestizid- und D\u00fcngemitteleinsatz durch integrierten Pflanzenschutz<\/a><\/div><div class=\"doc\"><a href=\"https:\/\/www.cutter.com\/article\/nature-positive-carbon-negative-reimagining-role-campuses-peri-urban-communities\" target=\"_blank\">Die Rolle von Campus und Stadtrandgemeinden neu denken<\/a><\/div><\/div><\/div><div class=\"resource-columns\"><div class=\"resource-image\"><img decoding=\"async\" src=\"https:\/\/climatetoolkit.org\/wp-content\/uploads\/2021\/07\/investing-250x250.png\" alt=\"\" \/><\/div><div ><h2 class=\"category-header\">Investitionen<\/h2><div class=\"doc\"><a href=\"https:\/\/climatetoolkit.org\/de\/climate-toolkit-webinar-divesting-from-fossil-fuels-and-responsible-investing\/\" target=\"_blank\">Webinar zum Klima-Toolkit: Abkehr von fossilen Brennstoffen und verantwortungsvolles Investieren<\/a><\/div><div class=\"doc\"><a href=\"http:\/\/climatetoolkit.org\/wp-content\/uploads\/2020\/01\/Sustainable-Investing-1.pdf\" target=\"_blank\">Nachhaltiges Investieren: Ein praktischer Leitfaden f\u00fcr Museen (American Alliance of Museums)<\/a><\/div><\/div><\/div><div class=\"resource-columns\"><div class=\"resource-image\"><img decoding=\"async\" src=\"https:\/\/climatetoolkit.org\/wp-content\/uploads\/2021\/07\/network-250x250.png\" alt=\"\" \/><\/div><div ><h2 class=\"category-header\">Verlobung<\/h2><div class=\"doc\"><a href=\"http:\/\/climatetoolkit.org\/wp-content\/uploads\/2019\/09\/Converting_to_Green_Energy.pdf\" target=\"_blank\">Eine Win-Win-Win-Situation: Wie man G\u00e4ste dazu bringt, auf erneuerbare Energien umzusteigen, um ihr Haus mit Strom zu versorgen<\/a><\/div><div class=\"doc\"><a href=\"https:\/\/www.climate-heroes.org\/\" target=\"_blank\">Klima-Aktions-Helden<\/a><\/div><div class=\"doc\"><a href=\"http:\/\/climatetoolkit.org\/wp-content\/uploads\/2019\/10\/Climate-Action.pdf\" target=\"_blank\">Klima-Aktion: Die Zeit ist reif<\/a><\/div><div class=\"doc\"><a href=\"https:\/\/www.climatecafe.eco\/\" target=\"_blank\">Klima-Caf\u00e9 NYC<\/a><\/div><div class=\"doc\"><a href=\"https:\/\/cornellbotanicgardens.org\/explore\/gardens\/climate-change-demonstration-garden\/\" target=\"_blank\">Demonstrationsgarten zum Klimawandel<\/a><\/div><div class=\"doc\"><a href=\"https:\/\/www.wildcenter.org\/our-work\/youth-climate-program\/resources\/\" target=\"_blank\">Ressourcen f\u00fcr die Klimabildung<\/a><\/div><div class=\"doc\"><a href=\"https:\/\/www.climateimaginarium.org\/\" target=\"_blank\">Klima-Imaginarium<\/a><\/div><div class=\"doc\"><a href=\"https:\/\/www.amnh.org\/exhibitions\/permanent\/climate-learning-lab\" target=\"_blank\">Klima-Labor<\/a><\/div><div class=\"doc\"><a href=\"https:\/\/www.amnh.org\/calendar\/climatefest\" target=\"_blank\">KlimaFest<\/a><\/div><div class=\"doc\"><a href=\"http:\/\/climatetoolkit.org\/wp-content\/uploads\/2019\/10\/Impact-of-Food-Choices.pdf\" target=\"_blank\">Entscheidungen bei Lebensmitteln: Dem Klimawandel ein Schnippchen schlagen<\/a><\/div><div class=\"doc\"><a href=\"http:\/\/climatetoolkit.org\/wp-content\/uploads\/2019\/10\/Growing-Organic.pdf\" target=\"_blank\">Biologisch anbauen: Lebensmittel, die gut f\u00fcr Sie und den Planeten sind<\/a><\/div><div class=\"doc\"><a href=\"https:\/\/climatetoolkit.org\/de\/nature-positive-carbon-negative-an-interview-with-duke-farms\/\" target=\"_blank\">Naturpositiv, kohlenstoffnegativ: Ein Interview mit Duke Farms<\/a><\/div><div class=\"doc\"><a href=\"http:\/\/climatetoolkit.org\/wp-content\/uploads\/2019\/10\/Sustainable-Horticulture.pdf\" target=\"_blank\">Nachhaltiger Gartenbau: Die richtigen Pflanzen, die richtigen Orte, die richtigen Praktiken<\/a><\/div><div class=\"doc\"><a href=\"https:\/\/climatetoolkit.org\/de\/to-engage-employees-on-climate-action-hillwood-brings-the-heat\/\" target=\"_blank\">Um die Mitarbeiter f\u00fcr den Klimaschutz zu gewinnen, bringt Hillwood die HEAT<\/a><\/div><div class=\"doc\"><a href=\"https:\/\/climatetoolkit.org\/de\/watch-the-climate-toolkit-webinar-climate-communication\/\" target=\"_blank\">Sehen Sie sich das Climate Toolkit Webinar an: Klimakommunikation - Wie Sie mit Ihren Interessenvertretern \u00fcber den Klimawandel sprechen<\/a><\/div><\/div><\/div><div class=\"resource-columns\"><div class=\"resource-image\"><img decoding=\"async\" src=\"https:\/\/climatetoolkit.org\/wp-content\/uploads\/2021\/07\/magnifying-glass-250x250.png\" alt=\"\" \/><\/div><div ><h2 class=\"category-header\">Forschung<\/h2><div class=\"doc\"><a href=\"https:\/\/climatetoolkit.org\/de\/biochar-research-at-morton-arboretum\/\" target=\"_blank\">Biokohle-Forschung im Morton Arboretum<\/a><\/div><div class=\"doc\"><a href=\"https:\/\/holdenfg.org\/blog\/how-nonnative-plants-respond-to-climate-change-holden-arboretum-researchers-report\/\" target=\"_blank\">How Nonnative Plants Respond to Climate Change<\/a><\/div><div class=\"doc\"><a href=\"https:\/\/climatetoolkit.org\/de\/nature-positive-carbon-negative-an-interview-with-duke-farms\/\" target=\"_blank\">Naturpositiv, kohlenstoffnegativ: Ein Interview mit Duke Farms<\/a><\/div><div class=\"doc\"><a href=\"https:\/\/www.cutter.com\/article\/nature-positive-carbon-negative-reimagining-role-campuses-peri-urban-communities\" target=\"_blank\">Die Rolle von Campus und Stadtrandgemeinden neu denken<\/a><\/div><div class=\"doc\"><a href=\"https:\/\/climatetoolkit.org\/de\/sea-level-rise-initiative\/\" target=\"_blank\">Initiative zum Meeresspiegelanstieg<\/a><\/div><div class=\"doc\"><a href=\"https:\/\/www.botaniska.se\/om-botaniska\/miljoarbete\/vader-och-klimat\/\" target=\"_blank\">Wetter und Klima<\/a><\/div><\/div><\/div><\/div><\/div>","protected":false},"excerpt":{"rendered":"<p>Ressourcenbibliothek<\/p>","protected":false},"author":1,"featured_media":0,"parent":0,"menu_order":0,"comment_status":"closed","ping_status":"closed","template":"","meta":{"_acf_changed":false,"inline_featured_image":false,"advgb_blocks_editor_width":"","advgb_blocks_columns_visual_guide":"","footnotes":""},"class_list":["post-2064","page","type-page","status-publish","hentry"],"acf":[],"yoast_head":"<!-- This site is optimized with the Yoast SEO plugin v27.4 - https:\/\/yoast.com\/product\/yoast-seo-wordpress\/ -->\n<title>Resource Library - The Climate Toolkit<\/title>\n<meta name=\"robots\" content=\"index, follow, max-snippet:-1, max-image-preview:large, max-video-preview:-1\" \/>\n<link rel=\"canonical\" href=\"https:\/\/climatetoolkit.org\/de\/resource-library\/\" \/>\n<meta property=\"og:locale\" content=\"de_DE\" \/>\n<meta property=\"og:type\" content=\"article\" \/>\n<meta property=\"og:title\" content=\"Resource Library - The Climate Toolkit\" \/>\n<meta property=\"og:description\" content=\"Resource Library\" \/>\n<meta property=\"og:url\" content=\"https:\/\/climatetoolkit.org\/de\/resource-library\/\" \/>\n<meta property=\"og:site_name\" content=\"The Climate Toolkit\" \/>\n<meta property=\"article:modified_time\" content=\"2023-03-24T13:41:12+00:00\" \/>\n<meta name=\"twitter:card\" content=\"summary_large_image\" \/>\n<meta name=\"twitter:label1\" content=\"Gesch\u00e4tzte Lesezeit\" \/>\n\t<meta name=\"twitter:data1\" content=\"1\u00a0Minute\" \/>\n<script type=\"application\/ld+json\" class=\"yoast-schema-graph\">{\"@context\":\"https:\\\/\\\/schema.org\",\"@graph\":[{\"@type\":\"WebPage\",\"@id\":\"https:\\\/\\\/climatetoolkit.org\\\/resource-library\\\/\",\"url\":\"https:\\\/\\\/climatetoolkit.org\\\/resource-library\\\/\",\"name\":\"Resource Library - The Climate Toolkit\",\"isPartOf\":{\"@id\":\"https:\\\/\\\/climatetoolkit.org\\\/#website\"},\"datePublished\":\"2023-03-24T13:39:39+00:00\",\"dateModified\":\"2023-03-24T13:41:12+00:00\",\"breadcrumb\":{\"@id\":\"https:\\\/\\\/climatetoolkit.org\\\/resource-library\\\/#breadcrumb\"},\"inLanguage\":\"de\",\"potentialAction\":[{\"@type\":\"ReadAction\",\"target\":[\"https:\\\/\\\/climatetoolkit.org\\\/resource-library\\\/\"]}]},{\"@type\":\"BreadcrumbList\",\"@id\":\"https:\\\/\\\/climatetoolkit.org\\\/resource-library\\\/#breadcrumb\",\"itemListElement\":[{\"@type\":\"ListItem\",\"position\":1,\"name\":\"Home\",\"item\":\"https:\\\/\\\/climatetoolkit.org\\\/\"},{\"@type\":\"ListItem\",\"position\":2,\"name\":\"Resource Library\"}]},{\"@type\":\"WebSite\",\"@id\":\"https:\\\/\\\/climatetoolkit.org\\\/#website\",\"url\":\"https:\\\/\\\/climatetoolkit.org\\\/\",\"name\":\"The Climate Toolkit\",\"description\":\"For Museums, Gardens and Zoos\",\"publisher\":{\"@id\":\"https:\\\/\\\/climatetoolkit.org\\\/#organization\"},\"potentialAction\":[{\"@type\":\"SearchAction\",\"target\":{\"@type\":\"EntryPoint\",\"urlTemplate\":\"https:\\\/\\\/climatetoolkit.org\\\/?s={search_term_string}\"},\"query-input\":{\"@type\":\"PropertyValueSpecification\",\"valueRequired\":true,\"valueName\":\"search_term_string\"}}],\"inLanguage\":\"de\"},{\"@type\":\"Organization\",\"@id\":\"https:\\\/\\\/climatetoolkit.org\\\/#organization\",\"name\":\"The Climate Toolkit\",\"url\":\"https:\\\/\\\/climatetoolkit.org\\\/\",\"logo\":{\"@type\":\"ImageObject\",\"inLanguage\":\"de\",\"@id\":\"https:\\\/\\\/climatetoolkit.org\\\/#\\\/schema\\\/logo\\\/image\\\/\",\"url\":\"https:\\\/\\\/climatetoolkit.org\\\/wp-content\\\/uploads\\\/2020\\\/05\\\/C_logo.png\",\"contentUrl\":\"https:\\\/\\\/climatetoolkit.org\\\/wp-content\\\/uploads\\\/2020\\\/05\\\/C_logo.png\",\"width\":512,\"height\":512,\"caption\":\"The Climate Toolkit\"},\"image\":{\"@id\":\"https:\\\/\\\/climatetoolkit.org\\\/#\\\/schema\\\/logo\\\/image\\\/\"}}]}<\/script>\n<!-- \/ Yoast SEO plugin. -->","yoast_head_json":{"title":"Resource Library - The Climate Toolkit","robots":{"index":"index","follow":"follow","max-snippet":"max-snippet:-1","max-image-preview":"max-image-preview:large","max-video-preview":"max-video-preview:-1"},"canonical":"https:\/\/climatetoolkit.org\/de\/resource-library\/","og_locale":"de_DE","og_type":"article","og_title":"Resource Library - The Climate Toolkit","og_description":"Resource Library","og_url":"https:\/\/climatetoolkit.org\/de\/resource-library\/","og_site_name":"The Climate Toolkit","article_modified_time":"2023-03-24T13:41:12+00:00","twitter_card":"summary_large_image","twitter_misc":{"Gesch\u00e4tzte Lesezeit":"1\u00a0Minute"},"schema":{"@context":"https:\/\/schema.org","@graph":[{"@type":"WebPage","@id":"https:\/\/climatetoolkit.org\/resource-library\/","url":"https:\/\/climatetoolkit.org\/resource-library\/","name":"Resource Library - The Climate Toolkit","isPartOf":{"@id":"https:\/\/climatetoolkit.org\/#website"},"datePublished":"2023-03-24T13:39:39+00:00","dateModified":"2023-03-24T13:41:12+00:00","breadcrumb":{"@id":"https:\/\/climatetoolkit.org\/resource-library\/#breadcrumb"},"inLanguage":"de","potentialAction":[{"@type":"ReadAction","target":["https:\/\/climatetoolkit.org\/resource-library\/"]}]},{"@type":"BreadcrumbList","@id":"https:\/\/climatetoolkit.org\/resource-library\/#breadcrumb","itemListElement":[{"@type":"ListItem","position":1,"name":"Home","item":"https:\/\/climatetoolkit.org\/"},{"@type":"ListItem","position":2,"name":"Resource Library"}]},{"@type":"WebSite","@id":"https:\/\/climatetoolkit.org\/#website","url":"https:\/\/climatetoolkit.org\/","name":"Das Klima-Toolkit","description":"F\u00fcr Museen, G\u00e4rten und Zoos","publisher":{"@id":"https:\/\/climatetoolkit.org\/#organization"},"potentialAction":[{"@type":"SearchAction","target":{"@type":"EntryPoint","urlTemplate":"https:\/\/climatetoolkit.org\/?s={search_term_string}"},"query-input":{"@type":"PropertyValueSpecification","valueRequired":true,"valueName":"search_term_string"}}],"inLanguage":"de"},{"@type":"Organization","@id":"https:\/\/climatetoolkit.org\/#organization","name":"Das Klima-Toolkit","url":"https:\/\/climatetoolkit.org\/","logo":{"@type":"ImageObject","inLanguage":"de","@id":"https:\/\/climatetoolkit.org\/#\/schema\/logo\/image\/","url":"https:\/\/climatetoolkit.org\/wp-content\/uploads\/2020\/05\/C_logo.png","contentUrl":"https:\/\/climatetoolkit.org\/wp-content\/uploads\/2020\/05\/C_logo.png","width":512,"height":512,"caption":"The Climate Toolkit"},"image":{"@id":"https:\/\/climatetoolkit.org\/#\/schema\/logo\/image\/"}}]}},"coauthors":[],"author_meta":{"author_link":"https:\/\/climatetoolkit.org\/de\/author\/webmaster\/","display_name":"Web Master"},"relative_dates":{"created":"Posted 3\u00a0Jahren ago","modified":"Updated 3\u00a0Jahren ago"},"absolute_dates":{"created":"Posted on M\u00e4rz 24, 2023","modified":"Updated on M\u00e4rz 24, 2023"},"absolute_dates_time":{"created":"Posted on M\u00e4rz 24, 2023 9:39 a.m.","modified":"Updated on M\u00e4rz 24, 2023 9:41 a.m."},"featured_img_caption":"","featured_img":false,"series_order":"","_links":{"self":[{"href":"https:\/\/climatetoolkit.org\/de\/wp-json\/wp\/v2\/pages\/2064","targetHints":{"allow":["GET"]}}],"collection":[{"href":"https:\/\/climatetoolkit.org\/de\/wp-json\/wp\/v2\/pages"}],"about":[{"href":"https:\/\/climatetoolkit.org\/de\/wp-json\/wp\/v2\/types\/page"}],"author":[{"embeddable":true,"href":"https:\/\/climatetoolkit.org\/de\/wp-json\/wp\/v2\/users\/1"}],"replies":[{"embeddable":true,"href":"https:\/\/climatetoolkit.org\/de\/wp-json\/wp\/v2\/comments?post=2064"}],"version-history":[{"count":0,"href":"https:\/\/climatetoolkit.org\/de\/wp-json\/wp\/v2\/pages\/2064\/revisions"}],"wp:attachment":[{"href":"https:\/\/climatetoolkit.org\/de\/wp-json\/wp\/v2\/media?parent=2064"}],"curies":[{"name":"wp","href":"https:\/\/api.w.org\/{rel}","templated":true}]}}