{"id":1260,"date":"2021-10-18T14:22:30","date_gmt":"2021-10-18T18:22:30","guid":{"rendered":"https:\/\/climatetoolkit.org\/?page_id=1260"},"modified":"2024-11-12T09:15:03","modified_gmt":"2024-11-12T14:15:03","slug":"newsletter","status":"publish","type":"page","link":"https:\/\/climatetoolkit.org\/de\/newsletter\/","title":{"rendered":"Melden Sie sich f\u00fcr den Newsletter und den Listserv des Climate Toolkit an"},"content":{"rendered":"<h2 class=\"wp-block-heading\">Melden Sie sich f\u00fcr den Newsletter und den Listserv des Climate Toolkit an<\/h2>\n\n\n\n<p>Das Klima-Toolkit ist eine M\u00f6glichkeit der Zusammenarbeit f\u00fcr <strong>Museen, G\u00e4rten, Zoos, Wissenschaftszentren, Naturzentren, Feldstationen<\/strong>\u00a0und verwandten Einrichtungen, die lernen wollen, wie man\u00a0<strong>den Klimawandel offensiv angehen<\/strong>\u00a0innerhalb ihrer eigenen Organisationen und inspirieren die Gemeinschaften, denen sie dienen, ihrem Beispiel zu folgen. <strong>Abonnieren Sie unseren monatlichen Newsletter<\/strong> um \u00fcber unsere neuesten Ressourcen, Veranstaltungen und andere hilfreiche Informationen informiert zu werden.<\/p>\n\n\n\n<div class=\"wp-block-group\"><div class=\"wp-block-group__inner-container is-layout-constrained wp-block-group-is-layout-constrained\">\n<div class=\"wp-block-buttons is-layout-flex wp-block-buttons-is-layout-flex\">\n<div class=\"wp-block-button\" style=\"font-style:normal;font-weight:700\"><a class=\"wp-block-button__link has-white-color has-luminous-vivid-amber-background-color has-text-color has-background has-link-color wp-element-button\" href=\"https:\/\/phippsconservatory.prospect2.com\/f\/11\" style=\"border-radius:4px\">Anmeldung<\/a><\/div>\n<\/div>\n<\/div><\/div>\n\n\n\n<p id=\"listserv\">Wir freuen uns, die <strong>Klima-Werkzeugkasten Listserv <\/strong>um kleinere Unterhaltungen \u00fcber den Klimawandel per E-Mail zu erm\u00f6glichen. Der Listserv steht allen Fachleuten zur Verf\u00fcgung, die in einem <strong>Museum, Garten, Zoo, Wissenschaftszentrum, Naturzentrum, Feldstation<\/strong>\u00a0oder einer verwandten Einrichtung. Wir hoffen, dass die Mitglieder diese Seite nutzen werden, um Fragen zu stellen und Neuigkeiten auszutauschen, w\u00e4hrend jede unserer Institutionen ihre Arbeit zur Bek\u00e4mpfung des Klimawandels fortsetzt.<\/p>\n\n\n\n<p>Der Listserv bietet Ihnen drei Optionen f\u00fcr den Empfang von Nachrichten:&nbsp;<\/p>\n\n\n\n<ol class=\"wp-block-list\">\n<li><strong>Unmittelbar<\/strong>: Jede gesendete Nachricht wird sofort in Ihrem Posteingang abgelegt.&nbsp;<\/li>\n\n\n\n<li><strong>Daily Digest<\/strong>: Sie erhalten t\u00e4glich eine E-Mail mit allen Nachrichten des jeweiligen Tages. Sie k\u00f6nnen durch die vorherigen Nachrichten bl\u00e4ttern, um sie einzeln anzusehen.<\/li>\n\n\n\n<li><strong>Alle Nachrichten anhalten<\/strong>: Sie k\u00f6nnen die Nachrichten jederzeit unterbrechen, wenn Sie dies w\u00fcnschen.&nbsp;<\/li>\n<\/ol>\n\n\n\n<p>Wir freuen uns darauf, mit Ihnen auf diese neue Weise in Kontakt zu treten!<\/p>\n\n\n\n<form method=\"post\" action=\"https:\/\/gaggle.email\/join\/climatetoolkit@gaggle.email\">\n    <div>\n<label for=\"mce-Name\">Vor- und Nachname <\/label>\n        <input name=\"name\" type=\"text\" placeholder=\" \">\n    <\/div>\n\t<label for=\"mce-EMAIL\">E-Mail Adresse <\/label>\n   <input name=\"email\" type=\"email\" placeholder=\" \">\n<div class=\"mc-field-group\">\n <\/div>\n <div>\n    <button>Gruppe beitreten<\/button>\n    <\/div>\n<\/form>","protected":false},"excerpt":{"rendered":"<p>Melden Sie sich f\u00fcr den Newsletter und den Listserv des Climate Toolkit an. Das Climate Toolkit ist ein gemeinsames Angebot f\u00fcr Museen, G\u00e4rten, Zoos, Wissenschaftszentren, Naturzentren, Feldstationen und \u00e4hnliche Einrichtungen, die lernen m\u00f6chten, wie sie den Klimawandel in ihren eigenen Organisationen aktiv angehen k\u00f6nnen ...<\/p>\n<p class=\"read-more\"> <a class=\"\" href=\"https:\/\/climatetoolkit.org\/de\/newsletter\/\"> <span class=\"screen-reader-text\">Melden Sie sich f\u00fcr den Newsletter und den Listserv des Climate Toolkit an<\/span> Weiterlesen \"<\/a><\/p>","protected":false},"author":2,"featured_media":0,"parent":0,"menu_order":0,"comment_status":"closed","ping_status":"closed","template":"","meta":{"_acf_changed":false,"inline_featured_image":false,"advgb_blocks_editor_width":"","advgb_blocks_columns_visual_guide":"","footnotes":""},"class_list":["post-1260","page","type-page","status-publish","hentry"],"acf":[],"yoast_head":"<!-- This site is optimized with the Yoast SEO plugin v27.3 - https:\/\/yoast.com\/product\/yoast-seo-wordpress\/ -->\n<title>Sign Up for The Climate Toolkit Newsletter and Listserv - The Climate Toolkit<\/title>\n<meta name=\"robots\" content=\"index, follow, max-snippet:-1, max-image-preview:large, max-video-preview:-1\" \/>\n<link rel=\"canonical\" href=\"https:\/\/climatetoolkit.org\/de\/newsletter\/\" \/>\n<meta property=\"og:locale\" content=\"de_DE\" \/>\n<meta property=\"og:type\" content=\"article\" \/>\n<meta property=\"og:title\" content=\"Sign Up for The Climate Toolkit Newsletter and Listserv - The Climate Toolkit\" \/>\n<meta property=\"og:description\" content=\"Sign Up for The Climate Toolkit Newsletter and Listserv The Climate Toolkit is a collaborative opportunity for museums, gardens, zoos, science centers, nature centers, field stations\u00a0and related institutions who want to learn how to\u00a0aggressively address climate change\u00a0within their own organizations &hellip; Sign Up for The Climate Toolkit Newsletter and Listserv Weiterlesen &raquo;\" \/>\n<meta property=\"og:url\" content=\"https:\/\/climatetoolkit.org\/de\/newsletter\/\" \/>\n<meta property=\"og:site_name\" content=\"The Climate Toolkit\" \/>\n<meta property=\"article:modified_time\" content=\"2024-11-12T14:15:03+00:00\" \/>\n<meta name=\"twitter:card\" content=\"summary_large_image\" \/>\n<meta name=\"twitter:label1\" content=\"Gesch\u00e4tzte Lesezeit\" \/>\n\t<meta name=\"twitter:data1\" content=\"1\u00a0Minute\" \/>\n<script type=\"application\/ld+json\" class=\"yoast-schema-graph\">{\"@context\":\"https:\\\/\\\/schema.org\",\"@graph\":[{\"@type\":\"WebPage\",\"@id\":\"https:\\\/\\\/climatetoolkit.org\\\/newsletter\\\/\",\"url\":\"https:\\\/\\\/climatetoolkit.org\\\/newsletter\\\/\",\"name\":\"Sign Up for The Climate Toolkit Newsletter and Listserv - The Climate Toolkit\",\"isPartOf\":{\"@id\":\"https:\\\/\\\/climatetoolkit.org\\\/#website\"},\"datePublished\":\"2021-10-18T18:22:30+00:00\",\"dateModified\":\"2024-11-12T14:15:03+00:00\",\"breadcrumb\":{\"@id\":\"https:\\\/\\\/climatetoolkit.org\\\/newsletter\\\/#breadcrumb\"},\"inLanguage\":\"de\",\"potentialAction\":[{\"@type\":\"ReadAction\",\"target\":[\"https:\\\/\\\/climatetoolkit.org\\\/newsletter\\\/\"]}]},{\"@type\":\"BreadcrumbList\",\"@id\":\"https:\\\/\\\/climatetoolkit.org\\\/newsletter\\\/#breadcrumb\",\"itemListElement\":[{\"@type\":\"ListItem\",\"position\":1,\"name\":\"Home\",\"item\":\"https:\\\/\\\/climatetoolkit.org\\\/\"},{\"@type\":\"ListItem\",\"position\":2,\"name\":\"Sign Up for The Climate Toolkit Newsletter and Listserv\"}]},{\"@type\":\"WebSite\",\"@id\":\"https:\\\/\\\/climatetoolkit.org\\\/#website\",\"url\":\"https:\\\/\\\/climatetoolkit.org\\\/\",\"name\":\"The Climate Toolkit\",\"description\":\"For Museums, Gardens and Zoos\",\"publisher\":{\"@id\":\"https:\\\/\\\/climatetoolkit.org\\\/#organization\"},\"potentialAction\":[{\"@type\":\"SearchAction\",\"target\":{\"@type\":\"EntryPoint\",\"urlTemplate\":\"https:\\\/\\\/climatetoolkit.org\\\/?s={search_term_string}\"},\"query-input\":{\"@type\":\"PropertyValueSpecification\",\"valueRequired\":true,\"valueName\":\"search_term_string\"}}],\"inLanguage\":\"de\"},{\"@type\":\"Organization\",\"@id\":\"https:\\\/\\\/climatetoolkit.org\\\/#organization\",\"name\":\"The Climate Toolkit\",\"url\":\"https:\\\/\\\/climatetoolkit.org\\\/\",\"logo\":{\"@type\":\"ImageObject\",\"inLanguage\":\"de\",\"@id\":\"https:\\\/\\\/climatetoolkit.org\\\/#\\\/schema\\\/logo\\\/image\\\/\",\"url\":\"https:\\\/\\\/climatetoolkit.org\\\/wp-content\\\/uploads\\\/2020\\\/05\\\/C_logo.png\",\"contentUrl\":\"https:\\\/\\\/climatetoolkit.org\\\/wp-content\\\/uploads\\\/2020\\\/05\\\/C_logo.png\",\"width\":512,\"height\":512,\"caption\":\"The Climate Toolkit\"},\"image\":{\"@id\":\"https:\\\/\\\/climatetoolkit.org\\\/#\\\/schema\\\/logo\\\/image\\\/\"}}]}<\/script>\n<!-- \/ Yoast SEO plugin. -->","yoast_head_json":{"title":"Melden Sie sich f\u00fcr den Newsletter und die Listserv des Climate Toolkit an - The Climate Toolkit","robots":{"index":"index","follow":"follow","max-snippet":"max-snippet:-1","max-image-preview":"max-image-preview:large","max-video-preview":"max-video-preview:-1"},"canonical":"https:\/\/climatetoolkit.org\/de\/newsletter\/","og_locale":"de_DE","og_type":"article","og_title":"Sign Up for The Climate Toolkit Newsletter and Listserv - The Climate Toolkit","og_description":"Sign Up for The Climate Toolkit Newsletter and Listserv The Climate Toolkit is a collaborative opportunity for museums, gardens, zoos, science centers, nature centers, field stations\u00a0and related institutions who want to learn how to\u00a0aggressively address climate change\u00a0within their own organizations &hellip; Sign Up for The Climate Toolkit Newsletter and Listserv Weiterlesen &raquo;","og_url":"https:\/\/climatetoolkit.org\/de\/newsletter\/","og_site_name":"The Climate Toolkit","article_modified_time":"2024-11-12T14:15:03+00:00","twitter_card":"summary_large_image","twitter_misc":{"Gesch\u00e4tzte Lesezeit":"1\u00a0Minute"},"schema":{"@context":"https:\/\/schema.org","@graph":[{"@type":"WebPage","@id":"https:\/\/climatetoolkit.org\/newsletter\/","url":"https:\/\/climatetoolkit.org\/newsletter\/","name":"Melden Sie sich f\u00fcr den Newsletter und die Listserv des Climate Toolkit an - The Climate Toolkit","isPartOf":{"@id":"https:\/\/climatetoolkit.org\/#website"},"datePublished":"2021-10-18T18:22:30+00:00","dateModified":"2024-11-12T14:15:03+00:00","breadcrumb":{"@id":"https:\/\/climatetoolkit.org\/newsletter\/#breadcrumb"},"inLanguage":"de","potentialAction":[{"@type":"ReadAction","target":["https:\/\/climatetoolkit.org\/newsletter\/"]}]},{"@type":"BreadcrumbList","@id":"https:\/\/climatetoolkit.org\/newsletter\/#breadcrumb","itemListElement":[{"@type":"ListItem","position":1,"name":"Home","item":"https:\/\/climatetoolkit.org\/"},{"@type":"ListItem","position":2,"name":"Sign Up for The Climate Toolkit Newsletter and Listserv"}]},{"@type":"WebSite","@id":"https:\/\/climatetoolkit.org\/#website","url":"https:\/\/climatetoolkit.org\/","name":"Das Klima-Toolkit","description":"F\u00fcr Museen, G\u00e4rten und Zoos","publisher":{"@id":"https:\/\/climatetoolkit.org\/#organization"},"potentialAction":[{"@type":"SearchAction","target":{"@type":"EntryPoint","urlTemplate":"https:\/\/climatetoolkit.org\/?s={search_term_string}"},"query-input":{"@type":"PropertyValueSpecification","valueRequired":true,"valueName":"search_term_string"}}],"inLanguage":"de"},{"@type":"Organization","@id":"https:\/\/climatetoolkit.org\/#organization","name":"Das Klima-Toolkit","url":"https:\/\/climatetoolkit.org\/","logo":{"@type":"ImageObject","inLanguage":"de","@id":"https:\/\/climatetoolkit.org\/#\/schema\/logo\/image\/","url":"https:\/\/climatetoolkit.org\/wp-content\/uploads\/2020\/05\/C_logo.png","contentUrl":"https:\/\/climatetoolkit.org\/wp-content\/uploads\/2020\/05\/C_logo.png","width":512,"height":512,"caption":"The Climate Toolkit"},"image":{"@id":"https:\/\/climatetoolkit.org\/#\/schema\/logo\/image\/"}}]}},"coauthors":[],"author_meta":{"author_link":"https:\/\/climatetoolkit.org\/de\/author\/joe\/","display_name":"joe reed"},"relative_dates":{"created":"Posted 4\u00a0Jahren ago","modified":"Updated 1\u00a0Jahr ago"},"absolute_dates":{"created":"Posted on Oktober 18, 2021","modified":"Updated on November 12, 2024"},"absolute_dates_time":{"created":"Posted on Oktober 18, 2021 2:22 p.m.","modified":"Updated on November 12, 2024 9:15 a.m."},"featured_img_caption":"","featured_img":false,"series_order":"","_links":{"self":[{"href":"https:\/\/climatetoolkit.org\/de\/wp-json\/wp\/v2\/pages\/1260","targetHints":{"allow":["GET"]}}],"collection":[{"href":"https:\/\/climatetoolkit.org\/de\/wp-json\/wp\/v2\/pages"}],"about":[{"href":"https:\/\/climatetoolkit.org\/de\/wp-json\/wp\/v2\/types\/page"}],"author":[{"embeddable":true,"href":"https:\/\/climatetoolkit.org\/de\/wp-json\/wp\/v2\/users\/2"}],"replies":[{"embeddable":true,"href":"https:\/\/climatetoolkit.org\/de\/wp-json\/wp\/v2\/comments?post=1260"}],"version-history":[{"count":1,"href":"https:\/\/climatetoolkit.org\/de\/wp-json\/wp\/v2\/pages\/1260\/revisions"}],"predecessor-version":[{"id":3922,"href":"https:\/\/climatetoolkit.org\/de\/wp-json\/wp\/v2\/pages\/1260\/revisions\/3922"}],"wp:attachment":[{"href":"https:\/\/climatetoolkit.org\/de\/wp-json\/wp\/v2\/media?parent=1260"}],"curies":[{"name":"wp","href":"https:\/\/api.w.org\/{rel}","templated":true}]}}