{"id":987,"date":"2021-08-16T13:46:24","date_gmt":"2021-08-16T17:46:24","guid":{"rendered":"https:\/\/climatetoolkit.org\/?page_id=987"},"modified":"2023-03-16T14:01:52","modified_gmt":"2023-03-16T18:01:52","slug":"how-to-join-the-climate-toolkit","status":"publish","type":"page","link":"https:\/\/climatetoolkit.org\/cs\/how-to-join-the-climate-toolkit\/","title":{"rendered":"How to Join the Climate Toolkit"},"content":{"rendered":"<p>V\u00edt\u00e1me v\u0161echny zahrady, arboreta, muzea, v\u011bdeck\u00e1 centra, akv\u00e1ria a zoologick\u00e9 zahrady, aby se p\u0159ipojily ke klimatick\u00e9mu souboru n\u00e1stroj\u016f! The Toolkit sdru\u017euje organizace, kter\u00e9 spole\u010dn\u011b pracuj\u00ed na dosa\u017een\u00ed klimatick\u00fdch c\u00edl\u016f a v\u00fdzev. V\u0161echny organizace jsou v\u00edt\u00e1ny; <strong>bez ohledu na to.<\/strong> <strong>kde se nach\u00e1z\u00edte<\/strong> <strong>va\u0161\u00ed cest\u011b, jsme tu, abychom v\u00e1m pomohli podniknout dal\u0161\u00ed kroky.<\/strong>. <\/p>\n\n\n\n<p>Chcete-li se p\u0159ipojit k souboru n\u00e1stroj\u016f, \u017e\u00e1d\u00e1me v\u0161echny instituce, aby vyplnily n\u00e1\u0161 kr\u00e1tk\u00fd formul\u00e1\u0159 \u017e\u00e1dosti. Zde budete po\u017e\u00e1d\u00e1ni o: <\/p>\n\n\n\n<ol class=\"wp-block-list\">\n<li>Vyhl\u00e1sit <strong>oblast zam\u011b\u0159en\u00ed <\/strong>(na v\u00fdb\u011br je energie, voda, stravov\u00e1n\u00ed, doprava, odpady, krajina a zahradnictv\u00ed, investice, n\u00e1v\u0161t\u011bvn\u00edci nebo v\u00fdzkum);<\/li>\n\n\n\n<li>Za\u0161krtn\u011bte v\u0161echna p\u0159\u00edslu\u0161n\u00e1 pol\u00ed\u010dka t\u00fdkaj\u00edc\u00ed se va\u0161\u00ed <strong>pokrok v pln\u011bn\u00ed c\u00edl\u016f<\/strong> v dan\u00e9 oblasti zam\u011b\u0159en\u00ed a<\/li>\n\n\n\n<li>Voliteln\u011b m\u016f\u017eete zvolit dal\u0161\u00ed c\u00edle, o kter\u00fdch chcete sd\u00edlet informace.<\/li>\n<\/ol>\n\n\n\n<p>Po vypln\u011bn\u00ed formul\u00e1\u0159e v\u00e1s bude kontaktovat n\u00e1\u0161 pracovn\u00edk. Pokud m\u00e1te jak\u00e9koli dotazy, napi\u0161te n\u00e1m: <a href=\"mailto:climatetoolkit@phipps.conservatory.org\"><strong>climatetoolkit@phipps.conservatory.org<\/strong><\/a>.<\/p>\n\n\n\n<h2 class=\"wp-block-heading\">Aktualizujte sv\u016fj profil<\/h2>\n\n\n\n<p>Soubor n\u00e1stroj\u016f pro klima vytvo\u0159il formul\u00e1\u0159, kde n\u00e1s instituce mohou informovat o pln\u011bn\u00ed c\u00edl\u016f, zm\u011bn\u00e1ch v oblasti zam\u011b\u0159en\u00ed, nov\u00fdch iniciativ\u00e1ch a dal\u0161\u00edch v\u011bcech. Pokud chcete aktualizovat sv\u00e9 c\u00edle v oblasti klimatu, pros\u00edme. <strong><a href=\"https:\/\/climatetoolkit.org\/cs\/the-climate-toolkit-update\/\">vypl\u0148te n\u00e1\u0161 aktualiza\u010dn\u00ed formul\u00e1\u0159<\/a><\/strong> nebo <a href=\"mailto:climatetoolkit@phipps.conservatory.org\"><strong>po\u0161lete n\u00e1m e-mail<\/strong><\/a>. <\/p>\n\n\n\n<ul class=\"wp-block-list\">\n<li><a href=\"https:\/\/climatetoolkit.org\/cs\/the-climate-toolkit-update\/\">Aktualizujte sv\u016fj profil<\/a><\/li>\n<\/ul>\n\n\n\n<h2 class=\"wp-block-heading\">\u010casto kladen\u00e9 ot\u00e1zky<\/h2>\n\n\n<div\n\t\t\t\n\t\t\tclass=\"so-widget-sow-accordion so-widget-sow-accordion-default-5674beebb4fa\"\n\t\t\t\n\t\t><div>\n\t<div class=\"sow-accordion\">\n\t\t\t<div class=\"sow-accordion-panel\"\n\t\t\t\tdata-anchor-id=\"what-if-my-institution-has-only-completed-one-goal\">\n\t\t\t\t\t<div class=\"sow-accordion-panel-header-container\" role=\"heading\" aria-level=\"2\">\n\t\t\t\t\t<div class=\"sow-accordion-panel-header\" tabindex=\"0\" role=\"button\" id=\"accordion-label-what-if-my-institution-has-only-completed-one-goal\" aria-controls=\"accordion-content-what-if-my-institution-has-only-completed-one-goal\" aria-expanded=\"false\">\n\t\t\t\t\t\t<div class=\"sow-accordion-title sow-accordion-title-icon-left\">\n\t\t\t\t\t\t\t\t\t\t\t\t\t\tCo kdy\u017e moje instituce splnila pouze jeden c\u00edl? \t\t\t\t\t\t\t\t\t\t\t\t\t<\/div>\n\t\t\t\t\t\t<div class=\"sow-accordion-open-close-button\">\n\t\t\t\t\t\t\t<div class=\"sow-accordion-open-button\">\n\t\t\t\t\t\t\t\t<span class=\"sow-icon-ionicons\" data-sow-icon=\"&#xf218;\"\n\t\t \n\t\taria-hidden=\"true\"><\/span>\t\t\t\t\t\t\t<\/div>\n\t\t\t\t\t\t\t<div class=\"sow-accordion-close-button\">\n\t\t\t\t\t\t\t\t<span class=\"sow-icon-ionicons\" data-sow-icon=\"&#xf209;\"\n\t\t \n\t\taria-hidden=\"true\"><\/span>\t\t\t\t\t\t\t<\/div>\n\t\t\t\t\t\t<\/div>\n\t\t\t\t\t<\/div>\n\t\t\t\t<\/div>\n\n\t\t\t<div\n\t\t\t\tclass=\"sow-accordion-panel-content\"\n\t\t\t\trole=\"region\"\n\t\t\t\taria-labelledby=\"accordion-label-what-if-my-institution-has-only-completed-one-goal\"\n\t\t\t\tid=\"accordion-content-what-if-my-institution-has-only-completed-one-goal\"\n\t\t\t\tstyle=\"display: none;\"\t\t\t>\n\t\t\t\t<div class=\"sow-accordion-panel-border\">\n\t\t\t\t\t<p>To je v po\u0159\u00e1dku! Soubor n\u00e1stroj\u016f pro oblast klimatu v\u00edt\u00e1 ka\u017edou instituci bez ohledu na to, kde se nach\u00e1z\u00ed na sv\u00e9 cest\u011b k opat\u0159en\u00edm v oblasti klimatu. Sada n\u00e1stroj\u016f byla vytvo\u0159ena na podporu instituc\u00ed, kter\u00e9 diskutuj\u00ed a spolupracuj\u00ed na dosa\u017een\u00ed udr\u017eiteln\u011bj\u0161\u00edho rozvoje, a va\u0161e dal\u0161\u00ed kroky mohou za\u010d\u00edt pr\u00e1v\u011b te\u010f.<\/p>\n\t\t\t\t<\/div>\n\t\t\t<\/div>\n\t\t<\/div>\n\t\t\t<div class=\"sow-accordion-panel\"\n\t\t\t\tdata-anchor-id=\"what-are-the-requirements-of-joining-the-climate-toolkit\">\n\t\t\t\t\t<div class=\"sow-accordion-panel-header-container\" role=\"heading\" aria-level=\"2\">\n\t\t\t\t\t<div class=\"sow-accordion-panel-header\" tabindex=\"0\" role=\"button\" id=\"accordion-label-what-are-the-requirements-of-joining-the-climate-toolkit\" aria-controls=\"accordion-content-what-are-the-requirements-of-joining-the-climate-toolkit\" aria-expanded=\"false\">\n\t\t\t\t\t\t<div class=\"sow-accordion-title sow-accordion-title-icon-left\">\n\t\t\t\t\t\t\t\t\t\t\t\t\t\tJak\u00e9 jsou po\u017eadavky na p\u0159ipojen\u00ed k souboru n\u00e1stroj\u016f pro oblast klimatu?\t\t\t\t\t\t\t\t\t\t\t\t\t<\/div>\n\t\t\t\t\t\t<div class=\"sow-accordion-open-close-button\">\n\t\t\t\t\t\t\t<div class=\"sow-accordion-open-button\">\n\t\t\t\t\t\t\t\t<span class=\"sow-icon-ionicons\" data-sow-icon=\"&#xf218;\"\n\t\t \n\t\taria-hidden=\"true\"><\/span>\t\t\t\t\t\t\t<\/div>\n\t\t\t\t\t\t\t<div class=\"sow-accordion-close-button\">\n\t\t\t\t\t\t\t\t<span class=\"sow-icon-ionicons\" data-sow-icon=\"&#xf209;\"\n\t\t \n\t\taria-hidden=\"true\"><\/span>\t\t\t\t\t\t\t<\/div>\n\t\t\t\t\t\t<\/div>\n\t\t\t\t\t<\/div>\n\t\t\t\t<\/div>\n\n\t\t\t<div\n\t\t\t\tclass=\"sow-accordion-panel-content\"\n\t\t\t\trole=\"region\"\n\t\t\t\taria-labelledby=\"accordion-label-what-are-the-requirements-of-joining-the-climate-toolkit\"\n\t\t\t\tid=\"accordion-content-what-are-the-requirements-of-joining-the-climate-toolkit\"\n\t\t\t\tstyle=\"display: none;\"\t\t\t>\n\t\t\t\t<div class=\"sow-accordion-panel-border\">\n\t\t\t\t\t<p>Soubor n\u00e1stroj\u016f pro oblast klimatu vy\u017eaduje pouze touhu vytvo\u0159it ve va\u0161\u00ed instituci opat\u0159en\u00ed v oblasti klimatu. Nejv\u00edce ze sady n\u00e1stroj\u016f z\u00edsk\u00e1te, kdy\u017e budete sledovat n\u00e1\u0161 blog, s\u00e9rii webin\u00e1\u0159\u016f a zpravodaje, ale m\u00edru zapojen\u00ed si m\u016f\u017eete ur\u010dit sami a je flexibiln\u00ed.\u00a0<\/p>\n\t\t\t\t<\/div>\n\t\t\t<\/div>\n\t\t<\/div>\n\t\t\t<div class=\"sow-accordion-panel\"\n\t\t\t\tdata-anchor-id=\"why-should-i-join-the-climate-toolkit\">\n\t\t\t\t\t<div class=\"sow-accordion-panel-header-container\" role=\"heading\" aria-level=\"2\">\n\t\t\t\t\t<div class=\"sow-accordion-panel-header\" tabindex=\"0\" role=\"button\" id=\"accordion-label-why-should-i-join-the-climate-toolkit\" aria-controls=\"accordion-content-why-should-i-join-the-climate-toolkit\" aria-expanded=\"false\">\n\t\t\t\t\t\t<div class=\"sow-accordion-title sow-accordion-title-icon-left\">\n\t\t\t\t\t\t\t\t\t\t\t\t\t\tPro\u010d bych se m\u011bl p\u0159ipojit k souboru n\u00e1stroj\u016f pro oblast klimatu?\t\t\t\t\t\t\t\t\t\t\t\t\t<\/div>\n\t\t\t\t\t\t<div class=\"sow-accordion-open-close-button\">\n\t\t\t\t\t\t\t<div class=\"sow-accordion-open-button\">\n\t\t\t\t\t\t\t\t<span class=\"sow-icon-ionicons\" data-sow-icon=\"&#xf218;\"\n\t\t \n\t\taria-hidden=\"true\"><\/span>\t\t\t\t\t\t\t<\/div>\n\t\t\t\t\t\t\t<div class=\"sow-accordion-close-button\">\n\t\t\t\t\t\t\t\t<span class=\"sow-icon-ionicons\" data-sow-icon=\"&#xf209;\"\n\t\t \n\t\taria-hidden=\"true\"><\/span>\t\t\t\t\t\t\t<\/div>\n\t\t\t\t\t\t<\/div>\n\t\t\t\t\t<\/div>\n\t\t\t\t<\/div>\n\n\t\t\t<div\n\t\t\t\tclass=\"sow-accordion-panel-content\"\n\t\t\t\trole=\"region\"\n\t\t\t\taria-labelledby=\"accordion-label-why-should-i-join-the-climate-toolkit\"\n\t\t\t\tid=\"accordion-content-why-should-i-join-the-climate-toolkit\"\n\t\t\t\tstyle=\"display: none;\"\t\t\t>\n\t\t\t\t<div class=\"sow-accordion-panel-border\">\n\t\t\t\t\t<p>Proto\u017ee spole\u010dn\u00e1 pr\u00e1ce usnad\u0148uje n\u00e1ro\u010dn\u00e9 projekty! A\u017e budete p\u0159ipraveni realizovat sv\u016fj c\u00edl v oblasti klimatu, sada n\u00e1stroj\u016f je tu od toho, aby v\u00e1s spojila s n\u011bk\u00fdm, kdo pracuje na podobn\u00e9m \u00fasil\u00ed, abyste mohli sd\u00edlet osv\u011bd\u010den\u00e9 postupy, brainstormovat a u\u010dit se jeden vedle druh\u00e9ho.<\/p>\n\t\t\t\t<\/div>\n\t\t\t<\/div>\n\t\t<\/div>\n\t\t<\/div>\n<\/div>\n<\/div>","protected":false},"excerpt":{"rendered":"<p>We welcome all gardens, arboreta, museums, science centers, aquariums, and zoos to join The Climate Toolkit! The Toolkit brings organizations together to work towards climate goals and challenges. All organizations are welcome; no matter where you are on your journey, &hellip;<\/p>\n<p class=\"read-more\"> <a class=\"\" href=\"https:\/\/climatetoolkit.org\/cs\/how-to-join-the-climate-toolkit\/\"> <span class=\"screen-reader-text\">How to Join the Climate Toolkit<\/span> P\u0159e\u010dt\u011bte si v\u00edce \"<\/a><\/p>","protected":false},"author":2,"featured_media":0,"parent":0,"menu_order":0,"comment_status":"closed","ping_status":"closed","template":"","meta":{"_acf_changed":false,"inline_featured_image":false,"advgb_blocks_editor_width":"","advgb_blocks_columns_visual_guide":"","footnotes":""},"class_list":["post-987","page","type-page","status-publish","hentry"],"acf":[],"yoast_head":"<!-- This site is optimized with the Yoast SEO plugin v27.4 - https:\/\/yoast.com\/product\/yoast-seo-wordpress\/ -->\n<title>How to Join the Climate Toolkit - The Climate Toolkit<\/title>\n<meta name=\"robots\" content=\"index, follow, max-snippet:-1, max-image-preview:large, max-video-preview:-1\" \/>\n<link rel=\"canonical\" href=\"https:\/\/climatetoolkit.org\/cs\/how-to-join-the-climate-toolkit\/\" \/>\n<meta property=\"og:locale\" content=\"cs_CZ\" \/>\n<meta property=\"og:type\" content=\"article\" \/>\n<meta property=\"og:title\" content=\"How to Join the Climate Toolkit - The Climate Toolkit\" \/>\n<meta property=\"og:description\" content=\"We welcome all gardens, arboreta, museums, science centers, aquariums, and zoos to join The Climate Toolkit! The Toolkit brings organizations together to work towards climate goals and challenges. All organizations are welcome; no matter where you are on your journey, &hellip; How to Join the Climate Toolkit Read More &raquo;\" \/>\n<meta property=\"og:url\" content=\"https:\/\/climatetoolkit.org\/cs\/how-to-join-the-climate-toolkit\/\" \/>\n<meta property=\"og:site_name\" content=\"The Climate Toolkit\" \/>\n<meta property=\"article:modified_time\" content=\"2023-03-16T18:01:52+00:00\" \/>\n<meta name=\"twitter:card\" content=\"summary_large_image\" \/>\n<meta name=\"twitter:label1\" content=\"Odhadovan\u00e1 doba \u010dten\u00ed\" \/>\n\t<meta name=\"twitter:data1\" content=\"1 minuta\" \/>\n<script type=\"application\/ld+json\" class=\"yoast-schema-graph\">{\"@context\":\"https:\\\/\\\/schema.org\",\"@graph\":[{\"@type\":\"WebPage\",\"@id\":\"https:\\\/\\\/climatetoolkit.org\\\/how-to-join-the-climate-toolkit\\\/\",\"url\":\"https:\\\/\\\/climatetoolkit.org\\\/how-to-join-the-climate-toolkit\\\/\",\"name\":\"How to Join the Climate Toolkit - The Climate Toolkit\",\"isPartOf\":{\"@id\":\"https:\\\/\\\/climatetoolkit.org\\\/#website\"},\"datePublished\":\"2021-08-16T17:46:24+00:00\",\"dateModified\":\"2023-03-16T18:01:52+00:00\",\"breadcrumb\":{\"@id\":\"https:\\\/\\\/climatetoolkit.org\\\/how-to-join-the-climate-toolkit\\\/#breadcrumb\"},\"inLanguage\":\"cs\",\"potentialAction\":[{\"@type\":\"ReadAction\",\"target\":[\"https:\\\/\\\/climatetoolkit.org\\\/how-to-join-the-climate-toolkit\\\/\"]}]},{\"@type\":\"BreadcrumbList\",\"@id\":\"https:\\\/\\\/climatetoolkit.org\\\/how-to-join-the-climate-toolkit\\\/#breadcrumb\",\"itemListElement\":[{\"@type\":\"ListItem\",\"position\":1,\"name\":\"Home\",\"item\":\"https:\\\/\\\/climatetoolkit.org\\\/\"},{\"@type\":\"ListItem\",\"position\":2,\"name\":\"How to Join the Climate Toolkit\"}]},{\"@type\":\"WebSite\",\"@id\":\"https:\\\/\\\/climatetoolkit.org\\\/#website\",\"url\":\"https:\\\/\\\/climatetoolkit.org\\\/\",\"name\":\"The Climate Toolkit\",\"description\":\"For Museums, Gardens and Zoos\",\"publisher\":{\"@id\":\"https:\\\/\\\/climatetoolkit.org\\\/#organization\"},\"potentialAction\":[{\"@type\":\"SearchAction\",\"target\":{\"@type\":\"EntryPoint\",\"urlTemplate\":\"https:\\\/\\\/climatetoolkit.org\\\/?s={search_term_string}\"},\"query-input\":{\"@type\":\"PropertyValueSpecification\",\"valueRequired\":true,\"valueName\":\"search_term_string\"}}],\"inLanguage\":\"cs\"},{\"@type\":\"Organization\",\"@id\":\"https:\\\/\\\/climatetoolkit.org\\\/#organization\",\"name\":\"The Climate Toolkit\",\"url\":\"https:\\\/\\\/climatetoolkit.org\\\/\",\"logo\":{\"@type\":\"ImageObject\",\"inLanguage\":\"cs\",\"@id\":\"https:\\\/\\\/climatetoolkit.org\\\/#\\\/schema\\\/logo\\\/image\\\/\",\"url\":\"https:\\\/\\\/climatetoolkit.org\\\/wp-content\\\/uploads\\\/2020\\\/05\\\/C_logo.png\",\"contentUrl\":\"https:\\\/\\\/climatetoolkit.org\\\/wp-content\\\/uploads\\\/2020\\\/05\\\/C_logo.png\",\"width\":512,\"height\":512,\"caption\":\"The Climate Toolkit\"},\"image\":{\"@id\":\"https:\\\/\\\/climatetoolkit.org\\\/#\\\/schema\\\/logo\\\/image\\\/\"}}]}<\/script>\n<!-- \/ Yoast SEO plugin. -->","yoast_head_json":{"title":"How to Join the Climate Toolkit - The Climate Toolkit","robots":{"index":"index","follow":"follow","max-snippet":"max-snippet:-1","max-image-preview":"max-image-preview:large","max-video-preview":"max-video-preview:-1"},"canonical":"https:\/\/climatetoolkit.org\/cs\/how-to-join-the-climate-toolkit\/","og_locale":"cs_CZ","og_type":"article","og_title":"How to Join the Climate Toolkit - The Climate Toolkit","og_description":"We welcome all gardens, arboreta, museums, science centers, aquariums, and zoos to join The Climate Toolkit! The Toolkit brings organizations together to work towards climate goals and challenges. All organizations are welcome; no matter where you are on your journey, &hellip; How to Join the Climate Toolkit Read More &raquo;","og_url":"https:\/\/climatetoolkit.org\/cs\/how-to-join-the-climate-toolkit\/","og_site_name":"The Climate Toolkit","article_modified_time":"2023-03-16T18:01:52+00:00","twitter_card":"summary_large_image","twitter_misc":{"Odhadovan\u00e1 doba \u010dten\u00ed":"1 minuta"},"schema":{"@context":"https:\/\/schema.org","@graph":[{"@type":"WebPage","@id":"https:\/\/climatetoolkit.org\/how-to-join-the-climate-toolkit\/","url":"https:\/\/climatetoolkit.org\/how-to-join-the-climate-toolkit\/","name":"How to Join the Climate Toolkit - The Climate Toolkit","isPartOf":{"@id":"https:\/\/climatetoolkit.org\/#website"},"datePublished":"2021-08-16T17:46:24+00:00","dateModified":"2023-03-16T18:01:52+00:00","breadcrumb":{"@id":"https:\/\/climatetoolkit.org\/how-to-join-the-climate-toolkit\/#breadcrumb"},"inLanguage":"cs","potentialAction":[{"@type":"ReadAction","target":["https:\/\/climatetoolkit.org\/how-to-join-the-climate-toolkit\/"]}]},{"@type":"BreadcrumbList","@id":"https:\/\/climatetoolkit.org\/how-to-join-the-climate-toolkit\/#breadcrumb","itemListElement":[{"@type":"ListItem","position":1,"name":"Home","item":"https:\/\/climatetoolkit.org\/"},{"@type":"ListItem","position":2,"name":"How to Join the Climate Toolkit"}]},{"@type":"WebSite","@id":"https:\/\/climatetoolkit.org\/#website","url":"https:\/\/climatetoolkit.org\/","name":"Soubor n\u00e1stroj\u016f pro oblast klimatu","description":"Pro muzea, zahrady a zoologick\u00e9 zahrady","publisher":{"@id":"https:\/\/climatetoolkit.org\/#organization"},"potentialAction":[{"@type":"SearchAction","target":{"@type":"EntryPoint","urlTemplate":"https:\/\/climatetoolkit.org\/?s={search_term_string}"},"query-input":{"@type":"PropertyValueSpecification","valueRequired":true,"valueName":"search_term_string"}}],"inLanguage":"cs"},{"@type":"Organization","@id":"https:\/\/climatetoolkit.org\/#organization","name":"Soubor n\u00e1stroj\u016f pro oblast klimatu","url":"https:\/\/climatetoolkit.org\/","logo":{"@type":"ImageObject","inLanguage":"cs","@id":"https:\/\/climatetoolkit.org\/#\/schema\/logo\/image\/","url":"https:\/\/climatetoolkit.org\/wp-content\/uploads\/2020\/05\/C_logo.png","contentUrl":"https:\/\/climatetoolkit.org\/wp-content\/uploads\/2020\/05\/C_logo.png","width":512,"height":512,"caption":"The Climate Toolkit"},"image":{"@id":"https:\/\/climatetoolkit.org\/#\/schema\/logo\/image\/"}}]}},"coauthors":[],"author_meta":{"author_link":"https:\/\/climatetoolkit.org\/cs\/author\/joe\/","display_name":"joe reed"},"relative_dates":{"created":"Posted 5 roky ago","modified":"Updated 3 roky ago"},"absolute_dates":{"created":"Posted on 16 srpna, 2021","modified":"Updated on 16 b\u0159ezna, 2023"},"absolute_dates_time":{"created":"Posted on 16 srpna, 2021 1:46 pm","modified":"Updated on 16 b\u0159ezna, 2023 2:01 pm"},"featured_img_caption":"","featured_img":false,"series_order":"","_links":{"self":[{"href":"https:\/\/climatetoolkit.org\/cs\/wp-json\/wp\/v2\/pages\/987","targetHints":{"allow":["GET"]}}],"collection":[{"href":"https:\/\/climatetoolkit.org\/cs\/wp-json\/wp\/v2\/pages"}],"about":[{"href":"https:\/\/climatetoolkit.org\/cs\/wp-json\/wp\/v2\/types\/page"}],"author":[{"embeddable":true,"href":"https:\/\/climatetoolkit.org\/cs\/wp-json\/wp\/v2\/users\/2"}],"replies":[{"embeddable":true,"href":"https:\/\/climatetoolkit.org\/cs\/wp-json\/wp\/v2\/comments?post=987"}],"version-history":[{"count":0,"href":"https:\/\/climatetoolkit.org\/cs\/wp-json\/wp\/v2\/pages\/987\/revisions"}],"wp:attachment":[{"href":"https:\/\/climatetoolkit.org\/cs\/wp-json\/wp\/v2\/media?parent=987"}],"curies":[{"name":"wp","href":"https:\/\/api.w.org\/{rel}","templated":true}]}}