{"id":572,"date":"2021-02-11T11:37:14","date_gmt":"2021-02-11T16:37:14","guid":{"rendered":"https:\/\/climatetoolkit.org\/?page_id=572"},"modified":"2021-02-11T16:40:48","modified_gmt":"2021-02-11T21:40:48","slug":"alignment-of-project-drawdown-solutions-and-the-climate-toolkit","status":"publish","type":"page","link":"https:\/\/climatetoolkit.org\/cs\/alignment-of-project-drawdown-solutions-and-the-climate-toolkit\/","title":{"rendered":"Slad\u011bn\u00ed projektov\u00fdch \u0159e\u0161en\u00ed \u010derp\u00e1n\u00ed a souboru n\u00e1stroj\u016f pro klima"},"content":{"rendered":"<h1 align=\"center\">Slad\u011bn\u00ed projektov\u00fdch \u0159e\u0161en\u00ed \u010derp\u00e1n\u00ed a souboru n\u00e1stroj\u016f pro klima<\/h1>\n\n\n\n<div class=\"wp-block-image\"><figure class=\"aligncenter size-large is-resized\"><img decoding=\"async\" src=\"https:\/\/climatetoolkit.org\/wp-content\/uploads\/2021\/02\/drawdown.jpg\" alt=\"\" class=\"wp-image-551\" width=\"563\" height=\"165\" srcset=\"https:\/\/climatetoolkit.org\/wp-content\/uploads\/2021\/02\/drawdown.jpg 750w, https:\/\/climatetoolkit.org\/wp-content\/uploads\/2021\/02\/drawdown-300x88.jpg 300w, https:\/\/climatetoolkit.org\/wp-content\/uploads\/2021\/02\/drawdown-100x29.jpg 100w, https:\/\/climatetoolkit.org\/wp-content\/uploads\/2021\/02\/drawdown-150x44.jpg 150w, https:\/\/climatetoolkit.org\/wp-content\/uploads\/2021\/02\/drawdown-200x59.jpg 200w, https:\/\/climatetoolkit.org\/wp-content\/uploads\/2021\/02\/drawdown-450x132.jpg 450w, https:\/\/climatetoolkit.org\/wp-content\/uploads\/2021\/02\/drawdown-600x176.jpg 600w\" sizes=\"(max-width: 563px) 100vw, 563px\" \/><\/figure><\/div>\n\n\n\n<p><strong><a href=\"https:\/\/www.drawdown.org\/solutions\">\u010cerp\u00e1n\u00ed projektu<\/a><\/strong> je neziskov\u00e1 organizace, kter\u00e1 \"prov\u00e1d\u00ed d\u016fkladn\u00e1 hodnocen\u00ed a posuzov\u00e1n\u00ed klimatick\u00fdch \u0159e\u0161en\u00ed, vytv\u00e1\u0159\u00ed p\u0159esv\u011bd\u010div\u00e9 a lidsk\u00e9 sd\u011blen\u00ed nap\u0159\u00ed\u010d m\u00e9dii a spolupracuje na urychlen\u00ed klimatick\u00fdch \u0159e\u0161en\u00ed na cel\u00e9m sv\u011bt\u011b\". Posl\u00e1n\u00edm projektu Drawdown je sni\u017eovat zdroje emis\u00ed, podporovat propady uhl\u00edku a zvy\u0161ovat uhl\u00edkov\u00fd cyklus v p\u0159\u00edrod\u011b a celkov\u011b zlep\u0161ovat stav spole\u010dnosti. Tabulka \u0159e\u0161en\u00ed projektu, kterou vytvo\u0159ili Paul Hawken a Amanda Ravenhillov\u00e1, rad\u00ed organizac\u00edm, m\u011bst\u016fm, univerzit\u00e1m, filantrop\u016fm, politik\u016fm, komunit\u00e1m atd. ohledn\u011b nej\u00fa\u010dinn\u011bj\u0161\u00edch zp\u016fsob\u016f \u0159e\u0161en\u00ed zm\u011bny klimatu. V\u0161ude, kde je to mo\u017en\u00e9, se u \u0159e\u0161en\u00ed uveden\u00fdch v tabulce \u010derp\u00e1n\u00ed projektu zobrazuje tak\u00e9 mno\u017estv\u00ed oxidu uhli\u010dit\u00e9ho, kter\u00e9 lze zm\u00edrnit, pokud se dan\u00e9 \u0159e\u0161en\u00ed pou\u017eije. N\u00ed\u017ee uveden\u00e1 \u010d\u00edsla p\u0159edstavuj\u00ed odhad gigatun emis\u00ed ekvivalentu CO2, kter\u00e9 lze konkr\u00e9tn\u00edm \u0159e\u0161en\u00edm sn\u00ed\u017eit nebo zachytit za obdob\u00ed 30 let.<\/p>\n\n\n\n<p>N\u00ed\u017ee jsou uvedeny c\u00edle souboru n\u00e1stroj\u016f pro oblast klimatu, kter\u00e9 jsou v souladu s \u0159e\u0161en\u00edm \u010derp\u00e1n\u00ed projektu.<\/p>\n\n\n\n<figure class=\"wp-block-table is-style-regular; vertical-align: top !important;\"><table class=\"has-subtle-pale-blue-background-color has-fixed-layout has-background\"><thead><tr><th><h2>\u0158e\u0161en\u00ed \u010derp\u00e1n\u00ed projektu<\/h2><\/th><th><h2>C\u00edle sady n\u00e1stroj\u016f pro oblast klimatu<\/h2><\/th><\/tr><\/thead><tbody><tr><td><strong>Elekt\u0159ina<\/strong><\/td><td><strong>Energie<\/strong><\/td><\/tr><tr><td  style=\"padding-left: 2em !important;\">Budovy s nulovou spot\u0159ebou<\/td><td  style=\"padding-left: 2em !important;\">stav\u011bt v\u0161echny nov\u00e9 budovy jako budovy s nulovou spot\u0159ebou energie nebo jako \u017eiv\u00e9 budovy.<\/td><\/tr><tr><td  style=\"padding-left: 2em !important;\">Koncentrovan\u00e1 sol\u00e1rn\u00ed energie (18.6 - 23.96)<br><br>Sol\u00e1rn\u00ed fotovoltaika pro ve\u0159ejn\u00e9 slu\u017eby<br>(42.32 - 119.13)<br><br>Distribuovan\u00e1 fotovoltaika (27.98 - 68.64)<\/td><td  style=\"padding-left: 2em !important;\">Vygenerovat nebo zakoupit 100%<br>obnoviteln\u00e1 elekt\u0159ina.<\/td><\/tr><tr><td><strong>Budovy, pr\u016fmysl<\/strong><\/td><td><strong>Odpady<\/strong><\/td><\/tr><tr><td  style=\"padding-left: 2em !important;\">Modernizace budov<\/td><td  style=\"padding-left: 2em !important;\">Zajist\u011bte, aby v\u0161echny nov\u00e9 stavby nebo<br>renovace odpov\u011bdn\u011b sn\u00ed\u017eit nebo<br>nakl\u00e1d\u00e1n\u00ed s odpady.<\/td><\/tr><tr><td  style=\"padding-left: 2em !important;\">Kompostov\u00e1n\u00ed (2.14 - 3.13)<\/td><td  style=\"padding-left: 2em !important;\">Kompostujte 100% ve\u0161ker\u00e9ho potravinov\u00e9ho odpadu.<\/td><\/tr><tr><td  style=\"padding-left: 2em !important;\">Recyklace (5.5 - 6.02)<\/td><td  style=\"padding-left: 2em !important;\">Recyklujte nebo znovu pou\u017eijte v\u0161echny recyklovateln\u00e9 materi\u00e1ly.<br>v\u010detn\u011b kov\u016f, skla a plast\u016f<br>v cel\u00e9 zimn\u00ed zahrad\u011b.<br><br>Odstran\u011bn\u00ed v\u0161ech jednor\u00e1zov\u00fdch plast\u016f v gastronomii, zahradnictv\u00ed, obchod\u011b se suven\u00fdry a ve v\u0161ech ostatn\u00edch za\u0159\u00edzen\u00edch.<br>a operace.<br><br>Zru\u0161it prodej a pou\u017e\u00edv\u00e1n\u00ed balen\u00e9 vody.<\/td><\/tr><tr><td><strong>Doprava<\/strong><\/td><td><strong>Doprava<\/strong><\/td><\/tr><tr><td  style=\"padding-left: 2em !important;\">Infrastruktura pro cyklisty (2.56 - 6.65)<br><br>Spoluj\u00edzda (4.17 - 7.70)<br><br>Elektromobily (11.87 - 15.68)<br><br>Ve\u0159ejn\u00e1 doprava (7.51 - 23.36)<\/td><td  style=\"padding-left: 2em !important;\">Motivujte zam\u011bstnance, aby jezdili spole\u010dn\u011b autem, na kole, autobusem nebo se jinak vzdali dopravy jedn\u00edm autem.<br><br>Motivovat n\u00e1v\u0161t\u011bvn\u00edky k udr\u017eiteln\u00e9mu cestov\u00e1n\u00ed.<br><br>25% vozov\u00e9ho parku na elektrick\u00fd pohon.<br><br>Zajist\u011bte, aby 25% v\u0161ech za\u0159\u00edzen\u00ed na \u00fadr\u017ebu tr\u00e1vn\u00edku\/zahrady bylo elektrick\u00e9.<\/td><\/tr><tr><td><strong>Potraviny, zem\u011bd\u011blstv\u00ed a vyu\u017e\u00edv\u00e1n\u00ed p\u016fdy, propady p\u016fdy<\/strong><\/td><td><strong>Potravin\u00e1\u0159sk\u00e9 slu\u017eby, krajina a zahradnictv\u00ed<\/strong><\/td><\/tr><tr><td  style=\"padding-left: 2em !important;\">Regenera\u010dn\u00ed jednolet\u00e9 plodiny (14.52 - 22.27)<br><br>Hospoda\u0159en\u00ed s \u017eivinami (2.34 - 12.06)<\/td><td  style=\"padding-left: 2em !important;\">Zajist\u011bte, aby 50% pou\u017e\u00edvan\u00fdch pesticid\u016f a hnojiv neobsahovalo fosiln\u00ed paliva.<\/td><\/tr><tr><td  style=\"padding-left: 2em !important;\">Strava bohat\u00e1 na rostliny (65.01 - 91.72)<\/td><td  style=\"padding-left: 2em !important;\">Zajist\u011bte, aby 40% j\u00eddel z nab\u00eddky stravovac\u00edch slu\u017eeb bylo vegansk\u00fdch nebo vegetari\u00e1nsk\u00fdch.<\/td><\/tr><tr><td  style=\"padding-left: 2em !important;\">Stromov\u00e9 plant\u00e1\u017ee (22.24 - 35.94)<\/td><td  style=\"padding-left: 2em !important;\">Podporovat zales\u0148ov\u00e1n\u00ed za \u00fa\u010delem zachycov\u00e1n\u00ed uhl\u00edku.<\/td><\/tr><tr><td  style=\"padding-left: 2em !important;\">V\u00edcelet\u00e9 z\u00e1kladn\u00ed plodiny (15.45 - 1.26)<br><br>Agrolesnictv\u00ed Multistrata (11.30 - 20.40)<\/td><td  style=\"padding-left: 2em !important;\">Sni\u017ete pot\u0159ebu zavla\u017eov\u00e1n\u00ed v\u00fdb\u011brem a podporou p\u016fvodn\u00edch rostlin.<br><br>Zmen\u0161ete plochy tr\u00e1vn\u00edk\u016f o 10% a podpo\u0159te nahrazen\u00ed p\u016fvodn\u00edmi rostlinami.<\/td><\/tr><\/tbody><\/table><\/figure>\n\n\n\n<p>Dal\u0161\u00ed informace o tabulce \u0159e\u0161en\u00ed, <strong><a href=\"https:\/\/www.drawdown.org\/solutions\/table-of-solutions\">nav\u0161tivte webov\u00e9 str\u00e1nky projektu Drawdown<\/a><\/strong>.<\/p>","protected":false},"excerpt":{"rendered":"<p>Alignment of Project Drawdown Solutions and The Climate Toolkit Project Drawdown is a nonprofit that \u201cconducts rigorous reviews and assessments of climate solutions, creates compelling and human communication across mediums, and partners with efforts to accelerate climate solutions globally\u201d. Project &hellip;<\/p>\n<p class=\"read-more\"> <a class=\"\" href=\"https:\/\/climatetoolkit.org\/cs\/alignment-of-project-drawdown-solutions-and-the-climate-toolkit\/\"> <span class=\"screen-reader-text\">Slad\u011bn\u00ed projektov\u00fdch \u0159e\u0161en\u00ed \u010derp\u00e1n\u00ed a souboru n\u00e1stroj\u016f pro klima<\/span> P\u0159e\u010dt\u011bte si v\u00edce \"<\/a><\/p>","protected":false},"author":2,"featured_media":0,"parent":0,"menu_order":0,"comment_status":"closed","ping_status":"closed","template":"","meta":{"_acf_changed":false,"inline_featured_image":false,"advgb_blocks_editor_width":"","advgb_blocks_columns_visual_guide":"","footnotes":""},"class_list":["post-572","page","type-page","status-publish","hentry"],"acf":[],"yoast_head":"<!-- This site is optimized with the Yoast SEO plugin v27.3 - https:\/\/yoast.com\/product\/yoast-seo-wordpress\/ -->\n<title>Alignment of Project Drawdown Solutions and The Climate Toolkit - The Climate Toolkit<\/title>\n<meta name=\"robots\" content=\"index, follow, max-snippet:-1, max-image-preview:large, max-video-preview:-1\" \/>\n<link rel=\"canonical\" href=\"https:\/\/climatetoolkit.org\/cs\/alignment-of-project-drawdown-solutions-and-the-climate-toolkit\/\" \/>\n<meta property=\"og:locale\" content=\"cs_CZ\" \/>\n<meta property=\"og:type\" content=\"article\" \/>\n<meta property=\"og:title\" content=\"Alignment of Project Drawdown Solutions and The Climate Toolkit - The Climate Toolkit\" \/>\n<meta property=\"og:description\" content=\"Alignment of Project Drawdown Solutions and The Climate Toolkit Project Drawdown is a nonprofit that \u201cconducts rigorous reviews and assessments of climate solutions, creates compelling and human communication across mediums, and partners with efforts to accelerate climate solutions globally\u201d. Project &hellip; Alignment of Project Drawdown Solutions and The Climate Toolkit Read More &raquo;\" \/>\n<meta property=\"og:url\" content=\"https:\/\/climatetoolkit.org\/cs\/alignment-of-project-drawdown-solutions-and-the-climate-toolkit\/\" \/>\n<meta property=\"og:site_name\" content=\"The Climate Toolkit\" \/>\n<meta property=\"article:modified_time\" content=\"2021-02-11T21:40:48+00:00\" \/>\n<meta property=\"og:image\" content=\"https:\/\/climatetoolkit.org\/wp-content\/uploads\/2021\/02\/drawdown.jpg\" \/>\n<meta name=\"twitter:card\" content=\"summary_large_image\" \/>\n<meta name=\"twitter:label1\" content=\"Odhadovan\u00e1 doba \u010dten\u00ed\" \/>\n\t<meta name=\"twitter:data1\" content=\"2 minuty\" \/>\n<script type=\"application\/ld+json\" class=\"yoast-schema-graph\">{\"@context\":\"https:\\\/\\\/schema.org\",\"@graph\":[{\"@type\":\"WebPage\",\"@id\":\"https:\\\/\\\/climatetoolkit.org\\\/alignment-of-project-drawdown-solutions-and-the-climate-toolkit\\\/\",\"url\":\"https:\\\/\\\/climatetoolkit.org\\\/alignment-of-project-drawdown-solutions-and-the-climate-toolkit\\\/\",\"name\":\"Alignment of Project Drawdown Solutions and The Climate Toolkit - The Climate Toolkit\",\"isPartOf\":{\"@id\":\"https:\\\/\\\/climatetoolkit.org\\\/#website\"},\"primaryImageOfPage\":{\"@id\":\"https:\\\/\\\/climatetoolkit.org\\\/alignment-of-project-drawdown-solutions-and-the-climate-toolkit\\\/#primaryimage\"},\"image\":{\"@id\":\"https:\\\/\\\/climatetoolkit.org\\\/alignment-of-project-drawdown-solutions-and-the-climate-toolkit\\\/#primaryimage\"},\"thumbnailUrl\":\"https:\\\/\\\/climatetoolkit.org\\\/wp-content\\\/uploads\\\/2021\\\/02\\\/drawdown.jpg\",\"datePublished\":\"2021-02-11T16:37:14+00:00\",\"dateModified\":\"2021-02-11T21:40:48+00:00\",\"breadcrumb\":{\"@id\":\"https:\\\/\\\/climatetoolkit.org\\\/alignment-of-project-drawdown-solutions-and-the-climate-toolkit\\\/#breadcrumb\"},\"inLanguage\":\"cs\",\"potentialAction\":[{\"@type\":\"ReadAction\",\"target\":[\"https:\\\/\\\/climatetoolkit.org\\\/alignment-of-project-drawdown-solutions-and-the-climate-toolkit\\\/\"]}]},{\"@type\":\"ImageObject\",\"inLanguage\":\"cs\",\"@id\":\"https:\\\/\\\/climatetoolkit.org\\\/alignment-of-project-drawdown-solutions-and-the-climate-toolkit\\\/#primaryimage\",\"url\":\"https:\\\/\\\/climatetoolkit.org\\\/wp-content\\\/uploads\\\/2021\\\/02\\\/drawdown.jpg\",\"contentUrl\":\"https:\\\/\\\/climatetoolkit.org\\\/wp-content\\\/uploads\\\/2021\\\/02\\\/drawdown.jpg\"},{\"@type\":\"BreadcrumbList\",\"@id\":\"https:\\\/\\\/climatetoolkit.org\\\/alignment-of-project-drawdown-solutions-and-the-climate-toolkit\\\/#breadcrumb\",\"itemListElement\":[{\"@type\":\"ListItem\",\"position\":1,\"name\":\"Home\",\"item\":\"https:\\\/\\\/climatetoolkit.org\\\/\"},{\"@type\":\"ListItem\",\"position\":2,\"name\":\"Alignment of Project Drawdown Solutions and The Climate Toolkit\"}]},{\"@type\":\"WebSite\",\"@id\":\"https:\\\/\\\/climatetoolkit.org\\\/#website\",\"url\":\"https:\\\/\\\/climatetoolkit.org\\\/\",\"name\":\"The Climate Toolkit\",\"description\":\"For Museums, Gardens and Zoos\",\"publisher\":{\"@id\":\"https:\\\/\\\/climatetoolkit.org\\\/#organization\"},\"potentialAction\":[{\"@type\":\"SearchAction\",\"target\":{\"@type\":\"EntryPoint\",\"urlTemplate\":\"https:\\\/\\\/climatetoolkit.org\\\/?s={search_term_string}\"},\"query-input\":{\"@type\":\"PropertyValueSpecification\",\"valueRequired\":true,\"valueName\":\"search_term_string\"}}],\"inLanguage\":\"cs\"},{\"@type\":\"Organization\",\"@id\":\"https:\\\/\\\/climatetoolkit.org\\\/#organization\",\"name\":\"The Climate Toolkit\",\"url\":\"https:\\\/\\\/climatetoolkit.org\\\/\",\"logo\":{\"@type\":\"ImageObject\",\"inLanguage\":\"cs\",\"@id\":\"https:\\\/\\\/climatetoolkit.org\\\/#\\\/schema\\\/logo\\\/image\\\/\",\"url\":\"https:\\\/\\\/climatetoolkit.org\\\/wp-content\\\/uploads\\\/2020\\\/05\\\/C_logo.png\",\"contentUrl\":\"https:\\\/\\\/climatetoolkit.org\\\/wp-content\\\/uploads\\\/2020\\\/05\\\/C_logo.png\",\"width\":512,\"height\":512,\"caption\":\"The Climate Toolkit\"},\"image\":{\"@id\":\"https:\\\/\\\/climatetoolkit.org\\\/#\\\/schema\\\/logo\\\/image\\\/\"}}]}<\/script>\n<!-- \/ Yoast SEO plugin. -->","yoast_head_json":{"title":"Alignment of Project Drawdown Solutions and The Climate Toolkit - The Climate Toolkit","robots":{"index":"index","follow":"follow","max-snippet":"max-snippet:-1","max-image-preview":"max-image-preview:large","max-video-preview":"max-video-preview:-1"},"canonical":"https:\/\/climatetoolkit.org\/cs\/alignment-of-project-drawdown-solutions-and-the-climate-toolkit\/","og_locale":"cs_CZ","og_type":"article","og_title":"Alignment of Project Drawdown Solutions and The Climate Toolkit - The Climate Toolkit","og_description":"Alignment of Project Drawdown Solutions and The Climate Toolkit Project Drawdown is a nonprofit that \u201cconducts rigorous reviews and assessments of climate solutions, creates compelling and human communication across mediums, and partners with efforts to accelerate climate solutions globally\u201d. Project &hellip; Alignment of Project Drawdown Solutions and The Climate Toolkit Read More &raquo;","og_url":"https:\/\/climatetoolkit.org\/cs\/alignment-of-project-drawdown-solutions-and-the-climate-toolkit\/","og_site_name":"The Climate Toolkit","article_modified_time":"2021-02-11T21:40:48+00:00","og_image":[{"url":"https:\/\/climatetoolkit.org\/wp-content\/uploads\/2021\/02\/drawdown.jpg","type":"","width":"","height":""}],"twitter_card":"summary_large_image","twitter_misc":{"Odhadovan\u00e1 doba \u010dten\u00ed":"2 minuty"},"schema":{"@context":"https:\/\/schema.org","@graph":[{"@type":"WebPage","@id":"https:\/\/climatetoolkit.org\/alignment-of-project-drawdown-solutions-and-the-climate-toolkit\/","url":"https:\/\/climatetoolkit.org\/alignment-of-project-drawdown-solutions-and-the-climate-toolkit\/","name":"Alignment of Project Drawdown Solutions and The Climate Toolkit - The Climate Toolkit","isPartOf":{"@id":"https:\/\/climatetoolkit.org\/#website"},"primaryImageOfPage":{"@id":"https:\/\/climatetoolkit.org\/alignment-of-project-drawdown-solutions-and-the-climate-toolkit\/#primaryimage"},"image":{"@id":"https:\/\/climatetoolkit.org\/alignment-of-project-drawdown-solutions-and-the-climate-toolkit\/#primaryimage"},"thumbnailUrl":"https:\/\/climatetoolkit.org\/wp-content\/uploads\/2021\/02\/drawdown.jpg","datePublished":"2021-02-11T16:37:14+00:00","dateModified":"2021-02-11T21:40:48+00:00","breadcrumb":{"@id":"https:\/\/climatetoolkit.org\/alignment-of-project-drawdown-solutions-and-the-climate-toolkit\/#breadcrumb"},"inLanguage":"cs","potentialAction":[{"@type":"ReadAction","target":["https:\/\/climatetoolkit.org\/alignment-of-project-drawdown-solutions-and-the-climate-toolkit\/"]}]},{"@type":"ImageObject","inLanguage":"cs","@id":"https:\/\/climatetoolkit.org\/alignment-of-project-drawdown-solutions-and-the-climate-toolkit\/#primaryimage","url":"https:\/\/climatetoolkit.org\/wp-content\/uploads\/2021\/02\/drawdown.jpg","contentUrl":"https:\/\/climatetoolkit.org\/wp-content\/uploads\/2021\/02\/drawdown.jpg"},{"@type":"BreadcrumbList","@id":"https:\/\/climatetoolkit.org\/alignment-of-project-drawdown-solutions-and-the-climate-toolkit\/#breadcrumb","itemListElement":[{"@type":"ListItem","position":1,"name":"Home","item":"https:\/\/climatetoolkit.org\/"},{"@type":"ListItem","position":2,"name":"Alignment of Project Drawdown Solutions and The Climate Toolkit"}]},{"@type":"WebSite","@id":"https:\/\/climatetoolkit.org\/#website","url":"https:\/\/climatetoolkit.org\/","name":"Soubor n\u00e1stroj\u016f pro oblast klimatu","description":"Pro muzea, zahrady a zoologick\u00e9 zahrady","publisher":{"@id":"https:\/\/climatetoolkit.org\/#organization"},"potentialAction":[{"@type":"SearchAction","target":{"@type":"EntryPoint","urlTemplate":"https:\/\/climatetoolkit.org\/?s={search_term_string}"},"query-input":{"@type":"PropertyValueSpecification","valueRequired":true,"valueName":"search_term_string"}}],"inLanguage":"cs"},{"@type":"Organization","@id":"https:\/\/climatetoolkit.org\/#organization","name":"Soubor n\u00e1stroj\u016f pro oblast klimatu","url":"https:\/\/climatetoolkit.org\/","logo":{"@type":"ImageObject","inLanguage":"cs","@id":"https:\/\/climatetoolkit.org\/#\/schema\/logo\/image\/","url":"https:\/\/climatetoolkit.org\/wp-content\/uploads\/2020\/05\/C_logo.png","contentUrl":"https:\/\/climatetoolkit.org\/wp-content\/uploads\/2020\/05\/C_logo.png","width":512,"height":512,"caption":"The Climate Toolkit"},"image":{"@id":"https:\/\/climatetoolkit.org\/#\/schema\/logo\/image\/"}}]}},"coauthors":[],"author_meta":{"author_link":"https:\/\/climatetoolkit.org\/cs\/author\/joe\/","display_name":"joe reed"},"relative_dates":{"created":"Posted 5 roky ago","modified":"Updated 5 roky ago"},"absolute_dates":{"created":"Posted on 11 \u00fanora, 2021","modified":"Updated on 11 \u00fanora, 2021"},"absolute_dates_time":{"created":"Posted on 11 \u00fanora, 2021 11:37 am","modified":"Updated on 11 \u00fanora, 2021 4:40 pm"},"featured_img_caption":"","featured_img":false,"series_order":"","_links":{"self":[{"href":"https:\/\/climatetoolkit.org\/cs\/wp-json\/wp\/v2\/pages\/572","targetHints":{"allow":["GET"]}}],"collection":[{"href":"https:\/\/climatetoolkit.org\/cs\/wp-json\/wp\/v2\/pages"}],"about":[{"href":"https:\/\/climatetoolkit.org\/cs\/wp-json\/wp\/v2\/types\/page"}],"author":[{"embeddable":true,"href":"https:\/\/climatetoolkit.org\/cs\/wp-json\/wp\/v2\/users\/2"}],"replies":[{"embeddable":true,"href":"https:\/\/climatetoolkit.org\/cs\/wp-json\/wp\/v2\/comments?post=572"}],"version-history":[{"count":0,"href":"https:\/\/climatetoolkit.org\/cs\/wp-json\/wp\/v2\/pages\/572\/revisions"}],"wp:attachment":[{"href":"https:\/\/climatetoolkit.org\/cs\/wp-json\/wp\/v2\/media?parent=572"}],"curies":[{"name":"wp","href":"https:\/\/api.w.org\/{rel}","templated":true}]}}