{"id":564,"date":"2021-02-11T11:08:06","date_gmt":"2021-02-11T16:08:06","guid":{"rendered":"https:\/\/climatetoolkit.org\/?page_id=564"},"modified":"2021-08-17T17:01:46","modified_gmt":"2021-08-17T21:01:46","slug":"alignment-of-u-n-sustainable-development-goals-and-the-climate-toolkit","status":"publish","type":"page","link":"https:\/\/climatetoolkit.org\/cs\/alignment-of-u-n-sustainable-development-goals-and-the-climate-toolkit\/","title":{"rendered":"Slad\u011bn\u00ed c\u00edl\u016f udr\u017eiteln\u00e9ho rozvoje OSN a souboru n\u00e1stroj\u016f v oblasti klimatu"},"content":{"rendered":"<h1 class=\"wp-block-heading\">Slad\u011bn\u00ed c\u00edl\u016f udr\u017eiteln\u00e9ho rozvoje OSN a souboru n\u00e1stroj\u016f v oblasti klimatu<\/h1>\n\n\n\n<div class=\"wp-block-image\"><figure class=\"aligncenter size-large is-resized\"><img decoding=\"async\" src=\"https:\/\/climatetoolkit.org\/wp-content\/uploads\/2021\/02\/800px-Sustainable_Development_Goals_logo.svg.png\" alt=\"\" class=\"wp-image-520\" width=\"400\" height=\"320\" srcset=\"https:\/\/climatetoolkit.org\/wp-content\/uploads\/2021\/02\/800px-Sustainable_Development_Goals_logo.svg.png 800w, https:\/\/climatetoolkit.org\/wp-content\/uploads\/2021\/02\/800px-Sustainable_Development_Goals_logo.svg-300x240.png 300w, https:\/\/climatetoolkit.org\/wp-content\/uploads\/2021\/02\/800px-Sustainable_Development_Goals_logo.svg-768x614.png 768w, https:\/\/climatetoolkit.org\/wp-content\/uploads\/2021\/02\/800px-Sustainable_Development_Goals_logo.svg-100x80.png 100w, https:\/\/climatetoolkit.org\/wp-content\/uploads\/2021\/02\/800px-Sustainable_Development_Goals_logo.svg-150x120.png 150w, https:\/\/climatetoolkit.org\/wp-content\/uploads\/2021\/02\/800px-Sustainable_Development_Goals_logo.svg-200x160.png 200w, https:\/\/climatetoolkit.org\/wp-content\/uploads\/2021\/02\/800px-Sustainable_Development_Goals_logo.svg-450x360.png 450w, https:\/\/climatetoolkit.org\/wp-content\/uploads\/2021\/02\/800px-Sustainable_Development_Goals_logo.svg-600x480.png 600w\" sizes=\"(max-width: 400px) 100vw, 400px\" \/><\/figure><\/div>\n\n\n\n<p>Organizace spojen\u00fdch n\u00e1rod\u016f vytvo\u0159ila 17 <strong><a href=\"https:\/\/sdgs.un.org\/goals\">C\u00edle udr\u017eiteln\u00e9ho rozvoje (SDGs)<\/a> <\/strong>\"vytvo\u0159it soubor univerz\u00e1ln\u00edch c\u00edl\u016f, kter\u00e9 by odpov\u00eddaly nal\u00e9hav\u00fdm environment\u00e1ln\u00edm, politick\u00fdm a ekonomick\u00fdm v\u00fdzv\u00e1m, jim\u017e n\u00e1\u0161 sv\u011bt \u010del\u00ed.\"  Ka\u017ed\u00fd c\u00edl zahrnuje men\u0161\u00ed c\u00edle, kter\u00e9 roz\u0161i\u0159uj\u00ed jeho rozsah. C\u00edle udr\u017eiteln\u00e9ho rozvoje roz\u0161i\u0159uj\u00ed \u00fasil\u00ed Rozvojov\u00fdch c\u00edl\u016f tis\u00edcilet\u00ed, kter\u00e9 vytvo\u0159ily standardy boje proti chudob\u011b, hladu, HIV\/AIDS a dal\u0161\u00edm l\u00e9\u010diteln\u00fdm nemocem a roz\u0161\u00ed\u0159en\u00ed z\u00e1kladn\u00edho vzd\u011bl\u00e1n\u00ed pro v\u0161echny d\u011bti. Zm\u011bna klimatu m\u00e1 velk\u00fd dopad na ve\u0159ejn\u00e9 zdrav\u00ed, potravinovou a vodn\u00ed bezpe\u010dnost, migraci, m\u00edr a bezpe\u010dnost, tak\u017ee ve\u0161ker\u00e9 \u00fasil\u00ed usiluj\u00edc\u00ed o sn\u00ed\u017een\u00ed udr\u017eiteln\u00e9ho rozvoje m\u016f\u017ee v\u00fdrazn\u011b napomoci zm\u011bn\u011b klimatu. C\u00edle udr\u017eiteln\u00e9ho rozvoje i Soubor n\u00e1stroj\u016f pro klima se zam\u011b\u0159uj\u00ed na agresivn\u00ed \u0159e\u0161en\u00ed zm\u011bny klimatu.<\/p>\n\n\n\n<p>N\u00ed\u017ee jsou uvedeny c\u00edle souboru n\u00e1stroj\u016f pro oblast klimatu, kter\u00e9 jsou v souladu s c\u00edli udr\u017eiteln\u00e9ho rozvoje.<\/p>\n\n\n\n<figure class=\"wp-block-table is-style-regular; vertical-align: top !important;\"><table class=\"has-subtle-pale-blue-background-color has-fixed-layout has-background\"><thead><tr><th><h2>C\u00edle udr\u017eiteln\u00e9ho rozvoje<\/h2><\/th><th><h2>C\u00edle sady n\u00e1stroj\u016f pro oblast klimatu<\/h2><\/th><\/tr><\/thead><tbody><tr><td><strong>2. Nulov\u00fd hlad<\/strong><\/td><td><strong>Potravin\u00e1\u0159sk\u00e9 slu\u017eby<\/strong><\/td><\/tr><tr><td style=\"padding-left: 2em !important;\">2.4 Zajistit udr\u017eiteln\u00e9 syst\u00e9my produkce potravin a zav\u00e1d\u011bt odoln\u00e9 zem\u011bd\u011blsk\u00e9 postupy, kter\u00e9 zvy\u0161uj\u00ed produktivitu a produkci a pom\u00e1haj\u00ed udr\u017eovat ekosyst\u00e9m.<\/td><td style=\"padding-left: 2em !important;\">Zajist\u011bte, aby 50% pou\u017e\u00edvan\u00fdch pesticid\u016f a hnojiv neobsahovalo fosiln\u00ed paliva.<br><br>Prove\u010fte 10% v\u0161ech n\u00e1kup\u016f potravin v okruhu 100 mil od m\u00edsta.<\/td><\/tr><tr><td><strong>6. \u010cist\u00e1 voda a hygiena<\/strong><\/td><td><strong><strong>Voda<\/strong><\/strong><\/td><\/tr><tr><td style=\"padding-left: 2em !important;\">6.5 Do roku 2030 zav\u00e9st integrovan\u00e9 \u0159\u00edzen\u00ed vodn\u00edch zdroj\u016f na v\u0161ech \u00farovn\u00edch, p\u0159\u00edpadn\u011b i prost\u0159ednictv\u00edm p\u0159eshrani\u010dn\u00ed spolupr\u00e1ce.<\/td><td style=\"padding-left: 2em !important;\">Sn\u00ed\u017een\u00ed spot\u0159eby komun\u00e1ln\u00ed vody alespo\u0148 o 25%<br><br>Sn\u00ed\u017een\u00ed spot\u0159eby pitn\u00e9 vody na zavla\u017eov\u00e1n\u00ed alespo\u0148 o 25%<\/td><\/tr><tr><td><strong>7. Cenov\u011b dostupn\u00e1 a \u010dist\u00e1 energie<\/strong><\/td><td><strong>Energie<\/strong><\/td><\/tr><tr><td style=\"padding-left: 2em !important;\"><strong>7.2&nbsp;<\/strong>Do roku 2030 v\u00fdrazn\u011b zv\u00fd\u0161it pod\u00edl obnoviteln\u00fdch zdroj\u016f energie v celosv\u011btov\u00e9m energetick\u00e9m mixu.<\/td><td style=\"padding-left: 2em !important;\">V\u00fdroba nebo n\u00e1kup 100% elekt\u0159iny z obnoviteln\u00fdch zdroj\u016f.<br><br>stav\u011bt v\u0161echny nov\u00e9 budovy jako budovy s nulovou spot\u0159ebou energie nebo jako \u017eiv\u00e9 budovy.<\/td><\/tr><tr><td><strong>9. Pr\u016fmysl, inovace a infrastruktura<\/strong><\/td><td><strong>Odpady, v\u00fdzkum<\/strong><\/td><\/tr><tr><td style=\"padding-left: 2em !important;\">9.4 Modernizovat infrastrukturu a modernizovat pr\u016fmyslov\u00e1 odv\u011btv\u00ed tak, aby byla udr\u017eiteln\u00e1 a aby se zv\u00fd\u0161ila \u00fa\u010dinnost vyu\u017e\u00edv\u00e1n\u00ed zdroj\u016f a v\u00edce se uplat\u0148ovaly \u010dist\u00e9 a ekologick\u00e9 technologie a pr\u016fmyslov\u00e9 procesy.<\/td><td style=\"padding-left: 2em !important;\">Zajist\u011bte, aby v\u0161echny nov\u00e9 stavby nebo rekonstrukce zodpov\u011bdn\u011b sni\u017eovaly mno\u017estv\u00ed odpadu a nakl\u00e1daly s n\u00edm.<\/td><\/tr><tr><td style=\"padding-left: 2em !important;\">9.5 Pos\u00edlit v\u011bdeck\u00fd v\u00fdzkum, modernizovat technologick\u00e9 schopnosti pr\u016fmyslov\u00fdch odv\u011btv\u00ed ve v\u0161ech zem\u00edch.<\/td><td style=\"padding-left: 2em !important;\">Prov\u00e1d\u011bt v\u00fdzkum specifick\u00fd pro dan\u00fd region v souvislosti se zm\u011bnou klimatu.<\/td><\/tr><tr><td><strong>11. Udr\u017eiteln\u00e1 m\u011bsta a obce<\/strong><\/td><td><strong>Doprava<\/strong><\/td><\/tr><tr><td style=\"padding-left: 2em !important;\">11.2 Do roku 2030 zajistit v\u0161em p\u0159\u00edstup k bezpe\u010dn\u00fdm, cenov\u011b dostupn\u00fdm, p\u0159\u00edstupn\u00fdm a udr\u017eiteln\u00fdm dopravn\u00edm syst\u00e9m\u016fm.<\/td><td style=\"padding-left: 2em !important;\">Motivujte zam\u011bstnance, aby jezdili spole\u010dn\u011b autem, na kole, autobusem nebo se jinak vzdali dopravy jedn\u00edm autem.<br><br>Motivovat n\u00e1v\u0161t\u011bvn\u00edky k udr\u017eiteln\u00e9mu cestov\u00e1n\u00ed.<\/td><\/tr><tr><td style=\"padding-left: 2em !important;\">11.7 Do roku 2030 zajistit v\u0161eobecn\u00fd p\u0159\u00edstup k bezpe\u010dn\u00fdm, inkluzivn\u00edm a p\u0159\u00edstupn\u00fdm zelen\u00fdm a ve\u0159ejn\u00fdm prostranstv\u00edm.<\/td><td style=\"padding-left: 2em !important;\">P\u0159em\u011bna parkovac\u00edch m\u00edst na zelen\u00e9 plochy v boji proti zvy\u0161uj\u00edc\u00ed se teplot\u011b ve m\u011bstech.<\/td><\/tr><tr><td><strong>12. Odpov\u011bdn\u00e1 spot\u0159eba a v\u00fdroba<\/strong><\/td><td><strong>Odpady, investice<\/strong><\/td><\/tr><tr><td style=\"padding-left: 2em !important;\">12.3 Do roku 2030 sn\u00ed\u017eit celosv\u011btov\u00e9 pl\u00fdtv\u00e1n\u00ed potravinami na \u00farovni maloobchodu a spot\u0159ebitel\u016f na polovinu a sn\u00ed\u017eit ztr\u00e1ty potravin ve v\u00fdrobn\u00edch a dodavatelsk\u00fdch \u0159et\u011bzc\u00edch, v\u010detn\u011b ztr\u00e1t po sklizni.<\/td><td style=\"padding-left: 2em !important;\">Kompostujte 100% ve\u0161ker\u00e9ho potravinov\u00e9ho odpadu.<\/td><\/tr><tr><td style=\"padding-left: 2em !important;\">12.5 Podstatn\u011b sn\u00ed\u017eit produkci odpad\u016f prost\u0159ednictv\u00edm prevence, sni\u017eov\u00e1n\u00ed, recyklace a op\u011btovn\u00e9ho pou\u017eit\u00ed.<\/td><td style=\"padding-left: 2em !important;\">Recyklujte nebo znovu pou\u017eijte v\u0161echny recyklovateln\u00e9 materi\u00e1ly v\u010detn\u011b kov\u016f, skla a plast\u016f v cel\u00e9 zimn\u00ed zahrad\u011b.<br><br>Eliminujte v\u0161echny jednor\u00e1zov\u00e9 plasty v gastronomii, zahradnictv\u00ed, obchod\u011b se suven\u00fdry a ve v\u0161ech ostatn\u00edch za\u0159\u00edzen\u00edch a provozech.<br><br>Zru\u0161it prodej a pou\u017e\u00edv\u00e1n\u00ed balen\u00e9 vody.<\/td><\/tr><tr><td style=\"padding-left: 2em !important;\">12.c Racionalizovat neefektivn\u00ed dotace na fosiln\u00ed paliva.<\/td><td style=\"padding-left: 2em !important;\">Zbavte se investic do fosiln\u00edch paliv.<br><br>Investujte do soci\u00e1ln\u011b odpov\u011bdn\u00fdch investic.<\/td><\/tr><tr><td><strong>13. Akce v oblasti klimatu<\/strong><\/td><td><strong>Energie, N\u00e1v\u0161t\u011bvn\u00edci<\/strong><\/td><\/tr><tr><td style=\"padding-left: 2em !important;\">13.2 Integrace zm\u011bny klimatu<br>opat\u0159en\u00ed do vnitrost\u00e1tn\u00edch politik, strategi\u00ed a pl\u00e1nov\u00e1n\u00ed.<\/td><td style=\"padding-left: 2em !important;\">Spln\u011bn\u00ed Pa\u0159\u00ed\u017esk\u00e9 dohody o klimatu NEBO sn\u00ed\u017een\u00ed spot\u0159eby fosiln\u00edch paliv o 25%<\/td><\/tr><tr><td style=\"padding-left: 2em !important;\">13.3 Zlep\u0161it vzd\u011bl\u00e1v\u00e1n\u00ed, zvy\u0161ov\u00e1n\u00ed pov\u011bdom\u00ed a lidsk\u00e9 a institucion\u00e1ln\u00ed kapacity v oblasti zm\u00edr\u0148ov\u00e1n\u00ed zm\u011bny klimatu, p\u0159izp\u016fsobov\u00e1n\u00ed se t\u00e9to zm\u011bn\u011b, sni\u017eov\u00e1n\u00ed jej\u00edch dopad\u016f a v\u010dasn\u00e9ho varov\u00e1n\u00ed.<\/td><td style=\"padding-left: 2em !important;\">U\u010dit osv\u011bd\u010den\u00e9 postupy pro zm\u00edrn\u011bn\u00ed a omezen\u00ed glob\u00e1ln\u00ed zm\u011bny klimatu.<br><br>Pom\u00e1hat n\u00e1v\u0161t\u011bvn\u00edk\u016fm p\u0159i p\u0159echodu na obnoviteln\u00e9 zdroje energie v dom\u00e1cnostech.<br><br>Vzd\u011bl\u00e1vejte n\u00e1v\u0161t\u011bvn\u00edky o udr\u017eiteln\u00e9m zahradni\u010den\u00ed bez fosiln\u00edch paliv.<br><br>Vzd\u011bl\u00e1vejte n\u00e1v\u0161t\u011bvn\u00edky v oblasti p\u011bstov\u00e1n\u00ed biopotravin.<br><br>Vzd\u011bl\u00e1vejte n\u00e1v\u0161t\u011bvn\u00edky o dopadech v\u00fdb\u011bru potravin a pl\u00fdtv\u00e1n\u00ed s nimi.<\/td><\/tr><tr><td><strong>15. \u017divot na sou\u0161i<\/strong><\/td><td><strong>Krajina a zahradnictv\u00ed<\/strong><\/td><\/tr><tr><td style=\"padding-left: 2em !important;\">15.9 Do roku 2020 za\u010dlenit hodnoty ekosyst\u00e9m\u016f a biologick\u00e9 rozmanitosti do n\u00e1rodn\u00edho a m\u00edstn\u00edho pl\u00e1nov\u00e1n\u00ed, rozvojov\u00fdch proces\u016f, strategi\u00ed sni\u017eov\u00e1n\u00ed chudoby a \u00fa\u010detnictv\u00ed.<\/td><td style=\"padding-left: 2em !important;\">Podpora zales\u0148ov\u00e1n\u00ed za \u00fa\u010delem zachycov\u00e1n\u00ed uhl\u00edku<\/td><\/tr><tr><td><strong>17. Partnerstv\u00ed pro c\u00edle<\/strong><\/td><td><strong>Investice<\/strong><\/td><\/tr><tr><td style=\"padding-left: 2em !important;\"> 17.16 Pos\u00edlit glob\u00e1ln\u00ed partnerstv\u00ed pro udr\u017eiteln\u00fd rozvoj, dopln\u011bn\u00e9 o partnerstv\u00ed v\u00edce z\u00fa\u010dastn\u011bn\u00fdch stran, kter\u00e9 mobilizuje a sd\u00edl\u00ed znalosti, odborn\u00e9 znalosti, technologie a finan\u010dn\u00ed zdroje, s c\u00edlem podpo\u0159it dosa\u017een\u00ed c\u00edl\u016f udr\u017eiteln\u00e9ho rozvoje ve v\u0161ech zem\u00edch, zejm\u00e9na v rozvojov\u00fdch zem\u00edch. <br><br> 17.17 Podporovat a prosazovat \u00fa\u010dinn\u00e1 partnerstv\u00ed ve\u0159ejn\u00e9ho, ve\u0159ejn\u00e9ho a soukrom\u00e9ho sektoru a ob\u010dansk\u00e9 spole\u010dnosti, p\u0159i\u010dem\u017e je t\u0159eba vych\u00e1zet ze zku\u0161enost\u00ed a strategi\u00ed z\u00edsk\u00e1v\u00e1n\u00ed zdroj\u016f partnerstv\u00ed.<\/td><td style=\"padding-left: 2em !important;\"> Zbavte se investic do fosiln\u00edch paliv. <br><br>Investujte do soci\u00e1ln\u011b odpov\u011bdn\u00fdch investic. <\/td><\/tr><\/tbody><\/table><\/figure>\n\n\n\n<p>Dal\u0161\u00ed informace o c\u00edlech udr\u017eiteln\u00e9ho rozvoje, <strong><a href=\"https:\/\/sdgs.un.org\/goals\">nav\u0161tivte webov\u00e9 str\u00e1nky Organizace spojen\u00fdch n\u00e1rod\u016f<\/a><\/strong>.<\/p>","protected":false},"excerpt":{"rendered":"<p>Slad\u011bn\u00ed c\u00edl\u016f udr\u017eiteln\u00e9ho rozvoje OSN a souboru n\u00e1stroj\u016f pro oblast klimatu Organizace spojen\u00fdch n\u00e1rod\u016f vytvo\u0159ila 17 c\u00edl\u016f udr\u017eiteln\u00e9ho rozvoje (SDGs), \"aby vytvo\u0159ila soubor univerz\u00e1ln\u00edch c\u00edl\u016f, kter\u00e9 odpov\u00eddaj\u00ed nal\u00e9hav\u00fdm environment\u00e1ln\u00edm, politick\u00fdm a ekonomick\u00fdm v\u00fdzv\u00e1m, jim\u017e \u010del\u00ed n\u00e1\u0161 sv\u011bt\".  Ka\u017ed\u00fd z t\u011bchto c\u00edl\u016f je zam\u011b\u0159en na ...<\/p>\n<p class=\"read-more\"> <a class=\"\" href=\"https:\/\/climatetoolkit.org\/cs\/alignment-of-u-n-sustainable-development-goals-and-the-climate-toolkit\/\"> <span class=\"screen-reader-text\">Slad\u011bn\u00ed c\u00edl\u016f udr\u017eiteln\u00e9ho rozvoje OSN a souboru n\u00e1stroj\u016f v oblasti klimatu<\/span> P\u0159e\u010dt\u011bte si v\u00edce \"<\/a><\/p>","protected":false},"author":2,"featured_media":0,"parent":0,"menu_order":0,"comment_status":"closed","ping_status":"closed","template":"","meta":{"_acf_changed":false,"inline_featured_image":false,"advgb_blocks_editor_width":"","advgb_blocks_columns_visual_guide":"","footnotes":""},"class_list":["post-564","page","type-page","status-publish","hentry"],"acf":[],"yoast_head":"<!-- This site is optimized with the Yoast SEO plugin v27.5 - https:\/\/yoast.com\/product\/yoast-seo-wordpress\/ -->\n<title>Alignment of U.N. Sustainable Development Goals and The Climate Toolkit - The Climate Toolkit<\/title>\n<meta name=\"robots\" content=\"index, follow, max-snippet:-1, max-image-preview:large, max-video-preview:-1\" \/>\n<link rel=\"canonical\" href=\"https:\/\/climatetoolkit.org\/cs\/alignment-of-u-n-sustainable-development-goals-and-the-climate-toolkit\/\" \/>\n<meta property=\"og:locale\" content=\"cs_CZ\" \/>\n<meta property=\"og:type\" content=\"article\" \/>\n<meta property=\"og:title\" content=\"Alignment of U.N. Sustainable Development Goals and The Climate Toolkit - The Climate Toolkit\" \/>\n<meta property=\"og:description\" content=\"Alignment of U.N. Sustainable Development Goals and The Climate Toolkit The United Nations created the 17 Sustainable Developmental Goals (SDGs) \u201cto produce a set of universal goals that meet the urgent environmental, political and economic challenges facing our world.\u201d &nbsp;Each &hellip; Alignment of U.N. Sustainable Development Goals and The Climate Toolkit Read More &raquo;\" \/>\n<meta property=\"og:url\" content=\"https:\/\/climatetoolkit.org\/cs\/alignment-of-u-n-sustainable-development-goals-and-the-climate-toolkit\/\" \/>\n<meta property=\"og:site_name\" content=\"The Climate Toolkit\" \/>\n<meta property=\"article:modified_time\" content=\"2021-08-17T21:01:46+00:00\" \/>\n<meta property=\"og:image\" content=\"https:\/\/climatetoolkit.org\/wp-content\/uploads\/2021\/02\/800px-Sustainable_Development_Goals_logo.svg.png\" \/>\n<meta name=\"twitter:card\" content=\"summary_large_image\" \/>\n<meta name=\"twitter:label1\" content=\"Odhadovan\u00e1 doba \u010dten\u00ed\" \/>\n\t<meta name=\"twitter:data1\" content=\"4 minuty\" \/>\n<script type=\"application\/ld+json\" class=\"yoast-schema-graph\">{\"@context\":\"https:\\\/\\\/schema.org\",\"@graph\":[{\"@type\":\"WebPage\",\"@id\":\"https:\\\/\\\/climatetoolkit.org\\\/alignment-of-u-n-sustainable-development-goals-and-the-climate-toolkit\\\/\",\"url\":\"https:\\\/\\\/climatetoolkit.org\\\/alignment-of-u-n-sustainable-development-goals-and-the-climate-toolkit\\\/\",\"name\":\"Alignment of U.N. Sustainable Development Goals and The Climate Toolkit - The Climate Toolkit\",\"isPartOf\":{\"@id\":\"https:\\\/\\\/climatetoolkit.org\\\/#website\"},\"primaryImageOfPage\":{\"@id\":\"https:\\\/\\\/climatetoolkit.org\\\/alignment-of-u-n-sustainable-development-goals-and-the-climate-toolkit\\\/#primaryimage\"},\"image\":{\"@id\":\"https:\\\/\\\/climatetoolkit.org\\\/alignment-of-u-n-sustainable-development-goals-and-the-climate-toolkit\\\/#primaryimage\"},\"thumbnailUrl\":\"https:\\\/\\\/climatetoolkit.org\\\/wp-content\\\/uploads\\\/2021\\\/02\\\/800px-Sustainable_Development_Goals_logo.svg.png\",\"datePublished\":\"2021-02-11T16:08:06+00:00\",\"dateModified\":\"2021-08-17T21:01:46+00:00\",\"breadcrumb\":{\"@id\":\"https:\\\/\\\/climatetoolkit.org\\\/alignment-of-u-n-sustainable-development-goals-and-the-climate-toolkit\\\/#breadcrumb\"},\"inLanguage\":\"cs\",\"potentialAction\":[{\"@type\":\"ReadAction\",\"target\":[\"https:\\\/\\\/climatetoolkit.org\\\/alignment-of-u-n-sustainable-development-goals-and-the-climate-toolkit\\\/\"]}]},{\"@type\":\"ImageObject\",\"inLanguage\":\"cs\",\"@id\":\"https:\\\/\\\/climatetoolkit.org\\\/alignment-of-u-n-sustainable-development-goals-and-the-climate-toolkit\\\/#primaryimage\",\"url\":\"https:\\\/\\\/climatetoolkit.org\\\/wp-content\\\/uploads\\\/2021\\\/02\\\/800px-Sustainable_Development_Goals_logo.svg.png\",\"contentUrl\":\"https:\\\/\\\/climatetoolkit.org\\\/wp-content\\\/uploads\\\/2021\\\/02\\\/800px-Sustainable_Development_Goals_logo.svg.png\"},{\"@type\":\"BreadcrumbList\",\"@id\":\"https:\\\/\\\/climatetoolkit.org\\\/alignment-of-u-n-sustainable-development-goals-and-the-climate-toolkit\\\/#breadcrumb\",\"itemListElement\":[{\"@type\":\"ListItem\",\"position\":1,\"name\":\"Home\",\"item\":\"https:\\\/\\\/climatetoolkit.org\\\/\"},{\"@type\":\"ListItem\",\"position\":2,\"name\":\"Alignment of U.N. Sustainable Development Goals and The Climate Toolkit\"}]},{\"@type\":\"WebSite\",\"@id\":\"https:\\\/\\\/climatetoolkit.org\\\/#website\",\"url\":\"https:\\\/\\\/climatetoolkit.org\\\/\",\"name\":\"The Climate Toolkit\",\"description\":\"For Museums, Gardens and Zoos\",\"publisher\":{\"@id\":\"https:\\\/\\\/climatetoolkit.org\\\/#organization\"},\"potentialAction\":[{\"@type\":\"SearchAction\",\"target\":{\"@type\":\"EntryPoint\",\"urlTemplate\":\"https:\\\/\\\/climatetoolkit.org\\\/?s={search_term_string}\"},\"query-input\":{\"@type\":\"PropertyValueSpecification\",\"valueRequired\":true,\"valueName\":\"search_term_string\"}}],\"inLanguage\":\"cs\"},{\"@type\":\"Organization\",\"@id\":\"https:\\\/\\\/climatetoolkit.org\\\/#organization\",\"name\":\"The Climate Toolkit\",\"url\":\"https:\\\/\\\/climatetoolkit.org\\\/\",\"logo\":{\"@type\":\"ImageObject\",\"inLanguage\":\"cs\",\"@id\":\"https:\\\/\\\/climatetoolkit.org\\\/#\\\/schema\\\/logo\\\/image\\\/\",\"url\":\"https:\\\/\\\/climatetoolkit.org\\\/wp-content\\\/uploads\\\/2020\\\/05\\\/C_logo.png\",\"contentUrl\":\"https:\\\/\\\/climatetoolkit.org\\\/wp-content\\\/uploads\\\/2020\\\/05\\\/C_logo.png\",\"width\":512,\"height\":512,\"caption\":\"The Climate Toolkit\"},\"image\":{\"@id\":\"https:\\\/\\\/climatetoolkit.org\\\/#\\\/schema\\\/logo\\\/image\\\/\"}}]}<\/script>\n<!-- \/ Yoast SEO plugin. -->","yoast_head_json":{"title":"Alignment of U.N. Sustainable Development Goals and The Climate Toolkit - The Climate Toolkit","robots":{"index":"index","follow":"follow","max-snippet":"max-snippet:-1","max-image-preview":"max-image-preview:large","max-video-preview":"max-video-preview:-1"},"canonical":"https:\/\/climatetoolkit.org\/cs\/alignment-of-u-n-sustainable-development-goals-and-the-climate-toolkit\/","og_locale":"cs_CZ","og_type":"article","og_title":"Alignment of U.N. Sustainable Development Goals and The Climate Toolkit - The Climate Toolkit","og_description":"Alignment of U.N. Sustainable Development Goals and The Climate Toolkit The United Nations created the 17 Sustainable Developmental Goals (SDGs) \u201cto produce a set of universal goals that meet the urgent environmental, political and economic challenges facing our world.\u201d &nbsp;Each &hellip; Alignment of U.N. Sustainable Development Goals and The Climate Toolkit Read More &raquo;","og_url":"https:\/\/climatetoolkit.org\/cs\/alignment-of-u-n-sustainable-development-goals-and-the-climate-toolkit\/","og_site_name":"The Climate Toolkit","article_modified_time":"2021-08-17T21:01:46+00:00","og_image":[{"url":"https:\/\/climatetoolkit.org\/wp-content\/uploads\/2021\/02\/800px-Sustainable_Development_Goals_logo.svg.png","type":"","width":"","height":""}],"twitter_card":"summary_large_image","twitter_misc":{"Odhadovan\u00e1 doba \u010dten\u00ed":"4 minuty"},"schema":{"@context":"https:\/\/schema.org","@graph":[{"@type":"WebPage","@id":"https:\/\/climatetoolkit.org\/alignment-of-u-n-sustainable-development-goals-and-the-climate-toolkit\/","url":"https:\/\/climatetoolkit.org\/alignment-of-u-n-sustainable-development-goals-and-the-climate-toolkit\/","name":"Alignment of U.N. Sustainable Development Goals and The Climate Toolkit - The Climate Toolkit","isPartOf":{"@id":"https:\/\/climatetoolkit.org\/#website"},"primaryImageOfPage":{"@id":"https:\/\/climatetoolkit.org\/alignment-of-u-n-sustainable-development-goals-and-the-climate-toolkit\/#primaryimage"},"image":{"@id":"https:\/\/climatetoolkit.org\/alignment-of-u-n-sustainable-development-goals-and-the-climate-toolkit\/#primaryimage"},"thumbnailUrl":"https:\/\/climatetoolkit.org\/wp-content\/uploads\/2021\/02\/800px-Sustainable_Development_Goals_logo.svg.png","datePublished":"2021-02-11T16:08:06+00:00","dateModified":"2021-08-17T21:01:46+00:00","breadcrumb":{"@id":"https:\/\/climatetoolkit.org\/alignment-of-u-n-sustainable-development-goals-and-the-climate-toolkit\/#breadcrumb"},"inLanguage":"cs","potentialAction":[{"@type":"ReadAction","target":["https:\/\/climatetoolkit.org\/alignment-of-u-n-sustainable-development-goals-and-the-climate-toolkit\/"]}]},{"@type":"ImageObject","inLanguage":"cs","@id":"https:\/\/climatetoolkit.org\/alignment-of-u-n-sustainable-development-goals-and-the-climate-toolkit\/#primaryimage","url":"https:\/\/climatetoolkit.org\/wp-content\/uploads\/2021\/02\/800px-Sustainable_Development_Goals_logo.svg.png","contentUrl":"https:\/\/climatetoolkit.org\/wp-content\/uploads\/2021\/02\/800px-Sustainable_Development_Goals_logo.svg.png"},{"@type":"BreadcrumbList","@id":"https:\/\/climatetoolkit.org\/alignment-of-u-n-sustainable-development-goals-and-the-climate-toolkit\/#breadcrumb","itemListElement":[{"@type":"ListItem","position":1,"name":"Home","item":"https:\/\/climatetoolkit.org\/"},{"@type":"ListItem","position":2,"name":"Alignment of U.N. Sustainable Development Goals and The Climate Toolkit"}]},{"@type":"WebSite","@id":"https:\/\/climatetoolkit.org\/#website","url":"https:\/\/climatetoolkit.org\/","name":"Soubor n\u00e1stroj\u016f pro oblast klimatu","description":"Pro muzea, zahrady a zoologick\u00e9 zahrady","publisher":{"@id":"https:\/\/climatetoolkit.org\/#organization"},"potentialAction":[{"@type":"SearchAction","target":{"@type":"EntryPoint","urlTemplate":"https:\/\/climatetoolkit.org\/?s={search_term_string}"},"query-input":{"@type":"PropertyValueSpecification","valueRequired":true,"valueName":"search_term_string"}}],"inLanguage":"cs"},{"@type":"Organization","@id":"https:\/\/climatetoolkit.org\/#organization","name":"Soubor n\u00e1stroj\u016f pro oblast klimatu","url":"https:\/\/climatetoolkit.org\/","logo":{"@type":"ImageObject","inLanguage":"cs","@id":"https:\/\/climatetoolkit.org\/#\/schema\/logo\/image\/","url":"https:\/\/climatetoolkit.org\/wp-content\/uploads\/2020\/05\/C_logo.png","contentUrl":"https:\/\/climatetoolkit.org\/wp-content\/uploads\/2020\/05\/C_logo.png","width":512,"height":512,"caption":"The Climate Toolkit"},"image":{"@id":"https:\/\/climatetoolkit.org\/#\/schema\/logo\/image\/"}}]}},"coauthors":[],"author_meta":{"author_link":"https:\/\/climatetoolkit.org\/cs\/author\/joe\/","display_name":"joe reed"},"relative_dates":{"created":"Posted 5 roky ago","modified":"Updated 5 roky ago"},"absolute_dates":{"created":"Posted on 11 \u00fanora, 2021","modified":"Updated on 17 srpna, 2021"},"absolute_dates_time":{"created":"Posted on 11 \u00fanora, 2021 11:08 am","modified":"Updated on 17 srpna, 2021 5:01 pm"},"featured_img_caption":"","featured_img":false,"series_order":"","_links":{"self":[{"href":"https:\/\/climatetoolkit.org\/cs\/wp-json\/wp\/v2\/pages\/564","targetHints":{"allow":["GET"]}}],"collection":[{"href":"https:\/\/climatetoolkit.org\/cs\/wp-json\/wp\/v2\/pages"}],"about":[{"href":"https:\/\/climatetoolkit.org\/cs\/wp-json\/wp\/v2\/types\/page"}],"author":[{"embeddable":true,"href":"https:\/\/climatetoolkit.org\/cs\/wp-json\/wp\/v2\/users\/2"}],"replies":[{"embeddable":true,"href":"https:\/\/climatetoolkit.org\/cs\/wp-json\/wp\/v2\/comments?post=564"}],"version-history":[{"count":0,"href":"https:\/\/climatetoolkit.org\/cs\/wp-json\/wp\/v2\/pages\/564\/revisions"}],"wp:attachment":[{"href":"https:\/\/climatetoolkit.org\/cs\/wp-json\/wp\/v2\/media?parent=564"}],"curies":[{"name":"wp","href":"https:\/\/api.w.org\/{rel}","templated":true}]}}