{"id":4586,"date":"2025-08-01T13:42:19","date_gmt":"2025-08-01T17:42:19","guid":{"rendered":"https:\/\/climatetoolkit.org\/?page_id=4586"},"modified":"2025-10-17T14:24:16","modified_gmt":"2025-10-17T18:24:16","slug":"symposium-agenda","status":"publish","type":"page","link":"https:\/\/climatetoolkit.org\/cs\/symposium-agenda\/","title":{"rendered":"Program sympozia"},"content":{"rendered":"<h2 class=\"wp-block-heading\">Program sympozia o klimatick\u00fdch n\u00e1stroj\u00edch<\/h2>\n\n\n\n<figure class=\"wp-block-image size-large is-resized\"><img decoding=\"async\" width=\"1024\" height=\"614\" src=\"https:\/\/climatetoolkit.org\/wp-content\/uploads\/2025\/10\/symposium_2-1024x614.jpg\" alt=\"\" class=\"wp-image-4893\" style=\"width:632px;height:auto\" srcset=\"https:\/\/climatetoolkit.org\/wp-content\/uploads\/2025\/10\/symposium_2-1024x614.jpg 1024w, https:\/\/climatetoolkit.org\/wp-content\/uploads\/2025\/10\/symposium_2-300x180.jpg 300w, https:\/\/climatetoolkit.org\/wp-content\/uploads\/2025\/10\/symposium_2-768x461.jpg 768w, https:\/\/climatetoolkit.org\/wp-content\/uploads\/2025\/10\/symposium_2-1536x922.jpg 1536w, https:\/\/climatetoolkit.org\/wp-content\/uploads\/2025\/10\/symposium_2-2048x1229.jpg 2048w, https:\/\/climatetoolkit.org\/wp-content\/uploads\/2025\/10\/symposium_2-18x12.jpg 18w, https:\/\/climatetoolkit.org\/wp-content\/uploads\/2025\/10\/symposium_2-100x60.jpg 100w, https:\/\/climatetoolkit.org\/wp-content\/uploads\/2025\/10\/symposium_2-150x90.jpg 150w, https:\/\/climatetoolkit.org\/wp-content\/uploads\/2025\/10\/symposium_2-200x120.jpg 200w, https:\/\/climatetoolkit.org\/wp-content\/uploads\/2025\/10\/symposium_2-450x270.jpg 450w, https:\/\/climatetoolkit.org\/wp-content\/uploads\/2025\/10\/symposium_2-600x360.jpg 600w, https:\/\/climatetoolkit.org\/wp-content\/uploads\/2025\/10\/symposium_2-900x540.jpg 900w\" sizes=\"(max-width: 1024px) 100vw, 1024px\" \/><\/figure>\n\n\n\n<h3 class=\"wp-block-heading\"><strong>Zahajovac\u00ed ve\u010der<\/strong> <strong>Recepce<\/strong><\/h3>\n\n\n\n<h6 class=\"wp-block-heading\"><strong>NED\u011aLE, \u0158\u00cdJEN. 26, 18-21 HOD.<\/strong><\/h6>\n\n\n\n<p>\ud83c\udf34 <em>V\u00edtejte na sympoziu!<\/em><\/p>\n\n\n\n<p>Na t\u00e9to uv\u00edtac\u00ed akci, kter\u00e1 se kon\u00e1 na pozad\u00ed sv\u011b\u017e\u00ed v\u00fdstavy Tropical Forest Panama a s\u00e1lu pro zvl\u00e1\u0161tn\u00ed akce Phippsovy konzervato\u0159e, pronesou \u00favodn\u00ed \u0159e\u010d Richard Piacentini, prezident a gener\u00e1ln\u00ed \u0159editel Phippsovy konzervato\u0159e, a Margaret Waldockov\u00e1, v\u00fdkonn\u00e1 \u0159editelka Duke Farms, a d\u00e1le se zde bude pod\u00e1vat ob\u010derstven\u00ed, ve\u010de\u0159e formou bufetu, \u017eiv\u00e1 hudba a navazovat kontakty.<\/p>\n\n\n\n<h3 class=\"wp-block-heading\"><strong>Den 1: P\u0159\u00edpadov\u00e9 studie \u00fasp\u011bchu v oblasti klimatu<\/strong><\/h3>\n\n\n\n<h6 class=\"wp-block-heading\"><strong>POND\u011aL\u00cd, \u0158\u00cdJEN 27. \u0158\u00cdJNA, 8:00-17:00, VE\u010cE\u0158E A HLAVN\u00cd PREZENTACE 18:30-21:00.<\/strong><\/h6>\n\n\n\n<p><em>8:00 - 9:00 hod.<\/em> &#8211; <em>Sn\u00eddan\u011b<\/em> <em>a V\u00edtejte<\/em><\/p>\n\n\n\n<p><em>9:00 - 10:30 hod.<\/em> &#8211; <em>Prvn\u00ed program<\/em><\/p>\n\n\n\n<p>\u26a1 <strong>Energetika a dekarbonizace<\/strong><\/p>\n\n\n\n<p>Kulturn\u00ed instituce se st\u00e1vaj\u00ed l\u00eddry v oblasti klimatu, sni\u017euj\u00ed emise uhl\u00edku a p\u0159ech\u00e1zej\u00ed na obnoviteln\u00e9 zdroje energie. V tomto panelu se instituce pod\u011bl\u00ed o to, jak realizuj\u00ed ambici\u00f3zn\u00ed strategie dekarbonizace, a nab\u00eddnou zku\u0161enosti z re\u00e1ln\u00fdch \u00fasp\u011bch\u016f a probl\u00e9m\u016f.<\/p>\n\n\n\n<ul class=\"wp-block-list\">\n<li>Richard Piacentini, prezident a gener\u00e1ln\u00ed \u0159editel - <strong>Phippsova konzervato\u0159<\/strong><\/li>\n\n\n\n<li>Jon Wagar, z\u00e1stupce v\u00fdkonn\u00e9ho \u0159editele pro provoz a udr\u017eitelnost - <strong>Farmy Duke<\/strong><\/li>\n\n\n\n<li>Rachel Novick, Ph.D., \u0159editelka odd\u011blen\u00ed udr\u017eitelnosti - <strong>Arboretum Morton<\/strong><\/li>\n\n\n\n<li>Rafael de Carvalho, z\u00e1stupce viceprezidenta pro investi\u010dn\u00ed projekty - <strong>Newyorsk\u00e1 botanick\u00e1 zahrada<\/strong><\/li>\n<\/ul>\n\n\n\n<p><em>10:45 - 12:00 hod.<\/em> &#8211; <em>Druh\u00fd program<\/em><\/p>\n\n\n\n<p>\ud83c\udf0d <strong>Interpretace a zapojen\u00ed klimatu<\/strong><\/p>\n\n\n\n<p>Jak mohou instituce zapojit ve\u0159ejnost do problematiky m\u011bn\u00edc\u00edho se klimatu? Tato panelov\u00e1 prezentace sdru\u017euje instituce<strong> <\/strong>vyzdvihnout kreativn\u00ed p\u0159\u00edstupy k interpretaci a zapojen\u00ed, kter\u00e9 budou inspirovat publikum k \u00fa\u010dasti na \u0159e\u0161en\u00edch v oblasti klimatu.<\/p>\n\n\n\n<ul class=\"wp-block-list\">\n<li>Anais Reyes, kur\u00e1torka - <strong>Muzeum klimatu<\/strong><\/li>\n\n\n\n<li>Casey Mink, asistentka v\u00fdvoj\u00e1\u0159e expon\u00e1t\u016f - <strong>P\u0159\u00edrodov\u011bdn\u00e9 muzeum v Utahu<\/strong><\/li>\n\n\n\n<li>Jen Kretser, \u0159editelka klimatick\u00fdch iniciativ - <strong>Divok\u00e9 centrum<\/strong><\/li>\n\n\n\n<li>Mark Wourms, Ph.D., prezident, v\u00fdkonn\u00fd \u0159editel - <strong>Bernheimsk\u00fd les a arboretum<\/strong><\/li>\n<\/ul>\n\n\n\n<p><em>12:00 - 13:00 hod.<\/em> &#8211; <em>Ob\u011bd<\/em><\/p>\n\n\n\n<p><em>13:00 - 14:15 hod.<\/em> &#8211; <em>T\u0159et\u00ed program<\/em><\/p>\n\n\n\n<p>\u267b\ufe0f <strong>Tematick\u00e9 okruhy I: Nakl\u00e1d\u00e1n\u00ed s odpady a \u0159e\u0161en\u00ed zalo\u017een\u00e1 na p\u0159\u00edrod\u011b<\/strong><\/p>\n\n\n\n<p>Jednotliv\u00e9 sekce nab\u00edzej\u00ed \u00fa\u010dastn\u00edk\u016fm p\u0159\u00edle\u017eitost k c\u00edlen\u00e9 diskusi o konkr\u00e9tn\u00edch oblastech opat\u0159en\u00ed v oblasti klimatu. Ka\u017ed\u00e9 zased\u00e1n\u00ed za\u010d\u00edn\u00e1 kr\u00e1tkou prezentac\u00ed odborn\u00edka na danou problematiku, po n\u00ed\u017e n\u00e1sleduje facilitovan\u00e1 diskuse u kulat\u00e9ho stolu, kter\u00e1 podporuje sd\u00edlen\u00ed znalost\u00ed a \u0159e\u0161en\u00ed probl\u00e9m\u016f. Prvn\u00ed kolo bude obsahovat prezentace a diskusi o n\u00e1sleduj\u00edc\u00edch oblastech:<\/p>\n\n\n\n<ul class=\"wp-block-list\">\n<li><strong>Nakl\u00e1d\u00e1n\u00ed s odpady a zapojen\u00ed zam\u011bstnanc\u016f<\/strong>\n<ul class=\"wp-block-list\">\n<li>Allison Tilsonov\u00e1, vedouc\u00ed mana\u017eerka pro udr\u017eitelnost a ochranu p\u0159\u00edrody - <strong>N\u00e1rodn\u00ed akv\u00e1rium<\/strong><\/li>\n<\/ul>\n<\/li>\n<\/ul>\n\n\n\n<p><\/p>\n\n\n\n<ul class=\"wp-block-list\">\n<li><strong>\u0158e\u0161en\u00ed zalo\u017een\u00e1 na p\u0159\u00edrod\u011b<\/strong>\n<ul class=\"wp-block-list\">\n<li>Jeff Downing, v\u00fdkonn\u00fd \u0159editel - <strong>Centrum Mt. Cuba<\/strong><\/li>\n\n\n\n<li>Christy Rollinson, Ph.D., vedouc\u00ed v\u011bdeck\u00e1 pracovnice, ekologie lesa - <strong>Arboretum Morton<\/strong><\/li>\n<\/ul>\n<\/li>\n<\/ul>\n\n\n\n<p><em>14:30 - 15:45 hod.<\/em> &#8211; <em>\u010ctvrt\u00fd program<\/em><\/p>\n\n\n\n<p>\ud83c\udf33 <strong>Oblasti z\u00e1jmu II: V\u00fdzkum klimatu<\/strong>, <strong>Ochrana p\u0159\u00edrody a opat\u0159en\u00ed, spr\u00e1va za\u0159\u00edzen\u00ed<\/strong><\/p>\n\n\n\n<p>Druh\u00e9 kolo tematick\u00fdch blok\u016f bude zahrnovat kr\u00e1tk\u00e9 prezentace odborn\u00edk\u016f na danou problematiku, po nich\u017e budou n\u00e1sledovat facilitovan\u00e9 diskuse u kulat\u00e9ho stolu na podporu sd\u00edlen\u00ed znalost\u00ed a \u0159e\u0161en\u00ed probl\u00e9m\u016f:<\/p>\n\n\n\n<ul class=\"wp-block-list\">\n<li><strong>V\u00fdzkum klimatu<\/strong>\n<ul class=\"wp-block-list\">\n<li>Chelsea Miller, Ph.D., odborn\u00e1 asistentka, biologie glob\u00e1ln\u00edch zm\u011bn -<strong> University of Akron<\/strong><\/li>\n\n\n\n<li>Lara Roketenetz, Ph.D., \u0159editelka ter\u00e9nn\u00ed stanice -<strong> Ter\u00e9nn\u00ed stanice University of Akron<\/strong><\/li>\n<\/ul>\n<\/li>\n<\/ul>\n\n\n\n<p><\/p>\n\n\n\n<ul class=\"wp-block-list\">\n<li><strong>Zachov\u00e1n\u00ed a akce: P\u0159eklenut\u00ed rozd\u00edlu<\/strong>\n<ul class=\"wp-block-list\">\n<li>Shafkat Khan, Ph.D., \u0159editelka odd\u011blen\u00ed ochrany p\u0159\u00edrody -&nbsp;<strong>Pittsburghsk\u00e1 zoo a akv\u00e1rium<\/strong><\/li>\n<\/ul>\n<\/li>\n<\/ul>\n\n\n\n<p><\/p>\n\n\n\n<ul class=\"wp-block-list\">\n<li><strong>Spr\u00e1va za\u0159\u00edzen\u00ed<\/strong>\n<ul class=\"wp-block-list\">\n<li>Jim Hanson, mana\u017eer pro udr\u017eitelnost a technologie - <strong>Farmy Duke<\/strong><\/li>\n\n\n\n<li>Joe Zalenko, spr\u00e1vce za\u0159\u00edzen\u00ed -<strong> Farmy Duke<\/strong><\/li>\n<\/ul>\n<\/li>\n<\/ul>\n\n\n\n<p><em>16:00 - 17:00 hod.<\/em> &#8211; <em>P\u00e1t\u00fd program<\/em><\/p>\n\n\n\n<p>\ud83c\udf31 <strong>Obhajoba klimatu ml\u00e1de\u017e\u00ed<\/strong><\/p>\n\n\n\n<p>Pos\u00edlen\u00ed hlas\u016f mlad\u00fdch lid\u00ed je z\u00e1sadn\u00ed pro rozvoj hnut\u00ed za klima a pro podn\u011bcov\u00e1n\u00ed akc\u00ed v r\u00e1mci komunit. V tomto panelu a v sekci ot\u00e1zek a odpov\u011bd\u00ed pro publikum usly\u0161\u00edte p\u0159\u00edmo od <strong>vedouc\u00ed ml\u00e1de\u017ee v oblasti klimatu<\/strong> <strong>ve spole\u010dnosti Phipps <\/strong>a pod\u011bl\u00ed se o sv\u00e9 zku\u0161enosti jako obh\u00e1jci a tv\u016frci zm\u011bn.<\/p>\n\n\n\n<ul class=\"wp-block-list\">\n<li>Emma Ehan, vedouc\u00ed YCAC - <strong>V\u00fdbor Phippsovy ml\u00e1de\u017ee pro ochranu klimatu<\/strong><\/li>\n\n\n\n<li>Anwita Maneish Nithya, vedouc\u00ed t\u00fdmu YCAC - <strong>V\u00fdbor Phippsovy ml\u00e1de\u017ee pro ochranu klimatu<\/strong><\/li>\n\n\n\n<li>Cortlan Harrell, vedouc\u00ed t\u00fdmu YCAC - <strong>V\u00fdbor Phippsovy ml\u00e1de\u017ee pro ochranu klimatu<\/strong><\/li>\n\n\n\n<li>Marley McFarland, vedouc\u00ed YCAC - <strong>V\u00fdbor Phippsovy ml\u00e1de\u017ee pro ochranu klimatu<\/strong><\/li>\n<\/ul>\n\n\n\n<p><em>17:00 - 18:15 - Prohl\u00eddka \u017eiv\u00fdch budov<\/em><\/p>\n\n\n\n<p>P\u0159ipojte se k odborn\u00edkovi na interpretaci Phippsovy konzervato\u0159e, mana\u017eerovi pro udr\u017eitelnost a \u0159editeli pro za\u0159\u00edzen\u00ed a udr\u017eitelnost, abyste se podrobn\u011b sezn\u00e1mili s, <strong>prohl\u00eddka zelen\u00fdch budov v z\u00e1kulis\u00ed<\/strong> Centra pro udr\u017eitelnou krajinu, v\u00fdstavn\u00edho centra, p\u0159\u00edrodn\u00ed laborato\u0159e a v\u00fdrobn\u00edho sklen\u00edku a dozv\u00edte se o strategi\u00edch pro nulovou spot\u0159ebu energie a vody.<\/p>\n\n\n\n<p><em>18:30 - 21:00 hod.<\/em> &#8211; <em>Ve\u010de\u0159e a hlavn\u00ed projev<\/em><\/p>\n\n\n\n<p>Ve\u010der bude zakon\u010den ve\u010de\u0159\u00ed v s\u00e1le pro speci\u00e1ln\u00ed akce a hlavn\u00edm projevem, kter\u00fd p\u0159ednese <strong>David W. Orr<\/strong>, emeritn\u00edho profesora environment\u00e1ln\u00edch studi\u00ed a politiky Paula Searse na Oberlin College a sou\u010dasn\u00e9ho profesora praxe na Arizonsk\u00e9 st\u00e1tn\u00ed univerzit\u011b.<\/p>\n\n\n\n<h3 class=\"wp-block-heading\"><strong>Den 2: Hlubok\u00fd ponor do budoucnosti<\/strong><\/h3>\n\n\n\n<h6 class=\"wp-block-heading\"><strong>\u00daTER\u00dd, \u0158\u00cdJEN 28. \u0158\u00cdJNA, 8:00 - 16:00 HOD.<\/strong><\/h6>\n\n\n\n<p><em>8:00 - 9:00 hod.<\/em> &#8211; <em>Sn\u00eddan\u011b a p\u0159iv\u00edt\u00e1n\u00ed<\/em><\/p>\n\n\n\n<p><em>9:00 - 11:00 hod.<\/em> &#8211; <em>Prvn\u00ed program<\/em><\/p>\n\n\n\n<p>\ud83c\udf3b <strong>Esence jako kompas: Veden\u00ed opat\u0159en\u00ed v oblasti klimatu pomoc\u00ed regenerativn\u00edho my\u0161len\u00ed<\/strong><\/p>\n\n\n\n<p>Toto sezen\u00ed vyz\u00fdv\u00e1 \u00fa\u010dastn\u00edky, aby prozkoumali s\u00edlu pr\u00e1ce z podstaty - propojen\u00ed s jedine\u010dn\u00fdm j\u00e1drem toho, k\u00fdm jsou a na \u010dem jim skute\u010dn\u011b z\u00e1le\u017e\u00ed. V dob\u011b, kdy se opat\u0159en\u00ed v oblasti klimatu mohou \u010dasto zd\u00e1t reaktivn\u00ed nebo zdrcuj\u00edc\u00ed, nab\u00edz\u00ed n\u00e1vrat k podstat\u011b zp\u016fsob, jak se pohybovat s v\u011bt\u0161\u00ed jasnost\u00ed, soudr\u017enost\u00ed a smyslem. Na tomto z\u00e1klad\u011b se na\u0161e akce stanou regenerativn\u011bj\u0161\u00edmi, na\u0161e strategie slad\u011bn\u011bj\u0161\u00edmi a n\u00e1\u0161 potenci\u00e1l trval\u00e9ho dopadu bude pln\u011bji vyu\u017eit.<\/p>\n\n\n\n<ul class=\"wp-block-list\">\n<li>Sonja Bochart, \u0159editelka, LENS - <strong>Shepley Bulfinch<\/strong><\/li>\n\n\n\n<li>Richard Piacentini, prezident a gener\u00e1ln\u00ed \u0159editel - <strong>Phippsova konzervato\u0159<\/strong><\/li>\n<\/ul>\n\n\n\n<p><em>11:00 - 12:00 hod.<\/em> &#8211; <em>Druh\u00fd program<\/em><\/p>\n\n\n\n<p>\ud83c\udf43 <strong>Vytv\u00e1\u0159en\u00ed partnersk\u00fdch s\u00edt\u00ed<\/strong><\/p>\n\n\n\n<p>Toto setk\u00e1n\u00ed zve \u00fa\u010dastn\u00edky, aby se v neform\u00e1ln\u00edm prost\u0159ed\u00ed spojili s dal\u0161\u00edmi lidmi, kte\u0159\u00ed maj\u00ed podobn\u00e9 role v oblastech veden\u00ed, za\u0159\u00edzen\u00ed a provozu, partnerstv\u00ed s komunitou, zapojen\u00ed a vzd\u011bl\u00e1v\u00e1n\u00ed a \u0159e\u0161en\u00ed zalo\u017een\u00fdch na p\u0159\u00edrod\u011b. Ka\u017ed\u00e1 skupina povede svou vlastn\u00ed diskusi, \u010d\u00edm\u017e vytvo\u0159\u00ed prostor pro organick\u00e1 spojen\u00ed, sd\u00edlen\u00e9 u\u010den\u00ed a potenci\u00e1ln\u00ed partnerstv\u00ed, kter\u00e1 p\u0159es\u00e1hnou r\u00e1mec sympozia.&nbsp;<\/p>\n\n\n\n<p><em>12:00 - 13:00 hod.<\/em> &#8211; <em>Ob\u011bd<\/em><\/p>\n\n\n\n<p><em>13:00 - 14:30 hod.<\/em> &#8211; <em>T\u0159et\u00ed program<\/em><\/p>\n\n\n\n<p>\u2705 <strong>Semin\u00e1\u0159e o opat\u0159en\u00edch v oblasti klimatu<\/strong><\/p>\n\n\n\n<p>Na tomto z\u00e1v\u011bre\u010dn\u00e9m zased\u00e1n\u00ed sympozia si \u00fa\u010dastn\u00edci vyberou z nab\u00eddky zprost\u0159edkovan\u00fdch semin\u00e1\u0159\u016f o opat\u0159en\u00edch v oblasti klimatu, kter\u00e9 pomohou urychlit pl\u00e1nov\u00e1n\u00ed a prov\u00e1d\u011bn\u00ed opat\u0159en\u00ed v oblasti klimatu ve va\u0161\u00ed instituci. <\/p>\n\n\n\n<ul class=\"wp-block-list\">\n<li><strong>Tvorba pl\u00e1nu odolnosti v\u016f\u010di klimatick\u00fdm zm\u011bn\u00e1m<\/strong>\n<ul class=\"wp-block-list\">\n<li>Stephanie Shapiro, spoluzakladatelka a v\u00fdkonn\u00e1 \u0159editelka - <strong>\u017divotn\u00ed prost\u0159ed\u00ed a kultura Partne\u0159i<\/strong><\/li>\n\n\n\n<li>Al Carver-Kubik, programov\u00fd pracovn\u00edk, granty a v\u00fdzkum - <strong>\u017divotn\u00ed prost\u0159ed\u00ed a kultura Partne\u0159i<\/strong><\/li>\n<\/ul>\n<\/li>\n<\/ul>\n\n\n\n<p><\/p>\n\n\n\n<ul class=\"wp-block-list\">\n<li><strong>Jak se st\u00e1t zdrojem informac\u00ed o klimatu ve va\u0161\u00ed komunit\u011b \/ Ob\u010dansk\u00e1 anga\u017eovanost<\/strong>\n<ul class=\"wp-block-list\">\n<li>Rose Hendricks, Ph.D., v\u00fdkonn\u00e1 \u0159editelka Seeding Action - <strong>Asociace v\u011bdeckotechnick\u00fdch center<\/strong><\/li>\n<\/ul>\n<\/li>\n<\/ul>\n\n\n\n<p><em>14:40 - 15:15 hod.<\/em> &#8211; <em>Sd\u00edlen\u00ed a reflexe<\/em><\/p>\n\n\n\n<p><em>15:15 - 15:30 hod.<\/em> &#8211; <em>Znovu se sej\u00edt a rozlou\u010dit se<\/em><\/p>\n\n\n\n<div class=\"wp-block-buttons is-layout-flex wp-block-buttons-is-layout-flex\">\n<div class=\"wp-block-button\"><a class=\"wp-block-button__link has-luminous-vivid-amber-background-color has-background has-custom-font-size wp-element-button\" href=\"https:\/\/my.conservatory.org\/8991\/8992\" style=\"font-size:16px\"><strong>Z\u00edskat vstupenky &gt;<\/strong><\/a><\/div>\n<\/div>\n\n\n\n<p>Vstupenka $200 zahrnuje pln\u00fd vstup na sympozium a ve\u0161ker\u00e9 j\u00eddlo a n\u00e1poje. Po sympoziu Climate Toolkit bezprost\u0159edn\u011b n\u00e1sleduje konference&nbsp;<a href=\"https:\/\/midatlanticmuseums.org\/annual-meeting\/\"><strong>V\u00fdro\u010dn\u00ed konference St\u0159edoatlantick\u00e9 asociace muze\u00ed<\/strong><\/a>, rovn\u011b\u017e v Pittsburghu - doporu\u010dujeme z\u00e1jemc\u016fm, aby si pobyt prodlou\u017eili a z\u00fa\u010dastnili se obou akc\u00ed.<\/p>\n\n\n\n<p><strong>M\u00e1te ot\u00e1zky?<\/strong>&nbsp;Kontakt&nbsp;<a href=\"mailto:alampl@phipps.conservatory.org\">alampl@phipps.conservatory.org<\/a>&nbsp;nebo volejte 412-622-6915, ext. 6752<\/p>","protected":false},"excerpt":{"rendered":"<p>Program sympozia Climate Toolkit Zahajovac\u00ed ve\u010dern\u00ed recepce NED\u011aLE, \u0158\u00cdJEN. 26, 18-21 hodin \ud83c\udf34 V\u00edtejte na sympoziu! Na t\u00e9to uv\u00edtac\u00ed akci, kter\u00e1 se kon\u00e1 na pozad\u00ed sv\u011b\u017e\u00ed expozice Tropical Forest Panama a s\u00e1lu pro zvl\u00e1\u0161tn\u00ed akce Phippsovy konzervato\u0159e, se p\u0159edstav\u00ed ...<\/p>\n<p class=\"read-more\"> <a class=\"\" href=\"https:\/\/climatetoolkit.org\/cs\/symposium-agenda\/\"> <span class=\"screen-reader-text\">Program sympozia<\/span> P\u0159e\u010dt\u011bte si v\u00edce \"<\/a><\/p>","protected":false},"author":2,"featured_media":0,"parent":0,"menu_order":0,"comment_status":"closed","ping_status":"closed","template":"","meta":{"_acf_changed":false,"inline_featured_image":false,"advgb_blocks_editor_width":"","advgb_blocks_columns_visual_guide":"","footnotes":""},"class_list":["post-4586","page","type-page","status-publish","hentry"],"acf":[],"yoast_head":"<!-- This site is optimized with the Yoast SEO plugin v27.3 - https:\/\/yoast.com\/product\/yoast-seo-wordpress\/ -->\n<title>Symposium Agenda - The Climate Toolkit<\/title>\n<meta name=\"robots\" content=\"index, follow, max-snippet:-1, max-image-preview:large, max-video-preview:-1\" \/>\n<link rel=\"canonical\" href=\"https:\/\/climatetoolkit.org\/cs\/symposium-agenda\/\" \/>\n<meta property=\"og:locale\" content=\"cs_CZ\" \/>\n<meta property=\"og:type\" content=\"article\" \/>\n<meta property=\"og:title\" content=\"Symposium Agenda - The Climate Toolkit\" \/>\n<meta property=\"og:description\" content=\"Climate Toolkit Symposium Agenda Opening Evening Reception SUN., OCT. 26, 6 \u2013 9 P.M. \ud83c\udf34 Welcome to the Symposium! Held against the backdrop of Phipps Conservatory&#8217;s lush Tropical Forest Panama exhibit and Special Events Hall, this welcoming event will feature &hellip; Symposium Agenda Read More &raquo;\" \/>\n<meta property=\"og:url\" content=\"https:\/\/climatetoolkit.org\/cs\/symposium-agenda\/\" \/>\n<meta property=\"og:site_name\" content=\"The Climate Toolkit\" \/>\n<meta property=\"article:modified_time\" content=\"2025-10-17T18:24:16+00:00\" \/>\n<meta property=\"og:image\" content=\"https:\/\/climatetoolkit.org\/wp-content\/uploads\/2025\/10\/symposium_2.jpg\" \/>\n\t<meta property=\"og:image:width\" content=\"2100\" \/>\n\t<meta property=\"og:image:height\" content=\"1260\" \/>\n\t<meta property=\"og:image:type\" content=\"image\/jpeg\" \/>\n<meta name=\"twitter:card\" content=\"summary_large_image\" \/>\n<meta name=\"twitter:label1\" content=\"Odhadovan\u00e1 doba \u010dten\u00ed\" \/>\n\t<meta name=\"twitter:data1\" content=\"5 minut\" \/>\n<script type=\"application\/ld+json\" class=\"yoast-schema-graph\">{\"@context\":\"https:\\\/\\\/schema.org\",\"@graph\":[{\"@type\":\"WebPage\",\"@id\":\"https:\\\/\\\/climatetoolkit.org\\\/symposium-agenda\\\/\",\"url\":\"https:\\\/\\\/climatetoolkit.org\\\/symposium-agenda\\\/\",\"name\":\"Symposium Agenda - The Climate Toolkit\",\"isPartOf\":{\"@id\":\"https:\\\/\\\/climatetoolkit.org\\\/#website\"},\"primaryImageOfPage\":{\"@id\":\"https:\\\/\\\/climatetoolkit.org\\\/symposium-agenda\\\/#primaryimage\"},\"image\":{\"@id\":\"https:\\\/\\\/climatetoolkit.org\\\/symposium-agenda\\\/#primaryimage\"},\"thumbnailUrl\":\"https:\\\/\\\/climatetoolkit.org\\\/wp-content\\\/uploads\\\/2025\\\/10\\\/symposium_2-1024x614.jpg\",\"datePublished\":\"2025-08-01T17:42:19+00:00\",\"dateModified\":\"2025-10-17T18:24:16+00:00\",\"breadcrumb\":{\"@id\":\"https:\\\/\\\/climatetoolkit.org\\\/symposium-agenda\\\/#breadcrumb\"},\"inLanguage\":\"cs\",\"potentialAction\":[{\"@type\":\"ReadAction\",\"target\":[\"https:\\\/\\\/climatetoolkit.org\\\/symposium-agenda\\\/\"]}]},{\"@type\":\"ImageObject\",\"inLanguage\":\"cs\",\"@id\":\"https:\\\/\\\/climatetoolkit.org\\\/symposium-agenda\\\/#primaryimage\",\"url\":\"https:\\\/\\\/climatetoolkit.org\\\/wp-content\\\/uploads\\\/2025\\\/10\\\/symposium_2-1024x614.jpg\",\"contentUrl\":\"https:\\\/\\\/climatetoolkit.org\\\/wp-content\\\/uploads\\\/2025\\\/10\\\/symposium_2-1024x614.jpg\"},{\"@type\":\"BreadcrumbList\",\"@id\":\"https:\\\/\\\/climatetoolkit.org\\\/symposium-agenda\\\/#breadcrumb\",\"itemListElement\":[{\"@type\":\"ListItem\",\"position\":1,\"name\":\"Home\",\"item\":\"https:\\\/\\\/climatetoolkit.org\\\/\"},{\"@type\":\"ListItem\",\"position\":2,\"name\":\"Symposium Agenda\"}]},{\"@type\":\"WebSite\",\"@id\":\"https:\\\/\\\/climatetoolkit.org\\\/#website\",\"url\":\"https:\\\/\\\/climatetoolkit.org\\\/\",\"name\":\"The Climate Toolkit\",\"description\":\"For Museums, Gardens and Zoos\",\"publisher\":{\"@id\":\"https:\\\/\\\/climatetoolkit.org\\\/#organization\"},\"potentialAction\":[{\"@type\":\"SearchAction\",\"target\":{\"@type\":\"EntryPoint\",\"urlTemplate\":\"https:\\\/\\\/climatetoolkit.org\\\/?s={search_term_string}\"},\"query-input\":{\"@type\":\"PropertyValueSpecification\",\"valueRequired\":true,\"valueName\":\"search_term_string\"}}],\"inLanguage\":\"cs\"},{\"@type\":\"Organization\",\"@id\":\"https:\\\/\\\/climatetoolkit.org\\\/#organization\",\"name\":\"The Climate Toolkit\",\"url\":\"https:\\\/\\\/climatetoolkit.org\\\/\",\"logo\":{\"@type\":\"ImageObject\",\"inLanguage\":\"cs\",\"@id\":\"https:\\\/\\\/climatetoolkit.org\\\/#\\\/schema\\\/logo\\\/image\\\/\",\"url\":\"https:\\\/\\\/climatetoolkit.org\\\/wp-content\\\/uploads\\\/2020\\\/05\\\/C_logo.png\",\"contentUrl\":\"https:\\\/\\\/climatetoolkit.org\\\/wp-content\\\/uploads\\\/2020\\\/05\\\/C_logo.png\",\"width\":512,\"height\":512,\"caption\":\"The Climate Toolkit\"},\"image\":{\"@id\":\"https:\\\/\\\/climatetoolkit.org\\\/#\\\/schema\\\/logo\\\/image\\\/\"}}]}<\/script>\n<!-- \/ Yoast SEO plugin. -->","yoast_head_json":{"title":"Program sympozia - Soubor n\u00e1stroj\u016f pro klima","robots":{"index":"index","follow":"follow","max-snippet":"max-snippet:-1","max-image-preview":"max-image-preview:large","max-video-preview":"max-video-preview:-1"},"canonical":"https:\/\/climatetoolkit.org\/cs\/symposium-agenda\/","og_locale":"cs_CZ","og_type":"article","og_title":"Symposium Agenda - The Climate Toolkit","og_description":"Climate Toolkit Symposium Agenda Opening Evening Reception SUN., OCT. 26, 6 \u2013 9 P.M. \ud83c\udf34 Welcome to the Symposium! Held against the backdrop of Phipps Conservatory&#8217;s lush Tropical Forest Panama exhibit and Special Events Hall, this welcoming event will feature &hellip; Symposium Agenda Read More &raquo;","og_url":"https:\/\/climatetoolkit.org\/cs\/symposium-agenda\/","og_site_name":"The Climate Toolkit","article_modified_time":"2025-10-17T18:24:16+00:00","og_image":[{"width":2100,"height":1260,"url":"https:\/\/climatetoolkit.org\/wp-content\/uploads\/2025\/10\/symposium_2.jpg","type":"image\/jpeg"}],"twitter_card":"summary_large_image","twitter_misc":{"Odhadovan\u00e1 doba \u010dten\u00ed":"5 minut"},"schema":{"@context":"https:\/\/schema.org","@graph":[{"@type":"WebPage","@id":"https:\/\/climatetoolkit.org\/symposium-agenda\/","url":"https:\/\/climatetoolkit.org\/symposium-agenda\/","name":"Program sympozia - Soubor n\u00e1stroj\u016f pro klima","isPartOf":{"@id":"https:\/\/climatetoolkit.org\/#website"},"primaryImageOfPage":{"@id":"https:\/\/climatetoolkit.org\/symposium-agenda\/#primaryimage"},"image":{"@id":"https:\/\/climatetoolkit.org\/symposium-agenda\/#primaryimage"},"thumbnailUrl":"https:\/\/climatetoolkit.org\/wp-content\/uploads\/2025\/10\/symposium_2-1024x614.jpg","datePublished":"2025-08-01T17:42:19+00:00","dateModified":"2025-10-17T18:24:16+00:00","breadcrumb":{"@id":"https:\/\/climatetoolkit.org\/symposium-agenda\/#breadcrumb"},"inLanguage":"cs","potentialAction":[{"@type":"ReadAction","target":["https:\/\/climatetoolkit.org\/symposium-agenda\/"]}]},{"@type":"ImageObject","inLanguage":"cs","@id":"https:\/\/climatetoolkit.org\/symposium-agenda\/#primaryimage","url":"https:\/\/climatetoolkit.org\/wp-content\/uploads\/2025\/10\/symposium_2-1024x614.jpg","contentUrl":"https:\/\/climatetoolkit.org\/wp-content\/uploads\/2025\/10\/symposium_2-1024x614.jpg"},{"@type":"BreadcrumbList","@id":"https:\/\/climatetoolkit.org\/symposium-agenda\/#breadcrumb","itemListElement":[{"@type":"ListItem","position":1,"name":"Home","item":"https:\/\/climatetoolkit.org\/"},{"@type":"ListItem","position":2,"name":"Symposium Agenda"}]},{"@type":"WebSite","@id":"https:\/\/climatetoolkit.org\/#website","url":"https:\/\/climatetoolkit.org\/","name":"Soubor n\u00e1stroj\u016f pro oblast klimatu","description":"Pro muzea, zahrady a zoologick\u00e9 zahrady","publisher":{"@id":"https:\/\/climatetoolkit.org\/#organization"},"potentialAction":[{"@type":"SearchAction","target":{"@type":"EntryPoint","urlTemplate":"https:\/\/climatetoolkit.org\/?s={search_term_string}"},"query-input":{"@type":"PropertyValueSpecification","valueRequired":true,"valueName":"search_term_string"}}],"inLanguage":"cs"},{"@type":"Organization","@id":"https:\/\/climatetoolkit.org\/#organization","name":"Soubor n\u00e1stroj\u016f pro oblast klimatu","url":"https:\/\/climatetoolkit.org\/","logo":{"@type":"ImageObject","inLanguage":"cs","@id":"https:\/\/climatetoolkit.org\/#\/schema\/logo\/image\/","url":"https:\/\/climatetoolkit.org\/wp-content\/uploads\/2020\/05\/C_logo.png","contentUrl":"https:\/\/climatetoolkit.org\/wp-content\/uploads\/2020\/05\/C_logo.png","width":512,"height":512,"caption":"The Climate Toolkit"},"image":{"@id":"https:\/\/climatetoolkit.org\/#\/schema\/logo\/image\/"}}]}},"coauthors":[],"author_meta":{"author_link":"https:\/\/climatetoolkit.org\/cs\/author\/joe\/","display_name":"joe reed"},"relative_dates":{"created":"Posted 8 m\u011bs\u00edc\u016f ago","modified":"Updated 6 m\u011bs\u00edc\u016f ago"},"absolute_dates":{"created":"Posted on 1 srpna, 2025","modified":"Updated on 17 \u0159\u00edjna, 2025"},"absolute_dates_time":{"created":"Posted on 1 srpna, 2025 1:42 pm","modified":"Updated on 17 \u0159\u00edjna, 2025 2:24 pm"},"featured_img_caption":"","featured_img":false,"series_order":"","_links":{"self":[{"href":"https:\/\/climatetoolkit.org\/cs\/wp-json\/wp\/v2\/pages\/4586","targetHints":{"allow":["GET"]}}],"collection":[{"href":"https:\/\/climatetoolkit.org\/cs\/wp-json\/wp\/v2\/pages"}],"about":[{"href":"https:\/\/climatetoolkit.org\/cs\/wp-json\/wp\/v2\/types\/page"}],"author":[{"embeddable":true,"href":"https:\/\/climatetoolkit.org\/cs\/wp-json\/wp\/v2\/users\/2"}],"replies":[{"embeddable":true,"href":"https:\/\/climatetoolkit.org\/cs\/wp-json\/wp\/v2\/comments?post=4586"}],"version-history":[{"count":100,"href":"https:\/\/climatetoolkit.org\/cs\/wp-json\/wp\/v2\/pages\/4586\/revisions"}],"predecessor-version":[{"id":4985,"href":"https:\/\/climatetoolkit.org\/cs\/wp-json\/wp\/v2\/pages\/4586\/revisions\/4985"}],"wp:attachment":[{"href":"https:\/\/climatetoolkit.org\/cs\/wp-json\/wp\/v2\/media?parent=4586"}],"curies":[{"name":"wp","href":"https:\/\/api.w.org\/{rel}","templated":true}]}}