{"id":4160,"date":"2025-02-10T14:30:23","date_gmt":"2025-02-10T19:30:23","guid":{"rendered":"https:\/\/climatetoolkit.org\/?page_id=4160"},"modified":"2025-02-10T15:17:41","modified_gmt":"2025-02-10T20:17:41","slug":"climate-toolkit-partner-badges","status":"publish","type":"page","link":"https:\/\/climatetoolkit.org\/cs\/climate-toolkit-partner-badges\/","title":{"rendered":"Partnersk\u00e9 odznaky sady n\u00e1stroj\u016f pro oblast klimatu"},"content":{"rendered":"<h2 class=\"wp-block-heading\">Partnersk\u00e9 odznaky sady n\u00e1stroj\u016f pro oblast klimatu<\/h2>\n\n\n\n<p>Jsme vd\u011b\u010dni za partnerstv\u00ed a spolupr\u00e1ci, kter\u00e9 jsou umo\u017en\u011bny d\u00edky iniciativ\u011b Climate Toolkit, a za va\u0161e trval\u00e9 odhodl\u00e1n\u00ed jednat v oblasti klimatu. Jako uzn\u00e1n\u00ed va\u0161\u00ed \u00fa\u010dasti jsme vytvo\u0159ili digit\u00e1ln\u00ed odznaky, kter\u00e9 si mohou vystavit v\u0161ichni \u010dlenov\u00e9 iniciativy Climate Toolkit. N\u00e1sleduj\u00edc\u00ed dva odznaky jsou vhodn\u00e9 pro pou\u017eit\u00ed jakoukoli instituc\u00ed. Chcete-li si ulo\u017eit kopii pro pou\u017eit\u00ed na sv\u00fdch webov\u00fdch str\u00e1nk\u00e1ch, klikn\u011bte prav\u00fdm tla\u010d\u00edtkem my\u0161i nebo klikn\u011bte volbou a vyberte mo\u017enost \"Ulo\u017eit\" nebo \"Ulo\u017eit jako\":<\/p>\n\n\n\n<div class=\"wp-block-columns is-layout-flex wp-container-core-columns-is-layout-9d6595d7 wp-block-columns-is-layout-flex\">\n<div class=\"wp-block-column is-layout-flow wp-block-column-is-layout-flow\">\n<figure class=\"wp-block-image size-large\"><a href=\"https:\/\/climatetoolkit.org\/wp-content\/uploads\/2025\/02\/climate_toolkit_badge_sml.png\"><img decoding=\"async\" src=\"https:\/\/climatetoolkit.org\/wp-content\/uploads\/2025\/02\/climate_toolkit_badge_sml.png\" alt=\"\"\/><\/a><\/figure>\n<\/div>\n\n\n\n<div class=\"wp-block-column is-layout-flow wp-block-column-is-layout-flow\">\n<figure class=\"wp-block-image size-large\"><a href=\"https:\/\/climatetoolkit.org\/wp-content\/uploads\/2025\/02\/climate_toolkit_badge_allpartner.png\"><img decoding=\"async\" src=\"https:\/\/climatetoolkit.org\/wp-content\/uploads\/2025\/02\/climate_toolkit_badge_allpartner.png\" alt=\"\"\/><\/a><\/figure>\n<\/div>\n\n\n\n<div class=\"wp-block-column is-layout-flow wp-block-column-is-layout-flow\"><\/div>\n<\/div>\n\n\n\n<p>Tyto dal\u0161\u00ed odznaky zd\u016fraz\u0148uj\u00ed na\u0161e partnerstv\u00ed s ASTC, AAM, APGA, OBFS a BGCI. Odznaky s kombinac\u00ed partnersk\u00fdch organizac\u00ed jsou k dispozici na vy\u017e\u00e1d\u00e1n\u00ed. <\/p>\n\n\n\n<div class=\"wp-block-columns is-layout-flex wp-container-core-columns-is-layout-9d6595d7 wp-block-columns-is-layout-flex\">\n<div class=\"wp-block-column is-layout-flow wp-block-column-is-layout-flow\">\n<figure class=\"wp-block-image size-large\"><a href=\"https:\/\/climatetoolkit.org\/wp-content\/uploads\/2025\/02\/climate_toolkit_badge_aam.png\"><img decoding=\"async\" src=\"https:\/\/climatetoolkit.org\/wp-content\/uploads\/2025\/02\/climate_toolkit_badge_aam.png\" alt=\"\"\/><\/a><\/figure>\n<\/div>\n\n\n\n<div class=\"wp-block-column is-layout-flow wp-block-column-is-layout-flow\">\n<figure class=\"wp-block-image size-large\"><a href=\"https:\/\/climatetoolkit.org\/wp-content\/uploads\/2025\/02\/climate_toolkit_badge_apga.png\"><img decoding=\"async\" src=\"https:\/\/climatetoolkit.org\/wp-content\/uploads\/2025\/02\/climate_toolkit_badge_apga.png\" alt=\"\"\/><\/a><\/figure>\n<\/div>\n\n\n\n<div class=\"wp-block-column is-layout-flow wp-block-column-is-layout-flow\">\n<figure class=\"wp-block-image size-large\"><a href=\"https:\/\/climatetoolkit.org\/wp-content\/uploads\/2025\/02\/climate_toolkit_badge_astc.png\"><img decoding=\"async\" src=\"https:\/\/climatetoolkit.org\/wp-content\/uploads\/2025\/02\/climate_toolkit_badge_astc.png\" alt=\"\"\/><\/a><\/figure>\n<\/div>\n<\/div>\n\n\n\n<div class=\"wp-block-columns is-layout-flex wp-container-core-columns-is-layout-9d6595d7 wp-block-columns-is-layout-flex\">\n<div class=\"wp-block-column is-layout-flow wp-block-column-is-layout-flow\">\n<figure class=\"wp-block-image size-large\"><a href=\"https:\/\/climatetoolkit.org\/wp-content\/uploads\/2025\/02\/climate_toolkit_badge_bgci.png\"><img decoding=\"async\" src=\"https:\/\/climatetoolkit.org\/wp-content\/uploads\/2025\/02\/climate_toolkit_badge_bgci.png\" alt=\"\"\/><\/a><\/figure>\n<\/div>\n\n\n\n<div class=\"wp-block-column is-layout-flow wp-block-column-is-layout-flow\">\n<figure class=\"wp-block-image size-large\"><a href=\"https:\/\/climatetoolkit.org\/wp-content\/uploads\/2025\/02\/climate_toolkit_badge_obfs.png\"><img decoding=\"async\" src=\"https:\/\/climatetoolkit.org\/wp-content\/uploads\/2025\/02\/climate_toolkit_badge_obfs.png\" alt=\"\"\/><\/a><\/figure>\n<\/div>\n\n\n\n<div class=\"wp-block-column is-layout-flow wp-block-column-is-layout-flow\"><\/div>\n<\/div>\n\n\n\n<p>V p\u0159\u00edpad\u011b z\u00e1jmu o odznaky na m\u00edru nebo dal\u0161\u00edch dotaz\u016f n\u00e1m pros\u00edm napi\u0161te na adresu <strong><a href=\"mailto:climatetoolkit@phipps.conservatory.org\">climatetoolkit@phipps.conservatory.org<\/a><\/strong>.<\/p>\n\n\n\n<p><\/p>","protected":false},"excerpt":{"rendered":"<p>Odznaky partner\u016f Climate Toolkit Jsme vd\u011b\u010dn\u00ed za partnerstv\u00ed a spolupr\u00e1ci, kter\u00e9 jsou umo\u017en\u011bny d\u00edky iniciativ\u011b Climate Toolkit, a za va\u0161i st\u00e1lou oddanost opat\u0159en\u00edm v oblasti klimatu. Jako uzn\u00e1n\u00ed va\u0161\u00ed \u00fa\u010dasti jsme vytvo\u0159ili digit\u00e1ln\u00ed odznaky pro ...<\/p>\n<p class=\"read-more\"> <a class=\"\" href=\"https:\/\/climatetoolkit.org\/cs\/climate-toolkit-partner-badges\/\"> <span class=\"screen-reader-text\">Partnersk\u00e9 odznaky sady n\u00e1stroj\u016f pro oblast klimatu<\/span> P\u0159e\u010dt\u011bte si v\u00edce \"<\/a><\/p>","protected":false},"author":2,"featured_media":0,"parent":0,"menu_order":0,"comment_status":"closed","ping_status":"closed","template":"","meta":{"_acf_changed":false,"inline_featured_image":false,"advgb_blocks_editor_width":"","advgb_blocks_columns_visual_guide":"","footnotes":""},"class_list":["post-4160","page","type-page","status-publish","hentry"],"acf":[],"yoast_head":"<!-- This site is optimized with the Yoast SEO plugin v27.4 - https:\/\/yoast.com\/product\/yoast-seo-wordpress\/ -->\n<title>Climate Toolkit Partner Badges - The Climate Toolkit<\/title>\n<meta name=\"robots\" content=\"index, follow, max-snippet:-1, max-image-preview:large, max-video-preview:-1\" \/>\n<link rel=\"canonical\" href=\"https:\/\/climatetoolkit.org\/cs\/climate-toolkit-partner-badges\/\" \/>\n<meta property=\"og:locale\" content=\"cs_CZ\" \/>\n<meta property=\"og:type\" content=\"article\" \/>\n<meta property=\"og:title\" content=\"Climate Toolkit Partner Badges - The Climate Toolkit\" \/>\n<meta property=\"og:description\" content=\"Climate Toolkit Partner Badges We are grateful for the partnerships and collaborations that are made possible through the Climate Toolkit Initiative and for your continued dedication to climate action. In recognition of your participation, we have created digital badges for &hellip; Climate Toolkit Partner Badges Read More &raquo;\" \/>\n<meta property=\"og:url\" content=\"https:\/\/climatetoolkit.org\/cs\/climate-toolkit-partner-badges\/\" \/>\n<meta property=\"og:site_name\" content=\"The Climate Toolkit\" \/>\n<meta property=\"article:modified_time\" content=\"2025-02-10T20:17:41+00:00\" \/>\n<meta property=\"og:image\" content=\"https:\/\/climatetoolkit.org\/wp-content\/uploads\/2025\/02\/climate_toolkit_badge_sml.png\" \/>\n<meta name=\"twitter:card\" content=\"summary_large_image\" \/>\n<meta name=\"twitter:label1\" content=\"Odhadovan\u00e1 doba \u010dten\u00ed\" \/>\n\t<meta name=\"twitter:data1\" content=\"2 minuty\" \/>\n<script type=\"application\/ld+json\" class=\"yoast-schema-graph\">{\"@context\":\"https:\\\/\\\/schema.org\",\"@graph\":[{\"@type\":\"WebPage\",\"@id\":\"https:\\\/\\\/climatetoolkit.org\\\/climate-toolkit-partner-badges\\\/\",\"url\":\"https:\\\/\\\/climatetoolkit.org\\\/climate-toolkit-partner-badges\\\/\",\"name\":\"Climate Toolkit Partner Badges - The Climate Toolkit\",\"isPartOf\":{\"@id\":\"https:\\\/\\\/climatetoolkit.org\\\/#website\"},\"primaryImageOfPage\":{\"@id\":\"https:\\\/\\\/climatetoolkit.org\\\/climate-toolkit-partner-badges\\\/#primaryimage\"},\"image\":{\"@id\":\"https:\\\/\\\/climatetoolkit.org\\\/climate-toolkit-partner-badges\\\/#primaryimage\"},\"thumbnailUrl\":\"https:\\\/\\\/climatetoolkit.org\\\/wp-content\\\/uploads\\\/2025\\\/02\\\/climate_toolkit_badge_sml.png\",\"datePublished\":\"2025-02-10T19:30:23+00:00\",\"dateModified\":\"2025-02-10T20:17:41+00:00\",\"breadcrumb\":{\"@id\":\"https:\\\/\\\/climatetoolkit.org\\\/climate-toolkit-partner-badges\\\/#breadcrumb\"},\"inLanguage\":\"cs\",\"potentialAction\":[{\"@type\":\"ReadAction\",\"target\":[\"https:\\\/\\\/climatetoolkit.org\\\/climate-toolkit-partner-badges\\\/\"]}]},{\"@type\":\"ImageObject\",\"inLanguage\":\"cs\",\"@id\":\"https:\\\/\\\/climatetoolkit.org\\\/climate-toolkit-partner-badges\\\/#primaryimage\",\"url\":\"https:\\\/\\\/climatetoolkit.org\\\/wp-content\\\/uploads\\\/2025\\\/02\\\/climate_toolkit_badge_sml.png\",\"contentUrl\":\"https:\\\/\\\/climatetoolkit.org\\\/wp-content\\\/uploads\\\/2025\\\/02\\\/climate_toolkit_badge_sml.png\"},{\"@type\":\"BreadcrumbList\",\"@id\":\"https:\\\/\\\/climatetoolkit.org\\\/climate-toolkit-partner-badges\\\/#breadcrumb\",\"itemListElement\":[{\"@type\":\"ListItem\",\"position\":1,\"name\":\"Home\",\"item\":\"https:\\\/\\\/climatetoolkit.org\\\/\"},{\"@type\":\"ListItem\",\"position\":2,\"name\":\"Climate Toolkit Partner Badges\"}]},{\"@type\":\"WebSite\",\"@id\":\"https:\\\/\\\/climatetoolkit.org\\\/#website\",\"url\":\"https:\\\/\\\/climatetoolkit.org\\\/\",\"name\":\"The Climate Toolkit\",\"description\":\"For Museums, Gardens and Zoos\",\"publisher\":{\"@id\":\"https:\\\/\\\/climatetoolkit.org\\\/#organization\"},\"potentialAction\":[{\"@type\":\"SearchAction\",\"target\":{\"@type\":\"EntryPoint\",\"urlTemplate\":\"https:\\\/\\\/climatetoolkit.org\\\/?s={search_term_string}\"},\"query-input\":{\"@type\":\"PropertyValueSpecification\",\"valueRequired\":true,\"valueName\":\"search_term_string\"}}],\"inLanguage\":\"cs\"},{\"@type\":\"Organization\",\"@id\":\"https:\\\/\\\/climatetoolkit.org\\\/#organization\",\"name\":\"The Climate Toolkit\",\"url\":\"https:\\\/\\\/climatetoolkit.org\\\/\",\"logo\":{\"@type\":\"ImageObject\",\"inLanguage\":\"cs\",\"@id\":\"https:\\\/\\\/climatetoolkit.org\\\/#\\\/schema\\\/logo\\\/image\\\/\",\"url\":\"https:\\\/\\\/climatetoolkit.org\\\/wp-content\\\/uploads\\\/2020\\\/05\\\/C_logo.png\",\"contentUrl\":\"https:\\\/\\\/climatetoolkit.org\\\/wp-content\\\/uploads\\\/2020\\\/05\\\/C_logo.png\",\"width\":512,\"height\":512,\"caption\":\"The Climate Toolkit\"},\"image\":{\"@id\":\"https:\\\/\\\/climatetoolkit.org\\\/#\\\/schema\\\/logo\\\/image\\\/\"}}]}<\/script>\n<!-- \/ Yoast SEO plugin. -->","yoast_head_json":{"title":"Partnersk\u00e9 odznaky Climate Toolkit - The Climate Toolkit","robots":{"index":"index","follow":"follow","max-snippet":"max-snippet:-1","max-image-preview":"max-image-preview:large","max-video-preview":"max-video-preview:-1"},"canonical":"https:\/\/climatetoolkit.org\/cs\/climate-toolkit-partner-badges\/","og_locale":"cs_CZ","og_type":"article","og_title":"Climate Toolkit Partner Badges - The Climate Toolkit","og_description":"Climate Toolkit Partner Badges We are grateful for the partnerships and collaborations that are made possible through the Climate Toolkit Initiative and for your continued dedication to climate action. In recognition of your participation, we have created digital badges for &hellip; Climate Toolkit Partner Badges Read More &raquo;","og_url":"https:\/\/climatetoolkit.org\/cs\/climate-toolkit-partner-badges\/","og_site_name":"The Climate Toolkit","article_modified_time":"2025-02-10T20:17:41+00:00","og_image":[{"url":"https:\/\/climatetoolkit.org\/wp-content\/uploads\/2025\/02\/climate_toolkit_badge_sml.png","type":"","width":"","height":""}],"twitter_card":"summary_large_image","twitter_misc":{"Odhadovan\u00e1 doba \u010dten\u00ed":"2 minuty"},"schema":{"@context":"https:\/\/schema.org","@graph":[{"@type":"WebPage","@id":"https:\/\/climatetoolkit.org\/climate-toolkit-partner-badges\/","url":"https:\/\/climatetoolkit.org\/climate-toolkit-partner-badges\/","name":"Partnersk\u00e9 odznaky Climate Toolkit - The Climate Toolkit","isPartOf":{"@id":"https:\/\/climatetoolkit.org\/#website"},"primaryImageOfPage":{"@id":"https:\/\/climatetoolkit.org\/climate-toolkit-partner-badges\/#primaryimage"},"image":{"@id":"https:\/\/climatetoolkit.org\/climate-toolkit-partner-badges\/#primaryimage"},"thumbnailUrl":"https:\/\/climatetoolkit.org\/wp-content\/uploads\/2025\/02\/climate_toolkit_badge_sml.png","datePublished":"2025-02-10T19:30:23+00:00","dateModified":"2025-02-10T20:17:41+00:00","breadcrumb":{"@id":"https:\/\/climatetoolkit.org\/climate-toolkit-partner-badges\/#breadcrumb"},"inLanguage":"cs","potentialAction":[{"@type":"ReadAction","target":["https:\/\/climatetoolkit.org\/climate-toolkit-partner-badges\/"]}]},{"@type":"ImageObject","inLanguage":"cs","@id":"https:\/\/climatetoolkit.org\/climate-toolkit-partner-badges\/#primaryimage","url":"https:\/\/climatetoolkit.org\/wp-content\/uploads\/2025\/02\/climate_toolkit_badge_sml.png","contentUrl":"https:\/\/climatetoolkit.org\/wp-content\/uploads\/2025\/02\/climate_toolkit_badge_sml.png"},{"@type":"BreadcrumbList","@id":"https:\/\/climatetoolkit.org\/climate-toolkit-partner-badges\/#breadcrumb","itemListElement":[{"@type":"ListItem","position":1,"name":"Home","item":"https:\/\/climatetoolkit.org\/"},{"@type":"ListItem","position":2,"name":"Climate Toolkit Partner Badges"}]},{"@type":"WebSite","@id":"https:\/\/climatetoolkit.org\/#website","url":"https:\/\/climatetoolkit.org\/","name":"Soubor n\u00e1stroj\u016f pro oblast klimatu","description":"Pro muzea, zahrady a zoologick\u00e9 zahrady","publisher":{"@id":"https:\/\/climatetoolkit.org\/#organization"},"potentialAction":[{"@type":"SearchAction","target":{"@type":"EntryPoint","urlTemplate":"https:\/\/climatetoolkit.org\/?s={search_term_string}"},"query-input":{"@type":"PropertyValueSpecification","valueRequired":true,"valueName":"search_term_string"}}],"inLanguage":"cs"},{"@type":"Organization","@id":"https:\/\/climatetoolkit.org\/#organization","name":"Soubor n\u00e1stroj\u016f pro oblast klimatu","url":"https:\/\/climatetoolkit.org\/","logo":{"@type":"ImageObject","inLanguage":"cs","@id":"https:\/\/climatetoolkit.org\/#\/schema\/logo\/image\/","url":"https:\/\/climatetoolkit.org\/wp-content\/uploads\/2020\/05\/C_logo.png","contentUrl":"https:\/\/climatetoolkit.org\/wp-content\/uploads\/2020\/05\/C_logo.png","width":512,"height":512,"caption":"The Climate Toolkit"},"image":{"@id":"https:\/\/climatetoolkit.org\/#\/schema\/logo\/image\/"}}]}},"coauthors":[],"author_meta":{"author_link":"https:\/\/climatetoolkit.org\/cs\/author\/joe\/","display_name":"joe reed"},"relative_dates":{"created":"Posted 1 rokem ago","modified":"Updated 1 rokem ago"},"absolute_dates":{"created":"Posted on 10 \u00fanora, 2025","modified":"Updated on 10 \u00fanora, 2025"},"absolute_dates_time":{"created":"Posted on 10 \u00fanora, 2025 2:30 pm","modified":"Updated on 10 \u00fanora, 2025 3:17 pm"},"featured_img_caption":"","featured_img":false,"series_order":"","_links":{"self":[{"href":"https:\/\/climatetoolkit.org\/cs\/wp-json\/wp\/v2\/pages\/4160","targetHints":{"allow":["GET"]}}],"collection":[{"href":"https:\/\/climatetoolkit.org\/cs\/wp-json\/wp\/v2\/pages"}],"about":[{"href":"https:\/\/climatetoolkit.org\/cs\/wp-json\/wp\/v2\/types\/page"}],"author":[{"embeddable":true,"href":"https:\/\/climatetoolkit.org\/cs\/wp-json\/wp\/v2\/users\/2"}],"replies":[{"embeddable":true,"href":"https:\/\/climatetoolkit.org\/cs\/wp-json\/wp\/v2\/comments?post=4160"}],"version-history":[{"count":15,"href":"https:\/\/climatetoolkit.org\/cs\/wp-json\/wp\/v2\/pages\/4160\/revisions"}],"predecessor-version":[{"id":4199,"href":"https:\/\/climatetoolkit.org\/cs\/wp-json\/wp\/v2\/pages\/4160\/revisions\/4199"}],"wp:attachment":[{"href":"https:\/\/climatetoolkit.org\/cs\/wp-json\/wp\/v2\/media?parent=4160"}],"curies":[{"name":"wp","href":"https:\/\/api.w.org\/{rel}","templated":true}]}}