{"id":4036,"date":"2024-12-12T15:43:28","date_gmt":"2024-12-12T20:43:28","guid":{"rendered":"https:\/\/climatetoolkit.org\/?page_id=4036"},"modified":"2024-12-18T19:12:08","modified_gmt":"2024-12-19T00:12:08","slug":"climate-toolkit-working-groups","status":"publish","type":"page","link":"https:\/\/climatetoolkit.org\/cs\/climate-toolkit-working-groups\/","title":{"rendered":"Pracovn\u00ed skupiny"},"content":{"rendered":"<div class=\"wp-block-image\">\n<figure class=\"aligncenter size-large is-resized\"><img decoding=\"async\" width=\"1024\" height=\"512\" src=\"https:\/\/climatetoolkit.org\/wp-content\/uploads\/2024\/12\/working-groups-1024x512.jpg\" alt=\"\" class=\"wp-image-4049\" style=\"width:768px\" srcset=\"https:\/\/climatetoolkit.org\/wp-content\/uploads\/2024\/12\/working-groups-1024x512.jpg 1024w, https:\/\/climatetoolkit.org\/wp-content\/uploads\/2024\/12\/working-groups-300x150.jpg 300w, https:\/\/climatetoolkit.org\/wp-content\/uploads\/2024\/12\/working-groups-768x384.jpg 768w, https:\/\/climatetoolkit.org\/wp-content\/uploads\/2024\/12\/working-groups-18x9.jpg 18w, https:\/\/climatetoolkit.org\/wp-content\/uploads\/2024\/12\/working-groups-450x225.jpg 450w, https:\/\/climatetoolkit.org\/wp-content\/uploads\/2024\/12\/working-groups-100x50.jpg 100w, https:\/\/climatetoolkit.org\/wp-content\/uploads\/2024\/12\/working-groups-150x75.jpg 150w, https:\/\/climatetoolkit.org\/wp-content\/uploads\/2024\/12\/working-groups-200x100.jpg 200w, https:\/\/climatetoolkit.org\/wp-content\/uploads\/2024\/12\/working-groups-600x300.jpg 600w, https:\/\/climatetoolkit.org\/wp-content\/uploads\/2024\/12\/working-groups-900x450.jpg 900w, https:\/\/climatetoolkit.org\/wp-content\/uploads\/2024\/12\/working-groups.jpg 1494w\" sizes=\"(max-width: 1024px) 100vw, 1024px\" \/><\/figure>\n<\/div>\n\n\n<p>Pracovn\u00ed skupiny pro klimatick\u00e9 n\u00e1stroje poskytuj\u00ed p\u0159\u00edle\u017eitosti k hlub\u0161\u00edmu u\u010den\u00ed a vz\u00e1jemn\u00e9mu zapojen\u00ed do konkr\u00e9tn\u00edch klimatick\u00fdch t\u00e9mat. Pracovn\u00ed skupiny Toolkit vznikaj\u00ed organicky na z\u00e1klad\u011b pot\u0159eb na\u0161ich \u010dlensk\u00fdch instituc\u00ed a maj\u00ed n\u00e1sleduj\u00edc\u00ed strukturu <a href=\"https:\/\/www.communityofpractice.ca\/background\/what-is-a-community-of-practice\/\">spole\u010denstv\u00ed praxe<\/a>.<\/p>\n\n\n\n<p>Spole\u010denstv\u00ed praxe m\u00e1 obvykle t\u0159i spole\u010dn\u00e9 charakteristiky:<\/p>\n\n\n\n<ul class=\"wp-block-list\">\n<li><strong>Dom\u00e9na<\/strong>: \u010clenov\u00e9 komunity maj\u00ed spole\u010dnou oblast z\u00e1jmu, kompetenc\u00ed a z\u00e1vazk\u016f. Tato sd\u00edlen\u00e1 oblast vytv\u00e1\u0159\u00ed spole\u010dn\u00fd z\u00e1klad, \u00fa\u010dast, \u0159\u00edzen\u00e9 u\u010den\u00ed a smysluplnou \u010dinnost.<\/li>\n\n\n\n<li><strong>Spole\u010denstv\u00ed<\/strong>: \u010clenov\u00e9 komunity se v\u011bnuj\u00ed sv\u00e9 oblasti z\u00e1jmu prost\u0159ednictv\u00edm interaktivity, diskus\u00ed, \u0159e\u0161en\u00ed probl\u00e9m\u016f, sd\u00edlen\u00ed informac\u00ed a budov\u00e1n\u00ed vztah\u016f, co\u017e umo\u017e\u0148uje podporovat kolektivn\u00ed u\u010den\u00ed a ochotu sd\u00edlet my\u0161lenky. <\/li>\n\n\n\n<li><strong>Cvi\u010den\u00ed<\/strong>: \u010clenov\u00e9 komunity se st\u00e1vaj\u00ed aktivn\u00edmi praktiky v oblasti sv\u00e9ho z\u00e1jmu a vytv\u00e1\u0159ej\u00ed soubor kolektivn\u00edch zdroj\u016f a n\u00e1pad\u016f, kter\u00e9 lze sd\u00edlet s \u0161ir\u0161\u00ed komunitou. <\/li>\n<\/ul>\n\n\n\n<p>Interaktivn\u00ed pracovn\u00ed skupiny souboru n\u00e1stroj\u016f jsou prostorem, kde se kulturn\u00ed profesion\u00e1lov\u00e9 mohou hloub\u011bji zab\u00fdvat t\u00e9maty spole\u010dn\u00e9ho z\u00e1jmu a z\u00e1rove\u0148 vytv\u00e1\u0159et spolupr\u00e1ci, kter\u00e1 vede k inovativn\u00edm \u0159e\u0161en\u00edm v oblasti klimatu. V sou\u010dasn\u00e9 dob\u011b jsou v r\u00e1mci Toolkitu aktivn\u00ed \u010dty\u0159i pracovn\u00ed skupiny. P\u0159e\u010dt\u011bte si o mo\u017enostech n\u00ed\u017ee a p\u0159ihlaste se, abyste mohli za\u010d\u00edt:<\/p>\n\n\n\n<hr class=\"wp-block-separator has-alpha-channel-opacity\"\/>\n\n\n\n<h2 class=\"wp-block-heading\" id=\"electrification\">Elektrifikace<\/h2>\n\n\n\n<p><strong><a href=\"https:\/\/gaggle.email\/join\/ev-working-group@gaggle.email\">Pracovn\u00ed skupina pro elektrifikaci<\/a><\/strong><em> <\/em>se zab\u00fdv\u00e1 v\u0161emi aspekty a mo\u017enostmi p\u0159echodu od za\u0159\u00edzen\u00ed na \u00fapravu krajiny, vozidel a vzduchotechniky v budov\u00e1ch na fosiln\u00ed paliva k elektrick\u00fdm alternativ\u00e1m. Skupina pro elektrifikaci, kterou spoluzalo\u017eilo The Morton Arboretum, je nejd\u00e9le funguj\u00edc\u00ed pracovn\u00ed skupinou v r\u00e1mci Toolkitu a sdru\u017euje odborn\u00edky a z\u00fa\u010dastn\u011bn\u00e9 strany muzea, aby prozkoumali autonomn\u00ed elektrick\u00e9 seka\u010dky, u\u017eitkov\u00e1 vozidla, traktory na elektrick\u00fd pohon a strategie financov\u00e1n\u00ed \u010dist\u00e9 energie. Mezi hlavn\u00ed instituce spolupracuj\u00edc\u00ed v r\u00e1mci t\u00e9to skupiny pat\u0159\u00ed Santa Barbara Botanic Garden, Filoli House &amp; Gardens, Bernheim Arboretum, Smithsonian Institute, Cincinnati Art Museum, Mt Cuba Center, Holden Forests, Duke Farms a dal\u0161\u00ed.<\/p>\n\n\n\n<div class=\"wp-block-buttons is-layout-flex wp-block-buttons-is-layout-flex\">\n<div class=\"wp-block-button has-custom-font-size\" style=\"font-size:14px\"><a class=\"wp-block-button__link has-luminous-vivid-amber-background-color has-background wp-element-button\" href=\"https:\/\/gaggle.email\/join\/ev-working-group@gaggle.email\">P\u0159ipojte se k pracovn\u00ed skupin\u011b pro elektrifikaci<\/a><\/div>\n<\/div>\n\n\n\n<hr class=\"wp-block-separator has-alpha-channel-opacity\"\/>\n\n\n\n<h2 class=\"wp-block-heading\" id=\"decarbonization\">Dekarbonizace sklen\u00edk\u016f<\/h2>\n\n\n\n<p><strong><a href=\"https:\/\/gaggle.email\/join\/glasshouse-decarbonization@gaggle.email\">Pracovn\u00ed skupina pro dekarbonizaci sklen\u00edk\u016f<\/a><\/strong><em> <\/em>je celosv\u011btovou p\u0159\u00edle\u017eitost\u00ed pro botanick\u00e9 zahrady a muzea s historick\u00fdmi sklen\u00edky a zimn\u00edmi zahradami k v\u00fdm\u011bn\u011b zdroj\u016f a zku\u0161enost\u00ed v oblasti strategi\u00ed dekarbonizace. Sklen\u00edky jsou notoricky energeticky n\u00e1ro\u010dn\u00e9 a neefektivn\u00ed stavby - v t\u00e9to skupin\u011b se skr\u00fdv\u00e1 skute\u010dn\u00e1 p\u0159\u00edle\u017eitost k inovac\u00edm v t\u00e9to oblasti a vys\u00edl\u00e1n\u00ed dekarboniza\u010dn\u00edch \u0159e\u0161en\u00ed, kter\u00e1 byla v tomto prostoru z\u0159\u00eddka zkoum\u00e1na, v\u010detn\u011b geoterm\u00e1ln\u00edch, elektrick\u00fdch tepeln\u00fdch \u010derpadel, s\u00e1lav\u00e9ho podlahov\u00e9ho vyt\u00e1p\u011bn\u00ed, sol\u00e1rn\u00edch term\u00e1ln\u00edch syst\u00e9m\u016f a dal\u0161\u00edch. \u0158\u00eddic\u00ed v\u00fdbor pro dekarbonizaci zahrnuje Kr\u00e1lovsk\u00e9 botanick\u00e9 zahrady Kew, Kr\u00e1lovsk\u00e9 botanick\u00e9 zahrady Edinburgh a Sv\u011btov\u00fd pam\u00e1tkov\u00fd fond, institucion\u00e1ln\u00ed \u00fa\u010dast maj\u00ed newyorsk\u00e1 botanick\u00e1 zahrada, Chihuly Gardens &amp; Glass, botanick\u00e1 zahrada Atlanta, Historic New England a dal\u0161\u00ed.\u00a0\u00a0<\/p>\n\n\n\n<div class=\"wp-block-buttons is-layout-flex wp-block-buttons-is-layout-flex\">\n<div class=\"wp-block-button has-custom-font-size\" style=\"font-size:14px\"><a class=\"wp-block-button__link has-luminous-vivid-amber-background-color has-background wp-element-button\" href=\"https:\/\/gaggle.email\/join\/glasshouse-decarbonization@gaggle.email\">P\u0159ipojte se k pracovn\u00ed skupin\u011b pro dekarbonizaci sklen\u00edk\u016f<\/a><\/div>\n<\/div>\n\n\n\n<hr class=\"wp-block-separator has-alpha-channel-opacity\"\/>\n\n\n\n<h2 class=\"wp-block-heading\" id=\"youth\">S\u00ed\u0165 pro ml\u00e1de\u017e<\/h2>\n\n\n\n<p><strong><a href=\"https:\/\/climatetoolkit.org\/cs\/youth\/join-us\/\">S\u00ed\u0165 ml\u00e1de\u017ee Climate Toolkit<\/a><\/strong> slou\u017e\u00ed jako zdroj informac\u00ed a propojovac\u00ed s\u00ed\u0165 pro muzea a kulturn\u00ed instituce, kter\u00e9 v sou\u010dasn\u00e9 dob\u011b maj\u00ed aktivovan\u00e9 klimatick\u00e9 skupiny ml\u00e1de\u017ee nebo maj\u00ed z\u00e1jem takov\u00e9 skupiny vytvo\u0159it. Po vzoru Climate Toolkit je CTYN vyhrazen\u00fdm prostorem pro skupiny ml\u00e1de\u017ee, kde se mohou vz\u00e1jemn\u011b propojovat, vym\u011b\u0148ovat si p\u0159\u00edpadov\u00e9 studie, pozitivn\u00ed inspiraci v oblasti klimatu a zdroje a obecn\u011b p\u016fsobit jako prostor pro podporu pr\u00e1ce ml\u00e1de\u017ee v oblasti klimatu. CTYN tak\u00e9 vytv\u00e1\u0159\u00ed platformu pro pracovn\u00edky, kte\u0159\u00ed pracuj\u00ed se skupinami ml\u00e1de\u017ee, aby si mohli vym\u011b\u0148ovat osv\u011bd\u010den\u00e9 postupy pro spojenectv\u00ed dosp\u011bl\u00fdch a ml\u00e1de\u017ee, diskutovat o mo\u017enostech financov\u00e1n\u00ed, sd\u00edlet zdroje a n\u00e1stroje a navazovat partnerstv\u00ed. S\u00ed\u0165 CTYN umo\u017e\u0148uje skupin\u00e1m ml\u00e1de\u017ee, jako je YCAC, m\u00edt v\u011bt\u0161\u00ed dopad t\u00edm, \u017ee posiluje jejich pr\u00e1ci a umo\u017e\u0148uje intenzivn\u00ed spolupr\u00e1ci mezi ml\u00e1de\u017e\u00ed a mezi zam\u011bstnanci.\u00a0<\/p>\n\n\n\n<div class=\"wp-block-buttons is-layout-flex wp-block-buttons-is-layout-flex\">\n<div class=\"wp-block-button has-custom-font-size\" style=\"font-size:14px\"><a class=\"wp-block-button__link has-luminous-vivid-amber-background-color has-background wp-element-button\" href=\"https:\/\/climatetoolkit.org\/cs\/youth\/join-us\/\">P\u0159ipojte se k s\u00edti mlad\u00fdch lid\u00ed Climate Toolkit<\/a><\/div>\n<\/div>\n\n\n\n<hr class=\"wp-block-separator has-alpha-channel-opacity\"\/>\n\n\n\n<h2 class=\"wp-block-heading\" id=\"interpretation\">Klima a interpretace<\/h2>\n\n\n\n<p><strong>Pracovn\u00ed skupina pro klima a interpretaci<\/strong><em> <\/em>je nejnov\u011bj\u0161\u00ed pracovn\u00ed skupinou v r\u00e1mci Toolkitu a jej\u00edm c\u00edlem je d\u00e1t dohromady siln\u00fd \u0159\u00edd\u00edc\u00ed v\u00fdbor slo\u017een\u00fd z odborn\u00edk\u016f na interpretaci klimatu z The Climate Museum, Denver Botanic Gardens, Anchorage Museum, Museum of Contemporary Arts (MOCA) Los Angeles, Natural History Museum of Utah, Science World, National Aquarium a dal\u0161\u00edch instituc\u00ed, aby diskutovali o meziinstitucion\u00e1ln\u00ed spolupr\u00e1ci v oblasti komunikace a intervence v oblasti klimatu mezi v\u00fdstavn\u00edmi prostory.<\/p>\n\n\n\n<p><em>Do t\u00e9to pracovn\u00ed skupiny se bude mo\u017en\u00e9 brzy zapojit.<\/em><\/p>\n\n\n\n<hr class=\"wp-block-separator has-alpha-channel-opacity\"\/>\n\n\n\n<p>Hled\u00e1te p\u0159\u00edle\u017eitosti k prozkoum\u00e1n\u00ed dal\u0161\u00edch oblast\u00ed z\u00e1jmu nebo klimatick\u00fdch z\u00e1vazk\u016f, kter\u00e9 nejsou zahrnuty ve v\u00fd\u0161e uveden\u00fdch skupin\u00e1ch? <strong><a href=\"mailto:climatetoolkit@phipps.conservatory.org\">Osloven\u00ed prost\u0159ednictv\u00edm e-mailu<\/a><\/strong> a za\u010dn\u011bme konverzaci!<\/p>\n\n\n\n<p><\/p>","protected":false},"excerpt":{"rendered":"<p>Pracovn\u00ed skupiny pro klimatick\u00e9 n\u00e1stroje poskytuj\u00ed p\u0159\u00edle\u017eitosti k hlub\u0161\u00edmu u\u010den\u00ed a vz\u00e1jemn\u00e9mu zapojen\u00ed do konkr\u00e9tn\u00edch klimatick\u00fdch t\u00e9mat. Pracovn\u00ed skupiny Toolkit vznikaj\u00ed organicky na z\u00e1klad\u011b pot\u0159eb na\u0161ich \u010dlensk\u00fdch instituc\u00ed a jsou strukturov\u00e1ny jako spole\u010denstv\u00ed praxe. Komunita z praxe obvykle ...<\/p>\n<p class=\"read-more\"> <a class=\"\" href=\"https:\/\/climatetoolkit.org\/cs\/climate-toolkit-working-groups\/\"> <span class=\"screen-reader-text\">Pracovn\u00ed skupiny<\/span> P\u0159e\u010dt\u011bte si v\u00edce \"<\/a><\/p>","protected":false},"author":2,"featured_media":0,"parent":0,"menu_order":0,"comment_status":"closed","ping_status":"closed","template":"","meta":{"_acf_changed":false,"inline_featured_image":false,"advgb_blocks_editor_width":"","advgb_blocks_columns_visual_guide":"","footnotes":""},"class_list":["post-4036","page","type-page","status-publish","hentry"],"acf":[],"yoast_head":"<!-- This site is optimized with the Yoast SEO plugin v27.4 - https:\/\/yoast.com\/product\/yoast-seo-wordpress\/ -->\n<title>Working Groups - The Climate Toolkit<\/title>\n<meta name=\"robots\" content=\"index, follow, max-snippet:-1, max-image-preview:large, max-video-preview:-1\" \/>\n<link rel=\"canonical\" href=\"https:\/\/climatetoolkit.org\/cs\/climate-toolkit-working-groups\/\" \/>\n<meta property=\"og:locale\" content=\"cs_CZ\" \/>\n<meta property=\"og:type\" content=\"article\" \/>\n<meta property=\"og:title\" content=\"Working Groups - The Climate Toolkit\" \/>\n<meta property=\"og:description\" content=\"Climate Toolkit Working Groups provide opportunities for deeper learning and peer-to-peer engagement around particular climate topics. Toolkit Working Groups arise organically through the needs of our member institutions and are structured as communities of practice. A community of practice typically &hellip; Working Groups Read More &raquo;\" \/>\n<meta property=\"og:url\" content=\"https:\/\/climatetoolkit.org\/cs\/climate-toolkit-working-groups\/\" \/>\n<meta property=\"og:site_name\" content=\"The Climate Toolkit\" \/>\n<meta property=\"article:modified_time\" content=\"2024-12-19T00:12:08+00:00\" \/>\n<meta property=\"og:image\" content=\"https:\/\/climatetoolkit.org\/wp-content\/uploads\/2024\/12\/working-groups.jpg\" \/>\n\t<meta property=\"og:image:width\" content=\"1494\" \/>\n\t<meta property=\"og:image:height\" content=\"747\" \/>\n\t<meta property=\"og:image:type\" content=\"image\/jpeg\" \/>\n<meta name=\"twitter:card\" content=\"summary_large_image\" \/>\n<meta name=\"twitter:label1\" content=\"Odhadovan\u00e1 doba \u010dten\u00ed\" \/>\n\t<meta name=\"twitter:data1\" content=\"4 minuty\" \/>\n<script type=\"application\/ld+json\" class=\"yoast-schema-graph\">{\"@context\":\"https:\\\/\\\/schema.org\",\"@graph\":[{\"@type\":\"WebPage\",\"@id\":\"https:\\\/\\\/climatetoolkit.org\\\/climate-toolkit-working-groups\\\/\",\"url\":\"https:\\\/\\\/climatetoolkit.org\\\/climate-toolkit-working-groups\\\/\",\"name\":\"Working Groups - The Climate Toolkit\",\"isPartOf\":{\"@id\":\"https:\\\/\\\/climatetoolkit.org\\\/#website\"},\"primaryImageOfPage\":{\"@id\":\"https:\\\/\\\/climatetoolkit.org\\\/climate-toolkit-working-groups\\\/#primaryimage\"},\"image\":{\"@id\":\"https:\\\/\\\/climatetoolkit.org\\\/climate-toolkit-working-groups\\\/#primaryimage\"},\"thumbnailUrl\":\"https:\\\/\\\/climatetoolkit.org\\\/wp-content\\\/uploads\\\/2024\\\/12\\\/working-groups-1024x512.jpg\",\"datePublished\":\"2024-12-12T20:43:28+00:00\",\"dateModified\":\"2024-12-19T00:12:08+00:00\",\"breadcrumb\":{\"@id\":\"https:\\\/\\\/climatetoolkit.org\\\/climate-toolkit-working-groups\\\/#breadcrumb\"},\"inLanguage\":\"cs\",\"potentialAction\":[{\"@type\":\"ReadAction\",\"target\":[\"https:\\\/\\\/climatetoolkit.org\\\/climate-toolkit-working-groups\\\/\"]}]},{\"@type\":\"ImageObject\",\"inLanguage\":\"cs\",\"@id\":\"https:\\\/\\\/climatetoolkit.org\\\/climate-toolkit-working-groups\\\/#primaryimage\",\"url\":\"https:\\\/\\\/climatetoolkit.org\\\/wp-content\\\/uploads\\\/2024\\\/12\\\/working-groups-1024x512.jpg\",\"contentUrl\":\"https:\\\/\\\/climatetoolkit.org\\\/wp-content\\\/uploads\\\/2024\\\/12\\\/working-groups-1024x512.jpg\"},{\"@type\":\"BreadcrumbList\",\"@id\":\"https:\\\/\\\/climatetoolkit.org\\\/climate-toolkit-working-groups\\\/#breadcrumb\",\"itemListElement\":[{\"@type\":\"ListItem\",\"position\":1,\"name\":\"Home\",\"item\":\"https:\\\/\\\/climatetoolkit.org\\\/\"},{\"@type\":\"ListItem\",\"position\":2,\"name\":\"Working Groups\"}]},{\"@type\":\"WebSite\",\"@id\":\"https:\\\/\\\/climatetoolkit.org\\\/#website\",\"url\":\"https:\\\/\\\/climatetoolkit.org\\\/\",\"name\":\"The Climate Toolkit\",\"description\":\"For Museums, Gardens and Zoos\",\"publisher\":{\"@id\":\"https:\\\/\\\/climatetoolkit.org\\\/#organization\"},\"potentialAction\":[{\"@type\":\"SearchAction\",\"target\":{\"@type\":\"EntryPoint\",\"urlTemplate\":\"https:\\\/\\\/climatetoolkit.org\\\/?s={search_term_string}\"},\"query-input\":{\"@type\":\"PropertyValueSpecification\",\"valueRequired\":true,\"valueName\":\"search_term_string\"}}],\"inLanguage\":\"cs\"},{\"@type\":\"Organization\",\"@id\":\"https:\\\/\\\/climatetoolkit.org\\\/#organization\",\"name\":\"The Climate Toolkit\",\"url\":\"https:\\\/\\\/climatetoolkit.org\\\/\",\"logo\":{\"@type\":\"ImageObject\",\"inLanguage\":\"cs\",\"@id\":\"https:\\\/\\\/climatetoolkit.org\\\/#\\\/schema\\\/logo\\\/image\\\/\",\"url\":\"https:\\\/\\\/climatetoolkit.org\\\/wp-content\\\/uploads\\\/2020\\\/05\\\/C_logo.png\",\"contentUrl\":\"https:\\\/\\\/climatetoolkit.org\\\/wp-content\\\/uploads\\\/2020\\\/05\\\/C_logo.png\",\"width\":512,\"height\":512,\"caption\":\"The Climate Toolkit\"},\"image\":{\"@id\":\"https:\\\/\\\/climatetoolkit.org\\\/#\\\/schema\\\/logo\\\/image\\\/\"}}]}<\/script>\n<!-- \/ Yoast SEO plugin. -->","yoast_head_json":{"title":"Pracovn\u00ed skupiny - Soubor n\u00e1stroj\u016f pro klima","robots":{"index":"index","follow":"follow","max-snippet":"max-snippet:-1","max-image-preview":"max-image-preview:large","max-video-preview":"max-video-preview:-1"},"canonical":"https:\/\/climatetoolkit.org\/cs\/climate-toolkit-working-groups\/","og_locale":"cs_CZ","og_type":"article","og_title":"Working Groups - The Climate Toolkit","og_description":"Climate Toolkit Working Groups provide opportunities for deeper learning and peer-to-peer engagement around particular climate topics. Toolkit Working Groups arise organically through the needs of our member institutions and are structured as communities of practice. A community of practice typically &hellip; Working Groups Read More &raquo;","og_url":"https:\/\/climatetoolkit.org\/cs\/climate-toolkit-working-groups\/","og_site_name":"The Climate Toolkit","article_modified_time":"2024-12-19T00:12:08+00:00","og_image":[{"width":1494,"height":747,"url":"https:\/\/climatetoolkit.org\/wp-content\/uploads\/2024\/12\/working-groups.jpg","type":"image\/jpeg"}],"twitter_card":"summary_large_image","twitter_misc":{"Odhadovan\u00e1 doba \u010dten\u00ed":"4 minuty"},"schema":{"@context":"https:\/\/schema.org","@graph":[{"@type":"WebPage","@id":"https:\/\/climatetoolkit.org\/climate-toolkit-working-groups\/","url":"https:\/\/climatetoolkit.org\/climate-toolkit-working-groups\/","name":"Pracovn\u00ed skupiny - Soubor n\u00e1stroj\u016f pro klima","isPartOf":{"@id":"https:\/\/climatetoolkit.org\/#website"},"primaryImageOfPage":{"@id":"https:\/\/climatetoolkit.org\/climate-toolkit-working-groups\/#primaryimage"},"image":{"@id":"https:\/\/climatetoolkit.org\/climate-toolkit-working-groups\/#primaryimage"},"thumbnailUrl":"https:\/\/climatetoolkit.org\/wp-content\/uploads\/2024\/12\/working-groups-1024x512.jpg","datePublished":"2024-12-12T20:43:28+00:00","dateModified":"2024-12-19T00:12:08+00:00","breadcrumb":{"@id":"https:\/\/climatetoolkit.org\/climate-toolkit-working-groups\/#breadcrumb"},"inLanguage":"cs","potentialAction":[{"@type":"ReadAction","target":["https:\/\/climatetoolkit.org\/climate-toolkit-working-groups\/"]}]},{"@type":"ImageObject","inLanguage":"cs","@id":"https:\/\/climatetoolkit.org\/climate-toolkit-working-groups\/#primaryimage","url":"https:\/\/climatetoolkit.org\/wp-content\/uploads\/2024\/12\/working-groups-1024x512.jpg","contentUrl":"https:\/\/climatetoolkit.org\/wp-content\/uploads\/2024\/12\/working-groups-1024x512.jpg"},{"@type":"BreadcrumbList","@id":"https:\/\/climatetoolkit.org\/climate-toolkit-working-groups\/#breadcrumb","itemListElement":[{"@type":"ListItem","position":1,"name":"Home","item":"https:\/\/climatetoolkit.org\/"},{"@type":"ListItem","position":2,"name":"Working Groups"}]},{"@type":"WebSite","@id":"https:\/\/climatetoolkit.org\/#website","url":"https:\/\/climatetoolkit.org\/","name":"Soubor n\u00e1stroj\u016f pro oblast klimatu","description":"Pro muzea, zahrady a zoologick\u00e9 zahrady","publisher":{"@id":"https:\/\/climatetoolkit.org\/#organization"},"potentialAction":[{"@type":"SearchAction","target":{"@type":"EntryPoint","urlTemplate":"https:\/\/climatetoolkit.org\/?s={search_term_string}"},"query-input":{"@type":"PropertyValueSpecification","valueRequired":true,"valueName":"search_term_string"}}],"inLanguage":"cs"},{"@type":"Organization","@id":"https:\/\/climatetoolkit.org\/#organization","name":"Soubor n\u00e1stroj\u016f pro oblast klimatu","url":"https:\/\/climatetoolkit.org\/","logo":{"@type":"ImageObject","inLanguage":"cs","@id":"https:\/\/climatetoolkit.org\/#\/schema\/logo\/image\/","url":"https:\/\/climatetoolkit.org\/wp-content\/uploads\/2020\/05\/C_logo.png","contentUrl":"https:\/\/climatetoolkit.org\/wp-content\/uploads\/2020\/05\/C_logo.png","width":512,"height":512,"caption":"The Climate Toolkit"},"image":{"@id":"https:\/\/climatetoolkit.org\/#\/schema\/logo\/image\/"}}]}},"coauthors":[],"author_meta":{"author_link":"https:\/\/climatetoolkit.org\/cs\/author\/joe\/","display_name":"joe reed"},"relative_dates":{"created":"Posted 1 rokem ago","modified":"Updated 1 rokem ago"},"absolute_dates":{"created":"Posted on 12 prosince, 2024","modified":"Updated on 18 prosince, 2024"},"absolute_dates_time":{"created":"Posted on 12 prosince, 2024 3:43 pm","modified":"Updated on 18 prosince, 2024 7:12 pm"},"featured_img_caption":"","featured_img":false,"series_order":"","_links":{"self":[{"href":"https:\/\/climatetoolkit.org\/cs\/wp-json\/wp\/v2\/pages\/4036","targetHints":{"allow":["GET"]}}],"collection":[{"href":"https:\/\/climatetoolkit.org\/cs\/wp-json\/wp\/v2\/pages"}],"about":[{"href":"https:\/\/climatetoolkit.org\/cs\/wp-json\/wp\/v2\/types\/page"}],"author":[{"embeddable":true,"href":"https:\/\/climatetoolkit.org\/cs\/wp-json\/wp\/v2\/users\/2"}],"replies":[{"embeddable":true,"href":"https:\/\/climatetoolkit.org\/cs\/wp-json\/wp\/v2\/comments?post=4036"}],"version-history":[{"count":17,"href":"https:\/\/climatetoolkit.org\/cs\/wp-json\/wp\/v2\/pages\/4036\/revisions"}],"predecessor-version":[{"id":4067,"href":"https:\/\/climatetoolkit.org\/cs\/wp-json\/wp\/v2\/pages\/4036\/revisions\/4067"}],"wp:attachment":[{"href":"https:\/\/climatetoolkit.org\/cs\/wp-json\/wp\/v2\/media?parent=4036"}],"curies":[{"name":"wp","href":"https:\/\/api.w.org\/{rel}","templated":true}]}}