{"id":2703,"date":"2023-11-01T15:23:05","date_gmt":"2023-11-01T19:23:05","guid":{"rendered":"https:\/\/climatetoolkit.org\/?page_id=2703"},"modified":"2023-11-01T15:23:06","modified_gmt":"2023-11-01T19:23:06","slug":"association-of-science-and-technology-centers-astc","status":"publish","type":"page","link":"https:\/\/climatetoolkit.org\/cs\/association-of-science-and-technology-centers-astc\/","title":{"rendered":"Asociace v\u011bdeckotechnick\u00fdch center (ASTC)"},"content":{"rendered":"<figure class=\"wp-block-image size-full\"><img decoding=\"async\" width=\"624\" height=\"52\" src=\"https:\/\/climatetoolkit.org\/wp-content\/uploads\/2023\/11\/Picture12.png\" alt=\"\" class=\"wp-image-2704\" srcset=\"https:\/\/climatetoolkit.org\/wp-content\/uploads\/2023\/11\/Picture12.png 624w, https:\/\/climatetoolkit.org\/wp-content\/uploads\/2023\/11\/Picture12-300x25.png 300w, https:\/\/climatetoolkit.org\/wp-content\/uploads\/2023\/11\/Picture12-100x8.png 100w, https:\/\/climatetoolkit.org\/wp-content\/uploads\/2023\/11\/Picture12-150x13.png 150w, https:\/\/climatetoolkit.org\/wp-content\/uploads\/2023\/11\/Picture12-200x17.png 200w, https:\/\/climatetoolkit.org\/wp-content\/uploads\/2023\/11\/Picture12-450x38.png 450w, https:\/\/climatetoolkit.org\/wp-content\/uploads\/2023\/11\/Picture12-600x50.png 600w\" sizes=\"(max-width: 624px) 100vw, 624px\" \/><\/figure>\n\n\n\n<p>\u00da\u010delem <a href=\"https:\/\/www.astc.org\/\">Asociace v\u011bdeckotechnick\u00fdch center<\/a> (ASTC) je prosazovat a podporovat v\u011bdeck\u00e1 centra, technologick\u00e1 centra a muzea a celou oblast zapojen\u00ed do v\u011bdy s c\u00edlem zv\u00fd\u0161it porozum\u011bn\u00ed a zapojen\u00ed do v\u011bdy a techniky u v\u0161ech lid\u00ed.<\/p>\n\n\n\n<p>ASTC je \u010dlensk\u00e1 asociace se s\u00eddlem v Severn\u00ed Americe, kter\u00e1 podporuje celosv\u011btovou v\u011bdeckou anga\u017eovanost ji\u017e od roku 1973. ASTC vytv\u00e1\u0159\u00ed <strong>strategick\u00e9 p\u0159\u00edle\u017eitosti<\/strong>, <strong>rozv\u00edj\u00ed intelektu\u00e1ln\u00ed kapit\u00e1l<\/strong>a <strong>shroma\u017e\u010fuje zdroje<\/strong> podporovat \u010dleny v realizaci jejich posl\u00e1n\u00ed a zapojen\u00ed jejich komunit.<\/p>\n\n\n\n<p>Jako p\u0159edn\u00ed organiz\u00e1tor v oblasti v\u011bdeck\u00e9 anga\u017eovanosti se ASTC zav\u00e1zala:<\/p>\n\n\n\n<ul class=\"wp-block-list\">\n<li><strong>Podpora zapojen\u00ed ve\u0159ejnosti do v\u011bdy prost\u0159ednictv\u00edm:<\/strong><ul><li>propagace \u010dinnosti v\u011bdeck\u00fdch a technologick\u00fdch center a muze\u00ed.<\/li><\/ul><ul><li>Spolupr\u00e1ce a posilov\u00e1n\u00ed vazeb mezi \u010dleny v cel\u00e9 \u0161\u00ed\u0159i v\u011bdecko-anga\u017eovan\u00fdch ekosyst\u00e9m\u016f.<\/li><\/ul>\n<ul class=\"wp-block-list\">\n<li>Budov\u00e1n\u00ed v\u011bt\u0161\u00ed podpory pro aktivity a instituce zab\u00fdvaj\u00edc\u00ed se v\u011bdou.<\/li>\n<\/ul>\n<\/li>\n\n\n\n<li><strong>Posilov\u00e1n\u00ed \u010dlen\u016f a jejich kapacit prost\u0159ednictv\u00edm:<\/strong><ul><li>Pom\u00e1hat zvy\u0161ovat rozmanitost a kvalifikaci pracovn\u00edk\u016f \u010dlensk\u00fdch instituc\u00ed.<\/li><\/ul><ul><li>Usnadn\u011bn\u00ed inovac\u00ed, propojen\u00ed, u\u010den\u00ed a spolupr\u00e1ce mezi \u010dleny.<\/li><\/ul>\n<ul class=\"wp-block-list\">\n<li>Shroma\u017e\u010fov\u00e1n\u00ed a sd\u00edlen\u00ed dat a v\u00fdzkumu.<\/li>\n<\/ul>\n<\/li>\n\n\n\n<li><strong>Budov\u00e1n\u00ed spravedliv\u011bj\u0161\u00ed a udr\u017eiteln\u011bj\u0161\u00ed budoucnosti prost\u0159ednictv\u00edm:<\/strong><ul><li>Podporovat \u010dleny, aby spole\u010dn\u011b se sv\u00fdmi komunitami st\u00e1li v \u010dele \u0159e\u0161en\u00ed probl\u00e9m\u016f souvisej\u00edc\u00edch se zm\u011bnou klimatu a biologickou rozmanitost\u00ed, rovnost\u00ed a spravedlnost\u00ed a dal\u0161\u00edch kritick\u00fdch ot\u00e1zek.<\/li><\/ul><ul><li>\u0160\u00ed\u0159en\u00ed a roz\u0161i\u0159ov\u00e1n\u00ed p\u0159\u00edstup\u016f k u\u010den\u00ed a zapojen\u00ed do p\u0159\u00edrodn\u00edch v\u011bd zam\u011b\u0159en\u00fdch na rovnost.<\/li><\/ul>\n<ul class=\"wp-block-list\">\n<li>Roz\u0161i\u0159ov\u00e1n\u00ed individu\u00e1ln\u00edho a kolektivn\u00edho vlivu \u010dlen\u016f v jejich komunit\u00e1ch a na cel\u00e9m sv\u011bt\u011b.<\/li>\n<\/ul>\n<\/li>\n<\/ul>\n\n\n\n<p>Dal\u0161\u00ed zdroje ASTC naleznete n\u00ed\u017ee:<\/p>\n\n\n\n<ul class=\"wp-block-list\">\n<li><a href=\"https:\/\/www.astc.org\/about\/strategy\/\">Strategick\u00fd r\u00e1mec ASTC<\/a><\/li>\n\n\n\n<li><a href=\"https:\/\/www.astc.org\/about\/organization\/astc-bylaws\/\">Stanovy ASTC<\/a><\/li>\n\n\n\n<li><a href=\"https:\/\/www.astc.org\/about\/equity\/\">ASTC Prosazov\u00e1n\u00ed rovnosti a spravedlnosti<\/a><\/li>\n\n\n\n<li><a href=\"https:\/\/www.astc.org\/about\/daie\/\">Z\u00e1vazek ASTC k rozmanitosti, p\u0159\u00edstupnosti, inkluzi a rovnosti<\/a><\/li>\n\n\n\n<li><a href=\"https:\/\/www.astc.org\/about\/support-astc\/diversity-challenge-fund\/\">ASTC Diversity Challenge Fund<\/a><\/li>\n\n\n\n<li><a href=\"https:\/\/seeding-action.org\/\">V\u00fdsevn\u00ed akce<\/a><\/li>\n<\/ul>","protected":false},"excerpt":{"rendered":"<p>\u00da\u010delem Asociace v\u011bdeck\u00fdch a technologick\u00fdch center (ASTC) je prosazovat a podporovat v\u011bdeck\u00e1 centra, technologick\u00e1 centra a muzea a celou oblast zapojen\u00ed do v\u011bdy sm\u011brem k vizi zvy\u0161ov\u00e1n\u00ed porozum\u011bn\u00ed a zapojen\u00ed do v\u011bdy a ...<\/p>\n<p class=\"read-more\"> <a class=\"\" href=\"https:\/\/climatetoolkit.org\/cs\/association-of-science-and-technology-centers-astc\/\"> <span class=\"screen-reader-text\">Asociace v\u011bdeckotechnick\u00fdch center (ASTC)<\/span> P\u0159e\u010dt\u011bte si v\u00edce \"<\/a><\/p>","protected":false},"author":2,"featured_media":0,"parent":0,"menu_order":0,"comment_status":"closed","ping_status":"closed","template":"","meta":{"_acf_changed":false,"inline_featured_image":false,"advgb_blocks_editor_width":"","advgb_blocks_columns_visual_guide":"","footnotes":""},"class_list":["post-2703","page","type-page","status-publish","hentry"],"acf":[],"yoast_head":"<!-- This site is optimized with the Yoast SEO plugin v27.5 - https:\/\/yoast.com\/product\/yoast-seo-wordpress\/ -->\n<title>Association of Science and Technology Centers (ASTC) - The Climate Toolkit<\/title>\n<meta name=\"robots\" content=\"index, follow, max-snippet:-1, max-image-preview:large, max-video-preview:-1\" \/>\n<link rel=\"canonical\" href=\"https:\/\/climatetoolkit.org\/cs\/association-of-science-and-technology-centers-astc\/\" \/>\n<meta property=\"og:locale\" content=\"cs_CZ\" \/>\n<meta property=\"og:type\" content=\"article\" \/>\n<meta property=\"og:title\" content=\"Association of Science and Technology Centers (ASTC) - The Climate Toolkit\" \/>\n<meta property=\"og:description\" content=\"The purpose of the Association of Science and Technology Centers (ASTC) is to champion and support science centers, technology centers and museums, and the entire science engagement field toward a vision of increasing understanding of and engagement with science and &hellip; Association of Science and Technology Centers (ASTC) Read More &raquo;\" \/>\n<meta property=\"og:url\" content=\"https:\/\/climatetoolkit.org\/cs\/association-of-science-and-technology-centers-astc\/\" \/>\n<meta property=\"og:site_name\" content=\"The Climate Toolkit\" \/>\n<meta property=\"article:modified_time\" content=\"2023-11-01T19:23:06+00:00\" \/>\n<meta property=\"og:image\" content=\"https:\/\/climatetoolkit.org\/wp-content\/uploads\/2023\/11\/Picture12.png\" \/>\n<meta name=\"twitter:card\" content=\"summary_large_image\" \/>\n<meta name=\"twitter:label1\" content=\"Odhadovan\u00e1 doba \u010dten\u00ed\" \/>\n\t<meta name=\"twitter:data1\" content=\"2 minuty\" \/>\n<script type=\"application\/ld+json\" class=\"yoast-schema-graph\">{\"@context\":\"https:\\\/\\\/schema.org\",\"@graph\":[{\"@type\":\"WebPage\",\"@id\":\"https:\\\/\\\/climatetoolkit.org\\\/association-of-science-and-technology-centers-astc\\\/\",\"url\":\"https:\\\/\\\/climatetoolkit.org\\\/association-of-science-and-technology-centers-astc\\\/\",\"name\":\"Association of Science and Technology Centers (ASTC) - The Climate Toolkit\",\"isPartOf\":{\"@id\":\"https:\\\/\\\/climatetoolkit.org\\\/#website\"},\"primaryImageOfPage\":{\"@id\":\"https:\\\/\\\/climatetoolkit.org\\\/association-of-science-and-technology-centers-astc\\\/#primaryimage\"},\"image\":{\"@id\":\"https:\\\/\\\/climatetoolkit.org\\\/association-of-science-and-technology-centers-astc\\\/#primaryimage\"},\"thumbnailUrl\":\"https:\\\/\\\/climatetoolkit.org\\\/wp-content\\\/uploads\\\/2023\\\/11\\\/Picture12.png\",\"datePublished\":\"2023-11-01T19:23:05+00:00\",\"dateModified\":\"2023-11-01T19:23:06+00:00\",\"breadcrumb\":{\"@id\":\"https:\\\/\\\/climatetoolkit.org\\\/association-of-science-and-technology-centers-astc\\\/#breadcrumb\"},\"inLanguage\":\"cs\",\"potentialAction\":[{\"@type\":\"ReadAction\",\"target\":[\"https:\\\/\\\/climatetoolkit.org\\\/association-of-science-and-technology-centers-astc\\\/\"]}]},{\"@type\":\"ImageObject\",\"inLanguage\":\"cs\",\"@id\":\"https:\\\/\\\/climatetoolkit.org\\\/association-of-science-and-technology-centers-astc\\\/#primaryimage\",\"url\":\"https:\\\/\\\/climatetoolkit.org\\\/wp-content\\\/uploads\\\/2023\\\/11\\\/Picture12.png\",\"contentUrl\":\"https:\\\/\\\/climatetoolkit.org\\\/wp-content\\\/uploads\\\/2023\\\/11\\\/Picture12.png\"},{\"@type\":\"BreadcrumbList\",\"@id\":\"https:\\\/\\\/climatetoolkit.org\\\/association-of-science-and-technology-centers-astc\\\/#breadcrumb\",\"itemListElement\":[{\"@type\":\"ListItem\",\"position\":1,\"name\":\"Home\",\"item\":\"https:\\\/\\\/climatetoolkit.org\\\/\"},{\"@type\":\"ListItem\",\"position\":2,\"name\":\"Association of Science and Technology Centers (ASTC)\"}]},{\"@type\":\"WebSite\",\"@id\":\"https:\\\/\\\/climatetoolkit.org\\\/#website\",\"url\":\"https:\\\/\\\/climatetoolkit.org\\\/\",\"name\":\"The Climate Toolkit\",\"description\":\"For Museums, Gardens and Zoos\",\"publisher\":{\"@id\":\"https:\\\/\\\/climatetoolkit.org\\\/#organization\"},\"potentialAction\":[{\"@type\":\"SearchAction\",\"target\":{\"@type\":\"EntryPoint\",\"urlTemplate\":\"https:\\\/\\\/climatetoolkit.org\\\/?s={search_term_string}\"},\"query-input\":{\"@type\":\"PropertyValueSpecification\",\"valueRequired\":true,\"valueName\":\"search_term_string\"}}],\"inLanguage\":\"cs\"},{\"@type\":\"Organization\",\"@id\":\"https:\\\/\\\/climatetoolkit.org\\\/#organization\",\"name\":\"The Climate Toolkit\",\"url\":\"https:\\\/\\\/climatetoolkit.org\\\/\",\"logo\":{\"@type\":\"ImageObject\",\"inLanguage\":\"cs\",\"@id\":\"https:\\\/\\\/climatetoolkit.org\\\/#\\\/schema\\\/logo\\\/image\\\/\",\"url\":\"https:\\\/\\\/climatetoolkit.org\\\/wp-content\\\/uploads\\\/2020\\\/05\\\/C_logo.png\",\"contentUrl\":\"https:\\\/\\\/climatetoolkit.org\\\/wp-content\\\/uploads\\\/2020\\\/05\\\/C_logo.png\",\"width\":512,\"height\":512,\"caption\":\"The Climate Toolkit\"},\"image\":{\"@id\":\"https:\\\/\\\/climatetoolkit.org\\\/#\\\/schema\\\/logo\\\/image\\\/\"}}]}<\/script>\n<!-- \/ Yoast SEO plugin. -->","yoast_head_json":{"title":"Asociace v\u011bdeck\u00fdch a technologick\u00fdch center (ASTC) - Soubor n\u00e1stroj\u016f o klimatu","robots":{"index":"index","follow":"follow","max-snippet":"max-snippet:-1","max-image-preview":"max-image-preview:large","max-video-preview":"max-video-preview:-1"},"canonical":"https:\/\/climatetoolkit.org\/cs\/association-of-science-and-technology-centers-astc\/","og_locale":"cs_CZ","og_type":"article","og_title":"Association of Science and Technology Centers (ASTC) - The Climate Toolkit","og_description":"The purpose of the Association of Science and Technology Centers (ASTC) is to champion and support science centers, technology centers and museums, and the entire science engagement field toward a vision of increasing understanding of and engagement with science and &hellip; Association of Science and Technology Centers (ASTC) Read More &raquo;","og_url":"https:\/\/climatetoolkit.org\/cs\/association-of-science-and-technology-centers-astc\/","og_site_name":"The Climate Toolkit","article_modified_time":"2023-11-01T19:23:06+00:00","og_image":[{"url":"https:\/\/climatetoolkit.org\/wp-content\/uploads\/2023\/11\/Picture12.png","type":"","width":"","height":""}],"twitter_card":"summary_large_image","twitter_misc":{"Odhadovan\u00e1 doba \u010dten\u00ed":"2 minuty"},"schema":{"@context":"https:\/\/schema.org","@graph":[{"@type":"WebPage","@id":"https:\/\/climatetoolkit.org\/association-of-science-and-technology-centers-astc\/","url":"https:\/\/climatetoolkit.org\/association-of-science-and-technology-centers-astc\/","name":"Asociace v\u011bdeck\u00fdch a technologick\u00fdch center (ASTC) - Soubor n\u00e1stroj\u016f o klimatu","isPartOf":{"@id":"https:\/\/climatetoolkit.org\/#website"},"primaryImageOfPage":{"@id":"https:\/\/climatetoolkit.org\/association-of-science-and-technology-centers-astc\/#primaryimage"},"image":{"@id":"https:\/\/climatetoolkit.org\/association-of-science-and-technology-centers-astc\/#primaryimage"},"thumbnailUrl":"https:\/\/climatetoolkit.org\/wp-content\/uploads\/2023\/11\/Picture12.png","datePublished":"2023-11-01T19:23:05+00:00","dateModified":"2023-11-01T19:23:06+00:00","breadcrumb":{"@id":"https:\/\/climatetoolkit.org\/association-of-science-and-technology-centers-astc\/#breadcrumb"},"inLanguage":"cs","potentialAction":[{"@type":"ReadAction","target":["https:\/\/climatetoolkit.org\/association-of-science-and-technology-centers-astc\/"]}]},{"@type":"ImageObject","inLanguage":"cs","@id":"https:\/\/climatetoolkit.org\/association-of-science-and-technology-centers-astc\/#primaryimage","url":"https:\/\/climatetoolkit.org\/wp-content\/uploads\/2023\/11\/Picture12.png","contentUrl":"https:\/\/climatetoolkit.org\/wp-content\/uploads\/2023\/11\/Picture12.png"},{"@type":"BreadcrumbList","@id":"https:\/\/climatetoolkit.org\/association-of-science-and-technology-centers-astc\/#breadcrumb","itemListElement":[{"@type":"ListItem","position":1,"name":"Home","item":"https:\/\/climatetoolkit.org\/"},{"@type":"ListItem","position":2,"name":"Association of Science and Technology Centers (ASTC)"}]},{"@type":"WebSite","@id":"https:\/\/climatetoolkit.org\/#website","url":"https:\/\/climatetoolkit.org\/","name":"Soubor n\u00e1stroj\u016f pro oblast klimatu","description":"Pro muzea, zahrady a zoologick\u00e9 zahrady","publisher":{"@id":"https:\/\/climatetoolkit.org\/#organization"},"potentialAction":[{"@type":"SearchAction","target":{"@type":"EntryPoint","urlTemplate":"https:\/\/climatetoolkit.org\/?s={search_term_string}"},"query-input":{"@type":"PropertyValueSpecification","valueRequired":true,"valueName":"search_term_string"}}],"inLanguage":"cs"},{"@type":"Organization","@id":"https:\/\/climatetoolkit.org\/#organization","name":"Soubor n\u00e1stroj\u016f pro oblast klimatu","url":"https:\/\/climatetoolkit.org\/","logo":{"@type":"ImageObject","inLanguage":"cs","@id":"https:\/\/climatetoolkit.org\/#\/schema\/logo\/image\/","url":"https:\/\/climatetoolkit.org\/wp-content\/uploads\/2020\/05\/C_logo.png","contentUrl":"https:\/\/climatetoolkit.org\/wp-content\/uploads\/2020\/05\/C_logo.png","width":512,"height":512,"caption":"The Climate Toolkit"},"image":{"@id":"https:\/\/climatetoolkit.org\/#\/schema\/logo\/image\/"}}]}},"coauthors":[],"author_meta":{"author_link":"https:\/\/climatetoolkit.org\/cs\/author\/joe\/","display_name":"joe reed"},"relative_dates":{"created":"Posted 2 roky ago","modified":"Updated 2 roky ago"},"absolute_dates":{"created":"Posted on 1 listopadu, 2023","modified":"Updated on 1 listopadu, 2023"},"absolute_dates_time":{"created":"Posted on 1 listopadu, 2023 3:23 pm","modified":"Updated on 1 listopadu, 2023 3:23 pm"},"featured_img_caption":"","featured_img":false,"series_order":"","_links":{"self":[{"href":"https:\/\/climatetoolkit.org\/cs\/wp-json\/wp\/v2\/pages\/2703","targetHints":{"allow":["GET"]}}],"collection":[{"href":"https:\/\/climatetoolkit.org\/cs\/wp-json\/wp\/v2\/pages"}],"about":[{"href":"https:\/\/climatetoolkit.org\/cs\/wp-json\/wp\/v2\/types\/page"}],"author":[{"embeddable":true,"href":"https:\/\/climatetoolkit.org\/cs\/wp-json\/wp\/v2\/users\/2"}],"replies":[{"embeddable":true,"href":"https:\/\/climatetoolkit.org\/cs\/wp-json\/wp\/v2\/comments?post=2703"}],"version-history":[{"count":0,"href":"https:\/\/climatetoolkit.org\/cs\/wp-json\/wp\/v2\/pages\/2703\/revisions"}],"wp:attachment":[{"href":"https:\/\/climatetoolkit.org\/cs\/wp-json\/wp\/v2\/media?parent=2703"}],"curies":[{"name":"wp","href":"https:\/\/api.w.org\/{rel}","templated":true}]}}