{"id":2477,"date":"2023-08-24T12:51:57","date_gmt":"2023-08-24T16:51:57","guid":{"rendered":"https:\/\/climatetoolkit.org\/?page_id=2477"},"modified":"2023-08-24T12:54:04","modified_gmt":"2023-08-24T16:54:04","slug":"aam","status":"publish","type":"page","link":"https:\/\/climatetoolkit.org\/cs\/aam\/","title":{"rendered":"Americk\u00e1 aliance muze\u00ed (AAM)"},"content":{"rendered":"<div class=\"wp-block-image\">\n<figure class=\"aligncenter size-large is-resized\"><img decoding=\"async\" src=\"https:\/\/climatetoolkit.org\/wp-content\/uploads\/2023\/08\/AAM-1024x462.png\" alt=\"\" class=\"wp-image-2478\" width=\"512\" height=\"231\" srcset=\"https:\/\/climatetoolkit.org\/wp-content\/uploads\/2023\/08\/AAM-1024x462.png 1024w, https:\/\/climatetoolkit.org\/wp-content\/uploads\/2023\/08\/AAM-300x135.png 300w, https:\/\/climatetoolkit.org\/wp-content\/uploads\/2023\/08\/AAM-768x346.png 768w, https:\/\/climatetoolkit.org\/wp-content\/uploads\/2023\/08\/AAM-1536x693.png 1536w, https:\/\/climatetoolkit.org\/wp-content\/uploads\/2023\/08\/AAM-100x45.png 100w, https:\/\/climatetoolkit.org\/wp-content\/uploads\/2023\/08\/AAM-150x68.png 150w, https:\/\/climatetoolkit.org\/wp-content\/uploads\/2023\/08\/AAM-200x90.png 200w, https:\/\/climatetoolkit.org\/wp-content\/uploads\/2023\/08\/AAM-450x203.png 450w, https:\/\/climatetoolkit.org\/wp-content\/uploads\/2023\/08\/AAM-600x271.png 600w, https:\/\/climatetoolkit.org\/wp-content\/uploads\/2023\/08\/AAM-900x406.png 900w, https:\/\/climatetoolkit.org\/wp-content\/uploads\/2023\/08\/AAM.png 1996w\" sizes=\"(max-width: 512px) 100vw, 512px\" \/><\/figure>\n<\/div>\n\n\n<p>Na str\u00e1nk\u00e1ch <a href=\"https:\/\/www.aam-us.org\/\">Americk\u00e1 aliance muze\u00ed<\/a> (AAM) je prosazovat spravedliv\u00e9 a p\u016fsobiv\u00e9 muzejnictv\u00ed t\u00edm, \u017ee spojuje lidi, podporuje vzd\u011bl\u00e1v\u00e1n\u00ed a komunitu a pe\u010duje o dokonalost muze\u00ed. Viz\u00ed AAM je spravedliv\u00fd a udr\u017eiteln\u00fd sv\u011bt informovan\u00fd a obohacen\u00fd prosperuj\u00edc\u00edmi muzei, kter\u00e1 p\u0159isp\u00edvaj\u00ed k odolnosti a spravedlnosti sv\u00fdch komunit. Velkou \u010d\u00e1st identity organizace tvo\u0159\u00ed tak\u00e9 jej\u00ed hodnoty: partnerstv\u00ed, p\u0159\u00edstup a inkluzivita, odvaha a excelence.<\/p>\n\n\n\n<p>AAM podporuje s\u00ed\u0165 v\u00edce ne\u017e 35 000 muze\u00ed a muzejn\u00edch profesion\u00e1l\u016f od muze\u00ed um\u011bn\u00ed a historie a\u017e po v\u011bdeck\u00e1 centra a zoologick\u00e9 zahrady. Jejich c\u00edlem je vytv\u00e1\u0159et smysl pro spolupr\u00e1ci prost\u0159ednictv\u00edm \u010dty\u0159 strategick\u00fdch priorit uveden\u00fdch jako soci\u00e1ln\u00ed a komunitn\u00ed dopad, DEAI a antirasismus, komplexn\u00ed muzejn\u00ed komunita a spravedlnost v j\u00e1dru jejich kultury. Z\u00e1m\u011brem AAM je tak\u00e9 dos\u00e1hnout konkr\u00e9tn\u00edch c\u00edl\u016f stanoven\u00fdch v t\u0159\u00edlet\u00e9m strategick\u00e9m r\u00e1mci:<\/p>\n\n\n\n<ul class=\"wp-block-list\">\n<li>Oslavovat, posilovat a propojovat komunitu muzejn\u00edch profesion\u00e1l\u016f v cel\u00e9 jej\u00ed rozmanitosti.<\/li>\n\n\n\n<li>Podporovat muzejn\u00ed odborn\u00edky ve vz\u00e1jemn\u00e9m u\u010den\u00ed, zvl\u00e1d\u00e1n\u00ed kriz\u00ed a obnov\u011b siln\u00fdch, relevantn\u00edch a udr\u017eiteln\u00fdch instituc\u00ed.<\/li>\n\n\n\n<li>V\u00e9st muzejn\u00ed obor v budov\u00e1n\u00ed podpory pro muzea jako z\u00e1kladn\u00ed komunitn\u00ed infrastrukturu a st\u00e1t se spravedliv\u011bj\u0161\u00edmi, inkluzivn\u011bj\u0161\u00edmi a vlivn\u011bj\u0161\u00edmi institucemi a komunitn\u00edmi partnery.<\/li>\n\n\n\n<li>Kriticky zkoumejte programy a operace AAM, abyste zajistili, \u017ee jejich hodnoty jsou modelov\u00e1ny.<\/li>\n<\/ul>\n\n\n\n<p>Dal\u0161\u00ed odkazy od Americk\u00e9 aliance muze\u00ed naleznete n\u00ed\u017ee:<\/p>\n\n\n\n<ul class=\"wp-block-list\">\n<li><a href=\"https:\/\/www.aam-us.org\/programs\/center-for-the-future-of-museums\/\">Centrum pro budoucnost muze\u00ed<\/a><\/li>\n\n\n\n<li><a href=\"https:\/\/www.aam-us.org\/category\/alliance-labs\/\">Alian\u010dn\u00ed blog<\/a><\/li>\n\n\n\n<li><a href=\"https:\/\/www.aam-us.org\/programs\/museums-fostering-belonging\/\">Muzea podporuj\u00edc\u00ed soun\u00e1le\u017eitost<\/a><\/li>\n\n\n\n<li><a href=\"https:\/\/www.aam-us.org\/programs\/toolkits\/\">Sady n\u00e1stroj\u016f a pr\u016fvodci AAM<\/a><\/li>\n\n\n\n<li><a href=\"https:\/\/www.aam-us.org\/programs\/about-aam\/professional-networks\/\">Profesion\u00e1ln\u00ed s\u00edt\u011b AAM<\/a><\/li>\n\n\n\n<li><a href=\"https:\/\/www.aam-us.org\/programs\/about-aam\/american-alliance-of-museums-strategic-plan\/\">Strategick\u00fd r\u00e1mec AAM 2022-2025<\/a><\/li>\n<\/ul>","protected":false},"excerpt":{"rendered":"<p>Posl\u00e1n\u00edm Americk\u00e9 aliance muze\u00ed (AAM) je prosazovat spravedliv\u00e1 a \u00fa\u010dinn\u00e1 muzea prost\u0159ednictv\u00edm propojov\u00e1n\u00ed lid\u00ed, podpory vzd\u011bl\u00e1v\u00e1n\u00ed a komunity a p\u00e9\u010de o vynikaj\u00edc\u00ed kvalitu muze\u00ed. Viz\u00ed AAM je spravedliv\u00fd a udr\u017eiteln\u00fd sv\u011bt informovan\u00fd a obohacen\u00fd o prosperuj\u00edc\u00ed muzea, kter\u00e1 se sna\u017e\u00ed ...<\/p>\n<p class=\"read-more\"> <a class=\"\" href=\"https:\/\/climatetoolkit.org\/cs\/aam\/\"> <span class=\"screen-reader-text\">Americk\u00e1 aliance muze\u00ed (AAM)<\/span> P\u0159e\u010dt\u011bte si v\u00edce \"<\/a><\/p>","protected":false},"author":2,"featured_media":0,"parent":0,"menu_order":0,"comment_status":"closed","ping_status":"closed","template":"","meta":{"_acf_changed":false,"inline_featured_image":false,"advgb_blocks_editor_width":"","advgb_blocks_columns_visual_guide":"","footnotes":""},"class_list":["post-2477","page","type-page","status-publish","hentry"],"acf":[],"yoast_head":"<!-- This site is optimized with the Yoast SEO plugin v27.4 - https:\/\/yoast.com\/product\/yoast-seo-wordpress\/ -->\n<title>American Alliance of Museums (AAM) - The Climate Toolkit<\/title>\n<meta name=\"robots\" content=\"index, follow, max-snippet:-1, max-image-preview:large, max-video-preview:-1\" \/>\n<link rel=\"canonical\" href=\"https:\/\/climatetoolkit.org\/cs\/aam\/\" \/>\n<meta property=\"og:locale\" content=\"cs_CZ\" \/>\n<meta property=\"og:type\" content=\"article\" \/>\n<meta property=\"og:title\" content=\"American Alliance of Museums (AAM) - The Climate Toolkit\" \/>\n<meta property=\"og:description\" content=\"The American Alliance of Museums (AAM) mission is to champion equitable and impactful museums by connecting people, fostering learning and community, and nurturing museum excellence. The vision of AAM is a just and sustainable world informed and enriched by thriving &hellip; American Alliance of Museums (AAM) Read More &raquo;\" \/>\n<meta property=\"og:url\" content=\"https:\/\/climatetoolkit.org\/cs\/aam\/\" \/>\n<meta property=\"og:site_name\" content=\"The Climate Toolkit\" \/>\n<meta property=\"article:modified_time\" content=\"2023-08-24T16:54:04+00:00\" \/>\n<meta property=\"og:image\" content=\"https:\/\/climatetoolkit.org\/wp-content\/uploads\/2023\/08\/AAM-1024x462.png\" \/>\n<meta name=\"twitter:card\" content=\"summary_large_image\" \/>\n<meta name=\"twitter:label1\" content=\"Odhadovan\u00e1 doba \u010dten\u00ed\" \/>\n\t<meta name=\"twitter:data1\" content=\"2 minuty\" \/>\n<script type=\"application\/ld+json\" class=\"yoast-schema-graph\">{\"@context\":\"https:\\\/\\\/schema.org\",\"@graph\":[{\"@type\":\"WebPage\",\"@id\":\"https:\\\/\\\/climatetoolkit.org\\\/aam\\\/\",\"url\":\"https:\\\/\\\/climatetoolkit.org\\\/aam\\\/\",\"name\":\"American Alliance of Museums (AAM) - The Climate Toolkit\",\"isPartOf\":{\"@id\":\"https:\\\/\\\/climatetoolkit.org\\\/#website\"},\"primaryImageOfPage\":{\"@id\":\"https:\\\/\\\/climatetoolkit.org\\\/aam\\\/#primaryimage\"},\"image\":{\"@id\":\"https:\\\/\\\/climatetoolkit.org\\\/aam\\\/#primaryimage\"},\"thumbnailUrl\":\"https:\\\/\\\/climatetoolkit.org\\\/wp-content\\\/uploads\\\/2023\\\/08\\\/AAM-1024x462.png\",\"datePublished\":\"2023-08-24T16:51:57+00:00\",\"dateModified\":\"2023-08-24T16:54:04+00:00\",\"breadcrumb\":{\"@id\":\"https:\\\/\\\/climatetoolkit.org\\\/aam\\\/#breadcrumb\"},\"inLanguage\":\"cs\",\"potentialAction\":[{\"@type\":\"ReadAction\",\"target\":[\"https:\\\/\\\/climatetoolkit.org\\\/aam\\\/\"]}]},{\"@type\":\"ImageObject\",\"inLanguage\":\"cs\",\"@id\":\"https:\\\/\\\/climatetoolkit.org\\\/aam\\\/#primaryimage\",\"url\":\"https:\\\/\\\/climatetoolkit.org\\\/wp-content\\\/uploads\\\/2023\\\/08\\\/AAM-1024x462.png\",\"contentUrl\":\"https:\\\/\\\/climatetoolkit.org\\\/wp-content\\\/uploads\\\/2023\\\/08\\\/AAM-1024x462.png\"},{\"@type\":\"BreadcrumbList\",\"@id\":\"https:\\\/\\\/climatetoolkit.org\\\/aam\\\/#breadcrumb\",\"itemListElement\":[{\"@type\":\"ListItem\",\"position\":1,\"name\":\"Home\",\"item\":\"https:\\\/\\\/climatetoolkit.org\\\/\"},{\"@type\":\"ListItem\",\"position\":2,\"name\":\"American Alliance of Museums (AAM)\"}]},{\"@type\":\"WebSite\",\"@id\":\"https:\\\/\\\/climatetoolkit.org\\\/#website\",\"url\":\"https:\\\/\\\/climatetoolkit.org\\\/\",\"name\":\"The Climate Toolkit\",\"description\":\"For Museums, Gardens and Zoos\",\"publisher\":{\"@id\":\"https:\\\/\\\/climatetoolkit.org\\\/#organization\"},\"potentialAction\":[{\"@type\":\"SearchAction\",\"target\":{\"@type\":\"EntryPoint\",\"urlTemplate\":\"https:\\\/\\\/climatetoolkit.org\\\/?s={search_term_string}\"},\"query-input\":{\"@type\":\"PropertyValueSpecification\",\"valueRequired\":true,\"valueName\":\"search_term_string\"}}],\"inLanguage\":\"cs\"},{\"@type\":\"Organization\",\"@id\":\"https:\\\/\\\/climatetoolkit.org\\\/#organization\",\"name\":\"The Climate Toolkit\",\"url\":\"https:\\\/\\\/climatetoolkit.org\\\/\",\"logo\":{\"@type\":\"ImageObject\",\"inLanguage\":\"cs\",\"@id\":\"https:\\\/\\\/climatetoolkit.org\\\/#\\\/schema\\\/logo\\\/image\\\/\",\"url\":\"https:\\\/\\\/climatetoolkit.org\\\/wp-content\\\/uploads\\\/2020\\\/05\\\/C_logo.png\",\"contentUrl\":\"https:\\\/\\\/climatetoolkit.org\\\/wp-content\\\/uploads\\\/2020\\\/05\\\/C_logo.png\",\"width\":512,\"height\":512,\"caption\":\"The Climate Toolkit\"},\"image\":{\"@id\":\"https:\\\/\\\/climatetoolkit.org\\\/#\\\/schema\\\/logo\\\/image\\\/\"}}]}<\/script>\n<!-- \/ Yoast SEO plugin. -->","yoast_head_json":{"title":"Americk\u00e1 aliance muze\u00ed (AAM) - Sada n\u00e1stroj\u016f pro ochranu klimatu","robots":{"index":"index","follow":"follow","max-snippet":"max-snippet:-1","max-image-preview":"max-image-preview:large","max-video-preview":"max-video-preview:-1"},"canonical":"https:\/\/climatetoolkit.org\/cs\/aam\/","og_locale":"cs_CZ","og_type":"article","og_title":"American Alliance of Museums (AAM) - The Climate Toolkit","og_description":"The American Alliance of Museums (AAM) mission is to champion equitable and impactful museums by connecting people, fostering learning and community, and nurturing museum excellence. The vision of AAM is a just and sustainable world informed and enriched by thriving &hellip; American Alliance of Museums (AAM) Read More &raquo;","og_url":"https:\/\/climatetoolkit.org\/cs\/aam\/","og_site_name":"The Climate Toolkit","article_modified_time":"2023-08-24T16:54:04+00:00","og_image":[{"url":"https:\/\/climatetoolkit.org\/wp-content\/uploads\/2023\/08\/AAM-1024x462.png","type":"","width":"","height":""}],"twitter_card":"summary_large_image","twitter_misc":{"Odhadovan\u00e1 doba \u010dten\u00ed":"2 minuty"},"schema":{"@context":"https:\/\/schema.org","@graph":[{"@type":"WebPage","@id":"https:\/\/climatetoolkit.org\/aam\/","url":"https:\/\/climatetoolkit.org\/aam\/","name":"Americk\u00e1 aliance muze\u00ed (AAM) - Sada n\u00e1stroj\u016f pro ochranu klimatu","isPartOf":{"@id":"https:\/\/climatetoolkit.org\/#website"},"primaryImageOfPage":{"@id":"https:\/\/climatetoolkit.org\/aam\/#primaryimage"},"image":{"@id":"https:\/\/climatetoolkit.org\/aam\/#primaryimage"},"thumbnailUrl":"https:\/\/climatetoolkit.org\/wp-content\/uploads\/2023\/08\/AAM-1024x462.png","datePublished":"2023-08-24T16:51:57+00:00","dateModified":"2023-08-24T16:54:04+00:00","breadcrumb":{"@id":"https:\/\/climatetoolkit.org\/aam\/#breadcrumb"},"inLanguage":"cs","potentialAction":[{"@type":"ReadAction","target":["https:\/\/climatetoolkit.org\/aam\/"]}]},{"@type":"ImageObject","inLanguage":"cs","@id":"https:\/\/climatetoolkit.org\/aam\/#primaryimage","url":"https:\/\/climatetoolkit.org\/wp-content\/uploads\/2023\/08\/AAM-1024x462.png","contentUrl":"https:\/\/climatetoolkit.org\/wp-content\/uploads\/2023\/08\/AAM-1024x462.png"},{"@type":"BreadcrumbList","@id":"https:\/\/climatetoolkit.org\/aam\/#breadcrumb","itemListElement":[{"@type":"ListItem","position":1,"name":"Home","item":"https:\/\/climatetoolkit.org\/"},{"@type":"ListItem","position":2,"name":"American Alliance of Museums (AAM)"}]},{"@type":"WebSite","@id":"https:\/\/climatetoolkit.org\/#website","url":"https:\/\/climatetoolkit.org\/","name":"Soubor n\u00e1stroj\u016f pro oblast klimatu","description":"Pro muzea, zahrady a zoologick\u00e9 zahrady","publisher":{"@id":"https:\/\/climatetoolkit.org\/#organization"},"potentialAction":[{"@type":"SearchAction","target":{"@type":"EntryPoint","urlTemplate":"https:\/\/climatetoolkit.org\/?s={search_term_string}"},"query-input":{"@type":"PropertyValueSpecification","valueRequired":true,"valueName":"search_term_string"}}],"inLanguage":"cs"},{"@type":"Organization","@id":"https:\/\/climatetoolkit.org\/#organization","name":"Soubor n\u00e1stroj\u016f pro oblast klimatu","url":"https:\/\/climatetoolkit.org\/","logo":{"@type":"ImageObject","inLanguage":"cs","@id":"https:\/\/climatetoolkit.org\/#\/schema\/logo\/image\/","url":"https:\/\/climatetoolkit.org\/wp-content\/uploads\/2020\/05\/C_logo.png","contentUrl":"https:\/\/climatetoolkit.org\/wp-content\/uploads\/2020\/05\/C_logo.png","width":512,"height":512,"caption":"The Climate Toolkit"},"image":{"@id":"https:\/\/climatetoolkit.org\/#\/schema\/logo\/image\/"}}]}},"coauthors":[],"author_meta":{"author_link":"https:\/\/climatetoolkit.org\/cs\/author\/joe\/","display_name":"joe reed"},"relative_dates":{"created":"Posted 3 roky ago","modified":"Updated 3 roky ago"},"absolute_dates":{"created":"Posted on 24 srpna, 2023","modified":"Updated on 24 srpna, 2023"},"absolute_dates_time":{"created":"Posted on 24 srpna, 2023 12:51 pm","modified":"Updated on 24 srpna, 2023 12:54 pm"},"featured_img_caption":"","featured_img":false,"series_order":"","_links":{"self":[{"href":"https:\/\/climatetoolkit.org\/cs\/wp-json\/wp\/v2\/pages\/2477","targetHints":{"allow":["GET"]}}],"collection":[{"href":"https:\/\/climatetoolkit.org\/cs\/wp-json\/wp\/v2\/pages"}],"about":[{"href":"https:\/\/climatetoolkit.org\/cs\/wp-json\/wp\/v2\/types\/page"}],"author":[{"embeddable":true,"href":"https:\/\/climatetoolkit.org\/cs\/wp-json\/wp\/v2\/users\/2"}],"replies":[{"embeddable":true,"href":"https:\/\/climatetoolkit.org\/cs\/wp-json\/wp\/v2\/comments?post=2477"}],"version-history":[{"count":0,"href":"https:\/\/climatetoolkit.org\/cs\/wp-json\/wp\/v2\/pages\/2477\/revisions"}],"wp:attachment":[{"href":"https:\/\/climatetoolkit.org\/cs\/wp-json\/wp\/v2\/media?parent=2477"}],"curies":[{"name":"wp","href":"https:\/\/api.w.org\/{rel}","templated":true}]}}