{"id":2474,"date":"2023-08-24T12:51:43","date_gmt":"2023-08-24T16:51:43","guid":{"rendered":"https:\/\/climatetoolkit.org\/?page_id=2474"},"modified":"2023-08-24T12:54:30","modified_gmt":"2023-08-24T16:54:30","slug":"botanic-gardens-conservation-international-bgci","status":"publish","type":"page","link":"https:\/\/climatetoolkit.org\/cs\/botanic-gardens-conservation-international-bgci\/","title":{"rendered":"Mezin\u00e1rodn\u00ed organizace pro ochranu botanick\u00fdch zahrad (BGCI)"},"content":{"rendered":"<div class=\"wp-block-image\">\n<figure class=\"aligncenter size-full is-resized\"><img decoding=\"async\" src=\"https:\/\/climatetoolkit.org\/wp-content\/uploads\/2023\/08\/bgci-1.jpg\" alt=\"\" class=\"wp-image-2482\" width=\"454\" height=\"200\" srcset=\"https:\/\/climatetoolkit.org\/wp-content\/uploads\/2023\/08\/bgci-1.jpg 908w, https:\/\/climatetoolkit.org\/wp-content\/uploads\/2023\/08\/bgci-1-300x132.jpg 300w, https:\/\/climatetoolkit.org\/wp-content\/uploads\/2023\/08\/bgci-1-768x338.jpg 768w, https:\/\/climatetoolkit.org\/wp-content\/uploads\/2023\/08\/bgci-1-100x44.jpg 100w, https:\/\/climatetoolkit.org\/wp-content\/uploads\/2023\/08\/bgci-1-150x66.jpg 150w, https:\/\/climatetoolkit.org\/wp-content\/uploads\/2023\/08\/bgci-1-200x88.jpg 200w, https:\/\/climatetoolkit.org\/wp-content\/uploads\/2023\/08\/bgci-1-450x198.jpg 450w, https:\/\/climatetoolkit.org\/wp-content\/uploads\/2023\/08\/bgci-1-600x264.jpg 600w, https:\/\/climatetoolkit.org\/wp-content\/uploads\/2023\/08\/bgci-1-900x396.jpg 900w\" sizes=\"(max-width: 454px) 100vw, 454px\" \/><\/figure>\n<\/div>\n\n\n<p>Na str\u00e1nk\u00e1ch <a href=\"https:\/\/www.bgci.org\/\">Botanick\u00e9 zahrady Conservation International<\/a> (BGCI) je mobilizovat botanick\u00e9 zahrady a zapojit partnery do ochrany rostlinn\u00e9 rozmanitosti pro blaho lid\u00ed a planety. BGCI, nez\u00e1visl\u00e1 britsk\u00e1 charitativn\u00ed organizace zalo\u017een\u00e1 v roce 1987, zastupuje botanick\u00e9 zahrady ve v\u00edce ne\u017e 100 zem\u00edch. Jejich vize se soust\u0159ed\u00ed na sv\u011bt, v n\u011bm\u017e je rostlinn\u00e1 rozmanitost cen\u011bna, bezpe\u010dn\u00e1 a podporuje ve\u0161ker\u00fd \u017eivot.<\/p>\n\n\n\n<p>Strategick\u00fd r\u00e1mec BGCI pro obdob\u00ed 2021-2025 uv\u00e1d\u00ed p\u011bt zp\u016fsob\u016f, jak podporovat \u00fa\u010dinn\u00fd, n\u00e1kladov\u011b efektivn\u00ed a racion\u00e1ln\u00ed p\u0159\u00edstup k ochran\u011b rostlin:<\/p>\n\n\n\n<ul class=\"wp-block-list\">\n<li>Z\u00e1chrana rostlin;<\/li>\n\n\n\n<li>Inspirace a veden\u00ed lid\u00ed;<\/li>\n\n\n\n<li>Sd\u00edlen\u00ed znalost\u00ed a zdroj\u016f;<\/li>\n\n\n\n<li>\u0158e\u0161en\u00ed glob\u00e1ln\u00edch probl\u00e9m\u016f prost\u0159ednictv\u00edm zapojen\u00ed ve\u0159ejnosti a vzd\u011bl\u00e1v\u00e1n\u00ed a;<\/li>\n\n\n\n<li>Zaji\u0161t\u011bn\u00ed \u00fa\u010dinn\u00e9ho a odoln\u00e9ho BGCI<\/li>\n<\/ul>\n\n\n\n<p>Dal\u0161\u00ed zdroje naleznete n\u00ed\u017ee:<\/p>\n\n\n\n<ul class=\"wp-block-list\">\n<li><a href=\"https:\/\/www.bgci.org\/news-events\/global-botanic-garden-fund-2023-now-open\/\">Glob\u00e1ln\u00ed fond botanick\u00fdch zahrad 2023<\/a><\/li>\n\n\n\n<li><a href=\"https:\/\/www.bgci.org\/resources\/bgci-tools-and-resources\/\">N\u00e1stroje a zdroje BGCI<\/a><\/li>\n\n\n\n<li><a href=\"https:\/\/www.bgci.org\/?s=technical\">Technick\u00e9 recenze BGCI<\/a><\/li>\n\n\n\n<li><a href=\"https:\/\/www.bgci.org\/resources\/bgci-databases\/directory-of-expertise\/\">Adres\u00e1\u0159 odborn\u00edk\u016f BGCI<\/a><\/li>\n\n\n\n<li><a href=\"https:\/\/www.bgci.org\/wp\/wp-content\/uploads\/2022\/07\/StrategicFramework.pdf\">Strategick\u00fd r\u00e1mec (2021-2025)<\/a><\/li>\n\n\n\n<li><a href=\"https:\/\/www.bgci.org\/resources\/bgci-tools-and-resources\/bgci-year-in-review\/\">P\u0159ehled roku<\/a><\/li>\n<\/ul>","protected":false},"excerpt":{"rendered":"<p>Posl\u00e1n\u00edm organizace Botanic Gardens Conservation International (BGCI) je mobilizovat botanick\u00e9 zahrady a zapojit partnery do ochrany rostlinn\u00e9 rozmanitosti pro blaho lid\u00ed a planety. BGCI, nez\u00e1visl\u00e1 britsk\u00e1 charitativn\u00ed organizace zalo\u017een\u00e1 v roce 1987, zastupuje botanick\u00e9 zahrady ve v\u00edce ne\u017e ...<\/p>\n<p class=\"read-more\"> <a class=\"\" href=\"https:\/\/climatetoolkit.org\/cs\/botanic-gardens-conservation-international-bgci\/\"> <span class=\"screen-reader-text\">Mezin\u00e1rodn\u00ed organizace pro ochranu botanick\u00fdch zahrad (BGCI)<\/span> P\u0159e\u010dt\u011bte si v\u00edce \"<\/a><\/p>","protected":false},"author":2,"featured_media":0,"parent":0,"menu_order":0,"comment_status":"closed","ping_status":"closed","template":"","meta":{"_acf_changed":false,"inline_featured_image":false,"advgb_blocks_editor_width":"","advgb_blocks_columns_visual_guide":"","footnotes":""},"class_list":["post-2474","page","type-page","status-publish","hentry"],"acf":[],"yoast_head":"<!-- This site is optimized with the Yoast SEO plugin v27.4 - https:\/\/yoast.com\/product\/yoast-seo-wordpress\/ -->\n<title>Botanic Gardens Conservation International (BGCI) - The Climate Toolkit<\/title>\n<meta name=\"robots\" content=\"index, follow, max-snippet:-1, max-image-preview:large, max-video-preview:-1\" \/>\n<link rel=\"canonical\" href=\"https:\/\/climatetoolkit.org\/cs\/botanic-gardens-conservation-international-bgci\/\" \/>\n<meta property=\"og:locale\" content=\"cs_CZ\" \/>\n<meta property=\"og:type\" content=\"article\" \/>\n<meta property=\"og:title\" content=\"Botanic Gardens Conservation International (BGCI) - The Climate Toolkit\" \/>\n<meta property=\"og:description\" content=\"The Botanic Gardens Conservation International (BGCI) mission is to mobilize botanic gardens and engage partners in securing plant diversity for the well-being of people and the planet. BGCI, an independent UK charity established in 1987, represents botanic gardens in more &hellip; Botanic Gardens Conservation International (BGCI) Read More &raquo;\" \/>\n<meta property=\"og:url\" content=\"https:\/\/climatetoolkit.org\/cs\/botanic-gardens-conservation-international-bgci\/\" \/>\n<meta property=\"og:site_name\" content=\"The Climate Toolkit\" \/>\n<meta property=\"article:modified_time\" content=\"2023-08-24T16:54:30+00:00\" \/>\n<meta property=\"og:image\" content=\"https:\/\/climatetoolkit.org\/wp-content\/uploads\/2023\/08\/bgci-1.jpg\" \/>\n<meta name=\"twitter:card\" content=\"summary_large_image\" \/>\n<meta name=\"twitter:label1\" content=\"Odhadovan\u00e1 doba \u010dten\u00ed\" \/>\n\t<meta name=\"twitter:data1\" content=\"1 minuta\" \/>\n<script type=\"application\/ld+json\" class=\"yoast-schema-graph\">{\"@context\":\"https:\\\/\\\/schema.org\",\"@graph\":[{\"@type\":\"WebPage\",\"@id\":\"https:\\\/\\\/climatetoolkit.org\\\/botanic-gardens-conservation-international-bgci\\\/\",\"url\":\"https:\\\/\\\/climatetoolkit.org\\\/botanic-gardens-conservation-international-bgci\\\/\",\"name\":\"Botanic Gardens Conservation International (BGCI) - The Climate Toolkit\",\"isPartOf\":{\"@id\":\"https:\\\/\\\/climatetoolkit.org\\\/#website\"},\"primaryImageOfPage\":{\"@id\":\"https:\\\/\\\/climatetoolkit.org\\\/botanic-gardens-conservation-international-bgci\\\/#primaryimage\"},\"image\":{\"@id\":\"https:\\\/\\\/climatetoolkit.org\\\/botanic-gardens-conservation-international-bgci\\\/#primaryimage\"},\"thumbnailUrl\":\"https:\\\/\\\/climatetoolkit.org\\\/wp-content\\\/uploads\\\/2023\\\/08\\\/bgci-1.jpg\",\"datePublished\":\"2023-08-24T16:51:43+00:00\",\"dateModified\":\"2023-08-24T16:54:30+00:00\",\"breadcrumb\":{\"@id\":\"https:\\\/\\\/climatetoolkit.org\\\/botanic-gardens-conservation-international-bgci\\\/#breadcrumb\"},\"inLanguage\":\"cs\",\"potentialAction\":[{\"@type\":\"ReadAction\",\"target\":[\"https:\\\/\\\/climatetoolkit.org\\\/botanic-gardens-conservation-international-bgci\\\/\"]}]},{\"@type\":\"ImageObject\",\"inLanguage\":\"cs\",\"@id\":\"https:\\\/\\\/climatetoolkit.org\\\/botanic-gardens-conservation-international-bgci\\\/#primaryimage\",\"url\":\"https:\\\/\\\/climatetoolkit.org\\\/wp-content\\\/uploads\\\/2023\\\/08\\\/bgci-1.jpg\",\"contentUrl\":\"https:\\\/\\\/climatetoolkit.org\\\/wp-content\\\/uploads\\\/2023\\\/08\\\/bgci-1.jpg\"},{\"@type\":\"BreadcrumbList\",\"@id\":\"https:\\\/\\\/climatetoolkit.org\\\/botanic-gardens-conservation-international-bgci\\\/#breadcrumb\",\"itemListElement\":[{\"@type\":\"ListItem\",\"position\":1,\"name\":\"Home\",\"item\":\"https:\\\/\\\/climatetoolkit.org\\\/\"},{\"@type\":\"ListItem\",\"position\":2,\"name\":\"Botanic Gardens Conservation International (BGCI)\"}]},{\"@type\":\"WebSite\",\"@id\":\"https:\\\/\\\/climatetoolkit.org\\\/#website\",\"url\":\"https:\\\/\\\/climatetoolkit.org\\\/\",\"name\":\"The Climate Toolkit\",\"description\":\"For Museums, Gardens and Zoos\",\"publisher\":{\"@id\":\"https:\\\/\\\/climatetoolkit.org\\\/#organization\"},\"potentialAction\":[{\"@type\":\"SearchAction\",\"target\":{\"@type\":\"EntryPoint\",\"urlTemplate\":\"https:\\\/\\\/climatetoolkit.org\\\/?s={search_term_string}\"},\"query-input\":{\"@type\":\"PropertyValueSpecification\",\"valueRequired\":true,\"valueName\":\"search_term_string\"}}],\"inLanguage\":\"cs\"},{\"@type\":\"Organization\",\"@id\":\"https:\\\/\\\/climatetoolkit.org\\\/#organization\",\"name\":\"The Climate Toolkit\",\"url\":\"https:\\\/\\\/climatetoolkit.org\\\/\",\"logo\":{\"@type\":\"ImageObject\",\"inLanguage\":\"cs\",\"@id\":\"https:\\\/\\\/climatetoolkit.org\\\/#\\\/schema\\\/logo\\\/image\\\/\",\"url\":\"https:\\\/\\\/climatetoolkit.org\\\/wp-content\\\/uploads\\\/2020\\\/05\\\/C_logo.png\",\"contentUrl\":\"https:\\\/\\\/climatetoolkit.org\\\/wp-content\\\/uploads\\\/2020\\\/05\\\/C_logo.png\",\"width\":512,\"height\":512,\"caption\":\"The Climate Toolkit\"},\"image\":{\"@id\":\"https:\\\/\\\/climatetoolkit.org\\\/#\\\/schema\\\/logo\\\/image\\\/\"}}]}<\/script>\n<!-- \/ Yoast SEO plugin. -->","yoast_head_json":{"title":"Mezin\u00e1rodn\u00ed organizace pro ochranu botanick\u00fdch zahrad (BGCI) - Soubor n\u00e1stroj\u016f pro ochranu klimatu","robots":{"index":"index","follow":"follow","max-snippet":"max-snippet:-1","max-image-preview":"max-image-preview:large","max-video-preview":"max-video-preview:-1"},"canonical":"https:\/\/climatetoolkit.org\/cs\/botanic-gardens-conservation-international-bgci\/","og_locale":"cs_CZ","og_type":"article","og_title":"Botanic Gardens Conservation International (BGCI) - The Climate Toolkit","og_description":"The Botanic Gardens Conservation International (BGCI) mission is to mobilize botanic gardens and engage partners in securing plant diversity for the well-being of people and the planet. BGCI, an independent UK charity established in 1987, represents botanic gardens in more &hellip; Botanic Gardens Conservation International (BGCI) Read More &raquo;","og_url":"https:\/\/climatetoolkit.org\/cs\/botanic-gardens-conservation-international-bgci\/","og_site_name":"The Climate Toolkit","article_modified_time":"2023-08-24T16:54:30+00:00","og_image":[{"url":"https:\/\/climatetoolkit.org\/wp-content\/uploads\/2023\/08\/bgci-1.jpg","type":"","width":"","height":""}],"twitter_card":"summary_large_image","twitter_misc":{"Odhadovan\u00e1 doba \u010dten\u00ed":"1 minuta"},"schema":{"@context":"https:\/\/schema.org","@graph":[{"@type":"WebPage","@id":"https:\/\/climatetoolkit.org\/botanic-gardens-conservation-international-bgci\/","url":"https:\/\/climatetoolkit.org\/botanic-gardens-conservation-international-bgci\/","name":"Mezin\u00e1rodn\u00ed organizace pro ochranu botanick\u00fdch zahrad (BGCI) - Soubor n\u00e1stroj\u016f pro ochranu klimatu","isPartOf":{"@id":"https:\/\/climatetoolkit.org\/#website"},"primaryImageOfPage":{"@id":"https:\/\/climatetoolkit.org\/botanic-gardens-conservation-international-bgci\/#primaryimage"},"image":{"@id":"https:\/\/climatetoolkit.org\/botanic-gardens-conservation-international-bgci\/#primaryimage"},"thumbnailUrl":"https:\/\/climatetoolkit.org\/wp-content\/uploads\/2023\/08\/bgci-1.jpg","datePublished":"2023-08-24T16:51:43+00:00","dateModified":"2023-08-24T16:54:30+00:00","breadcrumb":{"@id":"https:\/\/climatetoolkit.org\/botanic-gardens-conservation-international-bgci\/#breadcrumb"},"inLanguage":"cs","potentialAction":[{"@type":"ReadAction","target":["https:\/\/climatetoolkit.org\/botanic-gardens-conservation-international-bgci\/"]}]},{"@type":"ImageObject","inLanguage":"cs","@id":"https:\/\/climatetoolkit.org\/botanic-gardens-conservation-international-bgci\/#primaryimage","url":"https:\/\/climatetoolkit.org\/wp-content\/uploads\/2023\/08\/bgci-1.jpg","contentUrl":"https:\/\/climatetoolkit.org\/wp-content\/uploads\/2023\/08\/bgci-1.jpg"},{"@type":"BreadcrumbList","@id":"https:\/\/climatetoolkit.org\/botanic-gardens-conservation-international-bgci\/#breadcrumb","itemListElement":[{"@type":"ListItem","position":1,"name":"Home","item":"https:\/\/climatetoolkit.org\/"},{"@type":"ListItem","position":2,"name":"Botanic Gardens Conservation International (BGCI)"}]},{"@type":"WebSite","@id":"https:\/\/climatetoolkit.org\/#website","url":"https:\/\/climatetoolkit.org\/","name":"Soubor n\u00e1stroj\u016f pro oblast klimatu","description":"Pro muzea, zahrady a zoologick\u00e9 zahrady","publisher":{"@id":"https:\/\/climatetoolkit.org\/#organization"},"potentialAction":[{"@type":"SearchAction","target":{"@type":"EntryPoint","urlTemplate":"https:\/\/climatetoolkit.org\/?s={search_term_string}"},"query-input":{"@type":"PropertyValueSpecification","valueRequired":true,"valueName":"search_term_string"}}],"inLanguage":"cs"},{"@type":"Organization","@id":"https:\/\/climatetoolkit.org\/#organization","name":"Soubor n\u00e1stroj\u016f pro oblast klimatu","url":"https:\/\/climatetoolkit.org\/","logo":{"@type":"ImageObject","inLanguage":"cs","@id":"https:\/\/climatetoolkit.org\/#\/schema\/logo\/image\/","url":"https:\/\/climatetoolkit.org\/wp-content\/uploads\/2020\/05\/C_logo.png","contentUrl":"https:\/\/climatetoolkit.org\/wp-content\/uploads\/2020\/05\/C_logo.png","width":512,"height":512,"caption":"The Climate Toolkit"},"image":{"@id":"https:\/\/climatetoolkit.org\/#\/schema\/logo\/image\/"}}]}},"coauthors":[],"author_meta":{"author_link":"https:\/\/climatetoolkit.org\/cs\/author\/joe\/","display_name":"joe reed"},"relative_dates":{"created":"Posted 3 roky ago","modified":"Updated 3 roky ago"},"absolute_dates":{"created":"Posted on 24 srpna, 2023","modified":"Updated on 24 srpna, 2023"},"absolute_dates_time":{"created":"Posted on 24 srpna, 2023 12:51 pm","modified":"Updated on 24 srpna, 2023 12:54 pm"},"featured_img_caption":"","featured_img":false,"series_order":"","_links":{"self":[{"href":"https:\/\/climatetoolkit.org\/cs\/wp-json\/wp\/v2\/pages\/2474","targetHints":{"allow":["GET"]}}],"collection":[{"href":"https:\/\/climatetoolkit.org\/cs\/wp-json\/wp\/v2\/pages"}],"about":[{"href":"https:\/\/climatetoolkit.org\/cs\/wp-json\/wp\/v2\/types\/page"}],"author":[{"embeddable":true,"href":"https:\/\/climatetoolkit.org\/cs\/wp-json\/wp\/v2\/users\/2"}],"replies":[{"embeddable":true,"href":"https:\/\/climatetoolkit.org\/cs\/wp-json\/wp\/v2\/comments?post=2474"}],"version-history":[{"count":0,"href":"https:\/\/climatetoolkit.org\/cs\/wp-json\/wp\/v2\/pages\/2474\/revisions"}],"wp:attachment":[{"href":"https:\/\/climatetoolkit.org\/cs\/wp-json\/wp\/v2\/media?parent=2474"}],"curies":[{"name":"wp","href":"https:\/\/api.w.org\/{rel}","templated":true}]}}