{"id":2471,"date":"2023-08-24T12:45:01","date_gmt":"2023-08-24T16:45:01","guid":{"rendered":"https:\/\/climatetoolkit.org\/?page_id=2471"},"modified":"2023-08-24T12:54:48","modified_gmt":"2023-08-24T16:54:48","slug":"american-public-gardens-association-apga","status":"publish","type":"page","link":"https:\/\/climatetoolkit.org\/cs\/american-public-gardens-association-apga\/","title":{"rendered":"Americk\u00e1 asociace ve\u0159ejn\u00fdch zahrad (APGA)"},"content":{"rendered":"<div class=\"wp-block-image\">\n<figure class=\"aligncenter size-large is-resized\"><img decoding=\"async\" src=\"https:\/\/climatetoolkit.org\/wp-content\/uploads\/2023\/08\/APGA_rgb-1024x410.jpeg\" alt=\"\" class=\"wp-image-2472\" width=\"512\" height=\"205\" srcset=\"https:\/\/climatetoolkit.org\/wp-content\/uploads\/2023\/08\/APGA_rgb-1024x410.jpeg 1024w, https:\/\/climatetoolkit.org\/wp-content\/uploads\/2023\/08\/APGA_rgb-300x120.jpeg 300w, https:\/\/climatetoolkit.org\/wp-content\/uploads\/2023\/08\/APGA_rgb-768x307.jpeg 768w, https:\/\/climatetoolkit.org\/wp-content\/uploads\/2023\/08\/APGA_rgb-100x40.jpeg 100w, https:\/\/climatetoolkit.org\/wp-content\/uploads\/2023\/08\/APGA_rgb-150x60.jpeg 150w, https:\/\/climatetoolkit.org\/wp-content\/uploads\/2023\/08\/APGA_rgb-200x80.jpeg 200w, https:\/\/climatetoolkit.org\/wp-content\/uploads\/2023\/08\/APGA_rgb-450x180.jpeg 450w, https:\/\/climatetoolkit.org\/wp-content\/uploads\/2023\/08\/APGA_rgb-600x240.jpeg 600w, https:\/\/climatetoolkit.org\/wp-content\/uploads\/2023\/08\/APGA_rgb-900x360.jpeg 900w, https:\/\/climatetoolkit.org\/wp-content\/uploads\/2023\/08\/APGA_rgb.jpeg 1500w\" sizes=\"(max-width: 512px) 100vw, 512px\" \/><\/figure>\n<\/div>\n\n\n<p>Posl\u00e1n\u00ed <a href=\"https:\/\/www.publicgardens.org\/\">Americk\u00e1 asociace ve\u0159ejn\u00fdch zahrad<\/a> (APGA) je prosazovat a podporovat ve\u0159ejn\u00e9 zahrady jako v\u016fd\u010d\u00ed osobnosti, obh\u00e1jce a inov\u00e1tory v oblasti ochrany a oce\u0148ov\u00e1n\u00ed rostlin. APGA uv\u00e1d\u00ed svou vizi jako vizi sv\u011bta, ve kter\u00e9m jsou ve\u0159ejn\u00e9 zahrady nepostradateln\u00e9. Krom\u011b toho jsou z\u00e1kladn\u00edmi hodnotami organizace p\u011bstovat v\u00e1\u0161e\u0148, pozvednout sv\u016fj hlas, autenticky spolupracovat a promy\u0161len\u011b r\u016fst.<\/p>\n\n\n\n<p>APGA m\u00e1 v\u00edce ne\u017e 75 let zku\u0161enost\u00ed se vzd\u011bl\u00e1v\u00e1n\u00edm ve\u0159ejnosti v oblasti zahradnick\u00fdch postup\u016f:<\/p>\n\n\n\n<ul class=\"wp-block-list\">\n<li>Poskytov\u00e1n\u00ed skupiny koleg\u016f pro v\u0161echny typy a velikosti ve\u0159ejn\u00fdch zahradnick\u00fdch organizac\u00ed a profesion\u00e1l\u016f.<\/li>\n\n\n\n<li>Vytvo\u0159en\u00ed siln\u00e9 n\u00e1rodn\u00ed a mezin\u00e1rodn\u00ed s\u00edt\u011b pro \u010dleny a z\u00e1jemce o zahradnictv\u00ed.<\/li>\n\n\n\n<li>Aktivn\u00ed p\u0159\u00edstup k poskytov\u00e1n\u00ed osv\u011bd\u010den\u00fdch postup\u016f a zdroj\u016f pro profesn\u00ed r\u016fst.<\/li>\n\n\n\n<li>Podn\u011bcov\u00e1n\u00ed vhledu a zlep\u0161ov\u00e1n\u00ed voblasti ve\u0159ejn\u00e9ho zahradnictv\u00ed prost\u0159ednictv\u00edm r\u016fzn\u00fdch osobn\u00edch a online f\u00f3r pro navazov\u00e1n\u00ed kontakt\u016f.<\/li>\n<\/ul>\n\n\n\n<p>Zdroje:<\/p>\n\n\n\n<ul class=\"wp-block-list\">\n<li><a href=\"https:\/\/www.publicgardens.org\/programs\/climate-change-sustainability-program\/about-climate-sustainability-alliance\">Aliance pro klima a udr\u017eitelnost<\/a><\/li>\n\n\n\n<li><a href=\"https:\/\/www.publicgardens.org\/sustainability-index\">Index udr\u017eitelnosti ve\u0159ejn\u00fdch zahrad<\/a><\/li>\n\n\n\n<li><a href=\"https:\/\/www.publicgardens.org\/public-garden-funding-resources\">Zdroje financov\u00e1n\u00ed ve\u0159ejn\u00fdch zahrad<\/a><\/li>\n\n\n\n<li><a href=\"https:\/\/www.publicgardens.org\/resources\">Zdroje a n\u00e1stroje APGA<\/a><\/li>\n<\/ul>","protected":false},"excerpt":{"rendered":"<p>Posl\u00e1n\u00edm Americk\u00e9 asociace ve\u0159ejn\u00fdch zahrad (APGA) je prosazovat a podporovat ve\u0159ejn\u00e9 zahrady jako v\u016fd\u010d\u00ed, obhajuj\u00edc\u00ed a inovativn\u00ed instituce v oblasti ochrany a oce\u0148ov\u00e1n\u00ed rostlin. APGA uv\u00e1d\u00ed svou vizi jako vizi, kter\u00e1 zaji\u0161\u0165uje sv\u011bt, v n\u011bm\u017e ve\u0159ejn\u00e9 zahrady ...<\/p>\n<p class=\"read-more\"> <a class=\"\" href=\"https:\/\/climatetoolkit.org\/cs\/american-public-gardens-association-apga\/\"> <span class=\"screen-reader-text\">Americk\u00e1 asociace ve\u0159ejn\u00fdch zahrad (APGA)<\/span> P\u0159e\u010dt\u011bte si v\u00edce \"<\/a><\/p>","protected":false},"author":2,"featured_media":0,"parent":0,"menu_order":0,"comment_status":"closed","ping_status":"closed","template":"","meta":{"_acf_changed":false,"inline_featured_image":false,"advgb_blocks_editor_width":"","advgb_blocks_columns_visual_guide":"","footnotes":""},"class_list":["post-2471","page","type-page","status-publish","hentry"],"acf":[],"yoast_head":"<!-- This site is optimized with the Yoast SEO plugin v27.4 - https:\/\/yoast.com\/product\/yoast-seo-wordpress\/ -->\n<title>American Public Gardens Association (APGA) - The Climate Toolkit<\/title>\n<meta name=\"robots\" content=\"index, follow, max-snippet:-1, max-image-preview:large, max-video-preview:-1\" \/>\n<link rel=\"canonical\" href=\"https:\/\/climatetoolkit.org\/cs\/american-public-gardens-association-apga\/\" \/>\n<meta property=\"og:locale\" content=\"cs_CZ\" \/>\n<meta property=\"og:type\" content=\"article\" \/>\n<meta property=\"og:title\" content=\"American Public Gardens Association (APGA) - The Climate Toolkit\" \/>\n<meta property=\"og:description\" content=\"The mission of the American Public Gardens Association (APGA) is to champion and advance public gardens as leaders, advocates, and innovators in the conservation and appreciation of plants. APGA lists their vision as one that provides a world where public &hellip; American Public Gardens Association (APGA) Read More &raquo;\" \/>\n<meta property=\"og:url\" content=\"https:\/\/climatetoolkit.org\/cs\/american-public-gardens-association-apga\/\" \/>\n<meta property=\"og:site_name\" content=\"The Climate Toolkit\" \/>\n<meta property=\"article:modified_time\" content=\"2023-08-24T16:54:48+00:00\" \/>\n<meta property=\"og:image\" content=\"https:\/\/climatetoolkit.org\/wp-content\/uploads\/2023\/08\/APGA_rgb-1024x410.jpeg\" \/>\n<meta name=\"twitter:card\" content=\"summary_large_image\" \/>\n<meta name=\"twitter:label1\" content=\"Odhadovan\u00e1 doba \u010dten\u00ed\" \/>\n\t<meta name=\"twitter:data1\" content=\"1 minuta\" \/>\n<script type=\"application\/ld+json\" class=\"yoast-schema-graph\">{\"@context\":\"https:\\\/\\\/schema.org\",\"@graph\":[{\"@type\":\"WebPage\",\"@id\":\"https:\\\/\\\/climatetoolkit.org\\\/american-public-gardens-association-apga\\\/\",\"url\":\"https:\\\/\\\/climatetoolkit.org\\\/american-public-gardens-association-apga\\\/\",\"name\":\"American Public Gardens Association (APGA) - The Climate Toolkit\",\"isPartOf\":{\"@id\":\"https:\\\/\\\/climatetoolkit.org\\\/#website\"},\"primaryImageOfPage\":{\"@id\":\"https:\\\/\\\/climatetoolkit.org\\\/american-public-gardens-association-apga\\\/#primaryimage\"},\"image\":{\"@id\":\"https:\\\/\\\/climatetoolkit.org\\\/american-public-gardens-association-apga\\\/#primaryimage\"},\"thumbnailUrl\":\"https:\\\/\\\/climatetoolkit.org\\\/wp-content\\\/uploads\\\/2023\\\/08\\\/APGA_rgb-1024x410.jpeg\",\"datePublished\":\"2023-08-24T16:45:01+00:00\",\"dateModified\":\"2023-08-24T16:54:48+00:00\",\"breadcrumb\":{\"@id\":\"https:\\\/\\\/climatetoolkit.org\\\/american-public-gardens-association-apga\\\/#breadcrumb\"},\"inLanguage\":\"cs\",\"potentialAction\":[{\"@type\":\"ReadAction\",\"target\":[\"https:\\\/\\\/climatetoolkit.org\\\/american-public-gardens-association-apga\\\/\"]}]},{\"@type\":\"ImageObject\",\"inLanguage\":\"cs\",\"@id\":\"https:\\\/\\\/climatetoolkit.org\\\/american-public-gardens-association-apga\\\/#primaryimage\",\"url\":\"https:\\\/\\\/climatetoolkit.org\\\/wp-content\\\/uploads\\\/2023\\\/08\\\/APGA_rgb-1024x410.jpeg\",\"contentUrl\":\"https:\\\/\\\/climatetoolkit.org\\\/wp-content\\\/uploads\\\/2023\\\/08\\\/APGA_rgb-1024x410.jpeg\"},{\"@type\":\"BreadcrumbList\",\"@id\":\"https:\\\/\\\/climatetoolkit.org\\\/american-public-gardens-association-apga\\\/#breadcrumb\",\"itemListElement\":[{\"@type\":\"ListItem\",\"position\":1,\"name\":\"Home\",\"item\":\"https:\\\/\\\/climatetoolkit.org\\\/\"},{\"@type\":\"ListItem\",\"position\":2,\"name\":\"American Public Gardens Association (APGA)\"}]},{\"@type\":\"WebSite\",\"@id\":\"https:\\\/\\\/climatetoolkit.org\\\/#website\",\"url\":\"https:\\\/\\\/climatetoolkit.org\\\/\",\"name\":\"The Climate Toolkit\",\"description\":\"For Museums, Gardens and Zoos\",\"publisher\":{\"@id\":\"https:\\\/\\\/climatetoolkit.org\\\/#organization\"},\"potentialAction\":[{\"@type\":\"SearchAction\",\"target\":{\"@type\":\"EntryPoint\",\"urlTemplate\":\"https:\\\/\\\/climatetoolkit.org\\\/?s={search_term_string}\"},\"query-input\":{\"@type\":\"PropertyValueSpecification\",\"valueRequired\":true,\"valueName\":\"search_term_string\"}}],\"inLanguage\":\"cs\"},{\"@type\":\"Organization\",\"@id\":\"https:\\\/\\\/climatetoolkit.org\\\/#organization\",\"name\":\"The Climate Toolkit\",\"url\":\"https:\\\/\\\/climatetoolkit.org\\\/\",\"logo\":{\"@type\":\"ImageObject\",\"inLanguage\":\"cs\",\"@id\":\"https:\\\/\\\/climatetoolkit.org\\\/#\\\/schema\\\/logo\\\/image\\\/\",\"url\":\"https:\\\/\\\/climatetoolkit.org\\\/wp-content\\\/uploads\\\/2020\\\/05\\\/C_logo.png\",\"contentUrl\":\"https:\\\/\\\/climatetoolkit.org\\\/wp-content\\\/uploads\\\/2020\\\/05\\\/C_logo.png\",\"width\":512,\"height\":512,\"caption\":\"The Climate Toolkit\"},\"image\":{\"@id\":\"https:\\\/\\\/climatetoolkit.org\\\/#\\\/schema\\\/logo\\\/image\\\/\"}}]}<\/script>\n<!-- \/ Yoast SEO plugin. -->","yoast_head_json":{"title":"Americk\u00e1 asociace ve\u0159ejn\u00fdch zahrad (APGA) - Soubor n\u00e1stroj\u016f pro ochranu klimatu","robots":{"index":"index","follow":"follow","max-snippet":"max-snippet:-1","max-image-preview":"max-image-preview:large","max-video-preview":"max-video-preview:-1"},"canonical":"https:\/\/climatetoolkit.org\/cs\/american-public-gardens-association-apga\/","og_locale":"cs_CZ","og_type":"article","og_title":"American Public Gardens Association (APGA) - The Climate Toolkit","og_description":"The mission of the American Public Gardens Association (APGA) is to champion and advance public gardens as leaders, advocates, and innovators in the conservation and appreciation of plants. APGA lists their vision as one that provides a world where public &hellip; American Public Gardens Association (APGA) Read More &raquo;","og_url":"https:\/\/climatetoolkit.org\/cs\/american-public-gardens-association-apga\/","og_site_name":"The Climate Toolkit","article_modified_time":"2023-08-24T16:54:48+00:00","og_image":[{"url":"https:\/\/climatetoolkit.org\/wp-content\/uploads\/2023\/08\/APGA_rgb-1024x410.jpeg","type":"","width":"","height":""}],"twitter_card":"summary_large_image","twitter_misc":{"Odhadovan\u00e1 doba \u010dten\u00ed":"1 minuta"},"schema":{"@context":"https:\/\/schema.org","@graph":[{"@type":"WebPage","@id":"https:\/\/climatetoolkit.org\/american-public-gardens-association-apga\/","url":"https:\/\/climatetoolkit.org\/american-public-gardens-association-apga\/","name":"Americk\u00e1 asociace ve\u0159ejn\u00fdch zahrad (APGA) - Soubor n\u00e1stroj\u016f pro ochranu klimatu","isPartOf":{"@id":"https:\/\/climatetoolkit.org\/#website"},"primaryImageOfPage":{"@id":"https:\/\/climatetoolkit.org\/american-public-gardens-association-apga\/#primaryimage"},"image":{"@id":"https:\/\/climatetoolkit.org\/american-public-gardens-association-apga\/#primaryimage"},"thumbnailUrl":"https:\/\/climatetoolkit.org\/wp-content\/uploads\/2023\/08\/APGA_rgb-1024x410.jpeg","datePublished":"2023-08-24T16:45:01+00:00","dateModified":"2023-08-24T16:54:48+00:00","breadcrumb":{"@id":"https:\/\/climatetoolkit.org\/american-public-gardens-association-apga\/#breadcrumb"},"inLanguage":"cs","potentialAction":[{"@type":"ReadAction","target":["https:\/\/climatetoolkit.org\/american-public-gardens-association-apga\/"]}]},{"@type":"ImageObject","inLanguage":"cs","@id":"https:\/\/climatetoolkit.org\/american-public-gardens-association-apga\/#primaryimage","url":"https:\/\/climatetoolkit.org\/wp-content\/uploads\/2023\/08\/APGA_rgb-1024x410.jpeg","contentUrl":"https:\/\/climatetoolkit.org\/wp-content\/uploads\/2023\/08\/APGA_rgb-1024x410.jpeg"},{"@type":"BreadcrumbList","@id":"https:\/\/climatetoolkit.org\/american-public-gardens-association-apga\/#breadcrumb","itemListElement":[{"@type":"ListItem","position":1,"name":"Home","item":"https:\/\/climatetoolkit.org\/"},{"@type":"ListItem","position":2,"name":"American Public Gardens Association (APGA)"}]},{"@type":"WebSite","@id":"https:\/\/climatetoolkit.org\/#website","url":"https:\/\/climatetoolkit.org\/","name":"Soubor n\u00e1stroj\u016f pro oblast klimatu","description":"Pro muzea, zahrady a zoologick\u00e9 zahrady","publisher":{"@id":"https:\/\/climatetoolkit.org\/#organization"},"potentialAction":[{"@type":"SearchAction","target":{"@type":"EntryPoint","urlTemplate":"https:\/\/climatetoolkit.org\/?s={search_term_string}"},"query-input":{"@type":"PropertyValueSpecification","valueRequired":true,"valueName":"search_term_string"}}],"inLanguage":"cs"},{"@type":"Organization","@id":"https:\/\/climatetoolkit.org\/#organization","name":"Soubor n\u00e1stroj\u016f pro oblast klimatu","url":"https:\/\/climatetoolkit.org\/","logo":{"@type":"ImageObject","inLanguage":"cs","@id":"https:\/\/climatetoolkit.org\/#\/schema\/logo\/image\/","url":"https:\/\/climatetoolkit.org\/wp-content\/uploads\/2020\/05\/C_logo.png","contentUrl":"https:\/\/climatetoolkit.org\/wp-content\/uploads\/2020\/05\/C_logo.png","width":512,"height":512,"caption":"The Climate Toolkit"},"image":{"@id":"https:\/\/climatetoolkit.org\/#\/schema\/logo\/image\/"}}]}},"coauthors":[],"author_meta":{"author_link":"https:\/\/climatetoolkit.org\/cs\/author\/joe\/","display_name":"joe reed"},"relative_dates":{"created":"Posted 3 roky ago","modified":"Updated 3 roky ago"},"absolute_dates":{"created":"Posted on 24 srpna, 2023","modified":"Updated on 24 srpna, 2023"},"absolute_dates_time":{"created":"Posted on 24 srpna, 2023 12:45 pm","modified":"Updated on 24 srpna, 2023 12:54 pm"},"featured_img_caption":"","featured_img":false,"series_order":"","_links":{"self":[{"href":"https:\/\/climatetoolkit.org\/cs\/wp-json\/wp\/v2\/pages\/2471","targetHints":{"allow":["GET"]}}],"collection":[{"href":"https:\/\/climatetoolkit.org\/cs\/wp-json\/wp\/v2\/pages"}],"about":[{"href":"https:\/\/climatetoolkit.org\/cs\/wp-json\/wp\/v2\/types\/page"}],"author":[{"embeddable":true,"href":"https:\/\/climatetoolkit.org\/cs\/wp-json\/wp\/v2\/users\/2"}],"replies":[{"embeddable":true,"href":"https:\/\/climatetoolkit.org\/cs\/wp-json\/wp\/v2\/comments?post=2471"}],"version-history":[{"count":0,"href":"https:\/\/climatetoolkit.org\/cs\/wp-json\/wp\/v2\/pages\/2471\/revisions"}],"wp:attachment":[{"href":"https:\/\/climatetoolkit.org\/cs\/wp-json\/wp\/v2\/media?parent=2471"}],"curies":[{"name":"wp","href":"https:\/\/api.w.org\/{rel}","templated":true}]}}