{"id":1260,"date":"2021-10-18T14:22:30","date_gmt":"2021-10-18T18:22:30","guid":{"rendered":"https:\/\/climatetoolkit.org\/?page_id=1260"},"modified":"2024-11-12T09:15:03","modified_gmt":"2024-11-12T14:15:03","slug":"newsletter","status":"publish","type":"page","link":"https:\/\/climatetoolkit.org\/cs\/newsletter\/","title":{"rendered":"P\u0159ihl\u00e1\u0161en\u00ed k odb\u011bru zpravodaje a konference The Climate Toolkit"},"content":{"rendered":"<h2 class=\"wp-block-heading\">P\u0159ihl\u00e1\u0161en\u00ed k odb\u011bru zpravodaje a konference The Climate Toolkit<\/h2>\n\n\n\n<p>Soubor n\u00e1stroj\u016f pro oblast klimatu je p\u0159\u00edle\u017eitost\u00ed ke spolupr\u00e1ci pro <strong>muzea, zahrady, zoologick\u00e9 zahrady, v\u011bdeck\u00e1 centra, p\u0159\u00edrodn\u00ed centra, ter\u00e9nn\u00ed stanice.<\/strong>\u00a0a p\u0159\u00edbuzn\u00e9 instituce, kter\u00e9 se cht\u011bj\u00ed nau\u010dit, jak\u00a0<strong>agresivn\u011b \u0159e\u0161it zm\u011bnu klimatu<\/strong>\u00a0ve sv\u00fdch vlastn\u00edch organizac\u00edch a inspirovat komunity, kter\u00fdm slou\u017e\u00ed, aby je n\u00e1sledovaly. <strong>P\u0159ihlaste se k odb\u011bru na\u0161eho m\u011bs\u00ed\u010dn\u00edho zpravodaje<\/strong> abyste byli informov\u00e1ni o na\u0161ich nejnov\u011bj\u0161\u00edch zdroj\u00edch, akc\u00edch a dal\u0161\u00edch u\u017eite\u010dn\u00fdch informac\u00edch.<\/p>\n\n\n\n<div class=\"wp-block-group\"><div class=\"wp-block-group__inner-container is-layout-constrained wp-block-group-is-layout-constrained\">\n<div class=\"wp-block-buttons is-layout-flex wp-block-buttons-is-layout-flex\">\n<div class=\"wp-block-button\" style=\"font-style:normal;font-weight:700\"><a class=\"wp-block-button__link has-white-color has-luminous-vivid-amber-background-color has-text-color has-background has-link-color wp-element-button\" href=\"https:\/\/phippsconservatory.prospect2.com\/f\/11\" style=\"border-radius:4px\">Zaregistrujte se<\/a><\/div>\n<\/div>\n<\/div><\/div>\n\n\n\n<p id=\"listserv\">S pot\u011b\u0161en\u00edm oznamujeme, \u017ee <strong>Seznamy n\u00e1stroj\u016f pro oblast klimatu <\/strong>umo\u017enit men\u0161\u00ed rozhovory o zm\u011bn\u011b klimatu prost\u0159ednictv\u00edm e-mailu. Listserv je k dispozici v\u0161em odborn\u00edk\u016fm, kte\u0159\u00ed pracuj\u00ed na <strong>muzeum, zahrada, zoo, v\u011bdeck\u00e9 centrum, p\u0159\u00edrodn\u00ed centrum, ter\u00e9nn\u00ed stanice<\/strong>\u00a0nebo p\u0159\u00edbuzn\u00e9 instituce. Douf\u00e1me, \u017ee ji \u010dlenov\u00e9 budou vyu\u017e\u00edvat k pokl\u00e1d\u00e1n\u00ed ot\u00e1zek a sd\u00edlen\u00ed novinek, proto\u017ee ka\u017ed\u00e1 z na\u0161ich instituc\u00ed pokra\u010duje ve sv\u00e9 pr\u00e1ci na \u0159e\u0161en\u00ed zm\u011bny klimatu.<\/p>\n\n\n\n<p>Pro va\u0161e pohodl\u00ed m\u00e1 Listserv t\u0159i mo\u017enosti p\u0159ij\u00edm\u00e1n\u00ed zpr\u00e1v:&nbsp;<\/p>\n\n\n\n<ol class=\"wp-block-list\">\n<li><strong>Ihned<\/strong>: Ka\u017ed\u00e1 odeslan\u00e1 zpr\u00e1va bude okam\u017eit\u011b odesl\u00e1na do va\u0161\u00ed schr\u00e1nky.&nbsp;<\/li>\n\n\n\n<li><strong>Denn\u00ed p\u0159ehled<\/strong>: Denn\u011b obdr\u017e\u00edte jeden e-mail se v\u0161emi zpr\u00e1vami pro dan\u00fd den. P\u0159edchoz\u00ed zpr\u00e1vy m\u016f\u017eete proch\u00e1zet a prohl\u00ed\u017eet si je jednotliv\u011b.<\/li>\n\n\n\n<li><strong>Pozastaven\u00ed v\u0161ech zpr\u00e1v<\/strong>: Pokud to z jak\u00e9hokoli d\u016fvodu pot\u0159ebujete, m\u016f\u017eete zpr\u00e1vy kdykoli pozastavit.&nbsp;<\/li>\n<\/ol>\n\n\n\n<p>T\u011b\u0161\u00edme se na spojen\u00ed s v\u00e1mi t\u00edmto nov\u00fdm zp\u016fsobem!<\/p>\n\n\n\n<form method=\"post\" action=\"https:\/\/gaggle.email\/join\/climatetoolkit@gaggle.email\">\n    <div>\n<label for=\"mce-Name\">Jm\u00e9no a p\u0159\u00edjmen\u00ed <\/label>\n        <input name=\"name\" type=\"text\" placeholder=\" \">\n    <\/div>\n\t<label for=\"mce-EMAIL\">E-mailov\u00e1 adresa <\/label>\n   <input name=\"email\" type=\"email\" placeholder=\" \">\n<div class=\"mc-field-group\">\n <\/div>\n <div>\n    <button>P\u0159ipojit se ke skupin\u011b<\/button>\n    <\/div>\n<\/form>","protected":false},"excerpt":{"rendered":"<p>P\u0159ihlaste se k odb\u011bru newsletteru a konference The Climate Toolkit The Climate Toolkit je p\u0159\u00edle\u017eitost\u00ed ke spolupr\u00e1ci pro muzea, zahrady, zoologick\u00e9 zahrady, v\u011bdeck\u00e1 centra, p\u0159\u00edrodn\u00ed centra, ter\u00e9nn\u00ed stanice a p\u0159\u00edbuzn\u00e9 instituce, kter\u00e9 se cht\u011bj\u00ed nau\u010dit, jak agresivn\u011b \u0159e\u0161it zm\u011bnu klimatu ve sv\u00fdch vlastn\u00edch organizac\u00edch ...<\/p>\n<p class=\"read-more\"> <a class=\"\" href=\"https:\/\/climatetoolkit.org\/cs\/newsletter\/\"> <span class=\"screen-reader-text\">P\u0159ihl\u00e1\u0161en\u00ed k odb\u011bru zpravodaje a konference The Climate Toolkit<\/span> P\u0159e\u010dt\u011bte si v\u00edce \"<\/a><\/p>","protected":false},"author":2,"featured_media":0,"parent":0,"menu_order":0,"comment_status":"closed","ping_status":"closed","template":"","meta":{"_acf_changed":false,"inline_featured_image":false,"advgb_blocks_editor_width":"","advgb_blocks_columns_visual_guide":"","footnotes":""},"class_list":["post-1260","page","type-page","status-publish","hentry"],"acf":[],"yoast_head":"<!-- This site is optimized with the Yoast SEO plugin v27.3 - https:\/\/yoast.com\/product\/yoast-seo-wordpress\/ -->\n<title>Sign Up for The Climate Toolkit Newsletter and Listserv - The Climate Toolkit<\/title>\n<meta name=\"robots\" content=\"index, follow, max-snippet:-1, max-image-preview:large, max-video-preview:-1\" \/>\n<link rel=\"canonical\" href=\"https:\/\/climatetoolkit.org\/cs\/newsletter\/\" \/>\n<meta property=\"og:locale\" content=\"cs_CZ\" \/>\n<meta property=\"og:type\" content=\"article\" \/>\n<meta property=\"og:title\" content=\"Sign Up for The Climate Toolkit Newsletter and Listserv - The Climate Toolkit\" \/>\n<meta property=\"og:description\" content=\"Sign Up for The Climate Toolkit Newsletter and Listserv The Climate Toolkit is a collaborative opportunity for museums, gardens, zoos, science centers, nature centers, field stations\u00a0and related institutions who want to learn how to\u00a0aggressively address climate change\u00a0within their own organizations &hellip; Sign Up for The Climate Toolkit Newsletter and Listserv Read More &raquo;\" \/>\n<meta property=\"og:url\" content=\"https:\/\/climatetoolkit.org\/cs\/newsletter\/\" \/>\n<meta property=\"og:site_name\" content=\"The Climate Toolkit\" \/>\n<meta property=\"article:modified_time\" content=\"2024-11-12T14:15:03+00:00\" \/>\n<meta name=\"twitter:card\" content=\"summary_large_image\" \/>\n<meta name=\"twitter:label1\" content=\"Odhadovan\u00e1 doba \u010dten\u00ed\" \/>\n\t<meta name=\"twitter:data1\" content=\"1 minuta\" \/>\n<script type=\"application\/ld+json\" class=\"yoast-schema-graph\">{\"@context\":\"https:\\\/\\\/schema.org\",\"@graph\":[{\"@type\":\"WebPage\",\"@id\":\"https:\\\/\\\/climatetoolkit.org\\\/newsletter\\\/\",\"url\":\"https:\\\/\\\/climatetoolkit.org\\\/newsletter\\\/\",\"name\":\"Sign Up for The Climate Toolkit Newsletter and Listserv - The Climate Toolkit\",\"isPartOf\":{\"@id\":\"https:\\\/\\\/climatetoolkit.org\\\/#website\"},\"datePublished\":\"2021-10-18T18:22:30+00:00\",\"dateModified\":\"2024-11-12T14:15:03+00:00\",\"breadcrumb\":{\"@id\":\"https:\\\/\\\/climatetoolkit.org\\\/newsletter\\\/#breadcrumb\"},\"inLanguage\":\"cs\",\"potentialAction\":[{\"@type\":\"ReadAction\",\"target\":[\"https:\\\/\\\/climatetoolkit.org\\\/newsletter\\\/\"]}]},{\"@type\":\"BreadcrumbList\",\"@id\":\"https:\\\/\\\/climatetoolkit.org\\\/newsletter\\\/#breadcrumb\",\"itemListElement\":[{\"@type\":\"ListItem\",\"position\":1,\"name\":\"Home\",\"item\":\"https:\\\/\\\/climatetoolkit.org\\\/\"},{\"@type\":\"ListItem\",\"position\":2,\"name\":\"Sign Up for The Climate Toolkit Newsletter and Listserv\"}]},{\"@type\":\"WebSite\",\"@id\":\"https:\\\/\\\/climatetoolkit.org\\\/#website\",\"url\":\"https:\\\/\\\/climatetoolkit.org\\\/\",\"name\":\"The Climate Toolkit\",\"description\":\"For Museums, Gardens and Zoos\",\"publisher\":{\"@id\":\"https:\\\/\\\/climatetoolkit.org\\\/#organization\"},\"potentialAction\":[{\"@type\":\"SearchAction\",\"target\":{\"@type\":\"EntryPoint\",\"urlTemplate\":\"https:\\\/\\\/climatetoolkit.org\\\/?s={search_term_string}\"},\"query-input\":{\"@type\":\"PropertyValueSpecification\",\"valueRequired\":true,\"valueName\":\"search_term_string\"}}],\"inLanguage\":\"cs\"},{\"@type\":\"Organization\",\"@id\":\"https:\\\/\\\/climatetoolkit.org\\\/#organization\",\"name\":\"The Climate Toolkit\",\"url\":\"https:\\\/\\\/climatetoolkit.org\\\/\",\"logo\":{\"@type\":\"ImageObject\",\"inLanguage\":\"cs\",\"@id\":\"https:\\\/\\\/climatetoolkit.org\\\/#\\\/schema\\\/logo\\\/image\\\/\",\"url\":\"https:\\\/\\\/climatetoolkit.org\\\/wp-content\\\/uploads\\\/2020\\\/05\\\/C_logo.png\",\"contentUrl\":\"https:\\\/\\\/climatetoolkit.org\\\/wp-content\\\/uploads\\\/2020\\\/05\\\/C_logo.png\",\"width\":512,\"height\":512,\"caption\":\"The Climate Toolkit\"},\"image\":{\"@id\":\"https:\\\/\\\/climatetoolkit.org\\\/#\\\/schema\\\/logo\\\/image\\\/\"}}]}<\/script>\n<!-- \/ Yoast SEO plugin. -->","yoast_head_json":{"title":"P\u0159ihl\u00e1\u0161en\u00ed k odb\u011bru zpravodaje a konference The Climate Toolkit - The Climate Toolkit","robots":{"index":"index","follow":"follow","max-snippet":"max-snippet:-1","max-image-preview":"max-image-preview:large","max-video-preview":"max-video-preview:-1"},"canonical":"https:\/\/climatetoolkit.org\/cs\/newsletter\/","og_locale":"cs_CZ","og_type":"article","og_title":"Sign Up for The Climate Toolkit Newsletter and Listserv - The Climate Toolkit","og_description":"Sign Up for The Climate Toolkit Newsletter and Listserv The Climate Toolkit is a collaborative opportunity for museums, gardens, zoos, science centers, nature centers, field stations\u00a0and related institutions who want to learn how to\u00a0aggressively address climate change\u00a0within their own organizations &hellip; Sign Up for The Climate Toolkit Newsletter and Listserv Read More &raquo;","og_url":"https:\/\/climatetoolkit.org\/cs\/newsletter\/","og_site_name":"The Climate Toolkit","article_modified_time":"2024-11-12T14:15:03+00:00","twitter_card":"summary_large_image","twitter_misc":{"Odhadovan\u00e1 doba \u010dten\u00ed":"1 minuta"},"schema":{"@context":"https:\/\/schema.org","@graph":[{"@type":"WebPage","@id":"https:\/\/climatetoolkit.org\/newsletter\/","url":"https:\/\/climatetoolkit.org\/newsletter\/","name":"P\u0159ihl\u00e1\u0161en\u00ed k odb\u011bru zpravodaje a konference The Climate Toolkit - The Climate Toolkit","isPartOf":{"@id":"https:\/\/climatetoolkit.org\/#website"},"datePublished":"2021-10-18T18:22:30+00:00","dateModified":"2024-11-12T14:15:03+00:00","breadcrumb":{"@id":"https:\/\/climatetoolkit.org\/newsletter\/#breadcrumb"},"inLanguage":"cs","potentialAction":[{"@type":"ReadAction","target":["https:\/\/climatetoolkit.org\/newsletter\/"]}]},{"@type":"BreadcrumbList","@id":"https:\/\/climatetoolkit.org\/newsletter\/#breadcrumb","itemListElement":[{"@type":"ListItem","position":1,"name":"Home","item":"https:\/\/climatetoolkit.org\/"},{"@type":"ListItem","position":2,"name":"Sign Up for The Climate Toolkit Newsletter and Listserv"}]},{"@type":"WebSite","@id":"https:\/\/climatetoolkit.org\/#website","url":"https:\/\/climatetoolkit.org\/","name":"Soubor n\u00e1stroj\u016f pro oblast klimatu","description":"Pro muzea, zahrady a zoologick\u00e9 zahrady","publisher":{"@id":"https:\/\/climatetoolkit.org\/#organization"},"potentialAction":[{"@type":"SearchAction","target":{"@type":"EntryPoint","urlTemplate":"https:\/\/climatetoolkit.org\/?s={search_term_string}"},"query-input":{"@type":"PropertyValueSpecification","valueRequired":true,"valueName":"search_term_string"}}],"inLanguage":"cs"},{"@type":"Organization","@id":"https:\/\/climatetoolkit.org\/#organization","name":"Soubor n\u00e1stroj\u016f pro oblast klimatu","url":"https:\/\/climatetoolkit.org\/","logo":{"@type":"ImageObject","inLanguage":"cs","@id":"https:\/\/climatetoolkit.org\/#\/schema\/logo\/image\/","url":"https:\/\/climatetoolkit.org\/wp-content\/uploads\/2020\/05\/C_logo.png","contentUrl":"https:\/\/climatetoolkit.org\/wp-content\/uploads\/2020\/05\/C_logo.png","width":512,"height":512,"caption":"The Climate Toolkit"},"image":{"@id":"https:\/\/climatetoolkit.org\/#\/schema\/logo\/image\/"}}]}},"coauthors":[],"author_meta":{"author_link":"https:\/\/climatetoolkit.org\/cs\/author\/joe\/","display_name":"joe reed"},"relative_dates":{"created":"Posted 4 roky ago","modified":"Updated 1 rokem ago"},"absolute_dates":{"created":"Posted on 18 \u0159\u00edjna, 2021","modified":"Updated on 12 listopadu, 2024"},"absolute_dates_time":{"created":"Posted on 18 \u0159\u00edjna, 2021 2:22 pm","modified":"Updated on 12 listopadu, 2024 9:15 am"},"featured_img_caption":"","featured_img":false,"series_order":"","_links":{"self":[{"href":"https:\/\/climatetoolkit.org\/cs\/wp-json\/wp\/v2\/pages\/1260","targetHints":{"allow":["GET"]}}],"collection":[{"href":"https:\/\/climatetoolkit.org\/cs\/wp-json\/wp\/v2\/pages"}],"about":[{"href":"https:\/\/climatetoolkit.org\/cs\/wp-json\/wp\/v2\/types\/page"}],"author":[{"embeddable":true,"href":"https:\/\/climatetoolkit.org\/cs\/wp-json\/wp\/v2\/users\/2"}],"replies":[{"embeddable":true,"href":"https:\/\/climatetoolkit.org\/cs\/wp-json\/wp\/v2\/comments?post=1260"}],"version-history":[{"count":1,"href":"https:\/\/climatetoolkit.org\/cs\/wp-json\/wp\/v2\/pages\/1260\/revisions"}],"predecessor-version":[{"id":3922,"href":"https:\/\/climatetoolkit.org\/cs\/wp-json\/wp\/v2\/pages\/1260\/revisions\/3922"}],"wp:attachment":[{"href":"https:\/\/climatetoolkit.org\/cs\/wp-json\/wp\/v2\/media?parent=1260"}],"curies":[{"name":"wp","href":"https:\/\/api.w.org\/{rel}","templated":true}]}}